{"id":2544,"date":"2021-03-08T10:56:33","date_gmt":"2021-03-08T08:56:33","guid":{"rendered":"https:\/\/etno.net\/?post_type=product&#038;p=2544"},"modified":"2021-05-28T12:22:39","modified_gmt":"2021-05-28T10:22:39","slug":"kalevalainen-musiikkileikkikoulu-runolaulusta-marakasseihin","status":"publish","type":"product","link":"https:\/\/etno.net\/en\/julkaisu\/opinnaytteet\/maisteriopinnot\/kalevalainen-musiikkileikkikoulu-runolaulusta-marakasseihin","title":{"rendered":"Kalevalainen musiikkileikkikoulu &#8211; runolaulusta marakasseihin"},"content":{"rendered":"<h2>Sis\u00e4llysluettelo<\/h2>\n<p><strong>1 Johdanto<\/strong><\/p>\n<p><strong>2 Kalevalaisen muskarin tuntisis\u00e4lt\u00f6jen kokoaminen<\/strong><\/p>\n<p style=\"padding-left: 40px\">2.1 Muskarituntien suunnittelu<br \/>\n2.2 Tuntien tavoitteet<\/p>\n<p><strong>3 Opetuksen toteutus<\/strong><\/p>\n<p style=\"padding-left: 40px\">3.1 Tunnin kulku<br \/>\n3.2 Yhteistoiminta vanhempien kanssa<br \/>\n3.3 Tuntipohjat<\/p>\n<p><strong>4 Arvio muskarin onnistumisesta ja kehitysehdotuksia<\/strong><\/p>\n<p style=\"padding-left: 40px\">4.1 Miten tunnit sujuivat?<br \/>\n4.2 Kehitysehdotuksia<br \/>\n4.3 Runolaulun anti muskariopetuksessa<\/p>\n<p><strong>5 Johtop\u00e4\u00e4t\u00f6ksi\u00e4<\/strong><\/p>\n<p><strong>Liitteet<\/strong><\/p>\n<p style=\"padding-left: 40px\">N\u00e4in tulkitset liitteit\u00e4<\/p>\n<p style=\"padding-left: 40px\">1 Luomiskertomus<br \/>\n2 Suuri tammi<br \/>\n3 V\u00e4in\u00e4m\u00f6isen vene<br \/>\n4 El\u00e4inrunoja<br \/>\n5 Suuri hauki<br \/>\n6 Kuu ja aurinko<br \/>\n7 Vauvajumppa<\/p>\n<h2><\/h2>\n<h2>Tiivistelm\u00e4<\/h2>\n<p>Projektity\u00f6ni k\u00e4sittelee Kalevalaista muskaria, jota pidin Kalevalaiset naiset Ry:n pyynn\u00f6st\u00e4 syksyll\u00e4 2007. Projektin kirjallisessa osiossa olen yritt\u00e4nyt pohtia sit\u00e4, miten olen suunnitellut tunnit, mist\u00e4 l\u00e4hdin liikkeelle, mik\u00e4 suunittelussa oli vaikeinta ja mik\u00e4 helpointa. Ty\u00f6ss\u00e4 olen yritt\u00e4nyt arvioida sit\u00e4, miten tunnit onnistuivat ja miss\u00e4 olisi ollut parantamisen varaa. Olen my\u00f6s miettinyt kehitysehdotuksia.<\/p>\n<p>Suunnittelin jokaisen tunnin jonkin Kalevalasta olevan tarinan ymp\u00e4rille ja tein tunneista tuntipohjat. Pohjissa n\u00e4kyy miss\u00e4 v\u00e4liss\u00e4 leikit leikit\u00e4\u00e4n, ja ne sis\u00e4lt\u00e4v\u00e4t sek\u00e4 leikkiohjeet ett\u00e4 nuotit lauluihin.<\/p>\n<p>Runolaulu on eritt\u00e4in laaja aihepiiri ja olenkin t\u00e4ss\u00e4 ty\u00f6ss\u00e4 p\u00e4\u00e4ssyt vain raapaisemaan pintaa sen mahdollisuuksien hy\u00f6dynt\u00e4misess\u00e4. Olen kuitenkin yritt\u00e4nyt pohtia, mitk\u00e4 ovat runolaulun mahdollisuudet perusopetuksessa, miten niit\u00e4 voisi k\u00e4ytt\u00e4\u00e4 parhaiten ja miksi n\u00e4in tulisi tehd\u00e4.<\/p>","protected":false},"excerpt":{"rendered":"<p>Projektity\u00f6<br \/>\nTaideyliopiston Sibelius-Akatemia<br \/>\nKansanmusiikin aineryhm\u00e4<br \/>\n2008<\/p>","protected":false},"featured_media":0,"comment_status":"closed","ping_status":"closed","template":"","meta":{"_acf_changed":false},"product_brand":[],"product_cat":[81,76],"product_tag":[],"class_list":{"0":"post-2544","1":"product","2":"type-product","3":"status-publish","5":"product_cat-maisteriopinnot","6":"product_cat-opinnaytteet","8":"first","9":"instock","10":"shipping-taxable","11":"product-type-simple"},"acf":[],"_links":{"self":[{"href":"https:\/\/etno.net\/en\/wp-json\/wp\/v2\/product\/2544","targetHints":{"allow":["GET"]}}],"collection":[{"href":"https:\/\/etno.net\/en\/wp-json\/wp\/v2\/product"}],"about":[{"href":"https:\/\/etno.net\/en\/wp-json\/wp\/v2\/types\/product"}],"replies":[{"embeddable":true,"href":"https:\/\/etno.net\/en\/wp-json\/wp\/v2\/comments?post=2544"}],"wp:attachment":[{"href":"https:\/\/etno.net\/en\/wp-json\/wp\/v2\/media?parent=2544"}],"wp:term":[{"taxonomy":"product_brand","embeddable":true,"href":"https:\/\/etno.net\/en\/wp-json\/wp\/v2\/product_brand?post=2544"},{"taxonomy":"product_cat","embeddable":true,"href":"https:\/\/etno.net\/en\/wp-json\/wp\/v2\/product_cat?post=2544"},{"taxonomy":"product_tag","embeddable":true,"href":"https:\/\/etno.net\/en\/wp-json\/wp\/v2\/product_tag?post=2544"}],"curies":[{"name":"wp","href":"https:\/\/api.w.org\/{rel}","templated":true}]}}