{"id":2545,"date":"2021-03-08T11:00:57","date_gmt":"2021-03-08T09:00:57","guid":{"rendered":"https:\/\/etno.net\/?post_type=product&#038;p=2545"},"modified":"2021-05-28T12:28:06","modified_gmt":"2021-05-28T10:28:06","slug":"tyoskentelyni-nukketeatteri-sampossa-vuosina-1998-2008","status":"publish","type":"product","link":"https:\/\/etno.net\/en\/julkaisu\/opinnaytteet\/maisteriopinnot\/tyoskentelyni-nukketeatteri-sampossa-vuosina-1998-2008","title":{"rendered":"Ty\u00f6skentelyni Nukketeatteri Sampossa vuosina 1998-2008"},"content":{"rendered":"<h2>Sis\u00e4llysluettelo<\/h2>\n<p><strong>1 Johdanto<\/strong><\/p>\n<p><strong>2 Nukketeatteri Sampo, teatterijohtaja Maija Bari\u0107in haastattelu<\/strong><\/p>\n<p style=\"padding-left: 40px\">2.1 Maija Bari\u0107in tie nukketeatterin ammattilaiseksi<br \/>\n2.2 Teatterin synty ja historia<br \/>\n2.3 Virikkeet ja ilmaisumuodot<br \/>\n2.4 Musiikki ja nukketeatteri<br \/>\n2.5 \u00c4\u00e4nitteet ja muut julkaisut sek\u00e4 kuvatallenteet<br \/>\n2.6 Nukketeatterin merkitys nykyajassa<\/p>\n<p><strong>3 Ty\u00f6ni koko kuva Nukketeatteri Sampossa<\/strong><\/p>\n<p style=\"padding-left: 40px\">3.1 Musiikkity\u00f6<\/p>\n<p style=\"padding-left: 80px\">3.1.1 Muusikkona eri n\u00e4ytelmiss\u00e4<br \/>\n3.1.2 Musiikin perusperiaatteita<br \/>\n3.1.3 CD-levyjen tekemisest\u00e4<\/p>\n<p style=\"padding-left: 40px\">3.2 Nukeillan\u00e4ytteleminen<br \/>\n3.3 Esityksiin valmistautuminen<\/p>\n<p><strong>4 Mik\u00e4 nukketeatterity\u00f6ss\u00e4 vieh\u00e4tt\u00e4\u00e4?<\/strong><\/p>\n<p><strong>5 Yhteenveto<\/strong><\/p>\n<p><strong>L\u00e4hteet<\/strong><\/p>\n<h2>Tiivistelm\u00e4<\/h2>\n<p>Projektin kirjallinen ty\u00f6ni k\u00e4sittelee ty\u00f6skentely\u00e4ni Nukketeatteri Sampossa muusikkona ja nukeillan\u00e4yttelij\u00e4n\u00e4 vuosina 1998-2008. Halusin tehd\u00e4 projektini t\u00e4st\u00e4 aiheesta, koska nukketeatteri on monelle varmasti vieras ala ja k\u00e4sitys siit\u00e4 hyvin erilainen kuin mit\u00e4 se todellisuudessa on. Itselleni on aikaa my\u00f6ten selvinnyt, kuinka monipuolisesta ja t\u00e4rke\u00e4st\u00e4 ty\u00f6st\u00e4 nukketeatterissa on kysymys. K\u00e4yn l\u00e4pi nukeillan\u00e4yttelemisen oppimisprosessia ja sit\u00e4 mit\u00e4 hy\u00f6ty\u00e4 tai haittaa muusikkoudesta on ty\u00f6ss\u00e4ni minulle ollut. Tarkastelen miten musiikin tekeminen nukketeatterissa eroaa muun musiikin tekemisest\u00e4. Mit\u00e4 haasteita nukeillan\u00e4ytteleminen ja muusikkouden ja nukeillan\u00e4yttelemisen yhdist\u00e4minen on tuonut. Tavoitteena on tutkia ty\u00f6n eri puolia muusikon kannalta. Mit\u00e4 kaikkea nukketeatterity\u00f6h\u00f6ni kuuluu, ja mit\u00e4 uusia asioita se on tuonut ja opettanut minulle.<\/p>\n<p>Ty\u00f6skentelyni Sampossa alkoi, kun tutustuin reilu kymmenen vuotta sitten yst\u00e4v\u00e4ni kautta viulisti\/laulaja Anna Bari\u0107iin. H\u00e4nen vanhempansa olivat perustaneet vuonna 1977 Nukketeatteri Sampon, miss\u00e4 Annakin ty\u00f6skenteli muusikkona sek\u00e4 nukeillan\u00e4yttelij\u00e4n\u00e4. Anna ehdotti vanhemmilleen minun mukaan ottamista muusikoksi er\u00e4\u00e4seen n\u00e4ytelm\u00e4\u00e4n. N\u00e4in ty\u00f6skentelyni Sampossa alkoi 1998 kev\u00e4\u00e4ll\u00e4. Olen toiminut muusikkona p\u00e4\u00e4asiassa haitaristina, laulajana sek\u00e4 laulujen sovittajana. Sampo on julkaissut useita \u00e4\u00e4nitteit\u00e4, kirjoja ja kuvatallenteita. Olen osallistunut usean eri albumin tekemiseen, joiden ty\u00f6prosessia k\u00e4yn my\u00f6s l\u00e4pi ty\u00f6ss\u00e4ni. Nukketeatteri Sampossa ty\u00f6skentely kymmenen vuoden aikana on ollut antoisaa, haasteellista ja ennenkaikkea hauskaa. Tavoitteenani on kehitty\u00e4 nukeillan\u00e4yttelij\u00e4n\u00e4 sek\u00e4 oppia yhdist\u00e4m\u00e4\u00e4n muusikkous ja nukeillan\u00e4ytteleminen saumattomaksi yhteisty\u00f6ksi. Toivon my\u00f6s saavani t\u00e4st\u00e4 lumoavasta maailmasta kokemuksia viel\u00e4 vuosiksi eteenp\u00e4in.<\/p>\n<p>Ty\u00f6ni koostuu Maija Bari\u0107in haastattelusta ja omista kokemuksista ja tuntemuksista. L\u00e4hdeapuna olen k\u00e4ytt\u00e4nyt my\u00f6s Sampon nettisivuja.<\/p>","protected":false},"excerpt":{"rendered":"<p>Projektity\u00f6<br \/>\nTaideyliopiston Sibelius-Akatemia<br \/>\nKansanmusiikin aineryhm\u00e4<br \/>\n2008<\/p>","protected":false},"featured_media":0,"comment_status":"closed","ping_status":"closed","template":"","meta":{"_acf_changed":false},"product_brand":[],"product_cat":[81,76],"product_tag":[],"class_list":{"0":"post-2545","1":"product","2":"type-product","3":"status-publish","5":"product_cat-maisteriopinnot","6":"product_cat-opinnaytteet","8":"first","9":"instock","10":"shipping-taxable","11":"product-type-simple"},"acf":[],"_links":{"self":[{"href":"https:\/\/etno.net\/en\/wp-json\/wp\/v2\/product\/2545","targetHints":{"allow":["GET"]}}],"collection":[{"href":"https:\/\/etno.net\/en\/wp-json\/wp\/v2\/product"}],"about":[{"href":"https:\/\/etno.net\/en\/wp-json\/wp\/v2\/types\/product"}],"replies":[{"embeddable":true,"href":"https:\/\/etno.net\/en\/wp-json\/wp\/v2\/comments?post=2545"}],"wp:attachment":[{"href":"https:\/\/etno.net\/en\/wp-json\/wp\/v2\/media?parent=2545"}],"wp:term":[{"taxonomy":"product_brand","embeddable":true,"href":"https:\/\/etno.net\/en\/wp-json\/wp\/v2\/product_brand?post=2545"},{"taxonomy":"product_cat","embeddable":true,"href":"https:\/\/etno.net\/en\/wp-json\/wp\/v2\/product_cat?post=2545"},{"taxonomy":"product_tag","embeddable":true,"href":"https:\/\/etno.net\/en\/wp-json\/wp\/v2\/product_tag?post=2545"}],"curies":[{"name":"wp","href":"https:\/\/api.w.org\/{rel}","templated":true}]}}