{"id":2686,"date":"2021-03-13T18:10:30","date_gmt":"2021-03-13T16:10:30","guid":{"rendered":"https:\/\/etno.net\/?post_type=product&#038;p=2686"},"modified":"2021-04-26T09:39:15","modified_gmt":"2021-04-26T07:39:15","slug":"improvisoi-pelimannimusiikkia","status":"publish","type":"product","link":"https:\/\/etno.net\/en\/julkaisu\/oppimateriaalit\/kansanmusiikkipedagogiikka\/improvisoi-pelimannimusiikkia","title":{"rendered":"Improvisoi pelimannimusiikkia"},"content":{"rendered":"<h2>16.-osapolska<\/h2>\n<p>Viritystaso on a=442 Hz.<\/p>\n<!--[if lt IE 9]><script>document.createElement('audio');<\/script><![endif]-->\n<audio class=\"wp-audio-shortcode\" id=\"audio-2686-1\" preload=\"none\" style=\"width: 100%;\" controls=\"controls\"><source type=\"audio\/mpeg\" src=\"https:\/\/etno.net\/wp-content\/uploads\/2021\/03\/etn_eln_005_improvisoipelimann_sou_001_all_48kbs.mp3?_=1\" \/><a href=\"https:\/\/etno.net\/wp-content\/uploads\/2021\/03\/etn_eln_005_improvisoipelimann_sou_001_all_48kbs.mp3\">https:\/\/etno.net\/wp-content\/uploads\/2021\/03\/etn_eln_005_improvisoipelimann_sou_001_all_48kbs.mp3<\/a><\/audio>\n<p>viritys\u00e4\u00e4ni<\/p>\n<p><strong>Viisi sooloesimerkki\u00e4 (harmonikka ja piano).<\/strong><\/p>\n<audio class=\"wp-audio-shortcode\" id=\"audio-2686-2\" preload=\"none\" style=\"width: 100%;\" controls=\"controls\"><source type=\"audio\/mpeg\" src=\"https:\/\/etno.net\/wp-content\/uploads\/2021\/03\/etn_eln_005_improvisoipelimann_sou_002_all_48kbs.mp3?_=2\" \/><a href=\"https:\/\/etno.net\/wp-content\/uploads\/2021\/03\/etn_eln_005_improvisoipelimann_sou_002_all_48kbs.mp3\">https:\/\/etno.net\/wp-content\/uploads\/2021\/03\/etn_eln_005_improvisoipelimann_sou_002_all_48kbs.mp3<\/a><\/audio>\n<p>16.-osapolska, hidas<\/p>\n<audio class=\"wp-audio-shortcode\" id=\"audio-2686-3\" preload=\"none\" style=\"width: 100%;\" controls=\"controls\"><source type=\"audio\/mpeg\" src=\"https:\/\/etno.net\/wp-content\/uploads\/2021\/03\/etn_eln_005_improvisoipelimann_sou_003_all_48kbs.mp3?_=3\" \/><a href=\"https:\/\/etno.net\/wp-content\/uploads\/2021\/03\/etn_eln_005_improvisoipelimann_sou_003_all_48kbs.mp3\">https:\/\/etno.net\/wp-content\/uploads\/2021\/03\/etn_eln_005_improvisoipelimann_sou_003_all_48kbs.mp3<\/a><\/audio>\n<p>16.-osapolska, nopea<\/p>\n<p><strong>Viisi sooloesimerkki\u00e4 nuotinnettuna.<\/strong><\/p>\n<p><a href=\"https:\/\/etno.net\/wp-content\/uploads\/2021\/03\/etn_eln_005_improvisoipelimann_she_001_pdf.pdf\">16.-osapolskan sooloesimerkkej\u00e4 (PDF)<\/a><\/p>\n<h2>Triolipolska<\/h2>\n<p><strong>Viisi sooloesimerkki\u00e4 (harmonikka ja piano).<\/strong><\/p>\n<audio class=\"wp-audio-shortcode\" id=\"audio-2686-4\" preload=\"none\" style=\"width: 100%;\" controls=\"controls\"><source type=\"audio\/mpeg\" src=\"https:\/\/etno.net\/wp-content\/uploads\/2021\/03\/etn_eln_005_improvisoipelimann_sou_006_all_48kbs.mp3?_=4\" \/><a href=\"https:\/\/etno.net\/wp-content\/uploads\/2021\/03\/etn_eln_005_improvisoipelimann_sou_006_all_48kbs.mp3\">https:\/\/etno.net\/wp-content\/uploads\/2021\/03\/etn_eln_005_improvisoipelimann_sou_006_all_48kbs.mp3<\/a><\/audio>\n<p>triolipolska<\/p>\n<p><strong>Viisi sooloesimerkki\u00e4 nuotinnettuna.<\/strong><\/p>\n<p><a href=\"https:\/\/etno.net\/wp-content\/uploads\/2021\/03\/etn_eln_005_improvisoipelimann_she_002_pdf.pdf\">Triolipolskan sooloesimerkkej\u00e4 (PDF)<\/a><\/p>\n<p><strong>Taustoja (piano).<\/strong><\/p>\n<audio class=\"wp-audio-shortcode\" id=\"audio-2686-5\" preload=\"none\" style=\"width: 100%;\" controls=\"controls\"><source type=\"audio\/mpeg\" src=\"https:\/\/etno.net\/wp-content\/uploads\/2021\/03\/etn_eln_005_improvisoipelimann_sou_007_all_48kbs.mp3?_=5\" \/><a href=\"https:\/\/etno.net\/wp-content\/uploads\/2021\/03\/etn_eln_005_improvisoipelimann_sou_007_all_48kbs.mp3\">https:\/\/etno.net\/wp-content\/uploads\/2021\/03\/etn_eln_005_improvisoipelimann_sou_007_all_48kbs.mp3<\/a><\/audio>\n<p>triolipolskan tausta<\/p>\n<h2>Valssi<\/h2>\n<p><strong>Kolme sooloesimerkki\u00e4 (harmonikka ja piano).<\/strong><\/p>\n<audio class=\"wp-audio-shortcode\" id=\"audio-2686-6\" preload=\"none\" style=\"width: 100%;\" controls=\"controls\"><source type=\"audio\/mpeg\" src=\"https:\/\/etno.net\/wp-content\/uploads\/2021\/03\/etn_eln_005_improvisoipelimann_sou_008_all_48kbs.mp3?_=6\" \/><a href=\"https:\/\/etno.net\/wp-content\/uploads\/2021\/03\/etn_eln_005_improvisoipelimann_sou_008_all_48kbs.mp3\">https:\/\/etno.net\/wp-content\/uploads\/2021\/03\/etn_eln_005_improvisoipelimann_sou_008_all_48kbs.mp3<\/a><\/audio>\n<p>valssi, hidas<\/p>\n<audio class=\"wp-audio-shortcode\" id=\"audio-2686-7\" preload=\"none\" style=\"width: 100%;\" controls=\"controls\"><source type=\"audio\/mpeg\" src=\"https:\/\/etno.net\/wp-content\/uploads\/2021\/03\/etn_eln_005_improvisoipelimann_sou_009_all_48kbs.mp3?_=7\" \/><a href=\"https:\/\/etno.net\/wp-content\/uploads\/2021\/03\/etn_eln_005_improvisoipelimann_sou_009_all_48kbs.mp3\">https:\/\/etno.net\/wp-content\/uploads\/2021\/03\/etn_eln_005_improvisoipelimann_sou_009_all_48kbs.mp3<\/a><\/audio>\n<p>valssi, nopea<\/p>\n<p><strong>Kolme sooloesimerkki\u00e4 nuotinnettuna.<\/strong> Esimerkit 2 ja 3 on soitettu viulisti Arto J\u00e4rvel\u00e4n soittamien soolojen mukaan. Esimerkit 2 ja 3 on nuotinnettu viulisti Arto J\u00e4rvel\u00e4n soittamien soolojen mukaan.<\/p>\n<p><a href=\"https:\/\/etno.net\/wp-content\/uploads\/2021\/03\/etn_eln_005_improvisoipelimann_she_003_pdf.pdf\">Valssin sooloesimerkkej\u00e4 (PDF)<\/a><\/p>\n<p><strong>Taustoja (piano).<\/strong><\/p>\n<audio class=\"wp-audio-shortcode\" id=\"audio-2686-8\" preload=\"none\" style=\"width: 100%;\" controls=\"controls\"><source type=\"audio\/mpeg\" src=\"https:\/\/etno.net\/wp-content\/uploads\/2021\/03\/etn_eln_005_improvisoipelimann_sou_010_all_48kbs.mp3?_=8\" \/><a href=\"https:\/\/etno.net\/wp-content\/uploads\/2021\/03\/etn_eln_005_improvisoipelimann_sou_010_all_48kbs.mp3\">https:\/\/etno.net\/wp-content\/uploads\/2021\/03\/etn_eln_005_improvisoipelimann_sou_010_all_48kbs.mp3<\/a><\/audio>\n<p>valssin tausta, hidas<\/p>\n<audio class=\"wp-audio-shortcode\" id=\"audio-2686-9\" preload=\"none\" style=\"width: 100%;\" controls=\"controls\"><source type=\"audio\/mpeg\" src=\"https:\/\/etno.net\/wp-content\/uploads\/2021\/03\/etn_eln_005_improvisoipelimann_sou_011_all_48kbs.mp3?_=9\" \/><a href=\"https:\/\/etno.net\/wp-content\/uploads\/2021\/03\/etn_eln_005_improvisoipelimann_sou_011_all_48kbs.mp3\">https:\/\/etno.net\/wp-content\/uploads\/2021\/03\/etn_eln_005_improvisoipelimann_sou_011_all_48kbs.mp3<\/a><\/audio>\n<p>valssin tausta, nopea<\/p>\n<h2>Oheismateriaalia<\/h2>\n<h3>Harmonikka ja piano<\/h3>\n<p><strong>Polska Bromarvista<\/strong><\/p>\n<audio class=\"wp-audio-shortcode\" id=\"audio-2686-10\" preload=\"none\" style=\"width: 100%;\" controls=\"controls\"><source type=\"audio\/mpeg\" src=\"https:\/\/etno.net\/wp-content\/uploads\/2021\/03\/etn_eln_005_improvisoipelimann_sou_012_all_48kbs.mp3?_=10\" \/><a href=\"https:\/\/etno.net\/wp-content\/uploads\/2021\/03\/etn_eln_005_improvisoipelimann_sou_012_all_48kbs.mp3\">https:\/\/etno.net\/wp-content\/uploads\/2021\/03\/etn_eln_005_improvisoipelimann_sou_012_all_48kbs.mp3<\/a><\/audio>\n<p><a href=\"https:\/\/etno.net\/wp-content\/uploads\/2021\/03\/etn_eln_005_improvisoipelimann_she_004_pdf.pdf\">Polska Bromarvista (PDF)<\/a><\/p>\n<p><strong>Carolas Brudpolska <\/strong>(s\u00e4v. Hans Kennemark)<\/p>\n<audio class=\"wp-audio-shortcode\" id=\"audio-2686-11\" preload=\"none\" style=\"width: 100%;\" controls=\"controls\"><source type=\"audio\/mpeg\" src=\"https:\/\/etno.net\/wp-content\/uploads\/2021\/03\/etn_eln_005_improvisoipelimann_sou_013_all_48kbs.mp3?_=11\" \/><a href=\"https:\/\/etno.net\/wp-content\/uploads\/2021\/03\/etn_eln_005_improvisoipelimann_sou_013_all_48kbs.mp3\">https:\/\/etno.net\/wp-content\/uploads\/2021\/03\/etn_eln_005_improvisoipelimann_sou_013_all_48kbs.mp3<\/a><\/audio>\n<p><a href=\"https:\/\/etno.net\/wp-content\/uploads\/2021\/03\/etn_eln_005_improvisoipelimann_she_005_pdf-1.pdf\">Carolas Brudpolska (PDF)<\/a><\/p>\n<h3>Viulu ja harmooni<\/h3>\n<p><strong>Polska fr\u00e5n Delsbo<\/strong><\/p>\n<audio class=\"wp-audio-shortcode\" id=\"audio-2686-12\" preload=\"none\" style=\"width: 100%;\" controls=\"controls\"><source type=\"audio\/mpeg\" src=\"https:\/\/etno.net\/wp-content\/uploads\/2021\/03\/etn_eln_005_improvisoipelimann_sou_014_all_48kbs.mp3?_=12\" \/><a href=\"https:\/\/etno.net\/wp-content\/uploads\/2021\/03\/etn_eln_005_improvisoipelimann_sou_014_all_48kbs.mp3\">https:\/\/etno.net\/wp-content\/uploads\/2021\/03\/etn_eln_005_improvisoipelimann_sou_014_all_48kbs.mp3<\/a><\/audio>\n<p><a href=\"https:\/\/etno.net\/wp-content\/uploads\/2021\/03\/etn_eln_005_improvisoipelimann_she_006_pdf.pdf\">Polska fr\u00e5n Delsbo (PDF)<\/a><\/p>\n<p><strong>Polska efter L.\u00a0 J. Holmgren<\/strong><\/p>\n<audio class=\"wp-audio-shortcode\" id=\"audio-2686-13\" preload=\"none\" style=\"width: 100%;\" controls=\"controls\"><source type=\"audio\/mpeg\" src=\"https:\/\/etno.net\/wp-content\/uploads\/2021\/03\/etn_eln_005_improvisoipelimann_sou_015_all_48kbs.mp3?_=13\" \/><a href=\"https:\/\/etno.net\/wp-content\/uploads\/2021\/03\/etn_eln_005_improvisoipelimann_sou_015_all_48kbs.mp3\">https:\/\/etno.net\/wp-content\/uploads\/2021\/03\/etn_eln_005_improvisoipelimann_sou_015_all_48kbs.mp3<\/a><\/audio>\n<p><a href=\"https:\/\/etno.net\/wp-content\/uploads\/2021\/03\/etn_eln_005_improvisoipelimann_she_007_pdf.pdf\">Polska efter L. J. Holmgren (PDF)<\/a><\/p>\n<p><strong>Kringellek fr\u00e5n Siljansn\u00e4s<\/strong><\/p>\n<audio class=\"wp-audio-shortcode\" id=\"audio-2686-14\" preload=\"none\" style=\"width: 100%;\" controls=\"controls\"><source type=\"audio\/mpeg\" src=\"https:\/\/etno.net\/wp-content\/uploads\/2021\/03\/etn_eln_005_improvisoipelimann_sou_016_all_48kbs.mp3?_=14\" \/><a href=\"https:\/\/etno.net\/wp-content\/uploads\/2021\/03\/etn_eln_005_improvisoipelimann_sou_016_all_48kbs.mp3\">https:\/\/etno.net\/wp-content\/uploads\/2021\/03\/etn_eln_005_improvisoipelimann_sou_016_all_48kbs.mp3<\/a><\/audio>\n<p><a href=\"https:\/\/etno.net\/wp-content\/uploads\/2021\/03\/etn_eln_005_improvisoipelimann_she_008_pdf.pdf\">Kringellek fr\u00e5n Siljansn\u00e4s (PDF)<\/a><\/p>\n","protected":false},"excerpt":{"rendered":"<p>Kansanmusiikin eri tanssilajeja, esimerkiksi polskaa ja valssia, voi improvisoida siin\u00e4 miss\u00e4 vaikkapa jazzia. T\u00e4m\u00e4n oppimateriaalin tarkoituksena on tarjota apuv\u00e4lineit\u00e4, joiden avulla kansanmusiikki-improvisaation opiskelu sujuu helpommin.<\/p>\n<p>Harjoitteluaineistossa on kolme eri s\u00e4velm\u00e4tyyppi\u00e4: 16.-osapolska, triolipolska ja valssi.<\/p>\n<p>Harjoitusten melodisen materiaalin olen koonnut suomalaisten ja ruotsalaisten pelimannis\u00e4velmien pohjalta. Soinnutukset olen tehnyt niin, ett\u00e4 niiden p\u00e4\u00e4lle voi soittaa harjoitusten eri esimerkkisooloja, jotka on merkitty nuottiin numeroin (esim. 1, esim. 2 jne.). Mukana on my\u00f6s pelkki\u00e4 sointutaustoja, joiden p\u00e4\u00e4lle voit soitella esimerkkisooloja ja pikku hiljaa my\u00f6s omia improvisaatioita.<\/p>\n<p>Harjoittelu kannattaa aloittaa kuuntelemalla, katselemalla ja opettelemalla valmiita esimerkkisooloja. Niist\u00e4 voit tehd\u00e4 uusia versioita hyppim\u00e4ll\u00e4 riveilt\u00e4 toisille ja my\u00f6s keksim\u00e4ll\u00e4 omia melodioita. Muunnelmien ja uusien soolojen tekemist\u00e4 voit alkuvaiheessa harjoitella my\u00f6s s\u00e4velt\u00e4m\u00e4ll\u00e4, kirjoittamalla niit\u00e4 nuoteille. N\u00e4in ker\u00e4\u00e4t sanavarastoa improvisaatiota varten.<\/p>\n<p>Lis\u00e4ksi mukana on muutaman kappaleen verran oheismateriaalia, johon tutustumalla saat mallia muuntelusta, improvisaatiosta ja pelimannimusiikin tyylist\u00e4.<\/p>\n<p>\u00c4\u00e4nitteill\u00e4 soittavat lis\u00e4kseni Johanna Juhola (harmonikka) ja Esko J\u00e4rvel\u00e4 (viulu). \u00c4\u00e4nitt\u00e4j\u00e4n\u00e4 ja nuotinnosten puhtaaksikirjoittajana on toiminut Hannu Oskala.<\/p>","protected":false},"featured_media":2687,"comment_status":"closed","ping_status":"closed","template":"","meta":{"_acf_changed":false},"product_brand":[],"product_cat":[80,77],"product_tag":[],"class_list":{"0":"post-2686","1":"product","2":"type-product","3":"status-publish","4":"has-post-thumbnail","6":"product_cat-kansanmusiikkipedagogiikka","7":"product_cat-oppimateriaalit","9":"first","10":"instock","11":"shipping-taxable","12":"product-type-simple"},"acf":[],"_links":{"self":[{"href":"https:\/\/etno.net\/en\/wp-json\/wp\/v2\/product\/2686","targetHints":{"allow":["GET"]}}],"collection":[{"href":"https:\/\/etno.net\/en\/wp-json\/wp\/v2\/product"}],"about":[{"href":"https:\/\/etno.net\/en\/wp-json\/wp\/v2\/types\/product"}],"replies":[{"embeddable":true,"href":"https:\/\/etno.net\/en\/wp-json\/wp\/v2\/comments?post=2686"}],"wp:featuredmedia":[{"embeddable":true,"href":"https:\/\/etno.net\/en\/wp-json\/wp\/v2\/media\/2687"}],"wp:attachment":[{"href":"https:\/\/etno.net\/en\/wp-json\/wp\/v2\/media?parent=2686"}],"wp:term":[{"taxonomy":"product_brand","embeddable":true,"href":"https:\/\/etno.net\/en\/wp-json\/wp\/v2\/product_brand?post=2686"},{"taxonomy":"product_cat","embeddable":true,"href":"https:\/\/etno.net\/en\/wp-json\/wp\/v2\/product_cat?post=2686"},{"taxonomy":"product_tag","embeddable":true,"href":"https:\/\/etno.net\/en\/wp-json\/wp\/v2\/product_tag?post=2686"}],"curies":[{"name":"wp","href":"https:\/\/api.w.org\/{rel}","templated":true}]}}