{"id":2714,"date":"2021-04-06T10:54:54","date_gmt":"2021-04-06T08:54:54","guid":{"rendered":"https:\/\/etno.net\/?post_type=product&#038;p=2714"},"modified":"2021-05-28T12:18:48","modified_gmt":"2021-05-28T10:18:48","slug":"harmonikkasavellysteni-nuotintaminen","status":"publish","type":"product","link":"https:\/\/etno.net\/en\/julkaisu\/opinnaytteet\/maisteriopinnot\/harmonikkasavellysteni-nuotintaminen","title":{"rendered":"Harmonikkas\u00e4vellysteni nuotintaminen"},"content":{"rendered":"<h2>Sis\u00e4llysluettelo<\/h2>\n<p><strong>Johdanto<\/strong><\/p>\n<p><strong>Nuotinnosten kohderyhm\u00e4n m\u00e4\u00e4rittely<\/strong><\/p>\n<p style=\"padding-left: 40px\">Nuottien kirjoittaminen itselle ja omalle yhtyeelle<br \/>\nNuottien kirjoittaminen yleiseen k\u00e4ytt\u00f6\u00f6n<br \/>\nKohderyhm\u00e4 t\u00e4ss\u00e4 ty\u00f6ss\u00e4<\/p>\n<p><strong>Pohjaty\u00f6<\/strong><\/p>\n<p style=\"padding-left: 40px\">Harmonikkanuottien tutkiminen<br \/>\nSibelius-nuotinkirjoitusohjelman harjoittelu<\/p>\n<p><strong>Nuotinnettavien kappaleiden esittely<\/strong><\/p>\n<p style=\"padding-left: 40px\">Lintuvaaran uneton<br \/>\nValaat<br \/>\nPainajainen leikkikent\u00e4ll\u00e4<br \/>\nIhmisrauniot ry<\/p>\n<p><strong>Nuotinnosten teko<\/strong><\/p>\n<p style=\"padding-left: 40px\">Nuotintaminen, kaksi tapaa<br \/>\nNuottien testaaminen koehenkil\u00f6ill\u00e4<br \/>\nNuottien ja ohjeistuksen parantelu sek\u00e4 lopulliset nuotinnokset<\/p>\n<p><strong>Yhteenveto<\/strong><\/p>\n<p><strong>Liitteet:\u00a0<\/strong>Kaikki nuotinnokset<\/p>\n<p style=\"padding-left: 40px\">Liite 1: Lintuvaaran Uneton, karsittu versio<br \/>\nLiite 2: Lintuvaaran Uneton, tarkempi versio<br \/>\nLiite 3: Valaat, tarkka versio<br \/>\nLiite 4: Painajainen leikkikent\u00e4ll\u00e4, karsittu versio<br \/>\nLiite 5: Painajainen leikkikent\u00e4ll\u00e4, tarkempi versio<br \/>\nIhmisrauniot ry, karsittu versio<br \/>\nIhmisrauniot ry, tarkempi versio<\/p>\n<h2><\/h2>\n<h2>Tiivistelm\u00e4<\/h2>\n<p>Projektissani &#8221;Harmonikkasoolos\u00e4vellysteni nuotintaminen&#8221; tutkin, miten voisin nuotintaa tekemi\u00e4ni harmonikkas\u00e4vellyksi\u00e4 yleiseen k\u00e4ytt\u00f6\u00f6n. Kirjoitin nelj\u00e4st\u00e4 kappaleestani kahdenlaiset versiot, pyysin kommentteja koesoittajalta, mink\u00e4 j\u00e4lkeen parantelin nuotinnoksia ja p\u00e4\u00e4dyin ns. lopullisiin versioihin.<\/p>\n<p>Projektin kirjallisessa osiossa kerron ensin taustastani nuottien kirjoittajana, harmonikkanuoteista yleens\u00e4 sek\u00e4 kohderyhm\u00e4n valinnasta. Sitten esittelen nuotinnettavat kappaleet ja kerron haasteista juuri n\u00e4iden kappaleiden kohdalla. Lopuksi kerron nuotinnosten teosta, niiden testaamisesta koesoittajalla sek\u00e4 nuotinnosten parantelusta saamieni kommenttieni perusteella.<\/p>\n<p>Olen aikaisemmin kirjoittanut musiikkia vain itselleni ja omille yhtyeilleni, joten en ole joutunut tarkkaa nuotintamista pohtimaan. Nyt haasteena oli ilmaista nuotein my\u00f6s tulkinta-asioita mahdollisimman yksityiskohtaisesti. T\u00e4ytyi my\u00f6s p\u00e4\u00e4tt\u00e4\u00e4 jonkinlainen kohderyhm\u00e4. Lopulta p\u00e4\u00e4dyin kahteen erilaiseen nuotintamistapaan, joista ensimm\u00e4inen oli mahdollisimman yksinkertainen ja toinen taas mahdollisimman tarkoilla esitysmerkinn\u00f6ill\u00e4 varustettu.<\/p>\n<p>Liitteen\u00e4 projektin aiheena olleet nuotinnokset.<\/p>","protected":false},"excerpt":{"rendered":"<p>Projektity\u00f6<br \/>\nTaideyliopiston Sibelius-Akatemia<br \/>\nKansanmusiikin aineryhm\u00e4<br \/>\n2008<\/p>","protected":false},"featured_media":0,"comment_status":"closed","ping_status":"closed","template":"","meta":{"_acf_changed":false},"product_brand":[],"product_cat":[81,76],"product_tag":[],"class_list":{"0":"post-2714","1":"product","2":"type-product","3":"status-publish","5":"product_cat-maisteriopinnot","6":"product_cat-opinnaytteet","8":"first","9":"instock","10":"shipping-taxable","11":"product-type-simple"},"acf":[],"_links":{"self":[{"href":"https:\/\/etno.net\/en\/wp-json\/wp\/v2\/product\/2714","targetHints":{"allow":["GET"]}}],"collection":[{"href":"https:\/\/etno.net\/en\/wp-json\/wp\/v2\/product"}],"about":[{"href":"https:\/\/etno.net\/en\/wp-json\/wp\/v2\/types\/product"}],"replies":[{"embeddable":true,"href":"https:\/\/etno.net\/en\/wp-json\/wp\/v2\/comments?post=2714"}],"wp:attachment":[{"href":"https:\/\/etno.net\/en\/wp-json\/wp\/v2\/media?parent=2714"}],"wp:term":[{"taxonomy":"product_brand","embeddable":true,"href":"https:\/\/etno.net\/en\/wp-json\/wp\/v2\/product_brand?post=2714"},{"taxonomy":"product_cat","embeddable":true,"href":"https:\/\/etno.net\/en\/wp-json\/wp\/v2\/product_cat?post=2714"},{"taxonomy":"product_tag","embeddable":true,"href":"https:\/\/etno.net\/en\/wp-json\/wp\/v2\/product_tag?post=2714"}],"curies":[{"name":"wp","href":"https:\/\/api.w.org\/{rel}","templated":true}]}}