{"id":2716,"date":"2021-04-06T11:01:12","date_gmt":"2021-04-06T09:01:12","guid":{"rendered":"https:\/\/etno.net\/?post_type=product&#038;p=2716"},"modified":"2021-05-28T12:13:06","modified_gmt":"2021-05-28T10:13:06","slug":"soittiko-tuottaja-muusikon-monet-roolit-levynteossa","status":"publish","type":"product","link":"https:\/\/etno.net\/en\/julkaisu\/opinnaytteet\/maisteriopinnot\/soittiko-tuottaja-muusikon-monet-roolit-levynteossa","title":{"rendered":"Soittiko tuottaja? \u2013 Muusikon monet roolit levynteossa"},"content":{"rendered":"<h2>Sis\u00e4llysluettelo<\/h2>\n<p><strong>1 \u00a0Johdanto<\/strong><\/p>\n<p><strong>2 \u00a0Tausta<\/strong><\/p>\n<p style=\"padding-left: 40px\">2.1 \u00a0Halogeeni-yhtye ja Loistava perim\u00e4 -esikois-CD<br \/>\n2.2 \u00a0S\u00e4vellysty\u00f6ni t\u00e4h\u00e4n menness\u00e4<br \/>\n2.3 \u00a0Kokemukseni tuottamisesta ja \u00e4\u00e4nitysty\u00f6st\u00e4<\/p>\n<p><strong>3 \u00a0Halogeeni-yhtyeen toinen levy Alehinin puolustus<\/strong><\/p>\n<p style=\"padding-left: 40px\">3.1 \u00a0Ensimm\u00e4inen vaihe 9 3.1.1 Aikataulu<\/p>\n<p style=\"padding-left: 80px\">3.1.2 Kappaleiden valitseminen ja taiteellisesta linjasta p\u00e4\u00e4tt\u00e4minen<br \/>\n3.1.3 S\u00e4velt\u00e4minen ja harjoittelu<br \/>\n3.1.4 Valmistautumiseni studioty\u00f6h\u00f6n<br \/>\n3.1.5 Studiojakso 1 syksyll\u00e4 2007<br \/>\n3.1.6 Editointi ja raakamiksaus<\/p>\n<p style=\"padding-left: 40px\">3.2 \u00a0Toinen vaihe<\/p>\n<p style=\"padding-left: 80px\">3.2.1 Lis\u00e4materiaalin ker\u00e4\u00e4minen ja harjoittelu<br \/>\n3.2.2 Studiojakso 2 kes\u00e4ll\u00e4 2008<\/p>\n<p style=\"padding-left: 40px\">3.3 \u00a0Levy valmiiksi<\/p>\n<p style=\"padding-left: 80px\">3.3.1 Rahoitus<br \/>\n3.3.2 Lopullinen miksaus ja masterointi<br \/>\n3.3.3 Kannet ja painaminen<\/p>\n<p><strong>4 \u00a0Soittiko tuottaja?<\/strong><\/p>\n<p><strong>5 \u00a0Yhteenveto<\/strong><\/p>\n<h2><\/h2>\n<h2>Tiivistelm\u00e4<\/h2>\n<p>T\u00e4m\u00e4 projektin kirjallinen ty\u00f6 on raportti puolitoista vuotta kest\u00e4neest\u00e4 kansanmusiikkitrion levytysprojektista, jossa yksi henkil\u00f6 toimii monessa roolissa: levyn tuottajana, \u00e4\u00e4nitt\u00e4j\u00e4n\u00e4, s\u00e4velt\u00e4j\u00e4n\u00e4 ja haitaristina. Ty\u00f6ss\u00e4 k\u00e4yd\u00e4\u00e4n l\u00e4pi vaihe vaiheelta koko projekti alkaen levyn sis\u00e4ll\u00f6n suunnittelusta ja s\u00e4velt\u00e4misest\u00e4, p\u00e4\u00e4ttyen levyn julkaisemiseen. Aiheena on tutkia aiheuttaako monien roolien yhdist\u00e4minen haitaristille, joka on tuottajana ja \u00e4\u00e4nitt\u00e4j\u00e4n\u00e4 viel\u00e4 varsin kokematon, hankaluuksia vai tukevatko roolit toisiaan.<\/p>\n<p>Moniroolitus vaati aika ajoin toimintatapojen soveltamista ja tavallista tarkempaa tulevien tapahtumien ennakointia. Levy valmistui aikataulussa, haitaristi oppi paljon uutta \u00e4\u00e4nitt\u00e4misest\u00e4 ja muutkin asianomaiset ovat lopputulokseen tyytyv\u00e4isi\u00e4.<\/p>\n<p>Liitteen\u00e4 levy: Halogeeni \u2013 Alehinin puolustus<\/p>\n<p>&nbsp;<\/p>","protected":false},"excerpt":{"rendered":"<p>Projektin kirjallinen osuus<br \/>\nSibelius-Akatemia<br \/>\nKansanmusiikin osasto<br \/>\n2009<\/p>","protected":false},"featured_media":0,"comment_status":"closed","ping_status":"closed","template":"","meta":{"_acf_changed":false},"product_brand":[],"product_cat":[81,76],"product_tag":[],"class_list":{"0":"post-2716","1":"product","2":"type-product","3":"status-publish","5":"product_cat-maisteriopinnot","6":"product_cat-opinnaytteet","8":"first","9":"instock","10":"shipping-taxable","11":"product-type-simple"},"acf":[],"_links":{"self":[{"href":"https:\/\/etno.net\/en\/wp-json\/wp\/v2\/product\/2716","targetHints":{"allow":["GET"]}}],"collection":[{"href":"https:\/\/etno.net\/en\/wp-json\/wp\/v2\/product"}],"about":[{"href":"https:\/\/etno.net\/en\/wp-json\/wp\/v2\/types\/product"}],"replies":[{"embeddable":true,"href":"https:\/\/etno.net\/en\/wp-json\/wp\/v2\/comments?post=2716"}],"wp:attachment":[{"href":"https:\/\/etno.net\/en\/wp-json\/wp\/v2\/media?parent=2716"}],"wp:term":[{"taxonomy":"product_brand","embeddable":true,"href":"https:\/\/etno.net\/en\/wp-json\/wp\/v2\/product_brand?post=2716"},{"taxonomy":"product_cat","embeddable":true,"href":"https:\/\/etno.net\/en\/wp-json\/wp\/v2\/product_cat?post=2716"},{"taxonomy":"product_tag","embeddable":true,"href":"https:\/\/etno.net\/en\/wp-json\/wp\/v2\/product_tag?post=2716"}],"curies":[{"name":"wp","href":"https:\/\/api.w.org\/{rel}","templated":true}]}}