{"id":2717,"date":"2021-04-06T11:03:23","date_gmt":"2021-04-06T09:03:23","guid":{"rendered":"https:\/\/etno.net\/?post_type=product&#038;p=2717"},"modified":"2021-05-28T12:05:01","modified_gmt":"2021-05-28T10:05:01","slug":"kansanmusiikkisuurteokset","status":"publish","type":"product","link":"https:\/\/etno.net\/en\/julkaisu\/opinnaytteet\/maisteriopinnot\/kansanmusiikkisuurteokset","title":{"rendered":"Kansanmusiikkisuurteokset"},"content":{"rendered":"<h2>Sis\u00e4llysluettelo<\/h2>\n<p><strong>1 \u00a0Johdanto<\/strong><\/p>\n<p><strong>2 \u00a0Taidemuodot kohtaavat<\/strong><\/p>\n<p style=\"padding-left: 40px\">2.1 \u00a0S\u00e4velt\u00e4j\u00e4t ja teokset l\u00e4nsimaisessa taidemusiikissa<br \/>\n2.2 \u00a0Musiikkikirjallisenakulttuurina<br \/>\n2.3 \u00a0Nykykansanmusiikinlyhythistoria<br \/>\n2.4 \u00a0Kansanmusiikins\u00e4velt\u00e4j\u00e4kuva<\/p>\n<p><strong>3 \u00a0Oma s\u00e4vellyst\u00f6ni<\/strong><\/p>\n<p style=\"padding-left: 40px\">3.1 \u00a0Henkil\u00f6historiaani<br \/>\n3.2 \u00a0Joitakin s\u00e4vellyksi\u00e4ni<\/p>\n<p style=\"padding-left: 80px\">3.2.1 Sarja Pianolle<br \/>\n3.2.2 Uuden Vuoden Aamu<\/p>\n<p style=\"padding-left: 40px\">3.3 \u00a0Her\u00e4nneit\u00e4\u00a0ajatuksia<\/p>\n<p style=\"padding-left: 80px\">3.3.1 Polyfoniajaep\u00e4symmetria<br \/>\n3.3.2 Pitk\u00e4kestoisen teoksen luomisen malleja<\/p>\n<p style=\"padding-left: 40px\">3.4 \u00a0Suurteoksetnykykansanmusiikissa<\/p>\n<p><strong>4 \u00a0Kolme nykykansanmusiikkisuurteosta<\/strong><\/p>\n<p style=\"padding-left: 40px\">4.1 S\u00e4velt\u00e4j\u00e4\u00a0\u00a0Ilona Korhonen<\/p>\n<p style=\"padding-left: 80px\">4.1.1 \u201dTarkka p\u00e4\u00e4, tania mieli\u201d -kuoroteos<br \/>\n4.1.2 Ilonan sanoin<\/p>\n<p style=\"padding-left: 40px\">4.2 S\u00e4velt\u00e4j\u00e4\u00a0Timo Alakotila<\/p>\n<p style=\"padding-left: 80px\">4.2.1 Harmonikkakonsertto<br \/>\n4.2.2 ConcertoGrosso<br \/>\n4.2.3 Timon sanoin<\/p>\n<p><strong>5 Yhteenveto<\/strong><\/p>\n<p><strong>Liitteet<\/strong><\/p>\n<p style=\"padding-left: 40px\">A Ilona Korhosen haastattelun litteraatio<\/p>\n<p style=\"padding-left: 80px\">A.1 \u00a0Musiikillinentausta<br \/>\nA.2 \u00a0S\u00e4velt\u00e4minen<br \/>\nA.3 \u00a0Teosmuoto<br \/>\nA.4 \u00a0Musiikinkirjoittaminen<br \/>\nA.5 \u00a0Tyylienerotjayhtenev\u00e4isyydet<br \/>\nA.6 \u00a0Polyfoniakansanmusiikissa<br \/>\nA.7 \u00a0Tarkkap\u00e4\u00e4, tania mieli<br \/>\nA.7.1 Ty\u00f6tavat ja syntyprosessi<br \/>\nA.8 \u00a0Kansanmusiikkiteoksen erityispiirteet<br \/>\nA.9 \u00a0Teosten j\u00e4lkeen<\/p>\n<p style=\"padding-left: 40px\">B Timo Alakotilan haastattelun litteraatio<\/p>\n<p style=\"padding-left: 80px\">B.1 \u00a0Musiikillinen tausta<br \/>\nB.2 \u00a0S\u00e4velt\u00e4minen<br \/>\nB.2.1 Suurteokset<br \/>\nB.3 \u00a0Musiikin kirjoittaminen<br \/>\nB.4 \u00a0Tyylien erot ja yhtenev\u00e4isyydet<br \/>\nB.5 \u00a0Pitk\u00e4nmuodonrakentaminen<br \/>\nB.6 \u00a0Harmonikkakonsertto<br \/>\nB.7 \u00a0Sekatahtilajit kansanperinteess\u00e4<br \/>\nB.8 S\u00e4vellyksen yhten\u00e4isyys<br \/>\nB.9 Concerto Grosso<br \/>\nB.10 Kansanmusiikkiteoksen erityispiirteet<br \/>\nB.11Teostenj\u00e4lkeen<\/p>\n<p style=\"padding-left: 40px\">C Nuottiliite 1<\/p>\n<p style=\"padding-left: 80px\">C.1 Sarjapianolle: Osa3<br \/>\nC.2 UudenVuodenAamu: Osa1<\/p>\n<h2><\/h2>\n<h2>Johdanto<\/h2>\n<p>Taiteenlajien kehitys- ja muutosprosessit ovat mielenkiintoisia ilmi\u00f6it\u00e4. Uutuutta etsiv\u00e4\u00a0taide on altis vaikutteille, ja kulttuurien historiat tuntevatkin useita syntyneita \u0308, kadonneita ja sulautuneita taidesuuntauksia.<\/p>\n<p>Kansanmusiikki el\u00e4\u00e4\u00a0Suomessa voimakkaassa murroksessa. Nelj\u00e4nnesvuosisadan i\u00e4n saavuttanut kansanmusiikin korkeakoulutus on j\u00e4tt\u00e4nyt l\u00e4htem\u00e4tt\u00f6m\u00e4n j\u00e4ljen kansanmusiikkikent\u00e4lle. L\u00e4hes sukupuuttoon kuollut taidemuoto on saanut jatkajia, jotka vaikuttavat innokkailta ravistelemaan kaikkia mahdollisia ennakkok\u00e4sityksi\u00e4siit\u00e4, millaista kansanmusiikki on ja miten sit\u00f6tehd\u00e4\u00e4n. Kuulonvaraista oppimista suosivat kansanmuusikot ovatkin n\u00e4pp\u00e4rimm\u00e4st\u00e4p\u00e4\u00e4st\u00e4\u00a0vaikutteiden omaksumisessa, ja tuloksena onkin ollut suuri m\u00e4\u00e4r\u00e4\u00a0eri tasoisia fuusioita eli yhdistelmi\u00e4\u00a0eri musiikkityyleist\u00e4.<\/p>\n<p>Yhdistelm\u00e4n tai sulautumiseen k\u00e4tkeytyy kuitenkin vaaransa. Taidesuuntauksen keskeisim\u00e4t ja syvimmin el\u00e4hdytt\u00e4v\u00e4t piirteet ovat usein yll\u00e4tt\u00e4v\u00e4nkin hienopiirteisi\u00e4. Varomattomasti yhdistelless\u00e4\u00a0voivat vieraat ainesosat aiheuttaa voimakkaan hylkimisreaktion. Joskus t\u00e4llaiset ristiriidat ratkotaan tasap\u00e4ist\u00e4m\u00e4ll\u00e4\u00a0ja py\u00f6rist\u00e4m\u00e4ll\u00e4\u00a0molempia yhdistett\u00e4vist\u00e4\u00a0taiteenlajeista siten, etta\u00e4\u00a0kummankin paras anti j\u00e4\u00e4\u00a0kaukaiseksi haaveeksi.<\/p>\n<p>L\u00e4nsimaisen taidemusiikin suuri kulttuurihistoriallinen merkitys tekee siit\u00e4\u00a01 todenn\u00e4k\u00f6isen fuusiokumppanin. Syntyy tuskin en\u00e4\u00e4\u00a0montakaan musiikkiala- kulttuuria, johon klassisen musiikin harmoniaoppi ei lainkaan vaikuttaisi.<\/p>\n<p>Klassisen musiikin vaikuttavat suurteokset ovat my\u00f6s innoittaneet muusikoita heid\u00e4n omaan taustaansa katsomatta. Viime vuosina onkin syntynyt yll\u00e4tt\u00e4v\u00e4\u00a0liitto; kansanmusiikkigenren s\u00e4velt\u00e4j\u00e4t ovat ryhtyneet tuottamaan mittavia sa \u0308velteoksia. Mit\u00e4\u00a0tapahtuu, kun ep\u00e4m\u00e4\u00e4r\u00e4inen kuuloperinne ja paperimerkint\u00f6ihin perustuva musiikillinen astrologia kohtaavat?<\/p>\n<p>Projektity\u00f6n luvussa 2 k\u00e4sittelen t\u00e4m\u00e4n fuusion ongelmia ja mahdollisuuksia. Luvussa 3 valotan omaa taustaani suhteessa projektin aiheeseen. Luvussa 4 esittelen kolme nykykansanmusiikkisuurteosta ja niiden s\u00e4velt\u00e4j\u00e4t, ja lopuksi, luvussa 5, loppup\u00e4\u00e4telm\u00e4ni.<\/p>\n<p>&nbsp;<\/p>","protected":false},"excerpt":{"rendered":"<div class=\"field field-name-field-thesis-metadata field-type-text-long field-label-hidden\">\n<div class=\"field-items\">\n<div class=\"field-item even\">\n<p>Projektity\u00f6<br \/>\nSibelius-Akatemia<br \/>\nKansanmusiikin osasto<br \/>\n2009<\/p>\n<\/div>\n<\/div>\n<\/div>","protected":false},"featured_media":0,"comment_status":"closed","ping_status":"closed","template":"","meta":{"_acf_changed":false},"product_brand":[],"product_cat":[81,76],"product_tag":[],"class_list":{"0":"post-2717","1":"product","2":"type-product","3":"status-publish","5":"product_cat-maisteriopinnot","6":"product_cat-opinnaytteet","8":"first","9":"instock","10":"shipping-taxable","11":"product-type-simple"},"acf":[],"_links":{"self":[{"href":"https:\/\/etno.net\/en\/wp-json\/wp\/v2\/product\/2717","targetHints":{"allow":["GET"]}}],"collection":[{"href":"https:\/\/etno.net\/en\/wp-json\/wp\/v2\/product"}],"about":[{"href":"https:\/\/etno.net\/en\/wp-json\/wp\/v2\/types\/product"}],"replies":[{"embeddable":true,"href":"https:\/\/etno.net\/en\/wp-json\/wp\/v2\/comments?post=2717"}],"wp:attachment":[{"href":"https:\/\/etno.net\/en\/wp-json\/wp\/v2\/media?parent=2717"}],"wp:term":[{"taxonomy":"product_brand","embeddable":true,"href":"https:\/\/etno.net\/en\/wp-json\/wp\/v2\/product_brand?post=2717"},{"taxonomy":"product_cat","embeddable":true,"href":"https:\/\/etno.net\/en\/wp-json\/wp\/v2\/product_cat?post=2717"},{"taxonomy":"product_tag","embeddable":true,"href":"https:\/\/etno.net\/en\/wp-json\/wp\/v2\/product_tag?post=2717"}],"curies":[{"name":"wp","href":"https:\/\/api.w.org\/{rel}","templated":true}]}}