{"id":2719,"date":"2021-04-06T11:07:05","date_gmt":"2021-04-06T09:07:05","guid":{"rendered":"https:\/\/etno.net\/?post_type=product&#038;p=2719"},"modified":"2021-05-28T11:56:08","modified_gmt":"2021-05-28T09:56:08","slug":"kansanmusiikkietydit-koti-ja-konserttikanteleelle-oppimateriaali-kanteleensoition-tekniikkaan-ja-kansanmusiikin-tyyliin","status":"publish","type":"product","link":"https:\/\/etno.net\/en\/julkaisu\/opinnaytteet\/maisteriopinnot\/kansanmusiikkietydit-koti-ja-konserttikanteleelle-oppimateriaali-kanteleensoition-tekniikkaan-ja-kansanmusiikin-tyyliin","title":{"rendered":"Kansanmusiikkietydit koti- ja konserttikanteleelle \u2013 Oppimateriaali kanteleensoition tekniikkaan ja kansanmusiikin tyyliin"},"content":{"rendered":"<h2>Sis\u00e4llysluettelo<\/h2>\n<p><strong>1 Johdanto<\/strong><\/p>\n<p style=\"padding-left: 40px\">1.1 Oppimateriaalin periaatteet<br \/>\n1.2 Etydien tekniikka- tyyli- ja improvisaatioteemat taulukossa<\/p>\n<p><strong>2 Sottiisi<\/strong><\/p>\n<p style=\"padding-left: 40px\">2.1 Taso 1: Painotussottiisi<\/p>\n<p style=\"padding-left: 80px\">2.1.1 Tekniikka- ja tyyliasiat<br \/>\n2.1.2 Valmis sovitus<br \/>\n2.1.3 Improvisaatiovinkit<\/p>\n<p style=\"padding-left: 40px\">2.2 Taso 2: Sormik\u00e4velysottiisi<\/p>\n<p style=\"padding-left: 80px\">2.2.1 Tekniikka- ja tyyliasiat<br \/>\n2.2.2 Valmistavat harjoitukset<br \/>\n2.2.3 Melodianuotti<br \/>\n2.2.4 S\u00e4estys-ideoita<br \/>\n2.2.5 Improvisaatiovinkit<br \/>\n2.2.5.1 Harjoitukset improvisaatiovinkkeihin<br \/>\n2.2.6 Tyhj\u00e4 nuotti omaa sovitusta varten<\/p>\n<p style=\"padding-left: 40px\">2.3 Taso 3: Komppisottiisi<\/p>\n<p style=\"padding-left: 80px\">2.3.1 Tekniikka- ja tyyliasiat<br \/>\n2.3.2 Valmistavat harjoitukset<br \/>\n2.3.3 Tyhj\u00e4 nuotti omaa sovitusta varten<br \/>\n2.3.4 Valmis sovitus<br \/>\n2.3.5 Improvisaatiovinkit<\/p>\n<p style=\"padding-left: 40px\">2.4 Taso 4: Hyppysottiisi<\/p>\n<p style=\"padding-left: 80px\">2.4.1 Tekniikka- ja tyyliasiat<br \/>\n2.4.2 Valmistavat harjoitukset<br \/>\n2.4.3 Tyhj\u00e4 nuotti omaa sovitusta varten<br \/>\n2.4.4 Valmis sovitus<br \/>\n2.4.5 Improvisaatiovinkit<\/p>\n<p style=\"padding-left: 120px\">2.4.5.1 Muunteluharjoituksia sottiisiin<br \/>\n2.4.5.2 trad. kappaleen muuntelu ja sovitus<\/p>\n<p><strong>3 Hambo<\/strong><\/p>\n<p style=\"padding-left: 40px\">3.1 Taso 1: Heilurihambo<\/p>\n<p style=\"padding-left: 80px\">3.1.1 Tekniikka- ja tyyliasiat<br \/>\n3.1.2 Valmis sovitus<br \/>\n3.1.3 Improvisaatiovinkit<\/p>\n<p style=\"padding-left: 40px\">3.2 Taso 2: Terssihambo<\/p>\n<p style=\"padding-left: 80px\">3.2.1 Tekniikka- ja tyyliasiat<br \/>\n3.2.2 Valmistavat harjoitukset<br \/>\n3.2.3 Melodianuotti<br \/>\n3.2.4 S\u00e4estys-ideoita<br \/>\n3.2.5 Improvisaatiovinkit<\/p>\n<p style=\"padding-left: 120px\">3.2.5.1 Harjoitukset improvisaatiovinkkeihin<\/p>\n<p style=\"padding-left: 80px\">3.2.6 Tyhj\u00e4 nuotti omaa sovitusta varten<\/p>\n<p style=\"padding-left: 40px\">3.3 Taso 3: Triolihambo<\/p>\n<p style=\"padding-left: 80px\">3.3.1 Tekniikka- ja tyyliasiat<br \/>\n3.3.2 Valmistavat harjoitukset<br \/>\n3.3.3 Tyhj\u00e4 nuotti omaa sovitusta varten<br \/>\n3.3.4 Valmis sovitus<br \/>\n3.3.5 Improvisaatiovinkit<\/p>\n<p style=\"padding-left: 40px\">3.4 Taso 4: Sammutushambo<\/p>\n<p style=\"padding-left: 80px\">3.4.1 Tekniikka- ja tyyliasiat<br \/>\n3.4.2 Valmistavat harjoitukset<br \/>\n3.4.3 Tyhj\u00e4 nuotti omaa sovitusta varten<br \/>\n3.4.4 Valmis sovitus<br \/>\n3.4.5 Improvisaatiovinkit<\/p>\n<p style=\"padding-left: 120px\">3.4.5.1 Muunteluharjoituksia hamboon<br \/>\n3.4.5.2 trad. kappaleen muuntelu ja sovitus<\/p>\n<p><strong>4 Polkka<\/strong><\/p>\n<p style=\"padding-left: 40px\">4.1 Taso 1: Sormipolkka<\/p>\n<p style=\"padding-left: 80px\">4.1.1 Tekniikka- ja tyyliasiat<br \/>\n4.1.2 Valmis sovitus<br \/>\n4.1.3 Sormipolkan improvisaatiovinkit<\/p>\n<p style=\"padding-left: 40px\">4.2 Taso 2: Takapotkupolkka<\/p>\n<p style=\"padding-left: 80px\">4.2.1 Tekniikka- ja tyyliasiat<br \/>\n4.2.2 Valmistavat harjoitukset<br \/>\n4.2.3 Melodianuotti<br \/>\n4.2.4 S\u00e4estys-ideoita<br \/>\n4.2.5 Improvisaatiovinkit<br \/>\n4.2.5.1 Harjoitukset improvisaatiovinkkeihin<br \/>\n4.2.6 Tyhj\u00e4 nuotti omaa sovitusta varten<\/p>\n<p style=\"padding-left: 40px\">4.3 Taso 3: Vastadaktyylipolkka<\/p>\n<p style=\"padding-left: 80px\">4.3.1 Tekniikka- ja tyyliasiat<br \/>\n4.3.2 Valmistavat harjoitukset<br \/>\n4.3.3 Tyhj\u00e4 nuotti omaa sovitusta varten<br \/>\n4.3.4 Valmis sovitus<br \/>\n4.3.5 Improvisaatiovinkit<\/p>\n<p style=\"padding-left: 40px\">4.4 Taso 4: Kiper\u00e4 polkka<\/p>\n<p style=\"padding-left: 80px\">4.4.1 Tekniikka- ja tyyliasiat<br \/>\n4.4.2 Valmistavat harjoitukset<br \/>\n4.4.3 Tyhj\u00e4 nuotti omaa sovitusta varten<br \/>\n4.4.4 Valmis sovitus<br \/>\n4.4.5 Improvisaatiovinkit<\/p>\n<p style=\"padding-left: 120px\">4.4.5.1 Muunteluharjoituksia polkkaan<br \/>\n4.4.5.2 trad. kappaleen muuntelu ja sovitus<\/p>\n<p><strong>5 Masurkka<\/strong><\/p>\n<p style=\"padding-left: 40px\">5.1 Taso 1: Peukalomasurkka<\/p>\n<p style=\"padding-left: 80px\">5.1.1 Tekniikka- ja tyyliasiat<br \/>\n5.1.2 Valmis sovitus<br \/>\n5.1.3 Improvisaatiovinkit<\/p>\n<p style=\"padding-left: 40px\">5.2 Taso 2: Asteikkomasurkka<\/p>\n<p style=\"padding-left: 80px\">5.2.1 Tekniikka- ja tyyliasiat<br \/>\n5.2.2 Valmistavat harjoitukset<br \/>\n5.2.3 Melodianuotti<br \/>\n5.2.4 S\u00e4estys-ideoita<br \/>\n5.2.5 Improvisaatiovinkit<\/p>\n<p style=\"padding-left: 120px\">5.2.5.1 Harjoitukset improvisaatiovinkkeihin<\/p>\n<p style=\"padding-left: 80px\">5.2.6 Tyhj\u00e4 nuotti omaa sovitusta varten<\/p>\n<p style=\"padding-left: 40px\">5.3 Taso 3: Vaihtobassomasurkka<\/p>\n<p style=\"padding-left: 80px\">5.3.1 Tekniikka- ja tyyliasiat<br \/>\n5.3.2 Valmistavat harjoitukset<br \/>\n5.3.3 Tyhj\u00e4 nuotti omaa sovitusta varten<br \/>\n5.3.4 Valmis sovitus<br \/>\n5.3.5 Improvisaatiovinkit<\/p>\n<p style=\"padding-left: 40px\">5.4 Taso 4: Staccatomasurkka<\/p>\n<p style=\"padding-left: 80px\">5.4.1 Tekniikka- ja tyyliasiat<br \/>\n5.4.2 Valmistavat harjoitukset<br \/>\n5.4.3 Tyhj\u00e4 nuotti omaa sovitusta varten<br \/>\n5.4.4 Valmis sovitus<br \/>\n5.4.5 Improvisaatiovinkit<\/p>\n<p style=\"padding-left: 120px\">5.4.5.1 Muunteluharjoituksia masurkkaan<br \/>\n5.4.5.2 trad. kappaleen muuntelu ja sovitus<\/p>\n<h2><\/h2>\n<h2>Johdanto<\/h2>\n<p>Oppimateriaalin tarkoituksena on antaa ohjausta koti- ja konserttikanteleen soittotekniikan perusasioihin. Se pyrkii antamaan avaimet vapautuneeseen musisointiin kansanmusiikin l\u00e4ht\u00f6kohdista tehtyjen etydien avulla. Etydeiss\u00e4 kiinnitet\u00e4\u00e4n erityisesti huomio k\u00e4sien rentouteen.<\/p>\n<p>Olen s\u00e4velt\u00e4nyt kappaleita, jotka sis\u00e4lt\u00e4v\u00e4t mahdollisimman paljon haastavia soittoteknisi\u00e4 yksityiskohtia. Soittoteknisten asioiden ohessa kiinnitet\u00e4\u00e4n my\u00f6s huomio kansanmusiikin tyylipiirteisiin pelimannimusiikkiin perustuvien etydis\u00e4vellysten avulla. Oppimateriaali pyrkii antamaan opettajalle ohjeita tuntien ja ohjelmiston suunnitteluun sek\u00e4 oppilaalle ev\u00e4it\u00e4 sovittamiseen ja ylip\u00e4\u00e4t\u00e4\u00e4n luovaan soittamiseen.<\/p>\n<p>Oppimateriaalissa keskityt\u00e4\u00e4n nelj\u00e4\u00e4n kansanmusiikille tyypilliseen tanssilajiin: sottiisiin, hamboon, polkkaan ja masurkkaan. Esittelen jokaisen tanssilajin erikseen ja listaan kuunneltavaksi levyesimerkkej\u00e4 kustakin tanssilajista. Olen s\u00e4velt\u00e4nyt kustakin tanssilajista etydej\u00e4 nelj\u00e4n tason mukaisesti vaikeustasoihin:<\/p>\n<ul>\n<li>Taso 1 eli alkeistason etydit<\/li>\n<li>Taso 2 eli keskitason etydit<\/li>\n<li>Taso 3 eli vaativat etydit<\/li>\n<li>Taso 4 eli haastavimmat etydit edistyneimmille soittajille<\/li>\n<\/ul>\n<p>On syyt\u00e4 huomata, ett\u00e4 n\u00e4m\u00e4 tasot eiv\u00e4t v\u00e4ltt\u00e4m\u00e4tt\u00e4 vastaa musiikkioppilaitosten kansanmusiikin kurssitutkintojen vaatimustasoja.<\/p>\n<p>Tekniikka- ja tyyliasioihin olen listannut kussakin kappaleessa k\u00e4yt\u00e4v\u00e4t asiat. Ennen jokaista etydi\u00e4 on valmistavia harjoituksia tekniikka- tai tyyliasioihin. Harjoituksien j\u00e4lkeen on helppoa siirty\u00e4 etydin soittamiseen. Improvisaatiovinkeiss\u00e4 k\u00e4yd\u00e4\u00e4n l\u00e4pi luovia muusikon taitoja. Olen kirjoittanut jokaisesta etydist\u00e4 nuotin. Nuotteihin olen pyrkinyt kirjoittamaan sorminumerot, sormisammutukset ja k\u00e4sivarsisammutukset niin tarkasti kuin koen niiden kussakin kohdassa olevan tarpeen, alkeisetydeiss\u00e4 luonnollisesti enemm\u00e4n. N\u00e4iden lis\u00e4ksi olen listannut joitakin tyylikohtaisia seikkoja: mm. fraseeraus, korut ja staccatot. Olen k\u00e4ytt\u00e4nyt sellaisia sormij\u00e4rjestyksi\u00e4, jotka olen itselleni kokenut parhaiksi, mutta my\u00f6s pyrkinyt esittelem\u00e4\u00e4n vaihtoehtoja. Sormij\u00e4rjestykset ja muut tekniset asiat riippuvat paljon my\u00f6s soittajasta. Kannustankin jokaista soveltamaan luomiani esimerkkej\u00e4 ja ohjeistuksia.<\/p>\n<p>Olen j\u00e4tt\u00e4nyt nuottikuvaan varaa omalle tulkinnalle ja muistiinpanoille. T\u00e4m\u00e4n mahdollistavat nuotit, jotka sis\u00e4lt\u00e4v\u00e4t ainoastaan melodian. Etydien melodioita voi opettaa korvakuulolta ja tyhjille viivastoille voidaan kirjoittaa omia ideoita, sorminumeroita, sointumerkkej\u00e4, soveltaa s\u00e4estyksi\u00e4 ja kirjoittaa stemmoja oman mielen mukaan ideoiden. Mahdollisuus on my\u00f6s edet\u00e4 etydien kanssa nuottil\u00e4ht\u00f6isesti soittamalla valmiiden sovitusten mukaisesti.<br \/>\nOpetusmateriaalin avulla k\u00e4yd\u00e4\u00e4n l\u00e4pi soittoteknisist\u00e4 asioista:<\/p>\n<ul>\n<li>asteikkokulku (alas &#8211; ja yl\u00f6sp\u00e4in)<\/li>\n<li>terssien soitto (=sormik\u00e4vely)<\/li>\n<li>peukalon liikerata soittaessa<\/li>\n<li>isot intervallit \u2013 heiluriliike<\/li>\n<li>staccato ja sen erilaiset soittomahdollisuudet<\/li>\n<li>sormij\u00e4rjestys-asiat k\u00e4den rentouden kannalta<\/li>\n<li>sammutukset: sormisammutukset, k\u00e4mmen-\/litistyssammutus sek\u00e4 k\u00e4sivarsisammutus<\/li>\n<li>korukuvioiden soitto<\/li>\n<li>hyppyjen ja isojen intervallien soitto<\/li>\n<li>viputekniikka<\/li>\n<li>k\u00e4den rentous ja rentoutus<\/li>\n<\/ul>\n<p>Opetusmateriaalin avulla k\u00e4yd\u00e4\u00e4n l\u00e4pi kansanmusiikin tyyli- ja tulkinta-asioista:<\/p>\n<ul>\n<li>erilaisia asteikkoja ja moodeja: fryyginen, duuri, melodinen molli, lyydinen, doorinen ja miksolyydinen<\/li>\n<li>erilaiset tanssilajit: sottiisi, hambo, masurkka ja polkka<\/li>\n<li>korukuvioiden ja etuheleiden k\u00e4ytt\u00f6<\/li>\n<li>s\u00e4estysrytmej\u00e4<\/li>\n<li>vaihtobassot<\/li>\n<li>soinnuttaminen<\/li>\n<li>melodian ja stemman yht\u00e4aikainen soitto<\/li>\n<li>sovittaminen<\/li>\n<li>improvisaatio<\/li>\n<li>painotukset<\/li>\n<\/ul>\n<p>&nbsp;<\/p>","protected":false},"excerpt":{"rendered":"<div class=\"field field-name-field-thesis-metadata field-type-text-long field-label-hidden\">\n<div class=\"field-items\">\n<div class=\"field-item even\">\n<p>Projektity\u00f6<br \/>\nSibelius-Akatemia<br \/>\nKansanmusiikin osasto<br \/>\n2009<\/p>\n<\/div>\n<\/div>\n<\/div>","protected":false},"featured_media":0,"comment_status":"closed","ping_status":"closed","template":"","meta":{"_acf_changed":false},"product_brand":[],"product_cat":[81,76],"product_tag":[],"class_list":{"0":"post-2719","1":"product","2":"type-product","3":"status-publish","5":"product_cat-maisteriopinnot","6":"product_cat-opinnaytteet","8":"first","9":"instock","10":"shipping-taxable","11":"product-type-simple"},"acf":[],"_links":{"self":[{"href":"https:\/\/etno.net\/en\/wp-json\/wp\/v2\/product\/2719","targetHints":{"allow":["GET"]}}],"collection":[{"href":"https:\/\/etno.net\/en\/wp-json\/wp\/v2\/product"}],"about":[{"href":"https:\/\/etno.net\/en\/wp-json\/wp\/v2\/types\/product"}],"replies":[{"embeddable":true,"href":"https:\/\/etno.net\/en\/wp-json\/wp\/v2\/comments?post=2719"}],"wp:attachment":[{"href":"https:\/\/etno.net\/en\/wp-json\/wp\/v2\/media?parent=2719"}],"wp:term":[{"taxonomy":"product_brand","embeddable":true,"href":"https:\/\/etno.net\/en\/wp-json\/wp\/v2\/product_brand?post=2719"},{"taxonomy":"product_cat","embeddable":true,"href":"https:\/\/etno.net\/en\/wp-json\/wp\/v2\/product_cat?post=2719"},{"taxonomy":"product_tag","embeddable":true,"href":"https:\/\/etno.net\/en\/wp-json\/wp\/v2\/product_tag?post=2719"}],"curies":[{"name":"wp","href":"https:\/\/api.w.org\/{rel}","templated":true}]}}