{"id":2720,"date":"2021-04-06T11:08:44","date_gmt":"2021-04-06T09:08:44","guid":{"rendered":"https:\/\/etno.net\/?post_type=product&#038;p=2720"},"modified":"2021-05-28T11:40:56","modified_gmt":"2021-05-28T09:40:56","slug":"poikkeusjakoiset-tahtilajit-rytmiikan-opetuksessa-7-8-tahtilajin-opetuskokeilut-espoon-musiikkiopistossa","status":"publish","type":"product","link":"https:\/\/etno.net\/en\/julkaisu\/opinnaytteet\/maisteriopinnot\/poikkeusjakoiset-tahtilajit-rytmiikan-opetuksessa-7-8-tahtilajin-opetuskokeilut-espoon-musiikkiopistossa","title":{"rendered":"Poikkeusjakoiset tahtilajit rytmiikan opetuksessa \u2013 7\/8-tahtilajin opetuskokeilut Espoon musiikkiopistossa"},"content":{"rendered":"<h2>Sis\u00e4llysluettelo<\/h2>\n<p><strong>1 Johdanto<\/strong><br \/>\n<strong>2 Tutkimusteht\u00e4v\u00e4 ja menetelm\u00e4kuvaus<\/strong><br \/>\n<strong>3 Bulgarialainen kansanmusiikki<\/strong><\/p>\n<p style=\"padding-left: 40px\">3.1 Bulgarialainen kansanmusiikki 1900- ja 2000-luvuilla<br \/>\n3.2 Bulgarialaisen kansanmusiikin rytmiikka<br \/>\n3.3 Bulgarian kansanperinnealueet Elena Stoinin mukaan<\/p>\n<p style=\"padding-left: 80px\">3.3.1 Luoteis-Bulgaria<br \/>\n3.3.2 Pohjois-Bulgaria<br \/>\n3.3.3 Dobrudza<br \/>\n3.3.4 Shopluk<br \/>\n3.3.5 Traakia<br \/>\n3.3.6 Pirin<br \/>\n3.3.7 Rodopi-vuoristo<\/p>\n<p><strong>4 Rytmipedagogiikkaa Suomessa ja Bulgariassa<\/strong><\/p>\n<p style=\"padding-left: 40px\">4.1 Rytmiikan opetus Suomessa<br \/>\n4.2 Rytmiikan opetus Bulgariassa<br \/>\n4.3 Oma kokemus rytmiikan opettajana<\/p>\n<p><strong>5 Oman oppimateriaalin kuvaus<\/strong><\/p>\n<p style=\"padding-left: 40px\">5.1 Lorut<\/p>\n<p style=\"padding-left: 80px\">5.1.1 Irina<br \/>\n5.1.2 Nukutko jo, Mansikka?<br \/>\n5.1.3 Lintunen<br \/>\n5.1.4 Ameeba<\/p>\n<p style=\"padding-left: 40px\">5.2 Kehorytmit<\/p>\n<p style=\"padding-left: 40px\">5.3 V\u00e4lineet<\/p>\n<p style=\"padding-left: 80px\">5.3.1 Vanteet<br \/>\n5.3.2 Sanomalehticlavet<\/p>\n<p style=\"padding-left: 40px\">5.4 Djembe<\/p>\n<p style=\"padding-left: 40px\">5.5 Mukirytmit<\/p>\n<p style=\"padding-left: 80px\">5.5.1 Pikkurumpu<br \/>\n5.5.2 Mansikkamuki<\/p>\n<p style=\"padding-left: 40px\">5.6 Tanssit<\/p>\n<p style=\"padding-left: 80px\">5.6.1 Bulgarialainen tanssiaskelnotaatio<br \/>\n5.6.2 Sooloratshenitsa<br \/>\n5.6.3 Shopska ratshenitsa<br \/>\n5.6.4 Makedonsko horo<\/p>\n<p style=\"padding-left: 40px\">5.7 Laulut<\/p>\n<p style=\"padding-left: 80px\">5.7.1 Ogreyala mesetshinka<br \/>\n5.7.2 Pozaspa li, Jagodo?<br \/>\n5.7.3 Ajde Jano<\/p>\n<p><strong>6 Opetuskokeilu Espoon musiikkiopiston rytmiikkaryhmiss\u00e4<\/strong><\/p>\n<p style=\"padding-left: 40px\">6.1 Koeryhm\u00e4 1, 9\u201310-vuotiaat<\/p>\n<p style=\"padding-left: 40px\">6.2 Ensimm\u00e4inen oppitunti, 9\u201310-vuotiaat<\/p>\n<p style=\"padding-left: 80px\">6.2.1 Vanteet<br \/>\n6.2.2 Kehorytmiharjoitus<br \/>\n6.2.3 Irina<br \/>\n6.2.4 Ogreyala mesetshinka<\/p>\n<p style=\"padding-left: 40px\">6.3 Toinen oppitunti, 9\u201310-vuotiaat<\/p>\n<p style=\"padding-left: 80px\">6.3.1 Mukirytmit<br \/>\n6.3.2 Ameeba-loru kehorytmeill\u00e4 1<br \/>\n6.3.3 Tanssi 3+2+2<br \/>\n6.3.4 Ameeba-loru kehorytmeill\u00e4 2<br \/>\n6.3.5 Irina<br \/>\n6.3.6 Ogreyala mesetshinka<\/p>\n<p style=\"padding-left: 40px\">6.4 Koeryhm\u00e4 2, Tremolo 3<\/p>\n<p style=\"padding-left: 40px\">6.5 Ensimm\u00e4inen oppitunti, Tremolo 3<\/p>\n<p style=\"padding-left: 80px\">6.5.1 Ratshenitsa-kehorytmi<br \/>\n6.5.2 Shopska ratshenitsa -tanssi<br \/>\n6.5.3 Irina<br \/>\n6.5.4 Ratshenitsa-kaanon djembell\u00e4<\/p>\n<p style=\"padding-left: 40px\">6.6 Toinen oppitunti, Tremolo 3 -ryhm\u00e4<\/p>\n<p style=\"padding-left: 80px\">6.6.1 Lintunen-loru puukepeill\u00e4<br \/>\n6.6.2 Lintunen-loru kehorytmeill\u00e4<\/p>\n<p><strong>7 Yhteenveto<\/strong><\/p>\n<p style=\"padding-left: 40px\">7.1 Johtop\u00e4\u00e4t\u00f6kset<br \/>\n7.2 Lopuksi<\/p>\n<p><strong>L\u00e4hteet<\/strong><\/p>\n<p><strong>Liitteet<\/strong><\/p>\n<p style=\"padding-left: 40px\">Liite 1 Bulgarian perinnealuekartta<br \/>\nLiite 2 Esimerkki bulgarialaisesta rytmiikan oppikirjasta<br \/>\nLiite 3 Lorut<br \/>\nLiite 4 Kehorytmit<br \/>\nLiite 5 V\u00e4lineet<br \/>\nLiite 6 Djembe<br \/>\nLiite 7 Mukirytmit<br \/>\nLiite 8 Tanssit<br \/>\nLiite 9 Laulut<br \/>\nLiite 10 Kuvauslupa ja tuntisuunnitelmat<\/p>\n<p>&nbsp;<\/p>\n<h2>Johdanto<\/h2>\n<p>Rytmiikan opiskelu itsen\u00e4isen\u00e4 musiikin opiskelun oppiaineena her\u00e4tt\u00e4\u00e4 kasvavaa kiinnostusta suomalaisissa musiikkioppilaitoksissa. Rytmiikan kokonaisvaltainen liikett\u00e4, tanssia, soittoa, laulua ja loruilua yhdist\u00e4v\u00e4 ty\u00f6tapa tekee rytmiikasta hyv\u00e4n tukiaineen eri musiikinlajien opiskelussa.<\/p>\n<p>Seminaarity\u00f6ni taustalla on vaihto-opiskeluaikani Bulgariassa. Opiskelin Plovdivin Musiikkiakatemian kansanmusiikin linjalla kev\u00e4tlukukaudella 2009. Opiskeluaikana perehdyin bulgarialaisen kansanmusiikin rytmiikkaan laulun, soiton ja tanssin muodossa. Lis\u00e4ksi opiskelin bulgarialaista kansanperinnett\u00e4, johon olennaisena osana kuului Bulgarian perinnealuiden opiskelu. Olen luonut vaihto-opiskeluaikana oppimistani lauluista ja tansseista oppimateriaalikokonaisuuden, jonka teemana ovat poikkeusjakoiset bulgarialaiset tanssirytmit. Oppimateriaalikokonaisuus sis\u00e4lt\u00e4\u00e4 harjoitteita viidest\u00e4 eri poikkeusjakoisesta rytmist\u00e4. Seminaarity\u00f6ss\u00e4ni on aiheen laajuudesta johtuen mukana 7\/8-rytmi, johon tutustutaan kehorytmien, lorujen, tanssin, laulun, djemben ja eri v\u00e4lineiden avulla. Testasin luomaani oppimateriaalia kahdella Espoon musiikkiopiston rytmiikkaryhm\u00e4ll\u00e4. Ty\u00f6skentelin Espoon musiikkiopistossa p\u00e4\u00e4toimisena rytmiikan tuntiopettajana elokuusta 2009 tammikuun loppuun 2010 saakka.<\/p>\n<p>Mielest\u00e4ni eri rytmien monipuolinen hallinta on olennainen osa kansanmuusikon osaamista ja rytmiikan opiskelua tulisi olla kansanmusiikin opiskelussa runsaasti enemm\u00e4n. Seminaarity\u00f6ss\u00e4ni k\u00e4sitteltyjen poikkeusjakoisten rytmien tasa- ja kolmijakoisten iskualojen vaihtelun ymm\u00e4rt\u00e4minen tukee esimerkiksi useiden eri maiden kansanmusiikkien opiskelua ja rohkaisee tutustumaan suomalaisen kansanmusiikinkin rytmisesti vaihteleviin arkistotallenteisiin.<\/p>","protected":false},"excerpt":{"rendered":"<p>Seminaarity\u00f6\/Pedagogisen projektin kirjallinen ty\u00f6<br \/>\nKev\u00e4t 2010<\/p>\n<p>Instrumenttiopettajan pedagogiset opinnot<br \/>\nHelsingin yliopisto\/SOKLA<\/p>\n<p>Sibelius-Akatemia<br \/>\nKansanmusiikin osasto<\/p>","protected":false},"featured_media":0,"comment_status":"closed","ping_status":"closed","template":"","meta":{"_acf_changed":false},"product_brand":[],"product_cat":[81,76],"product_tag":[],"class_list":{"0":"post-2720","1":"product","2":"type-product","3":"status-publish","5":"product_cat-maisteriopinnot","6":"product_cat-opinnaytteet","8":"first","9":"instock","10":"shipping-taxable","11":"product-type-simple"},"acf":[],"_links":{"self":[{"href":"https:\/\/etno.net\/en\/wp-json\/wp\/v2\/product\/2720","targetHints":{"allow":["GET"]}}],"collection":[{"href":"https:\/\/etno.net\/en\/wp-json\/wp\/v2\/product"}],"about":[{"href":"https:\/\/etno.net\/en\/wp-json\/wp\/v2\/types\/product"}],"replies":[{"embeddable":true,"href":"https:\/\/etno.net\/en\/wp-json\/wp\/v2\/comments?post=2720"}],"wp:attachment":[{"href":"https:\/\/etno.net\/en\/wp-json\/wp\/v2\/media?parent=2720"}],"wp:term":[{"taxonomy":"product_brand","embeddable":true,"href":"https:\/\/etno.net\/en\/wp-json\/wp\/v2\/product_brand?post=2720"},{"taxonomy":"product_cat","embeddable":true,"href":"https:\/\/etno.net\/en\/wp-json\/wp\/v2\/product_cat?post=2720"},{"taxonomy":"product_tag","embeddable":true,"href":"https:\/\/etno.net\/en\/wp-json\/wp\/v2\/product_tag?post=2720"}],"curies":[{"name":"wp","href":"https:\/\/api.w.org\/{rel}","templated":true}]}}