{"id":2722,"date":"2021-04-06T11:11:48","date_gmt":"2021-04-06T09:11:48","guid":{"rendered":"https:\/\/etno.net\/?post_type=product&#038;p=2722"},"modified":"2021-04-06T11:11:48","modified_gmt":"2021-04-06T09:11:48","slug":"polyrytminen-harjoitus-ryhmalle-lars-storckin-opetustilanteen-analysointi","status":"publish","type":"product","link":"https:\/\/etno.net\/en\/julkaisu\/opinnaytteet\/maisteriopinnot\/polyrytminen-harjoitus-ryhmalle-lars-storckin-opetustilanteen-analysointi","title":{"rendered":"Polyrytminen harjoitus ryhm\u00e4lle \u2013 Lars Storckin opetustilanteen analysointi"},"content":{"rendered":"<h2 class=\"Textbodyindent\">Tiivistelm\u00e4<\/h2>\n<p>Projektity\u00f6n kohteena on Lars Storckin polyrytminen harjoitus. Lars Storck (s. 1952) on tanskalainen ly\u00f6m\u00e4soittaja ja s\u00e4velt\u00e4j\u00e4, joka on opettanut pitk\u00e4\u00e4n RMC:ssa (<em>Rhythmic Music Conservatory<\/em>) K\u00f6\u00f6penhaminassa.<\/p>\n<p>Analysoin ty\u00f6ss\u00e4 vuonna 2002 toteutettua ja taltioitua ryhm\u00e4opetustilannetta, jossa Stork ohjaa suomalaisia musiikinopiskelijoita. Analyysin tavoitteena on selvitt\u00e4\u00e4 rytmiharjoituksen toteutustapaa ja polyrytmisi\u00e4 ja polymetrisi\u00e4 rakenteita, ja perehty\u00e4 opetustilanteen etenemiseen. Tavoitteenani on selvitt\u00e4\u00e4 em. asiat niin, ett\u00e4 pystyn k\u00e4ytt\u00e4m\u00e4\u00e4n harjoitusta my\u00f6s omilla rytmiikkatunneillani.<\/p>\n<p>Analyysin p\u00e4\u00e4kysymykset ovat:<\/p>\n<ul>\n<li>mink\u00e4laisista rytmisist\u00e4 osasista harjoitus koostuu?<\/li>\n<li>miten eri \u00e4\u00e4niryhm\u00e4t kykenev\u00e4t aloittamaan kehorytmifraasina?<\/li>\n<li>miten eri \u00e4\u00e4niryhm\u00e4t kykenev\u00e4t aloittamaan laulustemmansa?<\/li>\n<\/ul>\n<p>Esit\u00e4n analyysin tulokset osin perinteisell\u00e4 l\u00e4nsimaisella notaatiolla, osin ns. kampa- ja p\u00f6lkkynotaatiolla ja osin omin havainnollistamismerkein. Sek\u00e4 kuvamateriaali ett\u00e4 \u00e4\u00e4nin\u00e4ytteet ovat ty\u00f6n liitten\u00e4, joten analyysin osuvuus on my\u00f6s muiden asiasta kiinnostuneiden tarkistettavissa.<\/p>\n<p>Projektity\u00f6t\u00e4 tehdess\u00e4ni oivalsin, ett\u00e4 polyrytmi ja polymetri voivat esiinty\u00e4 ja esiintyv\u00e4t usein samanaikaisesti.<\/p>\n<p><strong>Hakusanat<\/strong><\/p>\n<p>Lars Storck, rytmiharjoitus, polyrytmi, polymetri, kampanotaatio, p\u00f6lkkynotaatio<\/p>\n<p><strong>Muita tietoja<\/strong><\/p>\n<p>Kirjallisen ty\u00f6h\u00f6n liittyy video Lars Storckin rytmiikkatunnilta (kesto noin 12 min) sek\u00e4 5 ty\u00f6h\u00f6n liittyv\u00e4\u00e4 \u00e4\u00e4niesimerkki\u00e4. \u00c4\u00e4niesimerkit on upotettu pdf-tiedostoon ja video l\u00f6ytyy linkkin\u00e4 flash-formaatissa.<\/p>","protected":false},"excerpt":{"rendered":"<div class=\"field field-name-field-thesis-metadata field-type-text-long field-label-hidden\">\n<div class=\"field-items\">\n<div class=\"field-item even\">\n<p>Projektin kirjallinen osuus<br \/>\nSibelius-Akatemian kansanmusiikin osasto<br \/>\nsyyskuu 2010<\/p>\n<\/div>\n<\/div>\n<\/div>","protected":false},"featured_media":0,"comment_status":"closed","ping_status":"closed","template":"","meta":{"_acf_changed":false},"product_brand":[],"product_cat":[81,76],"product_tag":[],"class_list":{"0":"post-2722","1":"product","2":"type-product","3":"status-publish","5":"product_cat-maisteriopinnot","6":"product_cat-opinnaytteet","8":"first","9":"instock","10":"shipping-taxable","11":"product-type-simple"},"acf":[],"_links":{"self":[{"href":"https:\/\/etno.net\/en\/wp-json\/wp\/v2\/product\/2722","targetHints":{"allow":["GET"]}}],"collection":[{"href":"https:\/\/etno.net\/en\/wp-json\/wp\/v2\/product"}],"about":[{"href":"https:\/\/etno.net\/en\/wp-json\/wp\/v2\/types\/product"}],"replies":[{"embeddable":true,"href":"https:\/\/etno.net\/en\/wp-json\/wp\/v2\/comments?post=2722"}],"wp:attachment":[{"href":"https:\/\/etno.net\/en\/wp-json\/wp\/v2\/media?parent=2722"}],"wp:term":[{"taxonomy":"product_brand","embeddable":true,"href":"https:\/\/etno.net\/en\/wp-json\/wp\/v2\/product_brand?post=2722"},{"taxonomy":"product_cat","embeddable":true,"href":"https:\/\/etno.net\/en\/wp-json\/wp\/v2\/product_cat?post=2722"},{"taxonomy":"product_tag","embeddable":true,"href":"https:\/\/etno.net\/en\/wp-json\/wp\/v2\/product_tag?post=2722"}],"curies":[{"name":"wp","href":"https:\/\/api.w.org\/{rel}","templated":true}]}}