{"id":2723,"date":"2021-04-06T11:19:47","date_gmt":"2021-04-06T09:19:47","guid":{"rendered":"https:\/\/etno.net\/?post_type=product&#038;p=2723"},"modified":"2021-05-28T11:45:21","modified_gmt":"2021-05-28T09:45:21","slug":"samanlainen-betoni-myos-aasiassa","status":"publish","type":"product","link":"https:\/\/etno.net\/en\/julkaisu\/opinnaytteet\/maisteriopinnot\/samanlainen-betoni-myos-aasiassa","title":{"rendered":"Samanlainen betoni my\u00f6s Aasiassa"},"content":{"rendered":"<h2>Sis\u00e4llysluettelo<\/h2>\n<p><strong>1 Bhangramusiikin punjabilaiset juuret<\/strong><\/p>\n<p><strong>2 Suomibhangra<\/strong><\/p>\n<p><strong>3 Suomibhangran kehitys<\/strong><\/p>\n<p style=\"padding-left: 40px\">3.1 Ensimm\u00e4inen vaihe: rekilaulu<br \/>\n3.2 Toinen vaihe: suomibhangran estetiikan synty \u2013 Usko rumpuun<br \/>\n3.3 Kolmas vaihe: suomibhangra insin\u00f6\u00f6rin piirustusp\u00f6yd\u00e4ll\u00e4<\/p>\n<p style=\"padding-left: 80px\">3.3.1 79 (Hertzigassa aamubussissa)<\/p>\n<p style=\"padding-left: 40px\">3.4 Murrelman hiipiminen suomibhangraan<\/p>\n<p style=\"padding-left: 80px\">3.4.1 Betoninen kotimaani ja P\u00e4\u00e4llik\u00f6t on voittamattomii<\/p>\n<p style=\"padding-left: 40px\">3.5 Pari omalaatuista s\u00e4vellyst\u00e4: Shavan lemmenlaulu ja Suomenmaa<\/p>\n<p style=\"padding-left: 80px\">3.5.1 Shavan lemmenlaulu<\/p>\n<p style=\"padding-left: 120px\">3.5.1.1 Raagat Todi ja Bhairavi sek\u00e4 klassinen hindustanimusiikki<br \/>\n3.5.1.2 Soinnutus vanhan intialaisen elokuvamusiikin hengess\u00e4<br \/>\n3.5.1.3 L\u00e4hi-it\u00e4<br \/>\n3.5.1.4 Dub<br \/>\n3.5.1.5 Kappaleen oma luonne<\/p>\n<p style=\"padding-left: 80px\">3.5.2 Suomenmaa<\/p>\n<p><strong>4 Suomibhangrakappaleiden rakenne<\/strong><\/p>\n<p><strong>5 Suomibhangran melodiikka<\/strong><\/p>\n<p><strong>6 Lopuksi<\/strong><\/p>\n<p><strong>7 Liitteet<\/strong><\/p>\n<p style=\"padding-left: 40px\">7.1 Kappaleiden sanat<br \/>\n7.2 Shava-yhtyeen CD<\/p>","protected":false},"excerpt":{"rendered":"<p>Sis\u00e4llysluettelo 1 Bhangramusiikin punjabilaiset juuret 2 Suomibhangra 3 Suomibhangran kehitys 3.1 Ensimm\u00e4inen vaihe: rekilaulu 3.2 Toinen vaihe: suomibhangran estetiikan synty \u2013 Usko rumpuun 3.3 Kolmas vaihe: suomibhangra insin\u00f6\u00f6rin piirustusp\u00f6yd\u00e4ll\u00e4 3.3.1 79 (Hertzigassa aamubussissa) 3.4 Murrelman hiipiminen suomibhangraan 3.4.1 Betoninen kotimaani ja P\u00e4\u00e4llik\u00f6t on voittamattomii 3.5 Pari omalaatuista s\u00e4vellyst\u00e4: Shavan lemmenlaulu ja Suomenmaa 3.5.1 Shavan lemmenlaulu [&hellip;]<\/p>\n","protected":false},"featured_media":0,"comment_status":"closed","ping_status":"closed","template":"","meta":{"_acf_changed":false},"product_brand":[],"product_cat":[81,76],"product_tag":[],"class_list":{"0":"post-2723","1":"product","2":"type-product","3":"status-publish","5":"product_cat-maisteriopinnot","6":"product_cat-opinnaytteet","8":"first","9":"instock","10":"shipping-taxable","11":"product-type-simple"},"acf":[],"_links":{"self":[{"href":"https:\/\/etno.net\/en\/wp-json\/wp\/v2\/product\/2723","targetHints":{"allow":["GET"]}}],"collection":[{"href":"https:\/\/etno.net\/en\/wp-json\/wp\/v2\/product"}],"about":[{"href":"https:\/\/etno.net\/en\/wp-json\/wp\/v2\/types\/product"}],"replies":[{"embeddable":true,"href":"https:\/\/etno.net\/en\/wp-json\/wp\/v2\/comments?post=2723"}],"wp:attachment":[{"href":"https:\/\/etno.net\/en\/wp-json\/wp\/v2\/media?parent=2723"}],"wp:term":[{"taxonomy":"product_brand","embeddable":true,"href":"https:\/\/etno.net\/en\/wp-json\/wp\/v2\/product_brand?post=2723"},{"taxonomy":"product_cat","embeddable":true,"href":"https:\/\/etno.net\/en\/wp-json\/wp\/v2\/product_cat?post=2723"},{"taxonomy":"product_tag","embeddable":true,"href":"https:\/\/etno.net\/en\/wp-json\/wp\/v2\/product_tag?post=2723"}],"curies":[{"name":"wp","href":"https:\/\/api.w.org\/{rel}","templated":true}]}}