{"id":2724,"date":"2021-04-06T11:28:36","date_gmt":"2021-04-06T09:28:36","guid":{"rendered":"https:\/\/etno.net\/?post_type=product&#038;p=2724"},"modified":"2021-05-28T11:33:44","modified_gmt":"2021-05-28T09:33:44","slug":"kehon-rentoutta-etsimassa-valineita-rentoon-kanteleen-soittoon","status":"publish","type":"product","link":"https:\/\/etno.net\/en\/julkaisu\/opinnaytteet\/maisteriopinnot\/kehon-rentoutta-etsimassa-valineita-rentoon-kanteleen-soittoon","title":{"rendered":"Kehon rentoutta etsim\u00e4ss\u00e4 &#8211; V\u00e4lineit\u00e4 rentoon kanteleen soittoon"},"content":{"rendered":"<h2>Sis\u00e4llysluettelo<\/h2>\n<p><strong>1 Johdanto<\/strong><\/p>\n<p><strong>2 Tutkimusasetelma<\/strong><\/p>\n<p style=\"padding-left: 40px\">2.1 Tutkimusteht\u00e4v\u00e4t<br \/>\n2.2 Lyhyesti kanteleesta ja sen soittotekniikasta<\/p>\n<p><strong>3 K\u00e4sitteit\u00e4<\/strong><\/p>\n<p style=\"padding-left: 40px\">3.1 Elastisuus<br \/>\n3.2 Vapaus<br \/>\n3.3 K\u00e4den paino<\/p>\n<p><strong>4 Rentouteen vaikuttavia tekij\u00f6it\u00e4<\/strong><\/p>\n<p style=\"padding-left: 40px\">4.1 Ihmisen kokonaisvaltaisuus, holistinen ihmisk\u00e4sitys<br \/>\n4.2 Soittotuntitilanne<br \/>\n4.3 Mielikuvat<br \/>\n4.4 Lihaksiston tuki<br \/>\n4.5 Sormitukset<\/p>\n<p><strong>5 Rentoutta edesauttavia tekniikoita<\/strong><\/p>\n<p style=\"padding-left: 40px\">5.1 Alexander-tekniikka<br \/>\n5.2 Jooga<\/p>\n<p><strong>6 Harjoitteet kanteleoppilaille<\/strong><\/p>\n<p style=\"padding-left: 40px\">6.1 Harjoitteiden s\u00e4velt\u00e4minen<\/p>\n<p style=\"padding-left: 80px\">6.1.1 H\u00f6yhen \u2013 laajat liikeradat<br \/>\n6.1.2 Pisarat \u2013 sormien tiputtelu<br \/>\n6.1.3 H\u00f6yhen ja Pisarat yhdess\u00e4 \u2013 kahden tavan yhdist\u00e4minen<br \/>\n6.1.4 Sateinen p\u00e4iv\u00e4 \u2013 luovuutta mukaan rentousharjoitteluun<\/p>\n<p style=\"padding-left: 40px\">6.2 Koehenkil\u00f6t<\/p>\n<p style=\"padding-left: 80px\">6.2.1 Oppilas 1<br \/>\n6.2.2 Oppilas 2<\/p>\n<p style=\"padding-left: 40px\">6.3 Harjoitteiden kokeilu ja tulokset<\/p>\n<p style=\"padding-left: 80px\">6.3.1 Oppilas 1<br \/>\n6.3.2 Oppilas 2<\/p>\n<p><strong>7 Johtop\u00e4\u00e4t\u00f6kset ja kehitysehdotuksia<\/strong><\/p>\n<p><strong>L\u00e4hteet<\/strong><\/p>\n<p style=\"padding-left: 40px\">Painamattomat l\u00e4hteet<\/p>\n<p><strong>Liitteet<\/strong><\/p>\n<h2><\/h2>\n<h2>Tiivistelm\u00e4<\/h2>\n<p>T\u00e4ss\u00e4 ty\u00f6ss\u00e4 tutkittiin kanteleensoiton rentoutta ja siihen vaikuttavia tekij\u00f6it\u00e4. L\u00e4hdekirjallisuuden sek\u00e4 omien kokemusten avulla etsittiin v\u00e4lineit\u00e4, jotka edesauttaisivat rennon soittotavan l\u00f6ytymist\u00e4. Rentouden etsimiseen on olemassa monia v\u00e4lineit\u00e4 ja tekniikoita. T\u00e4ss\u00e4 tutkimuksessa tarkasteltiin muun muassa joogan ja Alexander-tekniikan mahdollisuuksia rentouden kehitt\u00e4misess\u00e4.<\/p>\n<p>Tutkimusprosessin osana s\u00e4vellettiin nelj\u00e4 harjoitetta, joita kokeiltiin kahdella kanteleensoiton oppilaalla noin nelj\u00e4n kuukauden ajan. Kiinnostuksen kohteena harjoitteissa oli erityisesti soittavien k\u00e4sien rentous.<\/p>\n<p>Harjoitteiden kokeilu vaikutti molempien oppilaiden k\u00e4siin rentouttavasti. Kokeilun tuloksena todettiin my\u00f6s, ett\u00e4 rentouden l\u00f6yt\u00e4minen soittamiseen ja rennon soittotavan vakiinnuttaminen ovat pitk\u00e4j\u00e4nteist\u00e4 ja k\u00e4rsiv\u00e4llist\u00e4 ty\u00f6t\u00e4 vaativia prosesseja.<\/p>\n<p><strong>Avainsanat<\/strong><br \/>\nKanteleensoitto, rentous, mielikuvat, opettaminen, kokonaisvaltaisuus, kehollisuus<\/p>\n<p>&nbsp;<\/p>","protected":false},"excerpt":{"rendered":"<p>Tuuli Lukkarinen<br \/>\nSeminaarity\u00f6<br \/>\nInstrumenttiopettajan pedagogiset opinnot<\/p>\n<p>Helsingin yliopisto\/ SOKLA<br \/>\nSibelius-Akatemia\/ Kirjallinen ty\u00f6\/ Kansanmusiikin aineryhm\u00e4<br \/>\nKev\u00e4t 2010<\/p>","protected":false},"featured_media":0,"comment_status":"closed","ping_status":"closed","template":"","meta":{"_acf_changed":false},"product_brand":[],"product_cat":[81,76],"product_tag":[],"class_list":{"0":"post-2724","1":"product","2":"type-product","3":"status-publish","5":"product_cat-maisteriopinnot","6":"product_cat-opinnaytteet","8":"first","9":"instock","10":"shipping-taxable","11":"product-type-simple"},"acf":[],"_links":{"self":[{"href":"https:\/\/etno.net\/en\/wp-json\/wp\/v2\/product\/2724","targetHints":{"allow":["GET"]}}],"collection":[{"href":"https:\/\/etno.net\/en\/wp-json\/wp\/v2\/product"}],"about":[{"href":"https:\/\/etno.net\/en\/wp-json\/wp\/v2\/types\/product"}],"replies":[{"embeddable":true,"href":"https:\/\/etno.net\/en\/wp-json\/wp\/v2\/comments?post=2724"}],"wp:attachment":[{"href":"https:\/\/etno.net\/en\/wp-json\/wp\/v2\/media?parent=2724"}],"wp:term":[{"taxonomy":"product_brand","embeddable":true,"href":"https:\/\/etno.net\/en\/wp-json\/wp\/v2\/product_brand?post=2724"},{"taxonomy":"product_cat","embeddable":true,"href":"https:\/\/etno.net\/en\/wp-json\/wp\/v2\/product_cat?post=2724"},{"taxonomy":"product_tag","embeddable":true,"href":"https:\/\/etno.net\/en\/wp-json\/wp\/v2\/product_tag?post=2724"}],"curies":[{"name":"wp","href":"https:\/\/api.w.org\/{rel}","templated":true}]}}