{"id":2725,"date":"2021-04-06T11:33:15","date_gmt":"2021-04-06T09:33:15","guid":{"rendered":"https:\/\/etno.net\/?post_type=product&#038;p=2725"},"modified":"2021-05-28T11:49:09","modified_gmt":"2021-05-28T09:49:09","slug":"balkanin-musiikin-aapinen-harmonikansoittajalle-oppimateriaalin-kokoaminen","status":"publish","type":"product","link":"https:\/\/etno.net\/en\/julkaisu\/opinnaytteet\/maisteriopinnot\/balkanin-musiikin-aapinen-harmonikansoittajalle-oppimateriaalin-kokoaminen","title":{"rendered":"Balkanin musiikin aapinen harmonikansoittajalle &#8211; oppimateriaalin kokoaminen"},"content":{"rendered":"<h2>Sis\u00e4llysluettelo<\/h2>\n<p><strong>1 Johdanto<\/strong><\/p>\n<p><strong>2 Oma Balkanin musiikin opiskeluni<\/strong><\/p>\n<p style=\"padding-left: 40px\">2.1 Alku<br \/>\n2.2 Opettajat<br \/>\n2.3. Maisterikonsertti<\/p>\n<p><strong>3 Oppimateriaalin pedagogiset l\u00e4ht\u00f6kohdat<\/strong><\/p>\n<p style=\"padding-left: 40px\">3.1. Kohderyhm\u00e4 ja vaativuusaste<\/p>\n<p><strong>4 Oppimateriaalista ja sen valmistamisesta<\/strong><\/p>\n<p style=\"padding-left: 40px\">4.1 Kappaleiden ja tahtilajien valinta<\/p>\n<p style=\"padding-left: 40px\">4.2 Tahtilajeista<\/p>\n<p style=\"padding-left: 80px\">4.2.1 Tahtilajiharjoitteet<br \/>\n4.2.2 Harmonikan bassopuolen soitto vaihtojakoisissa tahtilajeissa<br \/>\n4.1.4 Rytmin k\u00e4sittely<\/p>\n<p style=\"padding-left: 40px\">4.3 Korut<\/p>\n<p style=\"padding-left: 80px\">4.3.1 Huomioita Balkanin musiikin korumerkinn\u00f6ist\u00e4 nuottikirjoissa<br \/>\n4.3.2 Oppaan korumerkinn\u00f6ist\u00e4<\/p>\n<p style=\"padding-left: 40px\">4.4 Sormitukset<br \/>\n4.5 Rekisterit<br \/>\n4.6 Nuotinkirjoituksen periaatteet<br \/>\n4.7 \u00c4\u00e4nite<\/p>\n<p><strong>5 Yhteenveto<\/strong><\/p>\n<h2><\/h2>\n<h2 id=\"1-johdanto\">Johdanto<\/h2>\n<p>Olen opiskellut Sibelius-Akatemian kansanmusiikin osastolla vuodesta 2002 harmonikka p\u00e4\u00e4instrumenttinani ja erikoistunut opinnoissani Balkanin alueen kansanmusiikkiin. Maisterikonserttini Balkanin musiikista valmistui lokakuussa 2007.<\/p>\n<p>Projektity\u00f6ni aiheena on Balkanin musiikin aapinen harmonikansoittajille-oppimateriaalin kokoaminen. Tavoitteenani on ollut koota selke\u00e4 oppimateriaalipaketti Balkanin alueen s\u00e4velmist\u00e4 ja musiikkiperinteen ominaispiirteist\u00e4 omien Balkanin musiikin opintojeni pohjalta. Olen koonnut materiaalia sit\u00e4 ajatellen, ett\u00e4 voisin mahdollisesti my\u00f6hemmin jatkaa sen ty\u00f6st\u00e4mist\u00e4 julkaisuun asti.<\/p>\n<p>Balkan on niemimaa-alue Euroopan kaakkoisosassa. Balkanin maihin kuuluviksi<br \/>\nvaltioiksi luetaan maantieteellisesti suoraan Albania, Bosnia-Hertsegovina, Bulgaria,<br \/>\nKreikka, Kosovo, Makedonia, Montenegro, Serbia ja Turkin Euroopan puoleinen osa.<br \/>\nMy\u00f6s Romanian, Kroatian ja Slovenian lasketaan joskus kuuluvan Balkanin maihin.<\/p>\n<p>&nbsp;<\/p>","protected":false},"excerpt":{"rendered":"<p>Projektity\u00f6<br \/>\nSibelius-Akatemia<br \/>\nKansanmusiikin osasto<br \/>\n2009<\/p>","protected":false},"featured_media":0,"comment_status":"closed","ping_status":"closed","template":"","meta":{"_acf_changed":false},"product_brand":[],"product_cat":[81,76],"product_tag":[],"class_list":{"0":"post-2725","1":"product","2":"type-product","3":"status-publish","5":"product_cat-maisteriopinnot","6":"product_cat-opinnaytteet","8":"first","9":"instock","10":"shipping-taxable","11":"product-type-simple"},"acf":[],"_links":{"self":[{"href":"https:\/\/etno.net\/en\/wp-json\/wp\/v2\/product\/2725","targetHints":{"allow":["GET"]}}],"collection":[{"href":"https:\/\/etno.net\/en\/wp-json\/wp\/v2\/product"}],"about":[{"href":"https:\/\/etno.net\/en\/wp-json\/wp\/v2\/types\/product"}],"replies":[{"embeddable":true,"href":"https:\/\/etno.net\/en\/wp-json\/wp\/v2\/comments?post=2725"}],"wp:attachment":[{"href":"https:\/\/etno.net\/en\/wp-json\/wp\/v2\/media?parent=2725"}],"wp:term":[{"taxonomy":"product_brand","embeddable":true,"href":"https:\/\/etno.net\/en\/wp-json\/wp\/v2\/product_brand?post=2725"},{"taxonomy":"product_cat","embeddable":true,"href":"https:\/\/etno.net\/en\/wp-json\/wp\/v2\/product_cat?post=2725"},{"taxonomy":"product_tag","embeddable":true,"href":"https:\/\/etno.net\/en\/wp-json\/wp\/v2\/product_tag?post=2725"}],"curies":[{"name":"wp","href":"https:\/\/api.w.org\/{rel}","templated":true}]}}