{"id":2778,"date":"2021-04-08T18:21:14","date_gmt":"2021-04-08T16:21:14","guid":{"rendered":"https:\/\/etno.net\/?post_type=product&#038;p=2778"},"modified":"2021-05-23T09:53:12","modified_gmt":"2021-05-23T07:53:12","slug":"soittajan-ja-tanssijan-dialogi-pedagogisia-nakokulmia-sosiaaliseen-kansantanssiin-ja-tanssisoittoon","status":"publish","type":"product","link":"https:\/\/etno.net\/en\/julkaisu\/opinnaytteet\/maisteriopinnot\/soittajan-ja-tanssijan-dialogi-pedagogisia-nakokulmia-sosiaaliseen-kansantanssiin-ja-tanssisoittoon","title":{"rendered":"Soittajan ja tanssijan dialogi &#8211; Pedagogisia n\u00e4k\u00f6kulmia sosiaaliseen kansantanssiin ja tanssisoittoon"},"content":{"rendered":"<div class=\"field field-name-field-thesis-metadata field-type-text-long field-label-hidden\">\n<div class=\"field-items\">\n<div class=\"field-item even\">\n<p>Seminaarity\u00f6<br \/>\nOpettajan pedagogiset opinnot<br \/>\nTampereen Yliopisto<\/p>\n<p>Taideyliopiston Sibelius-Akatemia, Kansanmusiikin aineryhm\u00e4<br \/>\nKev\u00e4t 2020<\/p>\n<p>&nbsp;<\/p>\n<\/div>\n<\/div>\n<\/div>\n<div class=\"field field-name-field-thesis-newbody field-type-text-with-summary field-label-hidden\">\n<div class=\"field-items\">\n<div class=\"field-item even\">\n<h2>Sis\u00e4llysluettelo<\/h2>\n<p><strong>1 Johdanto<\/strong><\/p>\n<p><strong>2 N\u00e4k\u00f6kulmia sosiaaliseen kansantanssiin<\/strong><\/p>\n<p style=\"padding-left: 40px\">2.1 Sosiaalinen kansantanssi<br \/>\n2.2 Tanssisoitto<br \/>\n2.3 Dialogisuus tanssin opetuksessa<br \/>\n2.4 Kokemuksellisuus<\/p>\n<p><strong>3 Tutkimusasetelma<\/strong><\/p>\n<p style=\"padding-left: 40px\">3.1 Tutkimusteht\u00e4v\u00e4 ja -menetelm\u00e4<br \/>\n3.2 Tanssisoittokurssin osallistujat ja kyselyn taustatiedot<br \/>\n3.3 Tanssisoittokurssin kuvaus<\/p>\n<p><strong>4 Tutkimustulokset<\/strong><\/p>\n<p style=\"padding-left: 40px\">4.1 Tanssisoiton haasteet<br \/>\n4.2 Inspiroituminen<br \/>\n4.3 Oppiminen ja tavoitteet<br \/>\n4.4 Kurssin anti<\/p>\n<p><strong>5 Pohdinta<\/strong><\/p>\n<p><strong>L\u00e4hteet<br \/>\nLiitteet<\/strong><\/p>\n<p>&nbsp;<\/p>\n<h2>Tiivistelm\u00e4<\/h2>\n<p>Tutkimuksessa k\u00e4siteltiin sosiaalista kansantanssia, tutkittiin kansanmusiikin ja kansantanssin dialogisuutta sek\u00e4 mit\u00e4 taitoja kansanmusiikin ja kansantanssin vuorovaikutukseen tarvitaan ja mik\u00e4 tanssisoitossa on inspiroivaa.<\/p>\n<p>Tutkimuksen aineistonkeruumenetelm\u00e4n\u00e4 k\u00e4ytettiin kysely\u00e4, jolla kartoitettiin Kokkolan Centria-ammattikorkeakoulun ja Keski-Pohjanmaan konservatorion musiikinopiskelijoiden kokemuksia tanssisoittokurssin j\u00e4lkeen: mik\u00e4 tanssisoitossa oli haastavaa, mit\u00e4 taitoja tai ty\u00f6kaluja he kokivat tarvitsevansa tanssisoitossa ja mik\u00e4 tanssisoitossa oli inspiroivinta.<\/p>\n<p>Sosiaalista kansantanssia sek\u00e4 kansanmusiikin ja kansantanssin dialogisuutta tarkasteltiin eri n\u00e4k\u00f6kulmista my\u00f6s kirjallisuuden avulla. Kyselyn perusteella kaikkein inspiroivimmaksi tanssisoitossa koettiin vuorovaikutus tanssijoiden ja soittajien v\u00e4lill\u00e4. Vuorovaikutuksen luomisessa korostui tanssilajitietous ja kokemuksen merkitys niin tanssista kuin tanssisoitostakin.<\/p>\n<\/div>\n<\/div>\n<\/div>","protected":false},"excerpt":{"rendered":"<p>Seminaarity\u00f6 Opettajan pedagogiset opinnot Tampereen Yliopisto Taideyliopiston Sibelius-Akatemia, Kansanmusiikin aineryhm\u00e4 Kev\u00e4t 2020 &nbsp; Sis\u00e4llysluettelo 1 Johdanto 2 N\u00e4k\u00f6kulmia sosiaaliseen kansantanssiin 2.1 Sosiaalinen kansantanssi 2.2 Tanssisoitto 2.3 Dialogisuus tanssin opetuksessa 2.4 Kokemuksellisuus 3 Tutkimusasetelma 3.1 Tutkimusteht\u00e4v\u00e4 ja -menetelm\u00e4 3.2 Tanssisoittokurssin osallistujat ja kyselyn taustatiedot 3.3 Tanssisoittokurssin kuvaus 4 Tutkimustulokset 4.1 Tanssisoiton haasteet 4.2 Inspiroituminen 4.3 Oppiminen [&hellip;]<\/p>\n","protected":false},"featured_media":0,"comment_status":"closed","ping_status":"closed","template":"","meta":{"_acf_changed":false},"product_brand":[],"product_cat":[81,76],"product_tag":[],"class_list":{"0":"post-2778","1":"product","2":"type-product","3":"status-publish","5":"product_cat-maisteriopinnot","6":"product_cat-opinnaytteet","8":"first","9":"instock","10":"shipping-taxable","11":"product-type-simple"},"acf":[],"_links":{"self":[{"href":"https:\/\/etno.net\/en\/wp-json\/wp\/v2\/product\/2778","targetHints":{"allow":["GET"]}}],"collection":[{"href":"https:\/\/etno.net\/en\/wp-json\/wp\/v2\/product"}],"about":[{"href":"https:\/\/etno.net\/en\/wp-json\/wp\/v2\/types\/product"}],"replies":[{"embeddable":true,"href":"https:\/\/etno.net\/en\/wp-json\/wp\/v2\/comments?post=2778"}],"wp:attachment":[{"href":"https:\/\/etno.net\/en\/wp-json\/wp\/v2\/media?parent=2778"}],"wp:term":[{"taxonomy":"product_brand","embeddable":true,"href":"https:\/\/etno.net\/en\/wp-json\/wp\/v2\/product_brand?post=2778"},{"taxonomy":"product_cat","embeddable":true,"href":"https:\/\/etno.net\/en\/wp-json\/wp\/v2\/product_cat?post=2778"},{"taxonomy":"product_tag","embeddable":true,"href":"https:\/\/etno.net\/en\/wp-json\/wp\/v2\/product_tag?post=2778"}],"curies":[{"name":"wp","href":"https:\/\/api.w.org\/{rel}","templated":true}]}}