{"id":2780,"date":"2021-04-09T13:32:05","date_gmt":"2021-04-09T11:32:05","guid":{"rendered":"https:\/\/etno.net\/?post_type=product&#038;p=2780"},"modified":"2021-04-26T09:42:08","modified_gmt":"2021-04-26T07:42:08","slug":"viisikielisella-kanteleella-haapaveden-tyyliin","status":"publish","type":"product","link":"https:\/\/etno.net\/en\/julkaisu\/oppimateriaalit\/kansanmusiikkipedagogiikka\/viisikielisella-kanteleella-haapaveden-tyyliin","title":{"rendered":"Viisikielisell\u00e4 kanteleella Haapaveden tyyliin"},"content":{"rendered":"<h2>Soinnut<\/h2>\n<p>Opettele ensin soinnut. Ne on nimetty sointuasteiden mukaan. Esimerkiksi C-duurissa I aste tarkoittaa siis C-duurisointua, IV F-duuria jne. Mik\u00e4li aloittelet viisikielisen kanteleen soittoa, sinulle riitt\u00e4\u00e4 kun opettelet soinnut I, IV ja V sek\u00e4 sointujen ja n\u00e4pp\u00e4ilyn vuorottelun. Lopussa olevan ohjelmiston voit soittaa n\u00e4it\u00e4 k\u00e4ytt\u00e4en.<\/p>\n<p>Nuottiin on kirjoitettu soinnun melodias\u00e4vel (tavallisella nuottip\u00e4\u00e4ll\u00e4), joka soi soinnusta voimakkaimpana. Soinnun soittaa oikean k\u00e4den etusormi vet\u00e4isten osan kielist\u00e4 tai kaikki kielet soimaan. Sointuote ilmenee nuottiviivaston p\u00e4\u00e4ll\u00e4 olevasta sointuasteen merkist\u00e4. Sointuote on sama, kunnes toisin ilmoitetaan.<\/p>\n<p>&nbsp;<\/p>\n<p><strong>Ykk\u00f6ssointu, ylh\u00e4\u00e4lt\u00e4<\/strong><\/p>\n<p>Soita ensimm\u00e4isen asteen sointu (nuotissa merkitty I) sammuttamalla kieli 2 vasemmalla nimett\u00f6m\u00e4ll\u00e4 ja kieli 4 etusormella. Sointu I4 saadaan nostamalla t\u00e4st\u00e4 etusormi yl\u00f6s.<\/p>\n<div style=\"width: 480px;\" class=\"wp-video\"><!--[if lt IE 9]><script>document.createElement('video');<\/script><![endif]-->\n<video class=\"wp-video-shortcode\" id=\"video-2780-1\" width=\"480\" height=\"384\" preload=\"metadata\" controls=\"controls\"><source type=\"video\/mp4\" src=\"https:\/\/etno.net\/wp-content\/uploads\/2021\/04\/etn_eln_004_viisikielisellakan_vid_002_all_512kbs.mp4?_=1\" \/><a href=\"https:\/\/etno.net\/wp-content\/uploads\/2021\/04\/etn_eln_004_viisikielisellakan_vid_002_all_512kbs.mp4\">https:\/\/etno.net\/wp-content\/uploads\/2021\/04\/etn_eln_004_viisikielisellakan_vid_002_all_512kbs.mp4<\/a><\/video><\/div>\n<p>&nbsp;<\/p>\n<p><strong>Kakkos- ja viitossointu, ylh\u00e4\u00e4lt\u00e4<\/strong><\/p>\n<p>Soita toisen asteen sointu (nuotissa II) sammuttamalla kieli 1 vasemmalla nimett\u00f6m\u00e4ll\u00e4, kieli 3 keskisormella ja kieli 5 etusormella.<\/p>\n<p>Soita viidennen asteen sointu (nuotissa V) sammuttamalla kieli 1 vasemmalla nimett\u00f6m\u00e4ll\u00e4, kieli 3 keskisormella ja kieli 4 etusormella. Soinnun V7 saat nostamalla t\u00e4st\u00e4 etusormen yl\u00f6s eli my\u00f6s kieli 4 soi. Soinnun V4 saat nostamalla soinnusta V nimett\u00f6m\u00e4n yl\u00f6s.<\/p>\n<div style=\"width: 480px;\" class=\"wp-video\"><video class=\"wp-video-shortcode\" id=\"video-2780-2\" width=\"480\" height=\"384\" preload=\"metadata\" controls=\"controls\"><source type=\"video\/mp4\" src=\"https:\/\/etno.net\/wp-content\/uploads\/2021\/04\/etn_eln_004_viisikielisellakan_vid_003_all_512kbs.mp4?_=2\" \/><a href=\"https:\/\/etno.net\/wp-content\/uploads\/2021\/04\/etn_eln_004_viisikielisellakan_vid_003_all_512kbs.mp4\">https:\/\/etno.net\/wp-content\/uploads\/2021\/04\/etn_eln_004_viisikielisellakan_vid_003_all_512kbs.mp4<\/a><\/video><\/div>\n<p>&nbsp;<\/p>\n<p><strong>Nelossointu, ylh\u00e4\u00e4lt\u00e4<\/strong><\/p>\n<p>Soita nelj\u00e4nnen asteen sointu (nuotissa IV) sammuttamalla kieli 1 vasemmalla nimett\u00f6m\u00e4ll\u00e4, kieli 3 keskisormella ja kieli 4 etusormella. Soinnun IV6 saat nostamalla nimett\u00f6m\u00e4n yl\u00f6s. Soinnun IV9 saat nostamalla soinnusta IV etusormen yl\u00f6s.<\/p>\n<div style=\"width: 480px;\" class=\"wp-video\"><video class=\"wp-video-shortcode\" id=\"video-2780-3\" width=\"480\" height=\"384\" preload=\"metadata\" controls=\"controls\"><source type=\"video\/mp4\" src=\"https:\/\/etno.net\/wp-content\/uploads\/2021\/04\/etn_eln_004_viisikielisellakan_vid_004_all_512kbs.mp4?_=3\" \/><a href=\"https:\/\/etno.net\/wp-content\/uploads\/2021\/04\/etn_eln_004_viisikielisellakan_vid_004_all_512kbs.mp4\">https:\/\/etno.net\/wp-content\/uploads\/2021\/04\/etn_eln_004_viisikielisellakan_vid_004_all_512kbs.mp4<\/a><\/video><\/div>\n<p>&nbsp;<\/p>\n<h2>Soinnun ja n\u00e4pp\u00e4ilyn vuorottelu<\/h2>\n<p>Paitsi ett\u00e4 vasemman k\u00e4den sormet sammuttavat sointuun kuulumattomat s\u00e4velet, ne v\u00e4lill\u00e4 n\u00e4pp\u00e4\u00e4v\u00e4t melodia\u00e4\u00e4ni\u00e4. T\u00e4m\u00e4 tapahtuu yleens\u00e4 soinnun vaihtuessa. Kun sointuja ja n\u00e4pp\u00e4ily\u00e4 yhdistet\u00e4\u00e4n, kuulostaa soitto v\u00e4hist\u00e4 s\u00e4velist\u00e4 huolimatta kiinnostavalta. N\u00e4pp\u00e4ilty \u00e4\u00e4ni on merkitty nuottiin rastip\u00e4isen\u00e4.<\/p>\n<p><strong>\u00c4l\u00e4 itke iliman syyt\u00e4 1, ylh\u00e4\u00e4lt\u00e4<\/strong><\/p>\n<p>Soitan seuraavalla videolla saman melodian ensin n\u00e4pp\u00e4illen, sitten pelk\u00e4st\u00e4\u00e4n soinnuilla ja lopuksi n\u00e4it\u00e4 yhdistellen.<\/p>\n<div style=\"width: 480px;\" class=\"wp-video\"><video class=\"wp-video-shortcode\" id=\"video-2780-4\" width=\"480\" height=\"384\" preload=\"metadata\" controls=\"controls\"><source type=\"video\/mp4\" src=\"https:\/\/etno.net\/wp-content\/uploads\/2021\/04\/etn_eln_004_viisikielisellakan_vid_005_all_512kbs.mp4?_=4\" \/><a href=\"https:\/\/etno.net\/wp-content\/uploads\/2021\/04\/etn_eln_004_viisikielisellakan_vid_005_all_512kbs.mp4\">https:\/\/etno.net\/wp-content\/uploads\/2021\/04\/etn_eln_004_viisikielisellakan_vid_005_all_512kbs.mp4<\/a><\/video><\/div>\n<p>&nbsp;<\/p>\n<p>Soinnut I, IV ja V ovat p\u00e4\u00e4sointuja, joilla periaatteessa saa soitettua kaikki melodiat. Kutsun muita sointuja (II, V7, V4, IV6 ja IV9) lis\u00e4soinnuksi. Niit\u00e4 voi k\u00e4ytt\u00e4\u00e4 korvaamaan p\u00e4\u00e4sointuja.<\/p>\n<p><strong>\u00c4l\u00e4 itke iliman syyt\u00e4 2 &#8211; lis\u00e4soinnut, ylh\u00e4\u00e4lt\u00e4<\/strong><\/p>\n<p>Seuraavalla videolla k\u00e4yt\u00e4n lis\u00e4sointuja korvaamaan sointuja IV ja V.<\/p>\n<div style=\"width: 480px;\" class=\"wp-video\"><video class=\"wp-video-shortcode\" id=\"video-2780-5\" width=\"480\" height=\"384\" preload=\"metadata\" controls=\"controls\"><source type=\"video\/mp4\" src=\"https:\/\/etno.net\/wp-content\/uploads\/2021\/04\/etn_eln_004_viisikielisellakan_vid_006_all_512kbs.mp4?_=5\" \/><a href=\"https:\/\/etno.net\/wp-content\/uploads\/2021\/04\/etn_eln_004_viisikielisellakan_vid_006_all_512kbs.mp4\">https:\/\/etno.net\/wp-content\/uploads\/2021\/04\/etn_eln_004_viisikielisellakan_vid_006_all_512kbs.mp4<\/a><\/video><\/div>\n<p>&nbsp;<\/p>\n<p>Kun yhdistelet eri tavoin p\u00e4\u00e4- ja lis\u00e4sointuja, n\u00e4pp\u00e4ily\u00e4 ja melodian muuntelua, voit soitella samaa s\u00e4velm\u00e4\u00e4 loputtomiin eri tavoin.<\/p>\n<p><strong>\u00c4l\u00e4 itke iliman syyt\u00e4 3 &#8211; melodinen variointi, edest\u00e4<\/strong><\/p>\n<div style=\"width: 480px;\" class=\"wp-video\"><video class=\"wp-video-shortcode\" id=\"video-2780-6\" width=\"480\" height=\"384\" preload=\"metadata\" controls=\"controls\"><source type=\"video\/mp4\" src=\"https:\/\/etno.net\/wp-content\/uploads\/2021\/04\/etn_eln_004_viisikielisellakan_vid_007_all_512kbs.mp4?_=6\" \/><a href=\"https:\/\/etno.net\/wp-content\/uploads\/2021\/04\/etn_eln_004_viisikielisellakan_vid_007_all_512kbs.mp4\">https:\/\/etno.net\/wp-content\/uploads\/2021\/04\/etn_eln_004_viisikielisellakan_vid_007_all_512kbs.mp4<\/a><\/video><\/div>\n<h2><\/h2>\n<h2>Korut<\/h2>\n<p>Taitavampi soittaja voi sointujen ja n\u00e4pp\u00e4ilyn lis\u00e4ksi viel\u00e4 tehd\u00e4 erilaisia koruja. N\u00e4it\u00e4 saa my\u00f6h\u00e4st\u00e4m\u00e4ll\u00e4 vasemman k\u00e4den sormien asettamista paikalleen ja vet\u00e4isem\u00e4ll\u00e4 etuottona oikealla etusormella kielet soimaan. Antti Rantosen soitosta l\u00f6ytyy useita esimerkkej\u00e4 t\u00e4llaisista koruista.<\/p>\n<p><a href=\"https:\/\/etno.net\/wp-content\/uploads\/2021\/04\/etn_eln_004_viisikielisellakan_pic_korut.gif\"><img fetchpriority=\"high\" decoding=\"async\" class=\"alignnone size-full wp-image-2789\" src=\"https:\/\/etno.net\/wp-content\/uploads\/2021\/04\/etn_eln_004_viisikielisellakan_pic_korut.gif\" alt=\"\" width=\"395\" height=\"154\" \/><\/a><\/p>\n<p>&nbsp;<\/p>\n<p><strong>Korut, ylh\u00e4\u00e4lt\u00e4<\/strong><\/p>\n<div style=\"width: 480px;\" class=\"wp-video\"><video class=\"wp-video-shortcode\" id=\"video-2780-7\" width=\"480\" height=\"384\" preload=\"metadata\" controls=\"controls\"><source type=\"video\/mp4\" src=\"https:\/\/etno.net\/wp-content\/uploads\/2021\/04\/etn_eln_004_viisikielisellakan_vid_008_all_512kbs.mp4?_=7\" \/><a href=\"https:\/\/etno.net\/wp-content\/uploads\/2021\/04\/etn_eln_004_viisikielisellakan_vid_008_all_512kbs.mp4\">https:\/\/etno.net\/wp-content\/uploads\/2021\/04\/etn_eln_004_viisikielisellakan_vid_008_all_512kbs.mp4<\/a><\/video><\/div>\n<p>&nbsp;<\/p>\n<h2>Muuntelu<\/h2>\n<p>Antti Rantonen on ollut mestari kansanomaisessa muuntelussa. Hyv\u00e4 esimerkki t\u00e4st\u00e4 on kappale Runos\u00e4velm\u00e4, joka on nauhoitettu Rantoselta kolmesti. Tarkastele esimerkiksi a-s\u00e4keen toista tahtia, jossa sointujen vaihdoilla, n\u00e4pp\u00e4ilyn ja sointujen vaihtelulla, melodisella muuntelulla ja koruilla melodia kuulostaa joka kerta erilaiselta. (Tahtinumerot viittaavat kirjan sivuihin 26\u201327.)<\/p>\n<h2>Runos\u00e4velm\u00e4<\/h2>\n<p>Versio 1, tahti 2<\/p>\n<p><a href=\"https:\/\/etno.net\/wp-content\/uploads\/2021\/04\/etn_eln_004_viisikielisellakan_pic_runo1.gif\"><img decoding=\"async\" class=\"alignnone size-full wp-image-2791\" src=\"https:\/\/etno.net\/wp-content\/uploads\/2021\/04\/etn_eln_004_viisikielisellakan_pic_runo1.gif\" alt=\"\" width=\"230\" height=\"60\" \/><\/a><\/p>\n<p>Versio 1, tahti 4<\/p>\n<p><a href=\"https:\/\/etno.net\/wp-content\/uploads\/2021\/04\/etn_eln_004_viisikielisellakan_pic_runo2.gif\"><img decoding=\"async\" class=\"alignnone size-full wp-image-2792\" src=\"https:\/\/etno.net\/wp-content\/uploads\/2021\/04\/etn_eln_004_viisikielisellakan_pic_runo2.gif\" alt=\"\" width=\"291\" height=\"75\" \/><\/a><\/p>\n<p>Versio 1, tahti 10<\/p>\n<p><a href=\"https:\/\/etno.net\/wp-content\/uploads\/2021\/04\/etn_eln_004_viisikielisellakan_pic_runo3.gif\"><img loading=\"lazy\" decoding=\"async\" class=\"alignnone size-full wp-image-2793\" src=\"https:\/\/etno.net\/wp-content\/uploads\/2021\/04\/etn_eln_004_viisikielisellakan_pic_runo3.gif\" alt=\"\" width=\"261\" height=\"60\" \/><\/a><\/p>\n<p>Versio 2, tahti 2<\/p>\n<p><a href=\"https:\/\/etno.net\/wp-content\/uploads\/2021\/04\/etn_eln_004_viisikielisellakan_pic_runo4.gif\"><img loading=\"lazy\" decoding=\"async\" class=\"alignnone size-full wp-image-2794\" src=\"https:\/\/etno.net\/wp-content\/uploads\/2021\/04\/etn_eln_004_viisikielisellakan_pic_runo4.gif\" alt=\"\" width=\"266\" height=\"65\" \/><\/a><\/p>\n<p>Versio 2, tahti 4<\/p>\n<p><a href=\"https:\/\/etno.net\/wp-content\/uploads\/2021\/04\/etn_eln_004_viisikielisellakan_pic_runo5.gif\"><img loading=\"lazy\" decoding=\"async\" class=\"alignnone size-full wp-image-2795\" src=\"https:\/\/etno.net\/wp-content\/uploads\/2021\/04\/etn_eln_004_viisikielisellakan_pic_runo5.gif\" alt=\"\" width=\"296\" height=\"68\" \/><\/a><\/p>\n<p>&nbsp;<\/p>\n<p><strong>Runos\u00e4velm\u00e4, ylh\u00e4\u00e4lt\u00e4<\/strong><\/p>\n<p>Seuraavalla videolla soitan yll\u00e4olevat viisi esimerkki\u00e4 per\u00e4kk\u00e4in.<\/p>\n<div style=\"width: 480px;\" class=\"wp-video\"><video class=\"wp-video-shortcode\" id=\"video-2780-8\" width=\"480\" height=\"384\" preload=\"metadata\" controls=\"controls\"><source type=\"video\/mp4\" src=\"https:\/\/etno.net\/wp-content\/uploads\/2021\/04\/etn_eln_004_viisikielisellakan_vid_009_all_512kbs.mp4?_=8\" \/><a href=\"https:\/\/etno.net\/wp-content\/uploads\/2021\/04\/etn_eln_004_viisikielisellakan_vid_009_all_512kbs.mp4\">https:\/\/etno.net\/wp-content\/uploads\/2021\/04\/etn_eln_004_viisikielisellakan_vid_009_all_512kbs.mp4<\/a><\/video><\/div>\n<p>&nbsp;<\/p>\n<h2>Maaherran polska<\/h2>\n<p>Voit verrata kahta soittamaani versiota Antti Rantosen kappaleesta Maaherran polska. Videoilla on eri kuvakulma, jotta voit tarkastella soittoasentoa ja tekniikkaa.<\/p>\n<p><strong>Maaherran polska, edest\u00e4<\/strong><\/p>\n<div style=\"width: 480px;\" class=\"wp-video\"><video class=\"wp-video-shortcode\" id=\"video-2780-9\" width=\"480\" height=\"384\" preload=\"metadata\" controls=\"controls\"><source type=\"video\/mp4\" src=\"https:\/\/etno.net\/wp-content\/uploads\/2021\/04\/etn_eln_004_viisikielisellakan_vid_010_all_512kbs.mp4?_=9\" \/><a href=\"https:\/\/etno.net\/wp-content\/uploads\/2021\/04\/etn_eln_004_viisikielisellakan_vid_010_all_512kbs.mp4\">https:\/\/etno.net\/wp-content\/uploads\/2021\/04\/etn_eln_004_viisikielisellakan_vid_010_all_512kbs.mp4<\/a><\/video><\/div>\n<p>&nbsp;<\/p>\n<p><strong>Maaherran polska, etuviistosta<\/strong><\/p>\n<div style=\"width: 480px;\" class=\"wp-video\"><video class=\"wp-video-shortcode\" id=\"video-2780-10\" width=\"480\" height=\"384\" preload=\"metadata\" controls=\"controls\"><source type=\"video\/mp4\" src=\"https:\/\/etno.net\/wp-content\/uploads\/2021\/04\/etn_eln_004_viisikielisellakan_vid_011_all_512kbs.mp4?_=10\" \/><a href=\"https:\/\/etno.net\/wp-content\/uploads\/2021\/04\/etn_eln_004_viisikielisellakan_vid_011_all_512kbs.mp4\">https:\/\/etno.net\/wp-content\/uploads\/2021\/04\/etn_eln_004_viisikielisellakan_vid_011_all_512kbs.mp4<\/a><\/video><\/div>\n<p>&nbsp;<\/p>\n<h2>Helppoa ohjelmistoa<\/h2>\n<p>Rantosen k\u00e4ytt\u00e4m\u00e4\u00e4 tekniikkaa voi soveltaa kaikkeen viisikielisell\u00e4 kanteleella soitettavaan musiikkiin. Olen koonnut t\u00e4h\u00e4n joitakin helppoja, varhaiskasvatukseen sopivia runos\u00e4velmi\u00e4, jotka olen kirjoittanut Antti Rantosen tekniikalle sovellettuna. Nuottikuvasta l\u00f6ytyy ohje k\u00e4ytett\u00e4vist\u00e4 soinnuista ja n\u00e4pp\u00e4ilt\u00e4vist\u00e4 \u00e4\u00e4nist\u00e4. Samaan tapaan voit itsekin etsi\u00e4 uutta materiaalia soitettavaksi. Sanat voit valita k\u00e4ytt\u00f6tarkoituksen mukaan. Mik\u00e4 tahansa kalevalamittainen teksti k\u00e4y.<\/p>\n<p class=\"h4\">S\u00e4velm\u00e4 1<\/p>\n<p><a href=\"https:\/\/etno.net\/wp-content\/uploads\/2021\/04\/etn_eln_004_viisikielisellakan_pic_n1.gif\"><img loading=\"lazy\" decoding=\"async\" class=\"alignnone size-full wp-image-2799\" src=\"https:\/\/etno.net\/wp-content\/uploads\/2021\/04\/etn_eln_004_viisikielisellakan_pic_n1.gif\" alt=\"\" width=\"492\" height=\"102\" \/><\/a><\/p>\n<p class=\"h4\">S\u00e4velm\u00e4 2<\/p>\n<p><a href=\"https:\/\/etno.net\/wp-content\/uploads\/2021\/04\/etn_eln_004_viisikielisellakan_pic_n2.gif\"><img loading=\"lazy\" decoding=\"async\" class=\"alignnone size-full wp-image-2800\" src=\"https:\/\/etno.net\/wp-content\/uploads\/2021\/04\/etn_eln_004_viisikielisellakan_pic_n2.gif\" alt=\"\" width=\"491\" height=\"86\" \/><\/a><\/p>\n<p class=\"h4\">S\u00e4velm\u00e4 3<\/p>\n<p><a href=\"https:\/\/etno.net\/wp-content\/uploads\/2021\/04\/etn_eln_004_viisikielisellakan_pic_n3.gif\"><img loading=\"lazy\" decoding=\"async\" class=\"alignnone size-full wp-image-2801\" src=\"https:\/\/etno.net\/wp-content\/uploads\/2021\/04\/etn_eln_004_viisikielisellakan_pic_n3.gif\" alt=\"\" width=\"308\" height=\"85\" \/><\/a><\/p>\n<p class=\"h4\">S\u00e4velm\u00e4 4<\/p>\n<p><a href=\"https:\/\/etno.net\/wp-content\/uploads\/2021\/04\/etn_eln_004_viisikielisellakan_pic_n4.gif\"><img loading=\"lazy\" decoding=\"async\" class=\"alignnone size-full wp-image-2802\" src=\"https:\/\/etno.net\/wp-content\/uploads\/2021\/04\/etn_eln_004_viisikielisellakan_pic_n4.gif\" alt=\"\" width=\"489\" height=\"173\" \/><\/a><\/p>\n<p class=\"h4\">S\u00e4velm\u00e4 5<\/p>\n<p><a href=\"https:\/\/etno.net\/wp-content\/uploads\/2021\/04\/etn_eln_004_viisikielisellakan_pic_n5.gif\"><img loading=\"lazy\" decoding=\"async\" class=\"alignnone size-full wp-image-2803\" src=\"https:\/\/etno.net\/wp-content\/uploads\/2021\/04\/etn_eln_004_viisikielisellakan_pic_n5.gif\" alt=\"\" width=\"490\" height=\"85\" \/><\/a><\/p>\n<p class=\"h4\">S\u00e4velm\u00e4 6<\/p>\n<p><a href=\"https:\/\/etno.net\/wp-content\/uploads\/2021\/04\/etn_eln_004_viisikielisellakan_pic_n6.gif\"><img loading=\"lazy\" decoding=\"async\" class=\"alignnone size-full wp-image-2804\" src=\"https:\/\/etno.net\/wp-content\/uploads\/2021\/04\/etn_eln_004_viisikielisellakan_pic_n6.gif\" alt=\"\" width=\"491\" height=\"180\" \/><\/a><\/p>\n<p class=\"h4\">S\u00e4velm\u00e4 7<\/p>\n<p><a href=\"https:\/\/etno.net\/wp-content\/uploads\/2021\/04\/etn_eln_004_viisikielisellakan_pic_n7.gif\"><img loading=\"lazy\" decoding=\"async\" class=\"alignnone size-full wp-image-2805\" src=\"https:\/\/etno.net\/wp-content\/uploads\/2021\/04\/etn_eln_004_viisikielisellakan_pic_n7.gif\" alt=\"\" width=\"309\" height=\"81\" \/><\/a><\/p>\n<p class=\"h4\">S\u00e4velm\u00e4 8<\/p>\n<p><a href=\"https:\/\/etno.net\/wp-content\/uploads\/2021\/04\/etn_eln_004_viisikielisellakan_pic_n8.gif\"><img loading=\"lazy\" decoding=\"async\" class=\"alignnone size-full wp-image-2806\" src=\"https:\/\/etno.net\/wp-content\/uploads\/2021\/04\/etn_eln_004_viisikielisellakan_pic_n8.gif\" alt=\"\" width=\"489\" height=\"92\" \/><\/a><\/p>\n<p class=\"h4\">S\u00e4velm\u00e4 9<\/p>\n<p><a href=\"https:\/\/etno.net\/wp-content\/uploads\/2021\/04\/etn_eln_004_viisikielisellakan_pic_n9.gif\"><img loading=\"lazy\" decoding=\"async\" class=\"alignnone size-full wp-image-2807\" src=\"https:\/\/etno.net\/wp-content\/uploads\/2021\/04\/etn_eln_004_viisikielisellakan_pic_n9.gif\" alt=\"\" width=\"491\" height=\"90\" \/><\/a><\/p>\n<p class=\"h4\">S\u00e4velm\u00e4 10<\/p>\n<p><a href=\"https:\/\/etno.net\/wp-content\/uploads\/2021\/04\/etn_eln_004_viisikielisellakan_pic_n10.gif\"><img loading=\"lazy\" decoding=\"async\" class=\"alignnone size-full wp-image-2808\" src=\"https:\/\/etno.net\/wp-content\/uploads\/2021\/04\/etn_eln_004_viisikielisellakan_pic_n10.gif\" alt=\"\" width=\"299\" height=\"83\" \/><\/a><\/p>\n<p class=\"h4\">S\u00e4velm\u00e4 11<\/p>\n<p><a href=\"https:\/\/etno.net\/wp-content\/uploads\/2021\/04\/etn_eln_004_viisikielisellakan_pic_n11.gif\"><img loading=\"lazy\" decoding=\"async\" class=\"alignnone size-full wp-image-2809\" src=\"https:\/\/etno.net\/wp-content\/uploads\/2021\/04\/etn_eln_004_viisikielisellakan_pic_n11.gif\" alt=\"\" width=\"489\" height=\"175\" \/><\/a><\/p>\n<p class=\"h4\">S\u00e4velm\u00e4 12<\/p>\n<p><a href=\"https:\/\/etno.net\/wp-content\/uploads\/2021\/04\/etn_eln_004_viisikielisellakan_pic_n12.gif\"><img loading=\"lazy\" decoding=\"async\" class=\"alignnone size-full wp-image-2810\" src=\"https:\/\/etno.net\/wp-content\/uploads\/2021\/04\/etn_eln_004_viisikielisellakan_pic_n12.gif\" alt=\"\" width=\"490\" height=\"85\" \/><\/a><\/p>\n<p class=\"h4\">S\u00e4velm\u00e4 13<\/p>\n<p><a href=\"https:\/\/etno.net\/wp-content\/uploads\/2021\/04\/etn_eln_004_viisikielisellakan_pic_n13.gif\"><img loading=\"lazy\" decoding=\"async\" class=\"alignnone size-full wp-image-2811\" src=\"https:\/\/etno.net\/wp-content\/uploads\/2021\/04\/etn_eln_004_viisikielisellakan_pic_n13.gif\" alt=\"\" width=\"490\" height=\"77\" \/><\/a><\/p>\n<p class=\"h4\">S\u00e4velm\u00e4 14<\/p>\n<p><a href=\"https:\/\/etno.net\/wp-content\/uploads\/2021\/04\/etn_eln_004_viisikielisellakan_pic_n14.gif\"><img loading=\"lazy\" decoding=\"async\" class=\"alignnone size-full wp-image-2812\" src=\"https:\/\/etno.net\/wp-content\/uploads\/2021\/04\/etn_eln_004_viisikielisellakan_pic_n14.gif\" alt=\"\" width=\"491\" height=\"87\" \/><\/a><\/p>\n<p class=\"h4\">S\u00e4velm\u00e4 15<\/p>\n<p><a href=\"https:\/\/etno.net\/wp-content\/uploads\/2021\/04\/etn_eln_004_viisikielisellakan_pic_n15.gif\"><img loading=\"lazy\" decoding=\"async\" class=\"alignnone size-full wp-image-2813\" src=\"https:\/\/etno.net\/wp-content\/uploads\/2021\/04\/etn_eln_004_viisikielisellakan_pic_n15.gif\" alt=\"\" width=\"488\" height=\"90\" \/><\/a><\/p>\n<p class=\"h4\">S\u00e4velm\u00e4 16<\/p>\n<p><a href=\"https:\/\/etno.net\/wp-content\/uploads\/2021\/04\/etn_eln_004_viisikielisellakan_pic_n16.gif\"><img loading=\"lazy\" decoding=\"async\" class=\"alignnone size-full wp-image-2814\" src=\"https:\/\/etno.net\/wp-content\/uploads\/2021\/04\/etn_eln_004_viisikielisellakan_pic_n16.gif\" alt=\"\" width=\"492\" height=\"154\" \/><\/a><\/p>\n","protected":false},"excerpt":{"rendered":"<p>Antti Rantonen (1877\u20131961) sai tutkija Armas Otto V\u00e4is\u00e4selt\u00e4 lis\u00e4nimen &#8221;V\u00e4in\u00e4m\u00f6isen nuorimmainen poika&#8221;, koska h\u00e4nt\u00e4 pidettiin sotien j\u00e4lkeen Suomen ainoana viisikielisen soittajana, vaikkei t\u00e4m\u00e4 aivan pit\u00e4nyt paikkaansa. Antti Rantonen oli aikansa julkkis ja Haapavetinen viisikielisen kanteleen soittotekniikka tunnetaankin nykyisin &#8221;rantos-tekniikkana&#8221;.<\/p>\n<p>N\u00e4ill\u00e4 sivuilla haluan johdattaa Sinut haapavetisen viisikielistekniikan perusteisiin. Mukana on my\u00f6s ennen julkaisematonta ohjelmistoa, joka soveltuu varhaiskasvatuksessa k\u00e4ytett\u00e4v\u00e4ksi.<\/p>\n<p>Tarkemmin voit perehty\u00e4 Antti Rantosen ja muiden haapavetisten viisikielisen soittajien tekniikkaan ja ohjelmistoon kirjassa &#8221;V\u00e4in\u00e4m\u00f6isen nuorimmaiset. Viisikielisell\u00e4 kanteleella Haapaveden tyyliin&#8221; (Toim. Outi Linnaranta; Sibelius-Akatemian kansanmusiikin osasto 2002).<\/p>","protected":false},"featured_media":2781,"comment_status":"closed","ping_status":"closed","template":"","meta":{"_acf_changed":false},"product_brand":[],"product_cat":[80,77],"product_tag":[],"class_list":{"0":"post-2780","1":"product","2":"type-product","3":"status-publish","4":"has-post-thumbnail","6":"product_cat-kansanmusiikkipedagogiikka","7":"product_cat-oppimateriaalit","9":"first","10":"instock","11":"shipping-taxable","12":"product-type-simple"},"acf":[],"_links":{"self":[{"href":"https:\/\/etno.net\/en\/wp-json\/wp\/v2\/product\/2780","targetHints":{"allow":["GET"]}}],"collection":[{"href":"https:\/\/etno.net\/en\/wp-json\/wp\/v2\/product"}],"about":[{"href":"https:\/\/etno.net\/en\/wp-json\/wp\/v2\/types\/product"}],"replies":[{"embeddable":true,"href":"https:\/\/etno.net\/en\/wp-json\/wp\/v2\/comments?post=2780"}],"wp:featuredmedia":[{"embeddable":true,"href":"https:\/\/etno.net\/en\/wp-json\/wp\/v2\/media\/2781"}],"wp:attachment":[{"href":"https:\/\/etno.net\/en\/wp-json\/wp\/v2\/media?parent=2780"}],"wp:term":[{"taxonomy":"product_brand","embeddable":true,"href":"https:\/\/etno.net\/en\/wp-json\/wp\/v2\/product_brand?post=2780"},{"taxonomy":"product_cat","embeddable":true,"href":"https:\/\/etno.net\/en\/wp-json\/wp\/v2\/product_cat?post=2780"},{"taxonomy":"product_tag","embeddable":true,"href":"https:\/\/etno.net\/en\/wp-json\/wp\/v2\/product_tag?post=2780"}],"curies":[{"name":"wp","href":"https:\/\/api.w.org\/{rel}","templated":true}]}}