{"id":2815,"date":"2021-04-09T14:29:13","date_gmt":"2021-04-09T12:29:13","guid":{"rendered":"https:\/\/etno.net\/?post_type=product&#038;p=2815"},"modified":"2021-08-30T12:57:56","modified_gmt":"2021-08-30T10:57:56","slug":"kolmas-haapolska","status":"publish","type":"product","link":"https:\/\/etno.net\/en\/julkaisu\/oppimateriaalit\/kansanmusiikkipedagogiikka\/kolmas-haapolska","title":{"rendered":"Kolmas H\u00e4\u00e4polska"},"content":{"rendered":"<h2>Melodia<\/h2>\n<p>Viritystaso on a=442 Hz.<\/p>\n<p><strong>Viritys\u00e4\u00e4ni, d-kieli<\/strong><\/p>\n<!--[if lt IE 9]><script>document.createElement('audio');<\/script><![endif]-->\n<audio class=\"wp-audio-shortcode\" id=\"audio-2815-1\" preload=\"none\" style=\"width: 100%;\" controls=\"controls\"><source type=\"audio\/mpeg\" src=\"https:\/\/etno.net\/wp-content\/uploads\/2021\/04\/etn_eln_001_kolmashaapolska_sou_001_all_48kbs-1.mp3?_=1\" \/><a href=\"https:\/\/etno.net\/wp-content\/uploads\/2021\/04\/etn_eln_001_kolmashaapolska_sou_001_all_48kbs-1.mp3\">https:\/\/etno.net\/wp-content\/uploads\/2021\/04\/etn_eln_001_kolmashaapolska_sou_001_all_48kbs-1.mp3<\/a><\/audio>\n<p>&nbsp;<\/p>\n<p>Pyri soittamaan melodia mahdollisimman sujuvasti. Pid\u00e4 oikea k\u00e4tesi tasaisessa liikkeess\u00e4 siten ett\u00e4 ly\u00f6t plektralla alasp\u00e4in jokaisen tahdin 1., 3., 5., 7., 9. ja 11. kuudestoistaosaiskulla. Vastaavasti tahdin 2., 4., 6., 8., 10. ja 12. kuudestoistaosille sattuvat nuotit ly\u00f6d\u00e4\u00e4n yl\u00f6sp\u00e4in.<\/p>\n<p>Opettele aluksi painottamaan kevyesti tahdin ensimm\u00e4ist\u00e4 ja kolmatta nelj\u00e4sosaiskua. Polje jalkaa n\u00e4ill\u00e4 iskuilla, my\u00f6s jatkossa. T\u00e4m\u00e4 on paripolskan perusfraseeraus. Kun hallitset ykk\u00f6s-kolmos-puntituksen, voit varioida fraseeraustasi lis\u00e4\u00e4m\u00e4ll\u00e4 ajoittain mukaan toisen iskun, esimerkiksi A-osan nelj\u00e4nteen tahtiin. Kokeile t\u00e4m\u00e4n j\u00e4lkeen takapotkupuntitusta, ts. n\u00e4pp\u00e4\u00e4 tahdin toinen, nelj\u00e4s ja kuudes kahdeksasosaisku hieman muita iskuja voimakkaammin. T\u00e4m\u00e4 voisi sopia vaikkapa B-osan ensimm\u00e4iseen tahtiin.<\/p>\n<p>V\u00e4lt\u00e4 kummankin k\u00e4den turhan isoja liikkeit\u00e4. Jos jokin kohta takkuilee, kiinnit\u00e4 huomiosi ensin oikeaan ja sitten vasempaan k\u00e4teen. Siirr\u00e4 katseesi tulevaisuuteen, ts. ajattele hieman etuk\u00e4teen, millainen fraasi seuraavaksi on tulossa ja kuinka sen aiot tulkita.<\/p>\n<p>&nbsp;<\/p>\n<p><strong>Melodia, hidas, vasen k\u00e4si ylh\u00e4\u00e4lt\u00e4<\/strong><\/p>\n<div style=\"width: 640px;\" class=\"wp-video\"><!--[if lt IE 9]><script>document.createElement('video');<\/script><![endif]-->\n<video class=\"wp-video-shortcode\" id=\"video-2815-1\" width=\"640\" height=\"360\" preload=\"metadata\" controls=\"controls\"><source type=\"video\/mp4\" src=\"https:\/\/media.etno.net\/sites\/default\/files\/video\/etn_eln_001_kolmashaapolska_vid_002_all_512kbs_0.mp4?_=1\" \/><a href=\"https:\/\/media.etno.net\/sites\/default\/files\/video\/etn_eln_001_kolmashaapolska_vid_002_all_512kbs_0.mp4\">https:\/\/media.etno.net\/sites\/default\/files\/video\/etn_eln_001_kolmashaapolska_vid_002_all_512kbs_0.mp4<\/a><\/video><\/div>\n<p>&nbsp;<\/p>\n<p><strong>Melodia, hidas, oikea k\u00e4si ylh\u00e4\u00e4lt\u00e4<\/strong><\/p>\n<div style=\"width: 640px;\" class=\"wp-video\"><video class=\"wp-video-shortcode\" id=\"video-2815-2\" width=\"640\" height=\"360\" preload=\"metadata\" controls=\"controls\"><source type=\"video\/mp4\" src=\"https:\/\/media.etno.net\/sites\/default\/files\/video\/etn_eln_001_kolmashaapolska_vid_003_all_512kbs.mp4?_=2\" \/><a href=\"https:\/\/media.etno.net\/sites\/default\/files\/video\/etn_eln_001_kolmashaapolska_vid_003_all_512kbs.mp4\">https:\/\/media.etno.net\/sites\/default\/files\/video\/etn_eln_001_kolmashaapolska_vid_003_all_512kbs.mp4<\/a><\/video><\/div>\n<p>&nbsp;<\/p>\n<p><strong>Melodia, nopea, molemmat k\u00e4det edest\u00e4<\/strong><\/p>\n<div style=\"width: 640px;\" class=\"wp-video\"><video class=\"wp-video-shortcode\" id=\"video-2815-3\" width=\"640\" height=\"360\" preload=\"metadata\" controls=\"controls\"><source type=\"video\/mp4\" src=\"https:\/\/media.etno.net\/sites\/default\/files\/video\/etn_eln_001_kolmashaapolska_vid_004_all_512kbs.mp4?_=3\" \/><a href=\"https:\/\/media.etno.net\/sites\/default\/files\/video\/etn_eln_001_kolmashaapolska_vid_004_all_512kbs.mp4\">https:\/\/media.etno.net\/sites\/default\/files\/video\/etn_eln_001_kolmashaapolska_vid_004_all_512kbs.mp4<\/a><\/video><\/div>\n<p>&nbsp;<\/p>\n<p><strong>Melodia, hidas, ensimm\u00e4inen ja toinen kierros<\/strong><\/p>\n<audio class=\"wp-audio-shortcode\" id=\"audio-2815-2\" preload=\"none\" style=\"width: 100%;\" controls=\"controls\"><source type=\"audio\/mpeg\" src=\"https:\/\/etno.net\/wp-content\/uploads\/2021\/04\/etn_eln_001_kolmashaapolska_sou_002_all_48kbs.mp3?_=2\" \/><a href=\"https:\/\/etno.net\/wp-content\/uploads\/2021\/04\/etn_eln_001_kolmashaapolska_sou_002_all_48kbs.mp3\">https:\/\/etno.net\/wp-content\/uploads\/2021\/04\/etn_eln_001_kolmashaapolska_sou_002_all_48kbs.mp3<\/a><\/audio>\n<p>&nbsp;<\/p>\n<p><strong>Melodia, normaali nopeus, ensimm\u00e4inen ja toinen kierros<\/strong><\/p>\n<audio class=\"wp-audio-shortcode\" id=\"audio-2815-3\" preload=\"none\" style=\"width: 100%;\" controls=\"controls\"><source type=\"audio\/mpeg\" src=\"https:\/\/etno.net\/wp-content\/uploads\/2021\/04\/etn_eln_001_kolmashaapolska_sou_003_all_48kbs.mp3?_=3\" \/><a href=\"https:\/\/etno.net\/wp-content\/uploads\/2021\/04\/etn_eln_001_kolmashaapolska_sou_003_all_48kbs.mp3\">https:\/\/etno.net\/wp-content\/uploads\/2021\/04\/etn_eln_001_kolmashaapolska_sou_003_all_48kbs.mp3<\/a><\/audio>\n<p>&nbsp;<\/p>\n<p><a href=\"https:\/\/etno.net\/wp-content\/uploads\/2021\/04\/etn_eln_001_kolmashaapolska_she_001_pdf.pdf\">Melodia (PDF)<\/a><\/p>\n<p>&nbsp;<\/p>\n<h2>S\u00e4estys<\/h2>\n<p>Polskakompin rytmist\u00e4 olemusta voi l\u00e4hesty\u00e4 joko melodian rytmin tai tanssiaskelten rytmin kannalta. Melodian rytmiikkaa voi harjoitella parhaiten soittamalla itse melodiaa. Melodiassa on paljon daktyyleita, joissa yht\u00e4 kahdeksasosanuottia seuraa kaksi kuudestoistaosaa. Fraasit p\u00e4\u00e4ttyv\u00e4t usein kolmannelle iskulle.<\/p>\n<p>Tanssin rytmiikkaan voi tutustua kansantanssikursseilla tai tanssituvissa. Paripolskan perusiskut ovat ensimm\u00e4inen ja kolmas nelj\u00e4sosa. Polje jalkaa n\u00e4ill\u00e4 iskuilla. Piiripolskassa jokainen nelj\u00e4sosaisku on kutakuinkin samanarvoinen.<\/p>\n<p>Huomaa: \u00e4l\u00e4 sekoita polskaa polkkaan! Polkka on kaksijakoinen tanssi ja polska puolestaan kolmijakoinen.<\/p>\n<p>S\u00e4estysversio I sis\u00e4lt\u00e4\u00e4 polskakompille tyypillisempi\u00e4 kuvioita, kun taas s\u00e4estysversio II on kenties hieman popahtavampi. Kumpikin k\u00e4sitt\u00e4\u00e4 kaksi melodian kierrosta (AABBAABB).<\/p>\n<h3>S\u00e4estysversio I (folkkomppi)<\/h3>\n<p><strong>Folkkomppi, molemmat k\u00e4det edest\u00e4<\/strong><\/p>\n<div style=\"width: 640px;\" class=\"wp-video\"><video class=\"wp-video-shortcode\" id=\"video-2815-4\" width=\"640\" height=\"360\" preload=\"metadata\" controls=\"controls\"><source type=\"video\/mp4\" src=\"https:\/\/media.etno.net\/sites\/default\/files\/video\/etn_eln_001_kolmashaapolska_vid_005_all_512kbs.mp4?_=4\" \/><a href=\"https:\/\/media.etno.net\/sites\/default\/files\/video\/etn_eln_001_kolmashaapolska_vid_005_all_512kbs.mp4\">https:\/\/media.etno.net\/sites\/default\/files\/video\/etn_eln_001_kolmashaapolska_vid_005_all_512kbs.mp4<\/a><\/video><\/div>\n<p>&nbsp;<\/p>\n<p><strong>Folkkomppi, oikea k\u00e4si edest\u00e4<\/strong><\/p>\n<div style=\"width: 640px;\" class=\"wp-video\"><video class=\"wp-video-shortcode\" id=\"video-2815-5\" width=\"640\" height=\"360\" preload=\"metadata\" controls=\"controls\"><source type=\"video\/mp4\" src=\"https:\/\/media.etno.net\/sites\/default\/files\/video\/etn_eln_001_kolmashaapolska_vid_006_all_512kbs.mp4?_=5\" \/><a href=\"https:\/\/media.etno.net\/sites\/default\/files\/video\/etn_eln_001_kolmashaapolska_vid_006_all_512kbs.mp4\">https:\/\/media.etno.net\/sites\/default\/files\/video\/etn_eln_001_kolmashaapolska_vid_006_all_512kbs.mp4<\/a><\/video><\/div>\n<p>&nbsp;<\/p>\n<p><strong>Folkkomppi, vasen k\u00e4si edest\u00e4<\/strong><\/p>\n<div style=\"width: 640px;\" class=\"wp-video\"><video class=\"wp-video-shortcode\" id=\"video-2815-6\" width=\"640\" height=\"360\" preload=\"metadata\" controls=\"controls\"><source type=\"video\/mp4\" src=\"https:\/\/media.etno.net\/sites\/default\/files\/video\/etn_eln_001_kolmashaapolska_vid_007_all_512kbs.mp4?_=6\" \/><a href=\"https:\/\/media.etno.net\/sites\/default\/files\/video\/etn_eln_001_kolmashaapolska_vid_007_all_512kbs.mp4\">https:\/\/media.etno.net\/sites\/default\/files\/video\/etn_eln_001_kolmashaapolska_vid_007_all_512kbs.mp4<\/a><\/video><\/div>\n<p>&nbsp;<\/p>\n<p><strong>Folkkomppi + melodia (vasemmalla kanavalla melodia, oikealla komppi)<\/strong><\/p>\n<audio class=\"wp-audio-shortcode\" id=\"audio-2815-4\" preload=\"none\" style=\"width: 100%;\" controls=\"controls\"><source type=\"audio\/mpeg\" src=\"https:\/\/etno.net\/wp-content\/uploads\/2021\/04\/etn_eln_001_kolmashaapolska_sou_004_all_48kbs.mp3?_=4\" \/><a href=\"https:\/\/etno.net\/wp-content\/uploads\/2021\/04\/etn_eln_001_kolmashaapolska_sou_004_all_48kbs.mp3\">https:\/\/etno.net\/wp-content\/uploads\/2021\/04\/etn_eln_001_kolmashaapolska_sou_004_all_48kbs.mp3<\/a><\/audio>\n<p>&nbsp;<\/p>\n<p><a href=\"https:\/\/etno.net\/wp-content\/uploads\/2021\/04\/etn_eln_001_kolmashaapolska_she_002_pdf.pdf\">Melodia+komppi -versio, folkversio (PDF)<\/a><\/p>\n<p>&nbsp;<\/p>\n<h3>S\u00e4estysversio II (popkomppi)<\/h3>\n<p><strong>Popkomppi + melodia (vasemmalla kanavalla melodia, oikealla komppi)<\/strong><\/p>\n<audio class=\"wp-audio-shortcode\" id=\"audio-2815-5\" preload=\"none\" style=\"width: 100%;\" controls=\"controls\"><source type=\"audio\/mpeg\" src=\"https:\/\/etno.net\/wp-content\/uploads\/2021\/04\/etn_eln_001_kolmashaapolska_sou_005_all_48kbs.mp3?_=5\" \/><a href=\"https:\/\/etno.net\/wp-content\/uploads\/2021\/04\/etn_eln_001_kolmashaapolska_sou_005_all_48kbs.mp3\">https:\/\/etno.net\/wp-content\/uploads\/2021\/04\/etn_eln_001_kolmashaapolska_sou_005_all_48kbs.mp3<\/a><\/audio>\n<p><a href=\"https:\/\/etno.net\/wp-content\/uploads\/2021\/04\/etn_eln_001_kolmashaapolska_she_003_pdf.pdf\">Melodia+komppi -versio, popversio (PDF)<\/a><\/p>\n<p>&nbsp;<\/p>\n<h2>Sooloversio<\/h2>\n<p>Opettele ensin melodia, vaikka olisitkin enemm\u00e4n kiinnostunut sooloversiosta. Kun tunnet melodian, sinun on helpompi harjoitella sooloversiota. Jos polskan rytmiikka ei ole Sinulle ennest\u00e4\u00e4n tuttua, voit harjoitella sit\u00e4 melodiaa soittaessasi.<\/p>\n<p>Sooloversion ensimm\u00e4isell\u00e4 kierroksella on k\u00e4ytetty cross-picking-tekniikkaa. Vapaita kieli\u00e4 pyrit\u00e4\u00e4n hy\u00f6dynt\u00e4m\u00e4\u00e4n aina kun mahdollista. Ajoittain korkeampi s\u00e4vel soitetaan paksummalla kielell\u00e4 kuin seuraava matalampi s\u00e4vel ja p\u00e4in vastoin. Soita mahdollisimman legatossa.<\/p>\n<p>Toisella kierroksella on runsaasti k\u00e4ytt\u00f6\u00e4 oikean k\u00e4den keskisormelle. Sill\u00e4 n\u00e4p\u00e4t\u00e4\u00e4n melodias\u00e4vel samalla, kun plektralla n\u00e4p\u00e4t\u00e4\u00e4n matalampi s\u00e4estys\u00e4\u00e4ni. N\u00e4m\u00e4 kohdat on merkitty nuotteihin kirjaimella &#8221;m&#8221;. &#8221;sl&#8221; tarkoittaa liu&#8217;utusta. Nuottien seassa olevilla numeroilla viitataan vasemman k\u00e4den sormiin; 1 = etusormi, 2 = keskisormi jne. Kirjain &#8221;p&#8221; viittaa vasemman k\u00e4den peukaloon, jolla sormitetaan matalan E-kielen s\u00e4veli\u00e4 toisen kierroksen B-osassa.<\/p>\n<p>&nbsp;<\/p>\n<p><strong>Sooloversio, hidas, ensimm\u00e4inen kierros, vasen k\u00e4si ylh\u00e4\u00e4lt\u00e4<\/strong><\/p>\n<div style=\"width: 640px;\" class=\"wp-video\"><video class=\"wp-video-shortcode\" id=\"video-2815-7\" width=\"640\" height=\"360\" preload=\"metadata\" controls=\"controls\"><source type=\"video\/mp4\" src=\"https:\/\/media.etno.net\/sites\/default\/files\/video\/etn_eln_001_kolmashaapolska_vid_008_all_512kbs.mp4?_=7\" \/><a href=\"https:\/\/media.etno.net\/sites\/default\/files\/video\/etn_eln_001_kolmashaapolska_vid_008_all_512kbs.mp4\">https:\/\/media.etno.net\/sites\/default\/files\/video\/etn_eln_001_kolmashaapolska_vid_008_all_512kbs.mp4<\/a><\/video><\/div>\n<p>&nbsp;<\/p>\n<p><strong>Sooloversio, hidas, ensimm\u00e4inen kierros, oikea k\u00e4si ylh\u00e4\u00e4lt\u00e4<\/strong><\/p>\n<div style=\"width: 640px;\" class=\"wp-video\"><video class=\"wp-video-shortcode\" id=\"video-2815-8\" width=\"640\" height=\"360\" preload=\"metadata\" controls=\"controls\"><source type=\"video\/mp4\" src=\"https:\/\/media.etno.net\/sites\/default\/files\/video\/etn_eln_001_kolmashaapolska_vid_009_all_512kbs.mp4?_=8\" \/><a href=\"https:\/\/media.etno.net\/sites\/default\/files\/video\/etn_eln_001_kolmashaapolska_vid_009_all_512kbs.mp4\">https:\/\/media.etno.net\/sites\/default\/files\/video\/etn_eln_001_kolmashaapolska_vid_009_all_512kbs.mp4<\/a><\/video><\/div>\n<p>&nbsp;<\/p>\n<p><strong>Sooloversio, hidas, toinen kierros, oikea k\u00e4si ylh\u00e4\u00e4lt\u00e4<\/strong><\/p>\n<div style=\"width: 640px;\" class=\"wp-video\"><video class=\"wp-video-shortcode\" id=\"video-2815-9\" width=\"640\" height=\"360\" preload=\"metadata\" controls=\"controls\"><source type=\"video\/mp4\" src=\"https:\/\/media.etno.net\/sites\/default\/files\/video\/etn_eln_001_kolmashaapolska_vid_010_all_512kbs.mp4?_=9\" \/><a href=\"https:\/\/media.etno.net\/sites\/default\/files\/video\/etn_eln_001_kolmashaapolska_vid_010_all_512kbs.mp4\">https:\/\/media.etno.net\/sites\/default\/files\/video\/etn_eln_001_kolmashaapolska_vid_010_all_512kbs.mp4<\/a><\/video><\/div>\n<p>&nbsp;<\/p>\n<p><strong>Sooloversio, normaali tempo, ensimm\u00e4inen ja toinen kierros, molemmat k\u00e4det edest\u00e4<\/strong><\/p>\n<div style=\"width: 640px;\" class=\"wp-video\"><video class=\"wp-video-shortcode\" id=\"video-2815-10\" width=\"640\" height=\"360\" preload=\"metadata\" controls=\"controls\"><source type=\"video\/mp4\" src=\"https:\/\/media.etno.net\/sites\/default\/files\/video\/etn_eln_001_kolmashaapolska_vid_011_all_512kbs.mp4?_=10\" \/><a href=\"https:\/\/media.etno.net\/sites\/default\/files\/video\/etn_eln_001_kolmashaapolska_vid_011_all_512kbs.mp4\">https:\/\/media.etno.net\/sites\/default\/files\/video\/etn_eln_001_kolmashaapolska_vid_011_all_512kbs.mp4<\/a><\/video><\/div>\n<p>&nbsp;<\/p>\n<p><strong>Soolo, hidas, ensimm\u00e4inen kierros<\/strong><\/p>\n<audio class=\"wp-audio-shortcode\" id=\"audio-2815-6\" preload=\"none\" style=\"width: 100%;\" controls=\"controls\"><source type=\"audio\/mpeg\" src=\"https:\/\/etno.net\/wp-content\/uploads\/2021\/04\/etn_eln_001_kolmashaapolska_sou_006_all_48kbs.mp3?_=6\" \/><a href=\"https:\/\/etno.net\/wp-content\/uploads\/2021\/04\/etn_eln_001_kolmashaapolska_sou_006_all_48kbs.mp3\">https:\/\/etno.net\/wp-content\/uploads\/2021\/04\/etn_eln_001_kolmashaapolska_sou_006_all_48kbs.mp3<\/a><\/audio>\n<p>&nbsp;<\/p>\n<p><strong>Soolo, hidas, toinen kierros<\/strong><\/p>\n<audio class=\"wp-audio-shortcode\" id=\"audio-2815-7\" preload=\"none\" style=\"width: 100%;\" controls=\"controls\"><source type=\"audio\/mpeg\" src=\"https:\/\/etno.net\/wp-content\/uploads\/2021\/04\/etn_eln_001_kolmashaapolska_sou_007_all_48kbs.mp3?_=7\" \/><a href=\"https:\/\/etno.net\/wp-content\/uploads\/2021\/04\/etn_eln_001_kolmashaapolska_sou_007_all_48kbs.mp3\">https:\/\/etno.net\/wp-content\/uploads\/2021\/04\/etn_eln_001_kolmashaapolska_sou_007_all_48kbs.mp3<\/a><\/audio>\n<p>&nbsp;<\/p>\n<p><strong>Soolo, normaali tempo, ensimm\u00e4inen kierros<\/strong><\/p>\n<audio class=\"wp-audio-shortcode\" id=\"audio-2815-8\" preload=\"none\" style=\"width: 100%;\" controls=\"controls\"><source type=\"audio\/mpeg\" src=\"https:\/\/etno.net\/wp-content\/uploads\/2021\/04\/etn_eln_001_kolmashaapolska_sou_008_all_48kbs.mp3?_=8\" \/><a href=\"https:\/\/etno.net\/wp-content\/uploads\/2021\/04\/etn_eln_001_kolmashaapolska_sou_008_all_48kbs.mp3\">https:\/\/etno.net\/wp-content\/uploads\/2021\/04\/etn_eln_001_kolmashaapolska_sou_008_all_48kbs.mp3<\/a><\/audio>\n<p>&nbsp;<\/p>\n<p><strong>Soolo, normaali tempo, toinen kierros<\/strong><\/p>\n<audio class=\"wp-audio-shortcode\" id=\"audio-2815-9\" preload=\"none\" style=\"width: 100%;\" controls=\"controls\"><source type=\"audio\/mpeg\" src=\"https:\/\/etno.net\/wp-content\/uploads\/2021\/04\/etn_eln_001_kolmashaapolska_sou_009_all_48kbs.mp3?_=9\" \/><a href=\"https:\/\/etno.net\/wp-content\/uploads\/2021\/04\/etn_eln_001_kolmashaapolska_sou_009_all_48kbs.mp3\">https:\/\/etno.net\/wp-content\/uploads\/2021\/04\/etn_eln_001_kolmashaapolska_sou_009_all_48kbs.mp3<\/a><\/audio>\n<p>&nbsp;<\/p>\n<p><strong>Soolo, normaali tempo, molemmat kierrokset<\/strong><\/p>\n<audio class=\"wp-audio-shortcode\" id=\"audio-2815-10\" preload=\"none\" style=\"width: 100%;\" controls=\"controls\"><source type=\"audio\/mpeg\" src=\"https:\/\/etno.net\/wp-content\/uploads\/2021\/04\/etn_eln_001_kolmashaapolska_sou_010_all_48kbs.mp3?_=10\" \/><a href=\"https:\/\/etno.net\/wp-content\/uploads\/2021\/04\/etn_eln_001_kolmashaapolska_sou_010_all_48kbs.mp3\">https:\/\/etno.net\/wp-content\/uploads\/2021\/04\/etn_eln_001_kolmashaapolska_sou_010_all_48kbs.mp3<\/a><\/audio>\n<p>&nbsp;<\/p>\n<p><a href=\"https:\/\/etno.net\/wp-content\/uploads\/2021\/04\/etn_eln_001_kolmashaapolska_she_004_pdf.pdf\">Sooloversio (PDF)<\/a><\/p>\n","protected":false},"excerpt":{"rendered":"<p>T\u00e4ss\u00e4 Kolmas H\u00e4\u00e4polska -oppimateriaalipaketissa esitell\u00e4\u00e4n kitaransoiton mahdollisuuksia suomalaisessa pelimannimusiikissa yht\u00e4 polskas\u00e4velm\u00e4\u00e4 materiaalina k\u00e4ytt\u00e4en. Voit opetella erikseen pelk\u00e4n melodian, kaksi erilaista s\u00e4estyst\u00e4 sek\u00e4 ilman s\u00e4estyst\u00e4 soitettavaksi sovitetun sooloversion.<\/p>\n<p>Kolmas h\u00e4\u00e4polska on nimens\u00e4 mukaisesti polska, jota soitetaan h\u00e4iss\u00e4. Jos juhlakansalta ovat tanssiaskeleet p\u00e4\u00e4sseet unohtumaan, lienee soveliasta esitt\u00e4\u00e4 kappale vaikkapa kakunleikkuuta odotellessa. S\u00e4velm\u00e4 tunnettiin jo 1700-luvulla. T\u00e4ss\u00e4 k\u00e4sitelt\u00e4v\u00e4 s\u00e4velm\u00e4n toisinto on per\u00e4isin Samuel Rinta-Nikkolan nuottikirjasta vuodelta 1809.<\/p>","protected":false},"featured_media":2818,"comment_status":"closed","ping_status":"closed","template":"","meta":{"_acf_changed":false},"product_brand":[],"product_cat":[80,77],"product_tag":[],"class_list":{"0":"post-2815","1":"product","2":"type-product","3":"status-publish","4":"has-post-thumbnail","6":"product_cat-kansanmusiikkipedagogiikka","7":"product_cat-oppimateriaalit","9":"first","10":"instock","11":"shipping-taxable","12":"product-type-simple"},"acf":[],"_links":{"self":[{"href":"https:\/\/etno.net\/en\/wp-json\/wp\/v2\/product\/2815","targetHints":{"allow":["GET"]}}],"collection":[{"href":"https:\/\/etno.net\/en\/wp-json\/wp\/v2\/product"}],"about":[{"href":"https:\/\/etno.net\/en\/wp-json\/wp\/v2\/types\/product"}],"replies":[{"embeddable":true,"href":"https:\/\/etno.net\/en\/wp-json\/wp\/v2\/comments?post=2815"}],"wp:featuredmedia":[{"embeddable":true,"href":"https:\/\/etno.net\/en\/wp-json\/wp\/v2\/media\/2818"}],"wp:attachment":[{"href":"https:\/\/etno.net\/en\/wp-json\/wp\/v2\/media?parent=2815"}],"wp:term":[{"taxonomy":"product_brand","embeddable":true,"href":"https:\/\/etno.net\/en\/wp-json\/wp\/v2\/product_brand?post=2815"},{"taxonomy":"product_cat","embeddable":true,"href":"https:\/\/etno.net\/en\/wp-json\/wp\/v2\/product_cat?post=2815"},{"taxonomy":"product_tag","embeddable":true,"href":"https:\/\/etno.net\/en\/wp-json\/wp\/v2\/product_tag?post=2815"}],"curies":[{"name":"wp","href":"https:\/\/api.w.org\/{rel}","templated":true}]}}