{"id":2824,"date":"2021-04-12T11:36:59","date_gmt":"2021-04-12T09:36:59","guid":{"rendered":"https:\/\/etno.net\/?post_type=product&#038;p=2824"},"modified":"2021-08-30T09:04:53","modified_gmt":"2021-08-30T07:04:53","slug":"soolojamit-pelimannimusiikin-mukanasoittomateriaali","status":"publish","type":"product","link":"https:\/\/etno.net\/en\/julkaisu\/oppimateriaalit\/kansanmusiikkipedagogiikka\/soolojamit-pelimannimusiikin-mukanasoittomateriaali","title":{"rendered":"Soolojamit \u2013 Pelimannimusiikin mukanasoittomateriaali"},"content":{"rendered":"<h2>Kappaleet<\/h2>\n<p>Jokaisesta kappaleesta on miksattu kolme versiota. Ensimm\u00e4inen on esimerkkiversio, jonka mukana voit opetella kappaleen melodiaa ja s\u00e4estyst\u00e4. Voit my\u00f6s vain kuunnella, ja siten antaa kappaleen melodian, kompin ja tyylin tarttua korvaasi.<\/p>\n<p>Toinen versio on varsinainen komppiversio, eli miksauksesta on j\u00e4tetty melodia kokonaan pois. T\u00e4m\u00e4n avulla voit opetella melodian soiton eri osa-alueita (fraseeraus, koristelu jne.) tai improvisaatiota eri tavoilla: sointujen pohjalta, runkomelodian pohjalta tai fraaseja yhdistelem\u00e4ll\u00e4.<\/p>\n<p>Kolmannessa versiossa on kappaleesta j\u00e4ljell\u00e4 vain melodia, jolloin voit harjoitella stemmasoittoa ja s\u00e4est\u00e4mist\u00e4. Voit my\u00f6s kehitell\u00e4 omia sointukiertoja, tai vain kompata vimmatusti.<\/p>\n<p>Nuoteissa on vain kappaleen perusmelodia ja sointumerkit. Fraseeraus ja korumerkint\u00f6j\u00e4 niiss\u00e4 ei ole, vaan tyyliseikat on opeteltava kuulonvaraisesti. Muutenkin suosittelen, ett\u00e4 opettelet kappaleet suoraan mukana soittaen, ilman nuotteja. Nuoteissa on lis\u00e4ksi yksi ylim\u00e4\u00e4r\u00e4inen sointukierto ilman melodianuotteja. Voit tulostaa sivun ja kirjoittaa viivastolle esimerkiksi oman stemman tai soolon, jos alkuun p\u00e4\u00e4seminen tuntuu muuten vaikealta. Iloisia jamihetki\u00e4!<\/p>\n<p>Viritystaso on a=442 Hz.<\/p>\n<p><strong>viritys\u00e4\u00e4ni<\/strong><\/p>\n<!--[if lt IE 9]><script>document.createElement('audio');<\/script><![endif]-->\n<audio class=\"wp-audio-shortcode\" id=\"audio-2824-1\" preload=\"none\" style=\"width: 100%;\" controls=\"controls\"><source type=\"audio\/mpeg\" src=\"https:\/\/etno.net\/wp-content\/uploads\/2021\/04\/etn_eln_014_soolojamitpelimann_sou_001_all_48kbs.mp3?_=1\" \/><a href=\"https:\/\/etno.net\/wp-content\/uploads\/2021\/04\/etn_eln_014_soolojamitpelimann_sou_001_all_48kbs.mp3\">https:\/\/etno.net\/wp-content\/uploads\/2021\/04\/etn_eln_014_soolojamitpelimann_sou_001_all_48kbs.mp3<\/a><\/audio>\n<p>&nbsp;<\/p>\n<h2>Teksan Maijan roskapuuvalssi<\/h2>\n<p><strong>Teksan Maijan roskapuuvalssi<br \/>\n<\/strong><\/p>\n<audio class=\"wp-audio-shortcode\" id=\"audio-2824-2\" preload=\"none\" style=\"width: 100%;\" controls=\"controls\"><source type=\"audio\/mpeg\" src=\"https:\/\/etno.net\/wp-content\/uploads\/2021\/04\/etn_eln_014_soolojamitpelimann_sou_002_all_48kbs.mp3?_=2\" \/><a href=\"https:\/\/etno.net\/wp-content\/uploads\/2021\/04\/etn_eln_014_soolojamitpelimann_sou_002_all_48kbs.mp3\">https:\/\/etno.net\/wp-content\/uploads\/2021\/04\/etn_eln_014_soolojamitpelimann_sou_002_all_48kbs.mp3<\/a><\/audio>\n<p>&nbsp;<\/p>\n<p><strong>Teksan Maijan roskapuuvalssi \u2013 komppi<\/strong><\/p>\n<audio class=\"wp-audio-shortcode\" id=\"audio-2824-3\" preload=\"none\" style=\"width: 100%;\" controls=\"controls\"><source type=\"audio\/mpeg\" src=\"https:\/\/etno.net\/wp-content\/uploads\/2021\/04\/etn_eln_014_soolojamitpelimann_sou_003_all_48kbs.mp3?_=3\" \/><a href=\"https:\/\/etno.net\/wp-content\/uploads\/2021\/04\/etn_eln_014_soolojamitpelimann_sou_003_all_48kbs.mp3\">https:\/\/etno.net\/wp-content\/uploads\/2021\/04\/etn_eln_014_soolojamitpelimann_sou_003_all_48kbs.mp3<\/a><\/audio>\n<p>&nbsp;<\/p>\n<p><strong>Teksan Maijan roskapuuvalssi \u2013 melodia<\/strong><\/p>\n<audio class=\"wp-audio-shortcode\" id=\"audio-2824-4\" preload=\"none\" style=\"width: 100%;\" controls=\"controls\"><source type=\"audio\/mpeg\" src=\"https:\/\/etno.net\/wp-content\/uploads\/2021\/04\/etn_eln_014_soolojamitpelimann_sou_004_all_48kbs.mp3?_=4\" \/><a href=\"https:\/\/etno.net\/wp-content\/uploads\/2021\/04\/etn_eln_014_soolojamitpelimann_sou_004_all_48kbs.mp3\">https:\/\/etno.net\/wp-content\/uploads\/2021\/04\/etn_eln_014_soolojamitpelimann_sou_004_all_48kbs.mp3<\/a><\/audio>\n<p><a href=\"https:\/\/etno.net\/wp-content\/uploads\/2021\/04\/etn_eln_014_soolojamitpelimann_she_001_pdf.pdf\">Teksan Maijan roskapuuvalssi (PDF)<\/a><\/p>\n<p>&nbsp;<\/p>\n<h2>Syrj\u00e4l\u00e4n Kaapon polska<\/h2>\n<p><strong>Syrj\u00e4l\u00e4n Kaapon polska<\/strong><\/p>\n<audio class=\"wp-audio-shortcode\" id=\"audio-2824-5\" preload=\"none\" style=\"width: 100%;\" controls=\"controls\"><source type=\"audio\/mpeg\" src=\"https:\/\/etno.net\/wp-content\/uploads\/2021\/04\/etn_eln_014_soolojamitpelimann_sou_005_all_48kbs.mp3?_=5\" \/><a href=\"https:\/\/etno.net\/wp-content\/uploads\/2021\/04\/etn_eln_014_soolojamitpelimann_sou_005_all_48kbs.mp3\">https:\/\/etno.net\/wp-content\/uploads\/2021\/04\/etn_eln_014_soolojamitpelimann_sou_005_all_48kbs.mp3<\/a><\/audio>\n<p>&nbsp;<\/p>\n<p><strong>Syrj\u00e4l\u00e4n Kaapon polska \u2013 komppi<\/strong><\/p>\n<audio class=\"wp-audio-shortcode\" id=\"audio-2824-6\" preload=\"none\" style=\"width: 100%;\" controls=\"controls\"><source type=\"audio\/mpeg\" src=\"https:\/\/etno.net\/wp-content\/uploads\/2021\/04\/etn_eln_014_soolojamitpelimann_sou_006_all_48kbs.mp3?_=6\" \/><a href=\"https:\/\/etno.net\/wp-content\/uploads\/2021\/04\/etn_eln_014_soolojamitpelimann_sou_006_all_48kbs.mp3\">https:\/\/etno.net\/wp-content\/uploads\/2021\/04\/etn_eln_014_soolojamitpelimann_sou_006_all_48kbs.mp3<\/a><\/audio>\n<p>&nbsp;<\/p>\n<p><strong>Syrj\u00e4l\u00e4n Kaapon polska \u2013 melodia<\/strong><\/p>\n<audio class=\"wp-audio-shortcode\" id=\"audio-2824-7\" preload=\"none\" style=\"width: 100%;\" controls=\"controls\"><source type=\"audio\/mpeg\" src=\"https:\/\/etno.net\/wp-content\/uploads\/2021\/04\/etn_eln_014_soolojamitpelimann_sou_007_all_48kbs.mp3?_=7\" \/><a href=\"https:\/\/etno.net\/wp-content\/uploads\/2021\/04\/etn_eln_014_soolojamitpelimann_sou_007_all_48kbs.mp3\">https:\/\/etno.net\/wp-content\/uploads\/2021\/04\/etn_eln_014_soolojamitpelimann_sou_007_all_48kbs.mp3<\/a><\/audio>\n<p>&nbsp;<\/p>\n<p><a href=\"https:\/\/etno.net\/wp-content\/uploads\/2021\/04\/etn_eln_014_soolojamitpelimann_she_002_pdf.pdf\">Syrj\u00e4l\u00e4n Kaapon polska (PDF)<\/a><\/p>\n<p>&nbsp;<\/p>\n<h2>Kaustisen polkka<\/h2>\n<p><strong>Kaustisen polkka<\/strong><\/p>\n<audio class=\"wp-audio-shortcode\" id=\"audio-2824-8\" preload=\"none\" style=\"width: 100%;\" controls=\"controls\"><source type=\"audio\/mpeg\" src=\"https:\/\/etno.net\/wp-content\/uploads\/2021\/04\/etn_eln_014_soolojamitpelimann_sou_008_all_48kbs.mp3?_=8\" \/><a href=\"https:\/\/etno.net\/wp-content\/uploads\/2021\/04\/etn_eln_014_soolojamitpelimann_sou_008_all_48kbs.mp3\">https:\/\/etno.net\/wp-content\/uploads\/2021\/04\/etn_eln_014_soolojamitpelimann_sou_008_all_48kbs.mp3<\/a><\/audio>\n<p>&nbsp;<\/p>\n<p><strong>Kaustisen polkka \u2013 komppi<\/strong><\/p>\n<audio class=\"wp-audio-shortcode\" id=\"audio-2824-9\" preload=\"none\" style=\"width: 100%;\" controls=\"controls\"><source type=\"audio\/mpeg\" src=\"https:\/\/etno.net\/wp-content\/uploads\/2021\/04\/etn_eln_014_soolojamitpelimann_sou_009_all_48kbs.mp3?_=9\" \/><a href=\"https:\/\/etno.net\/wp-content\/uploads\/2021\/04\/etn_eln_014_soolojamitpelimann_sou_009_all_48kbs.mp3\">https:\/\/etno.net\/wp-content\/uploads\/2021\/04\/etn_eln_014_soolojamitpelimann_sou_009_all_48kbs.mp3<\/a><\/audio>\n<p>&nbsp;<\/p>\n<p><strong>Kaustisen polkka \u2013 melodia<\/strong><\/p>\n<audio class=\"wp-audio-shortcode\" id=\"audio-2824-10\" preload=\"none\" style=\"width: 100%;\" controls=\"controls\"><source type=\"audio\/mpeg\" src=\"https:\/\/etno.net\/wp-content\/uploads\/2021\/04\/etn_eln_014_soolojamitpelimann_sou_010_all_48kbs.mp3?_=10\" \/><a href=\"https:\/\/etno.net\/wp-content\/uploads\/2021\/04\/etn_eln_014_soolojamitpelimann_sou_010_all_48kbs.mp3\">https:\/\/etno.net\/wp-content\/uploads\/2021\/04\/etn_eln_014_soolojamitpelimann_sou_010_all_48kbs.mp3<\/a><\/audio>\n<p><a href=\"https:\/\/etno.net\/wp-content\/uploads\/2021\/04\/etn_eln_014_soolojamitpelimann_she_003_pdf.pdf\">Kaustisen polkka (PDF)<\/a><\/p>\n<p>&nbsp;<\/p>\n<h2>Haudanmaan menuetti<\/h2>\n<p><strong>Haudanmaan menuetti<\/strong><\/p>\n<audio class=\"wp-audio-shortcode\" id=\"audio-2824-11\" preload=\"none\" style=\"width: 100%;\" controls=\"controls\"><source type=\"audio\/mpeg\" src=\"https:\/\/etno.net\/wp-content\/uploads\/2021\/04\/etn_eln_014_soolojamitpelimann_sou_011_all_48kbs.mp3?_=11\" \/><a href=\"https:\/\/etno.net\/wp-content\/uploads\/2021\/04\/etn_eln_014_soolojamitpelimann_sou_011_all_48kbs.mp3\">https:\/\/etno.net\/wp-content\/uploads\/2021\/04\/etn_eln_014_soolojamitpelimann_sou_011_all_48kbs.mp3<\/a><\/audio>\n<p>&nbsp;<\/p>\n<p><strong>Haudanmaan menuetti \u2013 komppi<\/strong><\/p>\n<audio class=\"wp-audio-shortcode\" id=\"audio-2824-12\" preload=\"none\" style=\"width: 100%;\" controls=\"controls\"><source type=\"audio\/mpeg\" src=\"https:\/\/etno.net\/wp-content\/uploads\/2021\/04\/etn_eln_014_soolojamitpelimann_sou_012_all_48kbs.mp3?_=12\" \/><a href=\"https:\/\/etno.net\/wp-content\/uploads\/2021\/04\/etn_eln_014_soolojamitpelimann_sou_012_all_48kbs.mp3\">https:\/\/etno.net\/wp-content\/uploads\/2021\/04\/etn_eln_014_soolojamitpelimann_sou_012_all_48kbs.mp3<\/a><\/audio>\n<p>&nbsp;<\/p>\n<p><strong>Haudanmaan menuetti \u2013 melodia<\/strong><\/p>\n<audio class=\"wp-audio-shortcode\" id=\"audio-2824-13\" preload=\"none\" style=\"width: 100%;\" controls=\"controls\"><source type=\"audio\/mpeg\" src=\"https:\/\/etno.net\/wp-content\/uploads\/2021\/04\/etn_eln_014_soolojamitpelimann_sou_013_all_48kbs.mp3?_=13\" \/><a href=\"https:\/\/etno.net\/wp-content\/uploads\/2021\/04\/etn_eln_014_soolojamitpelimann_sou_013_all_48kbs.mp3\">https:\/\/etno.net\/wp-content\/uploads\/2021\/04\/etn_eln_014_soolojamitpelimann_sou_013_all_48kbs.mp3<\/a><\/audio>\n<p><a href=\"https:\/\/etno.net\/wp-content\/uploads\/2021\/04\/etn_eln_014_soolojamitpelimann_she_004_pdf.pdf\">Haudanmaan menuetti (PDF)<\/a><\/p>\n<p>&nbsp;<\/p>\n<h2>Haudanmaan polska<\/h2>\n<p><strong>Haudanmaan polska<\/strong><\/p>\n<audio class=\"wp-audio-shortcode\" id=\"audio-2824-14\" preload=\"none\" style=\"width: 100%;\" controls=\"controls\"><source type=\"audio\/mpeg\" src=\"https:\/\/etno.net\/wp-content\/uploads\/2021\/04\/etn_eln_014_soolojamitpelimann_sou_014_all_48kbs.mp3?_=14\" \/><a href=\"https:\/\/etno.net\/wp-content\/uploads\/2021\/04\/etn_eln_014_soolojamitpelimann_sou_014_all_48kbs.mp3\">https:\/\/etno.net\/wp-content\/uploads\/2021\/04\/etn_eln_014_soolojamitpelimann_sou_014_all_48kbs.mp3<\/a><\/audio>\n<p>&nbsp;<\/p>\n<p><strong>Haudanmaan polska \u2013 komppi<\/strong><\/p>\n<audio class=\"wp-audio-shortcode\" id=\"audio-2824-15\" preload=\"none\" style=\"width: 100%;\" controls=\"controls\"><source type=\"audio\/mpeg\" src=\"https:\/\/etno.net\/wp-content\/uploads\/2021\/04\/etn_eln_014_soolojamitpelimann_sou_015_all_48kbs.mp3?_=15\" \/><a href=\"https:\/\/etno.net\/wp-content\/uploads\/2021\/04\/etn_eln_014_soolojamitpelimann_sou_015_all_48kbs.mp3\">https:\/\/etno.net\/wp-content\/uploads\/2021\/04\/etn_eln_014_soolojamitpelimann_sou_015_all_48kbs.mp3<\/a><\/audio>\n<p>&nbsp;<\/p>\n<p><strong>Haudanmaan polska \u2013 melodia<\/strong><\/p>\n<audio class=\"wp-audio-shortcode\" id=\"audio-2824-16\" preload=\"none\" style=\"width: 100%;\" controls=\"controls\"><source type=\"audio\/mpeg\" src=\"https:\/\/etno.net\/wp-content\/uploads\/2021\/04\/etn_eln_014_soolojamitpelimann_sou_016_all_48kbs.mp3?_=16\" \/><a href=\"https:\/\/etno.net\/wp-content\/uploads\/2021\/04\/etn_eln_014_soolojamitpelimann_sou_016_all_48kbs.mp3\">https:\/\/etno.net\/wp-content\/uploads\/2021\/04\/etn_eln_014_soolojamitpelimann_sou_016_all_48kbs.mp3<\/a><\/audio>\n<p><a href=\"https:\/\/etno.net\/wp-content\/uploads\/2021\/04\/etn_eln_014_soolojamitpelimann_she_005_pdf.pdf\">Haudanmaan polska (PDF)<\/a><\/p>\n<p>&nbsp;<\/p>\n<h2>Vaarin sotiisi<\/h2>\n<p><strong>Vaarin sotiisi<\/strong><\/p>\n<audio class=\"wp-audio-shortcode\" id=\"audio-2824-17\" preload=\"none\" style=\"width: 100%;\" controls=\"controls\"><source type=\"audio\/mpeg\" src=\"https:\/\/etno.net\/wp-content\/uploads\/2021\/04\/etn_eln_014_soolojamitpelimann_sou_017_all_48kbs.mp3?_=17\" \/><a href=\"https:\/\/etno.net\/wp-content\/uploads\/2021\/04\/etn_eln_014_soolojamitpelimann_sou_017_all_48kbs.mp3\">https:\/\/etno.net\/wp-content\/uploads\/2021\/04\/etn_eln_014_soolojamitpelimann_sou_017_all_48kbs.mp3<\/a><\/audio>\n<p>&nbsp;<\/p>\n<p><strong>Vaarin sotiisi \u2013 komppi<\/strong><\/p>\n<audio class=\"wp-audio-shortcode\" id=\"audio-2824-18\" preload=\"none\" style=\"width: 100%;\" controls=\"controls\"><source type=\"audio\/mpeg\" src=\"https:\/\/etno.net\/wp-content\/uploads\/2021\/04\/etn_eln_014_soolojamitpelimann_sou_018_all_48kbs.mp3?_=18\" \/><a href=\"https:\/\/etno.net\/wp-content\/uploads\/2021\/04\/etn_eln_014_soolojamitpelimann_sou_018_all_48kbs.mp3\">https:\/\/etno.net\/wp-content\/uploads\/2021\/04\/etn_eln_014_soolojamitpelimann_sou_018_all_48kbs.mp3<\/a><\/audio>\n<p>&nbsp;<\/p>\n<p><strong>Vaarin sotiisi \u2013 melodia<\/strong><\/p>\n<audio class=\"wp-audio-shortcode\" id=\"audio-2824-19\" preload=\"none\" style=\"width: 100%;\" controls=\"controls\"><source type=\"audio\/mpeg\" src=\"https:\/\/etno.net\/wp-content\/uploads\/2021\/04\/etn_eln_014_soolojamitpelimann_sou_019_all_48kbs.mp3?_=19\" \/><a href=\"https:\/\/etno.net\/wp-content\/uploads\/2021\/04\/etn_eln_014_soolojamitpelimann_sou_019_all_48kbs.mp3\">https:\/\/etno.net\/wp-content\/uploads\/2021\/04\/etn_eln_014_soolojamitpelimann_sou_019_all_48kbs.mp3<\/a><\/audio>\n<p><a href=\"https:\/\/etno.net\/wp-content\/uploads\/2021\/04\/etn_eln_014_soolojamitpelimann_she_006_pdf.pdf\">Vaarin sotiisi (PDF)<\/a><\/p>\n","protected":false},"excerpt":{"rendered":"<p>T\u00e4m\u00e4 oppimateriaali on suunnattu jo pitk\u00e4lle ehtineille musiikin opiskelijoille. L\u00e4ht\u00f6kohtana on ollut luoda suomalaisista pelimannikappaleista jamihenkinen taustanauha itseopiskelua varten. Ja samalla my\u00f6s hieman kartoittaa suomalaista pelimannijamien \u201dstandardi\u201d-ohjelmistoa.<\/p>\n<p>Idean nauhan tuottamiseen sain kun opettelin jazz-improvisaatiota komppilevyjen avulla. Ihmettelin miksi metodia ei ole hy\u00f6dynnetty kansanmusiikin parissa. Oman kokemukseni mukaan my\u00f6s kansanmusiikin opiskelussa jamisoitto on olennaista tyylin ja repertuaarin kehittymisen kannalta. Silti pelkk\u00e4 jameissa soittaminen ei aina riit\u00e4. Varsinkin kun jameja on Suomessa kovin harvoin. Joskus tulee my\u00f6s tunne, ett\u00e4 pelkk\u00e4 uusien (tai vanhojen) kappaleiden opettelu kyll\u00e4stytt\u00e4\u00e4, ja tekisi mieli harjoitella jotain muuta.<\/p>\n<p>Mukanasoittomateriaalin avulla voi opetella tyylinmukaista fraseerausta, improvisaatiota, stemmasoittoa ja s\u00e4estyst\u00e4 ammattipelimannien tukemana. Jamihenke\u00e4 \u00e4\u00e4nitteelle on ehk\u00e4 mahdoton taltioida, mutta pyrimme mahdollisimman el\u00e4v\u00e4ntuntuiseen soitantaan.<\/p>\n<p>Sibelius-Akatemian kansanmusiikin opiskelijoiden koek\u00e4yt\u00f6n perusteella kyseiselle materiaalille on tilausta. Koek\u00e4ytt\u00e4jien mielest\u00e4 taustanauhan avulla harjoittelu oli vaativaa, mutta tehokasta ja mielek\u00e4st\u00e4. Uskon ja toivon t\u00e4m\u00e4n materiaalin hy\u00f6dytt\u00e4v\u00e4n ja yhdist\u00e4v\u00e4n kaikkia aiheesta kiinnostuneita harrastajia ja ammattilaisia.<\/p>\n<p>\u00c4\u00e4nitteill\u00e4 soittavat lis\u00e4kseni Esko J\u00e4rvel\u00e4 (viulu), Hannu Oskala (haitari), Sara Puljula (basso) ja Pilvi Talvitie (harmooni).<\/p>","protected":false},"featured_media":2826,"comment_status":"closed","ping_status":"closed","template":"","meta":{"_acf_changed":false},"product_brand":[],"product_cat":[80,77],"product_tag":[],"class_list":{"0":"post-2824","1":"product","2":"type-product","3":"status-publish","4":"has-post-thumbnail","6":"product_cat-kansanmusiikkipedagogiikka","7":"product_cat-oppimateriaalit","9":"first","10":"instock","11":"shipping-taxable","12":"product-type-simple"},"acf":[],"_links":{"self":[{"href":"https:\/\/etno.net\/en\/wp-json\/wp\/v2\/product\/2824","targetHints":{"allow":["GET"]}}],"collection":[{"href":"https:\/\/etno.net\/en\/wp-json\/wp\/v2\/product"}],"about":[{"href":"https:\/\/etno.net\/en\/wp-json\/wp\/v2\/types\/product"}],"replies":[{"embeddable":true,"href":"https:\/\/etno.net\/en\/wp-json\/wp\/v2\/comments?post=2824"}],"wp:featuredmedia":[{"embeddable":true,"href":"https:\/\/etno.net\/en\/wp-json\/wp\/v2\/media\/2826"}],"wp:attachment":[{"href":"https:\/\/etno.net\/en\/wp-json\/wp\/v2\/media?parent=2824"}],"wp:term":[{"taxonomy":"product_brand","embeddable":true,"href":"https:\/\/etno.net\/en\/wp-json\/wp\/v2\/product_brand?post=2824"},{"taxonomy":"product_cat","embeddable":true,"href":"https:\/\/etno.net\/en\/wp-json\/wp\/v2\/product_cat?post=2824"},{"taxonomy":"product_tag","embeddable":true,"href":"https:\/\/etno.net\/en\/wp-json\/wp\/v2\/product_tag?post=2824"}],"curies":[{"name":"wp","href":"https:\/\/api.w.org\/{rel}","templated":true}]}}