{"id":2863,"date":"2021-04-12T19:36:17","date_gmt":"2021-04-12T17:36:17","guid":{"rendered":"https:\/\/etno.net\/?post_type=product&#038;p=2863"},"modified":"2021-05-23T09:48:55","modified_gmt":"2021-05-23T07:48:55","slug":"rytmiikan-opetus-ja-menetelmat-tutkimus-koulutuksen-tarpeellisuudesta-erillisena-oppiaineena-kansanmusiikin-ammattiopetuksessa","status":"publish","type":"product","link":"https:\/\/etno.net\/en\/julkaisu\/opinnaytteet\/maisteriopinnot\/rytmiikan-opetus-ja-menetelmat-tutkimus-koulutuksen-tarpeellisuudesta-erillisena-oppiaineena-kansanmusiikin-ammattiopetuksessa","title":{"rendered":"Rytmiikan opetus ja menetelm\u00e4t &#8211; Tutkimus koulutuksen tarpeellisuudesta erillisen\u00e4 oppiaineena kansanmusiikin ammattiopetuksessa"},"content":{"rendered":"<div class=\"field field-name-field-thesis-metadata field-type-text-long field-label-hidden\">\n<div class=\"field-items\">\n<div class=\"field-item even\">\n<p>Seminaarity\u00f6<br \/>\nOpettajan pedagogiset opinnot<br \/>\nTampereen Yliopisto<\/p>\n<p>Taideyliopiston Sibelius-Akatemia, Kansanmusiikin aineryhm\u00e4<br \/>\nKev\u00e4t 2020<\/p>\n<p>&nbsp;<\/p>\n<\/div>\n<\/div>\n<\/div>\n<div class=\"field field-name-field-thesis-newbody field-type-text-with-summary field-label-hidden\">\n<div class=\"field-items\">\n<div class=\"field-item even\">\n<div class=\"field field-name-field-thesis-newbody field-type-text-with-summary field-label-hidden\">\n<div class=\"field-items\">\n<div class=\"field-item even\">\n<h2>Sis\u00e4llysluettelo<\/h2>\n<p><strong>1 Johdanto<\/strong><\/p>\n<p><strong>2 Rytmiikasta ja sen opettamisesta<\/strong><\/p>\n<p style=\"padding-left: 40px\"><strong>2.1 Rytmiikan m\u00e4\u00e4ritelm\u00e4 t\u00e4ss\u00e4 tutkimuksessa<br \/>\n2.2 Rytmiikka oppiaineena taiteen perusopetuksessa<br \/>\n<\/strong><\/p>\n<p><strong>3 Tutkimusasetelma<\/strong><\/p>\n<p style=\"padding-left: 40px\"><strong>3.1 Tutkimuskysymykset<br \/>\n3.2 Tutkimusmenetelm\u00e4<\/strong><\/p>\n<p><strong>4 Tutkimustulokset<\/strong><\/p>\n<p style=\"padding-left: 40px\"><strong>4.1 Rytmiikkaan liittyv\u00e4t ongelmat<br \/>\n4.2 Rytmiikan opetuksen tarpeellisuus<br \/>\n4.3 Rytmiikan opetuksen metodit<\/strong><\/p>\n<p><strong>5 Pohdinta<\/strong><\/p>\n<p><strong>L\u00e4hteet<br \/>\n<\/strong><strong>Liitteet<\/strong><\/p>\n<p>&nbsp;<\/p>\n<h2>Tiivistelm\u00e4<\/h2>\n<p>Tutkimuksen tarkoitus oli selvitt\u00e4\u00e4, onko rytmiikan opetukselle erillisen\u00e4 oppiaineena tarvetta kansanmusiikin ammattiopinnoissa, ja mik\u00e4li tarvetta on, millaiset opetusmuodot palvelisivat tarkoitusta parhaiten.<br \/>\nTutkimus toteutettiin teemahaastatteluna. Tutkimusta varten haastateltiin seitsem\u00e4\u00e4 Sibelius-Akatemian kansanmusiikin aineryhm\u00e4n opettajaa, jotka edustavat suomalaisen nykykansanmusiikin keskeisi\u00e4 instrumenttiryhmi\u00e4.<br \/>\nKaikki haastateltavat pitiv\u00e4t rytmiikkaopetusta tarpeellisena lis\u00e4n\u00e4 kansanmusiikin ammattiopetuksessa. Jokainen haastateltava kuitenkin arvioi tarpeen eri tavoin, joten yleisp\u00e4tevi\u00e4 johtop\u00e4\u00e4t\u00f6ksi\u00e4 opetuksen tarpeellisuuden asteesta ei voitu vet\u00e4\u00e4. Kehorytmiikkaa ja yhtyeopetusta pidettiin yleisesti hyvin\u00e4 opetusmuotoina, mutta my\u00f6s muita ideoita nousi esiin.<\/p>\n<\/div>\n<\/div>\n<\/div>\n<div class=\"field field-name-field-thesis-julkaisuvuosi field-type-date field-label-above\">\n<div class=\"field-label\">Julkaisuvuosi:<\/div>\n<div class=\"field-items\">\n<div class=\"field-item even\"><span class=\"date-display-single\">2020<\/span><\/div>\n<\/div>\n<\/div>\n<\/div>\n<\/div>\n<\/div>","protected":false},"excerpt":{"rendered":"<p>Seminaarity\u00f6 Opettajan pedagogiset opinnot Tampereen Yliopisto Taideyliopiston Sibelius-Akatemia, Kansanmusiikin aineryhm\u00e4 Kev\u00e4t 2020 &nbsp; Sis\u00e4llysluettelo 1 Johdanto 2 Rytmiikasta ja sen opettamisesta 2.1 Rytmiikan m\u00e4\u00e4ritelm\u00e4 t\u00e4ss\u00e4 tutkimuksessa 2.2 Rytmiikka oppiaineena taiteen perusopetuksessa 3 Tutkimusasetelma 3.1 Tutkimuskysymykset 3.2 Tutkimusmenetelm\u00e4 4 Tutkimustulokset 4.1 Rytmiikkaan liittyv\u00e4t ongelmat 4.2 Rytmiikan opetuksen tarpeellisuus 4.3 Rytmiikan opetuksen metodit 5 Pohdinta L\u00e4hteet Liitteet [&hellip;]<\/p>\n","protected":false},"featured_media":0,"comment_status":"closed","ping_status":"closed","template":"","meta":{"_acf_changed":false},"product_brand":[],"product_cat":[81,76],"product_tag":[],"class_list":{"0":"post-2863","1":"product","2":"type-product","3":"status-publish","5":"product_cat-maisteriopinnot","6":"product_cat-opinnaytteet","8":"first","9":"instock","10":"shipping-taxable","11":"product-type-simple"},"acf":[],"_links":{"self":[{"href":"https:\/\/etno.net\/en\/wp-json\/wp\/v2\/product\/2863","targetHints":{"allow":["GET"]}}],"collection":[{"href":"https:\/\/etno.net\/en\/wp-json\/wp\/v2\/product"}],"about":[{"href":"https:\/\/etno.net\/en\/wp-json\/wp\/v2\/types\/product"}],"replies":[{"embeddable":true,"href":"https:\/\/etno.net\/en\/wp-json\/wp\/v2\/comments?post=2863"}],"wp:attachment":[{"href":"https:\/\/etno.net\/en\/wp-json\/wp\/v2\/media?parent=2863"}],"wp:term":[{"taxonomy":"product_brand","embeddable":true,"href":"https:\/\/etno.net\/en\/wp-json\/wp\/v2\/product_brand?post=2863"},{"taxonomy":"product_cat","embeddable":true,"href":"https:\/\/etno.net\/en\/wp-json\/wp\/v2\/product_cat?post=2863"},{"taxonomy":"product_tag","embeddable":true,"href":"https:\/\/etno.net\/en\/wp-json\/wp\/v2\/product_tag?post=2863"}],"curies":[{"name":"wp","href":"https:\/\/api.w.org\/{rel}","templated":true}]}}