{"id":2864,"date":"2021-04-12T19:39:04","date_gmt":"2021-04-12T17:39:04","guid":{"rendered":"https:\/\/etno.net\/?post_type=product&#038;p=2864"},"modified":"2021-05-23T09:47:30","modified_gmt":"2021-05-23T07:47:30","slug":"kantele-kantele-viulu-viulu-saman-instrumentin-duot-nykykansanmusiikissa","status":"publish","type":"product","link":"https:\/\/etno.net\/en\/julkaisu\/opinnaytteet\/maisteriopinnot\/kantele-kantele-viulu-viulu-saman-instrumentin-duot-nykykansanmusiikissa","title":{"rendered":"Kantele &amp; kantele, viulu &amp; viulu \u2013 Saman instrumentin duot nykykansanmusiikissa"},"content":{"rendered":"<p>Maisterin projektity\u00f6<br \/>\nKansanmusiikin Aineryhm\u00e4<br \/>\nTaideyliopiston Sibelius-Akatemia<br \/>\n2020<\/p>\n<h2>Sis\u00e4llysluettelo<\/h2>\n<p><strong>1 Johdanto<\/strong><\/p>\n<p><strong>2 Haastattelujen teemat ja kysymykset<\/strong><\/p>\n<p><strong>3 Haastattelut<\/strong><\/p>\n<p style=\"padding-left: 40px\"><strong>3.1 Miksi perustaa duo juuri saman instrumentin kanssa?<\/strong><br \/>\nTeho<br \/>\nUnaja<br \/>\nAnna-Karin Korhonen<br \/>\nImprobatur-duossa soivat kaksi konserttikanteletta<\/p>\n<p style=\"padding-left: 40px\"><strong>3.2 Ty\u00f6skentelytavat<br \/>\n<\/strong>P\u00c4\u00c4KYSYMYS: Vahvuudet, haasteet ja erityisyydet kahden saman instrumentin duon ty\u00f6skentelyss\u00e4?<br \/>\nKaksi viulua duossa<br \/>\nJaettuja musiikillisia n\u00e4kemyksi\u00e4<br \/>\nSovittamista yksin ja yhdess\u00e4<br \/>\nKaksi flyygeli\u00e4<br \/>\nInnovatiivisia kansanlaulusovituksia kanteleille<strong><br \/>\n<\/strong><\/p>\n<p style=\"padding-left: 40px\"><strong>3.3 Roolit<\/strong><br \/>\nP\u00c4\u00c4KYSYMYS: Miten jaatte rooleja?<\/p>\n<p style=\"padding-left: 40px\"><strong>3.4 Soundit<\/strong><br \/>\nP\u00c4\u00c4KYSYMYS: Miten hy\u00f6dynn\u00e4tte erilaisia soundeja?<\/p>\n<p style=\"padding-left: 40px\"><strong>3.5 Harmonian luominen<\/strong><br \/>\nP\u00c4\u00c4KYSYMYS: Miten luotte harmoniaa instrumenteillanne?<br \/>\nViululla luotu harmonia<br \/>\nKanteleella harmonian luominen on luontevaa<br \/>\nSointuhajotusten merkitys<\/p>\n<p style=\"padding-left: 40px\"><strong>3.6 Improvisaatio<\/strong><br \/>\nP\u00c4\u00c4KYSYMYS: Onko musiikissanne improvisaatiota, miten se ilmenee?<\/p>\n<p style=\"padding-left: 40px\"><strong>3.7 Melodia<\/strong><br \/>\nP\u00c4\u00c4KYSYMYS: Kuinka paljon k\u00e4yt\u00e4tte unisonoa tai soolosoittoa?<br \/>\nMelodioita pianolla<\/p>\n<p style=\"padding-left: 40px\"><strong>3.8 Tulkinta<\/strong><br \/>\nP\u00c4\u00c4KYSYMYS: Mit\u00e4 on yhteen hengitt\u00e4vyys? Miten fraseerausta tehd\u00e4\u00e4n yhdess\u00e4?<br \/>\nP\u00c4\u00c4KYSYMYS: Miten yhteinen tulkinta muodostuu?<\/p>\n<p style=\"padding-left: 40px\"><strong>3.9 Rytmi<\/strong><br \/>\nP\u00c4\u00c4KYSYMYS: Miten l\u00f6yt\u00e4\u00e4 yhteinen pulssi?<\/p>\n<p><strong>4 Johtop\u00e4\u00e4t\u00f6kset<\/strong><\/p>\n<p style=\"padding-left: 40px\">Pit\u00e4\u00e4k\u00f6 kuulokuvaan saada vaihtelua? K\u00e4yk\u00f6 kaksi samaa soitinta tyls\u00e4ksi?<\/p>\n<p><strong>5 Lopuksi<\/strong><\/p>\n<p><strong>6 Liitteet<\/strong><\/p>\n<p style=\"padding-left: 40px\">\u00c5repolska<br \/>\nSuppilovahverosoitto<br \/>\nDuo Selina<\/p>\n<p><strong>7 L\u00e4hteet<\/strong><\/p>\n<p>&nbsp;<\/p>\n<h2>Johdanto<\/h2>\n<p>Olen muusikon urallani aina p\u00e4\u00e4tynyt perustamaan duoja; se on minua kiehtova yhteissoiton muoto. Tarkastelen projektity\u00f6ni kirjallisessa osassa kahden saman instrumentin duojen s\u00e4vellys- ja sovitusprosesseja haastattelujen avulla. Olen haastatellut opettajiani ja ihailemiani muusikoita. Tavoitteenani on l\u00f6yt\u00e4\u00e4 yhtyeelleni Duo Selinalle uusia sovitusideoita ja ty\u00f6kaluja kahden saman instrumentin ty\u00f6skentelyyn, ja lis\u00e4ksi peilaan omaa levyntekoprosessiamme haastattelujen avulla. Ty\u00f6ni taiteellisena osuutena on Duo Selinan esikoislevy.<\/p>\n<p>Duo Selina on minun ja Hanna Ryyn\u00e4sen vuonna 2012 perustama nykykansanmusiikkiduo. Hanna on pitk\u00e4aikaisin yhtyekaverini, jonka kanssa ty\u00f6skentelen edelleen. Soitimme jo ennen Duo Selinaa samoissa yhtyeiss\u00e4, joten yhteisty\u00f6mme on kest\u00e4nyt jo vuosia. Soiton yhteen hengitt\u00e4vyys ja syv\u00e4 yhteys meid\u00e4n v\u00e4lill\u00e4mme ovat duomme vahvuuksia ja ty\u00f6skentelyn kulmakivi\u00e4. Musiikkimme hakee inspiraatiota pohjoismaisista kansanmusiikkiperinteist\u00e4, ja ohjelmisto koostuu niin traditionaalisesta kuin itse s\u00e4velletyst\u00e4 instrumentaalimusiikista. Kahden konserttikanteleen tarjoamat mahdollisuudet ovat p\u00e4\u00e4osassa yhtyeemme rikkaassa soinnissa ja tekev\u00e4t soitinyhdistelm\u00e4st\u00e4 ainutlaatuisen nykykansanmusiikkikent\u00e4ll\u00e4.<\/p>\n<p>Kansanmusiikin piiriss\u00e4 kahden saman instrumentin duoja ei nyky\u00e4\u00e4n juuri tunneta, eiv\u00e4tk\u00e4 ne omien havaintojeni mukaan juuri muissakaan musiikkityyleiss\u00e4 ole kovin tyypillisi\u00e4.<\/p>\n<p>Keskityn ty\u00f6ss\u00e4ni nykykansanmusiikkikentt\u00e4\u00e4n; en ole tutkinut asiaa historiallisessa viitekehyksess\u00e4. Esimerkiksi Ruotsissa on viuluduojen vahva perinne, ja asiaa voisi seuraavaksi selvitt\u00e4\u00e4 pohjoismaisen kansanmusiikin historian kannalta. My\u00f6s nyky\u00e4\u00e4n viuluduoja on paljon: esimerkiksi Suvi Oskala &amp; Emilia Lajunen, Teho ja Polka Chicks. Kansanmusiikin historiasta l\u00f6ytyv\u00e4 l\u00e4hinn\u00e4 kahden kanteleen duoa oleva esimerkki on Toivo Alasp\u00e4\u00e4n ja h\u00e4nen veljens\u00e4 Sulon duo \u2013 kumpikin heist\u00e4 on mestaripelimanneja. He soittivat my\u00f6s paljon triona kolmannen veljen Simon kanssa. Toivo Alasp\u00e4\u00e4 soitti my\u00f6s my\u00f6hempin\u00e4 aikoina triona Timo V\u00e4\u00e4n\u00e4sen ja Matti Kontion kanssa. Kanteleen saralla usean soittajan yhtyeet ovat olleet ainakin oman k\u00e4sitykseni mukaan yleisempi\u00e4 kuin muissa soittimissa.<\/p>\n<p>T\u00e4st\u00e4 esimerkkin\u00e4 on Ilona Porman kanteleyhtyeet ja muiden Haapaveden soittajien yhteissoitot. Joukkoon kuuluivat esimerkiksi etenkin 5-kieliss\u00e4velmist\u00e4\u00e4n tunnettu Antti Rantonen ja erityisesti ison kanteleen taitaja Anni K\u00e4\u00e4ri\u00e4inen. Viel\u00e4 nyky\u00e4\u00e4nkin kanteleensoittajat usein muodostavat muiden kanteleensoittajien kanssa yhtyeit\u00e4, ja musiikkiopistoissa kaikki kanteleoppilaat soittavat usein yhdess\u00e4 suuressa kanteleorkesterissa.<\/p>\n<p>Haastatteluista tuli aika laajoja, ja ty\u00f6n edetess\u00e4 yritin hieman supistaa niit\u00e4. P\u00e4\u00e4tin valita joitakin p\u00e4\u00e4kysymyksi\u00e4, joita esit\u00e4n jokaiselle haastateltavalle. Jotkin kysymykset syntyiv\u00e4t omassa duoty\u00f6skentelyss\u00e4 huomaamieni haasteiden my\u00f6t\u00e4. Projektin edetess\u00e4 tiet\u00e4mykseni aiheesta luonnollisesti lis\u00e4\u00e4ntyi, joten huomasin loppup\u00e4\u00e4ss\u00e4 olevien haastattelujen olevan j\u00e4sentyneempi\u00e4 kuin alussa. En halunnut ty\u00f6n j\u00e4\u00e4v\u00e4n my\u00f6sk\u00e4\u00e4n vain filosofiselle tasolle, joten haastatteluissa keskustelimme v\u00e4lill\u00e4 kiinte\u00e4mmin musiikin teoriaan liittyvist\u00e4 asioista. Koin saavani haastateltujen huomioista paljon uutta ajateltavaa my\u00f6s omaan ty\u00f6skentelyyni.<\/p>\n<p>Valitsin nelj\u00e4 erilaista duoa, joista yhdess\u00e4 on perinteisesti ajatellen kaksi melodiainstrumenttia, viulua. Kahdessa duossa on kaksi harmoniasoitinta (kaksi pianoa tai kaksi konserttikanteletta). Unaja-duossa puolestaan on kaksi laulua ja kaksi kanteletta. Duot, joihin keskityn, ovat Teho, Tero Hyv\u00e4luoman ja Esko J\u00e4rvel\u00e4n viuluduo, Timo Alakotila &amp; Anna-Karin Korhonen -duo, jossa he soittavat pianoja, sek\u00e4 kantelisti-laulajien Jutta Rahmelin ja Maija Pokelan Unaja-duo. Timon ja Anna-Karinin duoon tutustumisessa apuna oli heid\u00e4n Koralli-levyns\u00e4 vuodelta 2010 ja siit\u00e4 julkaistu nuottikirja vuodelta 2012. Haastateltavina n\u00e4ist\u00e4 duoista olivat Timo Alakotila, Anna-Karin Korhonen, Esko J\u00e4rvel\u00e4 ja Jutta Rahmel.<\/p>\n<p>Haastattelin Anna-Karin Korhosta eli Anskua my\u00f6s h\u00e4nen Improbatur-duostaan kanteleensoittaja Mirva Minkkisen kanssa. Unaja ja Improbatur ovat l\u00e4hinn\u00e4 omaa ty\u00f6t\u00e4ni, sill\u00e4 kummatkin ovat kanteleduoja. Unajassa sek\u00e4 laulut ett\u00e4 kanteleet ovat tasavahvoja. T\u00e4m\u00e4 teki yhtyeest\u00e4 kiinnostavan my\u00f6s haastattelun kannalta. Muut duot ovat edelleen aktiivisesti toiminnassa paitsi Improbatur ja Unaja, joka on tauolla.<\/p>\n<p>N\u00e4iden haastattelujen lis\u00e4ksi keskustelin lyhyesti harmonian luomisesta s\u00e4velt\u00e4j\u00e4-kitaristi Jarmo Saaren kanssa, joka kertoi ty\u00f6skentelyst\u00e4\u00e4n kitaristi Teemu Viinikaisen kanssa Avara- yhtyeess\u00e4.<\/p>","protected":false},"excerpt":{"rendered":"<p>Maisterin projektity\u00f6 Kansanmusiikin Aineryhm\u00e4 Taideyliopiston Sibelius-Akatemia 2020 Sis\u00e4llysluettelo 1 Johdanto 2 Haastattelujen teemat ja kysymykset 3 Haastattelut 3.1 Miksi perustaa duo juuri saman instrumentin kanssa? Teho Unaja Anna-Karin Korhonen Improbatur-duossa soivat kaksi konserttikanteletta 3.2 Ty\u00f6skentelytavat P\u00c4\u00c4KYSYMYS: Vahvuudet, haasteet ja erityisyydet kahden saman instrumentin duon ty\u00f6skentelyss\u00e4? Kaksi viulua duossa Jaettuja musiikillisia n\u00e4kemyksi\u00e4 Sovittamista yksin ja yhdess\u00e4 [&hellip;]<\/p>\n","protected":false},"featured_media":0,"comment_status":"closed","ping_status":"closed","template":"","meta":{"_acf_changed":false},"product_brand":[],"product_cat":[81,76],"product_tag":[],"class_list":{"0":"post-2864","1":"product","2":"type-product","3":"status-publish","5":"product_cat-maisteriopinnot","6":"product_cat-opinnaytteet","8":"first","9":"instock","10":"shipping-taxable","11":"product-type-simple"},"acf":[],"_links":{"self":[{"href":"https:\/\/etno.net\/en\/wp-json\/wp\/v2\/product\/2864","targetHints":{"allow":["GET"]}}],"collection":[{"href":"https:\/\/etno.net\/en\/wp-json\/wp\/v2\/product"}],"about":[{"href":"https:\/\/etno.net\/en\/wp-json\/wp\/v2\/types\/product"}],"replies":[{"embeddable":true,"href":"https:\/\/etno.net\/en\/wp-json\/wp\/v2\/comments?post=2864"}],"wp:attachment":[{"href":"https:\/\/etno.net\/en\/wp-json\/wp\/v2\/media?parent=2864"}],"wp:term":[{"taxonomy":"product_brand","embeddable":true,"href":"https:\/\/etno.net\/en\/wp-json\/wp\/v2\/product_brand?post=2864"},{"taxonomy":"product_cat","embeddable":true,"href":"https:\/\/etno.net\/en\/wp-json\/wp\/v2\/product_cat?post=2864"},{"taxonomy":"product_tag","embeddable":true,"href":"https:\/\/etno.net\/en\/wp-json\/wp\/v2\/product_tag?post=2864"}],"curies":[{"name":"wp","href":"https:\/\/api.w.org\/{rel}","templated":true}]}}