{"id":2865,"date":"2021-04-12T19:40:57","date_gmt":"2021-04-12T17:40:57","guid":{"rendered":"https:\/\/etno.net\/?post_type=product&#038;p=2865"},"modified":"2021-05-23T10:52:48","modified_gmt":"2021-05-23T08:52:48","slug":"monin-aanin-nakokulmia-aikuisten-harrastajien-lauluryhmaopetukseen","status":"publish","type":"product","link":"https:\/\/etno.net\/en\/julkaisu\/opinnaytteet\/maisteriopinnot\/monin-aanin-nakokulmia-aikuisten-harrastajien-lauluryhmaopetukseen","title":{"rendered":"Monin \u00e4\u00e4nin &#8211; N\u00e4k\u00f6kulmia aikuisten harrastajien lauluryhm\u00e4opetukseen"},"content":{"rendered":"<p>Seminaarity\u00f6<br \/>\nOpettajan pedagogiset opinnot<br \/>\nTampereen Yliopisto<\/p>\n<p>Taideyliopiston Sibelius-Akatemia, kansanmusiikin aineryhm\u00e4<br \/>\nKev\u00e4t 2019<\/p>\n<p>&nbsp;<\/p>\n<h2>Sis\u00e4llysluettelo<\/h2>\n<p><strong>1 Johdanto<\/strong><\/p>\n<p><strong>2 Tutkimusasetelma<\/strong><\/p>\n<p style=\"padding-left: 40px\">2.1 Tutkimusteht\u00e4v\u00e4 ja -menetelm\u00e4kuvaus<br \/>\n2.2 Haastateltavat<\/p>\n<p><strong>3 Aikuisten ja ik\u00e4\u00e4ntyvien harrastajien oppiminen<\/strong><\/p>\n<p style=\"padding-left: 40px\">3.1 Musiikin oppimisesta<br \/>\n3.2 Ik\u00e4\u00e4ntyminen ja musiikinoppiminen<br \/>\n3.3 Havaintomotoriikka<br \/>\n3.4 Tarkkaavaisuus ja aistit<br \/>\n3.5 \u00c4\u00e4nentuottaminen<\/p>\n<p style=\"padding-left: 80px\">3.5.1 \u00c4\u00e4nentuottamisen fysiologiset perusteet<br \/>\n3.5.2 S\u00e4velkorkeuden hahmottamisen ja tuottamisen haasteista<br \/>\n3.5.3 Ik\u00e4\u00e4ntymisen vaikutuksista laulamiseen<\/p>\n<p><strong>4 Moni\u00e4\u00e4nisen laulamisen oppimispolku Kod\u00e1ly-s\u00e4veltapailumenetelm\u00e4\u00e4n perustuen<\/strong><\/p>\n<p style=\"padding-left: 40px\">4.1 Stemmaty\u00f6skentely<br \/>\n4.2 Rytminen stemmaty\u00f6skentely<br \/>\n4.3 Melodinen ja harmoninen stemmaty\u00f6skentely<br \/>\n4.4 Kaksi- ja tai useampi\u00e4\u00e4niset laulut<\/p>\n<p><strong>5 Haastattelututkimuksen tulokset<\/strong><\/p>\n<p style=\"padding-left: 40px\">5.1 Viritta\u0308ytyminen lauluryhma\u0308n harjoituksissa \u2013 kohti pelotonta laulamista<br \/>\n5.2 Toiminnan ja harjoittamisen tavat moni\u00e4\u00e4nisyyden opettelussa<\/p>\n<p style=\"padding-left: 80px\">5.2.1 Miss\u00e4 laulan, mit\u00e4 kuulen?<br \/>\n5.2.2 Henkil\u00f6kohtainen ohjaus<br \/>\n5.2.3 Uuden laulun opettelu<\/p>\n<p style=\"padding-left: 40px\">5.3 Helposti la\u0308hestytta\u0308va\u0308t monia\u0308a\u0308niset sovitukset<br \/>\n5.4 Sa\u0308velkorkeuksien hahmottamisen haasteet ja sa\u0308velpuhtauden harjoittaminen<br \/>\n5.5 La\u0308hestymistapoja yhdessa\u0308 luomiseen<br \/>\n5.6 Stemmojen improvisoimisen opettamisesta<br \/>\n5.7 Opettajien mietteita\u0308 aikuisten opettamisesta<\/p>\n<p><strong>6 Pohdinta<\/strong><\/p>\n<p><strong>L\u00e4hteet<\/strong><\/p>\n<p><strong>Liitteet<\/strong><\/p>\n<p style=\"padding-left: 40px\">Liite 1: Haastattelukysymykset<br \/>\nLiite 2: Harjoitteet<br \/>\nLiite 3: Nuottiesimerkit<br \/>\nLiite 4: Curwen-k\u00e4simerkit<\/p>\n<p>&nbsp;<\/p>\n<p>&nbsp;<\/p>\n<h2>Tiivistelm\u00e4<\/h2>\n<p>Ta\u0308ssa\u0308 tutkimuksessa kera\u0308ttiin musiikinopettajilta kokemustietoa aikuisten harrastajien lauluryhma\u0308opetuksesta ja perehdyttiin kirjallisiin la\u0308hteisiin aikuisten ja ika\u0308a\u0308ntyvien oppimisesta, monia\u0308a\u0308nisen laulun alkeisopetuksesta seka\u0308 sa\u0308velkorkeuksien hahmottamisen ja tuottamisen haasteista laulaessa.<\/p>\n<p>Tutkimuksen aineistonkeruumenetelma\u0308na\u0308 ka\u0308ytettiin teemahaastattelua. Informantteina olivat kuoronjohtaja Sanna Valvanne ja kansalaisopiston musiikinopettaja Eila Hartikainen. Haastattelut toteutettiin joulukuussa 2018.<\/p>\n<p>Tutkimuksessa nousi esille, kuinka ta\u0308rkea\u0308a\u0308 lauluryhma\u0308opetuksessa on pelottoman, kannustavan ja turvallisen oppimisilmapiirin luominen ja tukeminen. Monipuolisilla ja kokonaisvaltaisilla a\u0308a\u0308nenavauksilla ja la\u0308mmittelyilla\u0308, joissa on liiketta\u0308, mielikuvituksen ka\u0308ytto\u0308a\u0308 ja vapaata tekemista\u0308 mukana, on monia positiivisia vaikutuksia lauluryhma\u0308la\u0308isille. Monia\u0308a\u0308nisyyden alkeiden oppimista voidaan helpottaa muun muassa erilaisilla opetusja\u0308rjestelyilla\u0308, valmistavilla harjoitteilla ja helposti la\u0308hestytta\u0308villa\u0308 laulusovituksilla.<\/p>","protected":false},"excerpt":{"rendered":"<p>Seminaarity\u00f6 Opettajan pedagogiset opinnot Tampereen Yliopisto Taideyliopiston Sibelius-Akatemia, kansanmusiikin aineryhm\u00e4 Kev\u00e4t 2019 &nbsp; Sis\u00e4llysluettelo 1 Johdanto 2 Tutkimusasetelma 2.1 Tutkimusteht\u00e4v\u00e4 ja -menetelm\u00e4kuvaus 2.2 Haastateltavat 3 Aikuisten ja ik\u00e4\u00e4ntyvien harrastajien oppiminen 3.1 Musiikin oppimisesta 3.2 Ik\u00e4\u00e4ntyminen ja musiikinoppiminen 3.3 Havaintomotoriikka 3.4 Tarkkaavaisuus ja aistit 3.5 \u00c4\u00e4nentuottaminen 3.5.1 \u00c4\u00e4nentuottamisen fysiologiset perusteet 3.5.2 S\u00e4velkorkeuden hahmottamisen ja tuottamisen haasteista [&hellip;]<\/p>\n","protected":false},"featured_media":0,"comment_status":"closed","ping_status":"closed","template":"","meta":{"_acf_changed":false},"product_brand":[],"product_cat":[81,76],"product_tag":[],"class_list":{"0":"post-2865","1":"product","2":"type-product","3":"status-publish","5":"product_cat-maisteriopinnot","6":"product_cat-opinnaytteet","8":"first","9":"instock","10":"shipping-taxable","11":"product-type-simple"},"acf":[],"_links":{"self":[{"href":"https:\/\/etno.net\/en\/wp-json\/wp\/v2\/product\/2865","targetHints":{"allow":["GET"]}}],"collection":[{"href":"https:\/\/etno.net\/en\/wp-json\/wp\/v2\/product"}],"about":[{"href":"https:\/\/etno.net\/en\/wp-json\/wp\/v2\/types\/product"}],"replies":[{"embeddable":true,"href":"https:\/\/etno.net\/en\/wp-json\/wp\/v2\/comments?post=2865"}],"wp:attachment":[{"href":"https:\/\/etno.net\/en\/wp-json\/wp\/v2\/media?parent=2865"}],"wp:term":[{"taxonomy":"product_brand","embeddable":true,"href":"https:\/\/etno.net\/en\/wp-json\/wp\/v2\/product_brand?post=2865"},{"taxonomy":"product_cat","embeddable":true,"href":"https:\/\/etno.net\/en\/wp-json\/wp\/v2\/product_cat?post=2865"},{"taxonomy":"product_tag","embeddable":true,"href":"https:\/\/etno.net\/en\/wp-json\/wp\/v2\/product_tag?post=2865"}],"curies":[{"name":"wp","href":"https:\/\/api.w.org\/{rel}","templated":true}]}}