{"id":2868,"date":"2021-04-13T23:21:13","date_gmt":"2021-04-13T21:21:13","guid":{"rendered":"https:\/\/etno.net\/?post_type=product&#038;p=2868"},"modified":"2021-05-23T10:02:28","modified_gmt":"2021-05-23T08:02:28","slug":"levyllinen-pitkahuilumusiikkia","status":"publish","type":"product","link":"https:\/\/etno.net\/en\/julkaisu\/opinnaytteet\/maisteriopinnot\/levyllinen-pitkahuilumusiikkia","title":{"rendered":"Levyllinen pitk\u00e4huilumusiikkia"},"content":{"rendered":"<p>Projektity\u00f6<br \/>\nKansanmusiikin aineryhm\u00e4<br \/>\nTaideyliopiston Sibelius-Akatemia<br \/>\n2019<\/p>\n<h2>Sis\u00e4llysluettelo<\/h2>\n<p><strong>1 Johdanto<\/strong><\/p>\n<p><strong>2 Projektissa k\u00e4ytetyist\u00e4 soittimista<\/strong><\/p>\n<p style=\"padding-left: 40px\">2.1 Pitk\u00e4huilu<br \/>\n2.2 Projektissa k\u00e4ytett\u00e4v\u00e4t pitk\u00e4huilut<br \/>\n2.3 Projektissa k\u00e4ytett\u00e4v\u00e4t muut soittimet<\/p>\n<p><strong>3 Levyn sis\u00e4lt\u00f6<\/strong><\/p>\n<p style=\"padding-left: 40px\">3.1 Yleist\u00e4 kappalevalinnoista, sovitusty\u00f6st\u00e4 ja \u00e4\u00e4nityksist\u00e4<br \/>\n3.2 Huilu puhuu<br \/>\n3.3 Joutsenen saunetervehdys<br \/>\n3.4 Wagogo filimbi<br \/>\n3.5 G-taklax<br \/>\n3.6 Muamo<br \/>\n3.7 Viima<br \/>\n3.8 Bassopitkisgroove<br \/>\n3.9 Laulu \/ Torupilli Jussi Lugu nr. 21<\/p>\n<p><strong>4 Pohdinta<\/strong><\/p>\n<p style=\"padding-left: 40px\">4.1 Suurimmat haasteet ja onnistumiset<br \/>\n4.2 Projektini hy\u00f6dyt soittimen soittotyylin\/tekniikan kehitt\u00e4misen suhteen<br \/>\n4.3 Lopuksi<\/p>\n<p><strong>L\u00e4hteet<\/strong><\/p>\n<p style=\"padding-left: 40px\">Kirjallisuutta, kuunneltavaa ja internetl\u00e4hteit\u00e4<br \/>\nPitk\u00e4huilun rakentajia<\/p>\n<p><strong>Liitteet<\/strong><\/p>\n<h2><\/h2>\n<h2>Johdanto<\/h2>\n<p>Projektity\u00f6ni tarkoitus on esitell\u00e4 perinnesoittimen, pitk\u00e4huilun, k\u00e4ytt\u00f6mahdollisuuksia kansanmusiikissa sek\u00e4 kokeilla sen sointia yhdess\u00e4 muiden soittimien kanssa.<\/p>\n<p>Minua kiinnostaa se, miten pitk\u00e4huilu k\u00e4ytt\u00e4ytyy yhteissoitossa erilaisia \u00e4\u00e4nenv\u00e4rej\u00e4 edustavien soittimien kanssa, sek\u00e4 sille soveltuvat monenlaiset roolit kappaleiden sovituksissa. Lis\u00e4ksi haluan kokeilla erilaisten pitk\u00e4huilujen yhteissointia er\u00e4\u00e4nlaisessa pitk\u00e4huiluorkesterissa, johon kuuluu useissa oktaavialoissa soivia pitk\u00e4huiluja ja mahdollisesti my\u00f6s monen eri pohjas\u00e4velen omaavia pitk\u00e4huiluja. Projekti t\u00e4ht\u00e4\u00e4 pitk\u00e4huiluun keskittyv\u00e4\u00e4n \u00e4\u00e4nitteeseen, joka \u00e4\u00e4nitet\u00e4\u00e4n kev\u00e4\u00e4ll\u00e4 2019. S\u00e4vellys- ja sovitusty\u00f6n toteutan kev\u00e4iden 2018 ja 2019 v\u00e4lill\u00e4. \u00c4\u00e4nitys ja miksaus toteutetaan maalis-kes\u00e4kuun 2019 aikana. \u00c4\u00e4nitteell\u00e4 kanssani soittavat Joonas Ojaj\u00e4rvi citterni\u00e4 ja Venla Blom beatboxaa. Itse soiton pitk\u00e4huiluja. Projektista syntynyt CD on kuultavissa muun muassa Sibelius-Akatemian Kansanmusiikin aineryhm\u00e4n kirjastossa, jonne se toimitetaan painatuksen j\u00e4lkeen. Painatus tapahtunee syksyn 2019 aikana. Olen liitt\u00e4nyt mukaan video- ja \u00e4\u00e4nin\u00e4ytteit\u00e4 sovituksellisista kokeiluista ja \u00e4\u00e4nitystilanteesta sek\u00e4 nuotteja. Projektity\u00f6n kirjallinen osuus on kuvaus prosessista ja sen tuloksista. Materiaalina toimivat projektista tekem\u00e4ni p\u00e4iv\u00e4kirjamerkinn\u00e4t, nuotit ja harjoitustaltioinnit.<\/p>\n<p>Pitk\u00e4huilulla (tai vastaavilla sormirei\u00e4tt\u00f6mill\u00e4 yl\u00e4s\u00e4velhuiluilla) toteutettuja \u00e4\u00e4nitteit\u00e4 on tehty aiemminkin, mutta pitk\u00e4huilun erilaisia rooleja yhtyesoitossa on tutkittu tiet\u00e4mykseni mukaan hyvin v\u00e4h\u00e4n. Monessa \u00e4\u00e4nitteess\u00e4, jossa pitk\u00e4huilu soittaa yhtyeen kanssa, rooli on l\u00e4hinn\u00e4 melodiasoittoa. Poikkeuksena t\u00e4st\u00e4 l\u00f6ysin yhtyeen Nord-Sud-yhtyeen Fragments De Routes -albumin, jossa pitk\u00e4huilu toimii my\u00f6s s\u00e4est\u00e4v\u00e4ss\u00e4 roolissa mm. bassoelementtej\u00e4 sek\u00e4 stemmoja soittaen. Suomalaisista julkaisuista mainittakoon Tapani Varis Collectiven albumi V\u00e4risev\u00e4 Rauta, jossa pitk\u00e4huilu toimii ajoittain my\u00f6s stemmasoittimena.<\/p>","protected":false},"excerpt":{"rendered":"<p>Projektity\u00f6 Kansanmusiikin aineryhm\u00e4 Taideyliopiston Sibelius-Akatemia 2019 Sis\u00e4llysluettelo 1 Johdanto 2 Projektissa k\u00e4ytetyist\u00e4 soittimista 2.1 Pitk\u00e4huilu 2.2 Projektissa k\u00e4ytett\u00e4v\u00e4t pitk\u00e4huilut 2.3 Projektissa k\u00e4ytett\u00e4v\u00e4t muut soittimet 3 Levyn sis\u00e4lt\u00f6 3.1 Yleist\u00e4 kappalevalinnoista, sovitusty\u00f6st\u00e4 ja \u00e4\u00e4nityksist\u00e4 3.2 Huilu puhuu 3.3 Joutsenen saunetervehdys 3.4 Wagogo filimbi 3.5 G-taklax 3.6 Muamo 3.7 Viima 3.8 Bassopitkisgroove 3.9 Laulu \/ Torupilli Jussi [&hellip;]<\/p>\n","protected":false},"featured_media":0,"comment_status":"closed","ping_status":"closed","template":"","meta":{"_acf_changed":false},"product_brand":[],"product_cat":[81,76],"product_tag":[],"class_list":{"0":"post-2868","1":"product","2":"type-product","3":"status-publish","5":"product_cat-maisteriopinnot","6":"product_cat-opinnaytteet","8":"first","9":"instock","10":"shipping-taxable","11":"product-type-simple"},"acf":[],"_links":{"self":[{"href":"https:\/\/etno.net\/en\/wp-json\/wp\/v2\/product\/2868","targetHints":{"allow":["GET"]}}],"collection":[{"href":"https:\/\/etno.net\/en\/wp-json\/wp\/v2\/product"}],"about":[{"href":"https:\/\/etno.net\/en\/wp-json\/wp\/v2\/types\/product"}],"replies":[{"embeddable":true,"href":"https:\/\/etno.net\/en\/wp-json\/wp\/v2\/comments?post=2868"}],"wp:attachment":[{"href":"https:\/\/etno.net\/en\/wp-json\/wp\/v2\/media?parent=2868"}],"wp:term":[{"taxonomy":"product_brand","embeddable":true,"href":"https:\/\/etno.net\/en\/wp-json\/wp\/v2\/product_brand?post=2868"},{"taxonomy":"product_cat","embeddable":true,"href":"https:\/\/etno.net\/en\/wp-json\/wp\/v2\/product_cat?post=2868"},{"taxonomy":"product_tag","embeddable":true,"href":"https:\/\/etno.net\/en\/wp-json\/wp\/v2\/product_tag?post=2868"}],"curies":[{"name":"wp","href":"https:\/\/api.w.org\/{rel}","templated":true}]}}