{"id":2869,"date":"2021-04-13T23:22:06","date_gmt":"2021-04-13T21:22:06","guid":{"rendered":"https:\/\/etno.net\/?post_type=product&#038;p=2869"},"modified":"2021-05-23T10:55:55","modified_gmt":"2021-05-23T08:55:55","slug":"motellin-hamarassa-reflektiivinen-matkakertomus-soolokiertueelta-10-15-4-2018","status":"publish","type":"product","link":"https:\/\/etno.net\/en\/julkaisu\/opinnaytteet\/maisteriopinnot\/motellin-hamarassa-reflektiivinen-matkakertomus-soolokiertueelta-10-15-4-2018","title":{"rendered":"Motellin h\u00e4m\u00e4r\u00e4ss\u00e4 &#8211; reflektiivinen matkakertomus soolokiertueelta 10.-15.4.2018"},"content":{"rendered":"<p>Projektity\u00f6<br \/>\nKansanmusiikin aineryhm\u00e4<br \/>\nTaideyliopiston Sibelius-Akatemia<br \/>\n2019<\/p>\n<p>&nbsp;<\/p>\n<h2>Sis\u00e4llysluettelo<\/h2>\n<p><strong>Kiertueen taustaa<\/strong><\/p>\n<p><strong>Ennen l\u00e4ht\u00f6\u00e4<\/strong><\/p>\n<p><strong>Konsertit<\/strong><\/p>\n<p style=\"padding-left: 40px\">M\u00e4ntyharju 10.4.<br \/>\nHelsinki 11.4.<br \/>\nJoensuu 12.4.<br \/>\nV\u00e4lip\u00e4iv\u00e4 13.4.<br \/>\nSein\u00e4joki 14.4.<\/p>\n<p style=\"padding-left: 80px\">Lastenkonsertti 14<br \/>\nStill Standing klo 18<\/p>\n<p style=\"padding-left: 40px\">Pertunmaa 15.4.<\/p>\n<p><strong>Havaintoja ja p\u00e4\u00e4telmi\u00e4 videoiden pohjalta<\/strong><\/p>\n<p><strong>Mit\u00e4 kiertue minulle antoi?<\/strong><\/p>\n<p style=\"padding-left: 40px\">Kohtaamisia<br \/>\nVinkkej\u00e4 yksin kiert\u00e4v\u00e4lle<\/p>\n<p>&nbsp;<\/p>\n<h2>Johdannoksi<\/h2>\n<p>T\u00e4m\u00e4 on kansanmusiikin maisteriopintoihin kuuluvan projektity\u00f6ni kirjallinen osa \u2013 kerronnallinen kuvaus ensimm\u00e4isest\u00e4 soolokiertueestani laulaja-lauluntekij\u00e4n\u00e4. Projektin taiteellinen osuus oli Suomen Kansanmusiikkiliiton j\u00e4rjest\u00e4m\u00e4n kiertueen toteuttaminen huhtikuussa 2018. Kokonaisuudessaan projekti on ollut itselleni oiva ammatillisen oppimisen v\u00e4line \u2013 toivottavasti laatimastani raportista on iloa ja hy\u00f6ty\u00e4 muillekin soolona esiintyville.<\/p>\n<p>Tavoitteenani oli selvitt\u00e4\u00e4 valmiuksiani toimia itsen\u00e4isen\u00e4, kiert\u00e4v\u00e4n\u00e4 muusikkona ja tehd\u00e4 havaintoja siihen liittyvist\u00e4 haasteista ja mahdollisuuksista. Kasvaakseni artistina tunsin tarvitsevani uusia kokemuksia laulumateriaalini esitt\u00e4misest\u00e4 erilaisille yleis\u00f6ille. Ajattelin, ett\u00e4 soolokiertue tarjoaisi mahdollisuuden tutustua itseeni ja lauluihini sek\u00e4 pohtia mit\u00e4 esiintyminen minulle merkitsee. Miksi ylip\u00e4\u00e4t\u00e4\u00e4n haluan esitt\u00e4\u00e4 laulujani julkisesti? Osaisinko luottaa siihen, ett\u00e4 laulujeni tarinat ja musiikillinen substanssi kantavat konsertista toiseen? Jaksaisinko uskoa itseeni artistina? Ent\u00e4 miten esiintymistilanne vaikuttaa l\u00e4sn\u00e4oloni laatuun \u2013 muutunko esiintyj\u00e4ksi, kun astun lavalle?<\/p>\n<p>Kokemusteni tallentamista ja esiintymisten my\u00f6hemp\u00e4\u00e4 analysointia varten otin matkaan tietokoneen ja videokameran. Kiertueen seikkailullisen ja el\u00e4myksellisen luonteen vuoksi reflektoin kokemuksiani kuin blogia tai p\u00e4iv\u00e4kirjaa kirjoittaen. Kiertueen aikana tein muistiinpanoja ja muotoilin kirjoitelmaa alustavasti, mutta suurimman osan olen kirjoittanut j\u00e4lkeenp\u00e4in videoiden ja muistiinpanojen pohjalta. Sitaateissa p\u00e4iv\u00e4kohtaisten yl\u00e4otsikoiden alla on valikoitu spiikki kultakin keikalta. Tekstin lomaan olen lis\u00e4nnyt otteita videoilta ja kommentoinut niit\u00e4 joidenkin yksityiskohtien osalta.<\/p>","protected":false},"excerpt":{"rendered":"<p>Projektity\u00f6 Kansanmusiikin aineryhm\u00e4 Taideyliopiston Sibelius-Akatemia 2019 &nbsp; Sis\u00e4llysluettelo Kiertueen taustaa Ennen l\u00e4ht\u00f6\u00e4 Konsertit M\u00e4ntyharju 10.4. Helsinki 11.4. Joensuu 12.4. V\u00e4lip\u00e4iv\u00e4 13.4. Sein\u00e4joki 14.4. Lastenkonsertti 14 Still Standing klo 18 Pertunmaa 15.4. Havaintoja ja p\u00e4\u00e4telmi\u00e4 videoiden pohjalta Mit\u00e4 kiertue minulle antoi? Kohtaamisia Vinkkej\u00e4 yksin kiert\u00e4v\u00e4lle &nbsp; Johdannoksi T\u00e4m\u00e4 on kansanmusiikin maisteriopintoihin kuuluvan projektity\u00f6ni kirjallinen osa \u2013 [&hellip;]<\/p>\n","protected":false},"featured_media":0,"comment_status":"closed","ping_status":"closed","template":"","meta":{"_acf_changed":false},"product_brand":[],"product_cat":[81,76],"product_tag":[],"class_list":{"0":"post-2869","1":"product","2":"type-product","3":"status-publish","5":"product_cat-maisteriopinnot","6":"product_cat-opinnaytteet","8":"first","9":"instock","10":"shipping-taxable","11":"product-type-simple"},"acf":[],"_links":{"self":[{"href":"https:\/\/etno.net\/en\/wp-json\/wp\/v2\/product\/2869","targetHints":{"allow":["GET"]}}],"collection":[{"href":"https:\/\/etno.net\/en\/wp-json\/wp\/v2\/product"}],"about":[{"href":"https:\/\/etno.net\/en\/wp-json\/wp\/v2\/types\/product"}],"replies":[{"embeddable":true,"href":"https:\/\/etno.net\/en\/wp-json\/wp\/v2\/comments?post=2869"}],"wp:attachment":[{"href":"https:\/\/etno.net\/en\/wp-json\/wp\/v2\/media?parent=2869"}],"wp:term":[{"taxonomy":"product_brand","embeddable":true,"href":"https:\/\/etno.net\/en\/wp-json\/wp\/v2\/product_brand?post=2869"},{"taxonomy":"product_cat","embeddable":true,"href":"https:\/\/etno.net\/en\/wp-json\/wp\/v2\/product_cat?post=2869"},{"taxonomy":"product_tag","embeddable":true,"href":"https:\/\/etno.net\/en\/wp-json\/wp\/v2\/product_tag?post=2869"}],"curies":[{"name":"wp","href":"https:\/\/api.w.org\/{rel}","templated":true}]}}