{"id":2872,"date":"2021-04-13T23:26:45","date_gmt":"2021-04-13T21:26:45","guid":{"rendered":"https:\/\/etno.net\/?post_type=product&#038;p=2872"},"modified":"2021-05-24T11:41:45","modified_gmt":"2021-05-24T09:41:45","slug":"saestyskirjan-laatiminen-virsikirjan-uudelle-lisavihkolle","status":"publish","type":"product","link":"https:\/\/etno.net\/en\/julkaisu\/opinnaytteet\/maisteriopinnot\/saestyskirjan-laatiminen-virsikirjan-uudelle-lisavihkolle","title":{"rendered":"S\u00e4estyskirjan laatiminen virsikirjan uudelle lis\u00e4vihkolle"},"content":{"rendered":"<p>Projektity\u00f6<br \/>\nTaideyliopiston Sibelius-Akatemia<br \/>\nKansanmusiikin aineryhm\u00e4<br \/>\n2018<\/p>\n<div class=\"field field-name-field-thesis-newbody field-type-text-with-summary field-label-hidden\">\n<div class=\"field-items\">\n<div class=\"field-item even\">\n<h2><\/h2>\n<h2>Sis\u00e4llysluettelo<\/h2>\n<\/div>\n<\/div>\n<\/div>\n<p><strong>1 Johdanto ja tavoitteet<\/strong><\/p>\n<p>1.1 Yleiset tavoitteet<br \/>\n1.2 Omat tavoitteet<\/p>\n<p><strong>2 Taustaa: Virsikirjan lis\u00e4vihkon s\u00e4estyskirja<\/strong><\/p>\n<p style=\"padding-left: 40px\">2.1 Virsikirja<br \/>\n2.2 Virsikirjan lis\u00e4vihko<br \/>\n2.3 Koraalikirjat<br \/>\n2.4 Lis\u00e4vihkon s\u00e4estyskirja<\/p>\n<p><strong>3 Ty\u00f6skentely<\/strong><\/p>\n<p style=\"padding-left: 40px\">3.1 Ty\u00f6ryhm\u00e4 ja ty\u00f6skentelytavat<br \/>\n3.2 Omat tuntemukset ja rooli ty\u00f6ryhm\u00e4ss\u00e4<br \/>\n3.3 S\u00e4velmateriaali ja haasteet<br \/>\n3.4 Pohdinnat ja mielipiteet<\/p>\n<p><strong>4 Soinnutuksien laatiminen<\/strong><\/p>\n<p><strong>5 S\u00e4estyssatsien laatiminen<\/strong><\/p>\n<p style=\"padding-left: 40px\">5.1 Virsi 953: Herramme luo k\u00e4yk\u00e4\u00e4mme kaikki!<br \/>\n5.2 Virsi 979: Tulkoon tie sinua vastaan<br \/>\n5.3 Virsi 958: Leip\u00e4 sy\u00f6, viini juo<br \/>\n5.4 Lahjoillasi meit\u00e4 siunaat<br \/>\n5.5 Virsi 950: Laulu kuuluu kirkkotiell\u00e4<br \/>\n5.6 Virsi 957: Pyh\u00e4\u00e4n salaisuuteen<br \/>\n5.7 Virsi 960: Maksettu on<br \/>\n5.8 Virsi 962: Jeesus, mets\u00e4n heleydess\u00e4<br \/>\n5.9 Virsi 963: Herra, kutsut ty\u00f6h\u00f6si<br \/>\n5.10 Virsi 965: Vien suuren viestin<br \/>\n5.11 Virsi 966: Is\u00e4 nyt vie rakastamaan<br \/>\n5.12 Satsien tekeminen muihin vastuullani oleviin virsiin<\/p>\n<p><strong>6 Projektin loppuvaiheet<\/strong><\/p>\n<p><strong>7 Tavoitteiden toteutuminen<\/strong><\/p>\n<div class=\"field field-name-field-thesis-julkaisuvuosi field-type-date field-label-above\"><\/div>\n<div>\n<h2>Johdanto<\/h2>\n<p>T\u00e4ss\u00e4 ty\u00f6ss\u00e4 pohdin omaan ty\u00f6skentelyyni liittyvi\u00e4 vaiheita projektissa, jossa laadittiin s\u00e4estyskirja Suomen evankelis-luterilaisen kirkon virsikirjan uudelle lis\u00e4vihkolle (2015). Ty\u00f6skentelin vuosina 2015\u20132016 Kirkkohallituksen kokoon kutsumassa ty\u00f6ryhm\u00e4ss\u00e4, jonka teht\u00e4v\u00e4 oli luoda s\u00e4estyssatsit ja soinnut uusien lis\u00e4vihkon virsien s\u00e4est\u00e4miseen. S\u00e4estyskirja on suunnattu erityisesti seurakuntaty\u00f6h\u00f6n kanttorien k\u00e4ytt\u00f6\u00f6n. Minulle t\u00e4m\u00e4 oli ensimm\u00e4inen nuottikirjan julkaisuprojekti, jossa olen ollut mukana.<\/p>\n<\/div>","protected":false},"excerpt":{"rendered":"<p>Projektity\u00f6 Taideyliopiston Sibelius-Akatemia Kansanmusiikin aineryhm\u00e4 2018 Sis\u00e4llysluettelo 1 Johdanto ja tavoitteet 1.1 Yleiset tavoitteet 1.2 Omat tavoitteet 2 Taustaa: Virsikirjan lis\u00e4vihkon s\u00e4estyskirja 2.1 Virsikirja 2.2 Virsikirjan lis\u00e4vihko 2.3 Koraalikirjat 2.4 Lis\u00e4vihkon s\u00e4estyskirja 3 Ty\u00f6skentely 3.1 Ty\u00f6ryhm\u00e4 ja ty\u00f6skentelytavat 3.2 Omat tuntemukset ja rooli ty\u00f6ryhm\u00e4ss\u00e4 3.3 S\u00e4velmateriaali ja haasteet 3.4 Pohdinnat ja mielipiteet 4 Soinnutuksien laatiminen [&hellip;]<\/p>\n","protected":false},"featured_media":0,"comment_status":"closed","ping_status":"closed","template":"","meta":{"_acf_changed":false},"product_brand":[],"product_cat":[81,76],"product_tag":[],"class_list":{"0":"post-2872","1":"product","2":"type-product","3":"status-publish","5":"product_cat-maisteriopinnot","6":"product_cat-opinnaytteet","8":"first","9":"instock","10":"shipping-taxable","11":"product-type-simple"},"acf":[],"_links":{"self":[{"href":"https:\/\/etno.net\/en\/wp-json\/wp\/v2\/product\/2872","targetHints":{"allow":["GET"]}}],"collection":[{"href":"https:\/\/etno.net\/en\/wp-json\/wp\/v2\/product"}],"about":[{"href":"https:\/\/etno.net\/en\/wp-json\/wp\/v2\/types\/product"}],"replies":[{"embeddable":true,"href":"https:\/\/etno.net\/en\/wp-json\/wp\/v2\/comments?post=2872"}],"wp:attachment":[{"href":"https:\/\/etno.net\/en\/wp-json\/wp\/v2\/media?parent=2872"}],"wp:term":[{"taxonomy":"product_brand","embeddable":true,"href":"https:\/\/etno.net\/en\/wp-json\/wp\/v2\/product_brand?post=2872"},{"taxonomy":"product_cat","embeddable":true,"href":"https:\/\/etno.net\/en\/wp-json\/wp\/v2\/product_cat?post=2872"},{"taxonomy":"product_tag","embeddable":true,"href":"https:\/\/etno.net\/en\/wp-json\/wp\/v2\/product_tag?post=2872"}],"curies":[{"name":"wp","href":"https:\/\/api.w.org\/{rel}","templated":true}]}}