{"id":2873,"date":"2021-04-13T23:27:50","date_gmt":"2021-04-13T21:27:50","guid":{"rendered":"https:\/\/etno.net\/?post_type=product&#038;p=2873"},"modified":"2021-05-24T12:08:22","modified_gmt":"2021-05-24T10:08:22","slug":"tarina-lyomasoittimille","status":"publish","type":"product","link":"https:\/\/etno.net\/en\/julkaisu\/opinnaytteet\/maisteriopinnot\/tarina-lyomasoittimille","title":{"rendered":"Tarina ly\u00f6m\u00e4soittimille"},"content":{"rendered":"<p>Projektity\u00f6<br \/>\nTaideyliopiston Sibelius-Akatemia<br \/>\nKansanmusiikin aineryhm\u00e4<br \/>\nKev\u00e4t 2018<\/p>\n<p>&nbsp;<\/p>\n<h2>Sis\u00e4llysluettelo<\/h2>\n<p><strong>1 Johdanto<\/strong><\/p>\n<p><strong>2 Kappaleen kuvailua<\/strong><\/p>\n<p><strong>3 Ty\u00f6vaiheet<\/strong><\/p>\n<p style=\"padding-left: 40px\">3.1 Teksti<br \/>\n3.2 Soittotekniikat<\/p>\n<p style=\"padding-left: 80px\">3.2.1 Vispil\u00e4<br \/>\n3.2.2 Kapulat<\/p>\n<p><strong>4 Huomioita temposta<\/strong><\/p>\n<p><strong>5 Dynamiikka<\/strong><\/p>\n<p><strong>6 Rakenne<\/strong><\/p>\n<p style=\"padding-left: 40px\">6.1 Rakenteesta yleisesti<br \/>\n6.2 Rakenne Touko-Taiga-konsertissa<br \/>\n6.3 Rakenne maisterikonsertissa<\/p>\n<p><strong>7 Mit\u00e4 sain prosessista<\/strong><\/p>\n<p>&nbsp;<\/p>\n<h3>Johdanto<\/h3>\n<p>Projektity\u00f6ni k\u00e4sittelee Ekaterina Konstantinova Mestnikovan kertoman tarinan siirt\u00e4mist\u00e4 ly\u00f6m\u00e4soittimille. Esitimme kappaleen opettajani Helge Norbakkenin kanssa kahdessa eri konsertissa: Touko-Taiga-festivaaleilla toukokuussa 2017 sek\u00e4 maisterikonsertissani joulukuussa 2017. Kerron prosessin ty\u00f6vaiheista, siit\u00e4, mill\u00e4 tavalla k\u00e4sittelimme puhuttua teksti\u00e4 sek\u00e4 k\u00e4ytt\u00e4mist\u00e4mme soittotekniikoista. Tekstiss\u00e4 k\u00e4sittelem\u00e4ni asiat p\u00e4tev\u00e4t sek\u00e4 Touko-Taigan konserttiin ett\u00e4 maisterikonserttiin. Suurimmat erot kahden konsertin v\u00e4lill\u00e4 liittyv\u00e4t kappaleen rakenteeseen. K\u00e4sittelen rakenteen muotoutumista omassa luvussa.<\/p>\n<p>Valitsin t\u00e4m\u00e4n tarinan, koska se oli rytmisesti mielenkiintoinen, yll\u00e4tyksellinen ja leikkis\u00e4. Pid\u00e4n erityisesti Mestnikovan puheeseen tekemist\u00e4 eloisista rytmeist\u00e4, h\u00e4n ik\u00e4\u00e4n kuin soittaa puhetta. Olen kiinnostunut tavoista, joilla toteuttaa ly\u00f6m\u00e4soittoa ilman, ett\u00e4 se olisi komppaamista tai rytmien esittely\u00e4. Mestnikovan \u010dabyrgakh-kertomuksessa on ominaisuuksia, joita tarkastelemalla uskon saavani ilmavuutta ja vapautta my\u00f6s omaan soittooni.<\/p>\n<p>&nbsp;<\/p>","protected":false},"excerpt":{"rendered":"<p>Projektity\u00f6 Taideyliopiston Sibelius-Akatemia Kansanmusiikin aineryhm\u00e4 Kev\u00e4t 2018 &nbsp; Sis\u00e4llysluettelo 1 Johdanto 2 Kappaleen kuvailua 3 Ty\u00f6vaiheet 3.1 Teksti 3.2 Soittotekniikat 3.2.1 Vispil\u00e4 3.2.2 Kapulat 4 Huomioita temposta 5 Dynamiikka 6 Rakenne 6.1 Rakenteesta yleisesti 6.2 Rakenne Touko-Taiga-konsertissa 6.3 Rakenne maisterikonsertissa 7 Mit\u00e4 sain prosessista &nbsp; Johdanto Projektity\u00f6ni k\u00e4sittelee Ekaterina Konstantinova Mestnikovan kertoman tarinan siirt\u00e4mist\u00e4 ly\u00f6m\u00e4soittimille. [&hellip;]<\/p>\n","protected":false},"featured_media":0,"comment_status":"closed","ping_status":"closed","template":"","meta":{"_acf_changed":false},"product_brand":[],"product_cat":[81,76],"product_tag":[],"class_list":{"0":"post-2873","1":"product","2":"type-product","3":"status-publish","5":"product_cat-maisteriopinnot","6":"product_cat-opinnaytteet","8":"first","9":"instock","10":"shipping-taxable","11":"product-type-simple"},"acf":[],"_links":{"self":[{"href":"https:\/\/etno.net\/en\/wp-json\/wp\/v2\/product\/2873","targetHints":{"allow":["GET"]}}],"collection":[{"href":"https:\/\/etno.net\/en\/wp-json\/wp\/v2\/product"}],"about":[{"href":"https:\/\/etno.net\/en\/wp-json\/wp\/v2\/types\/product"}],"replies":[{"embeddable":true,"href":"https:\/\/etno.net\/en\/wp-json\/wp\/v2\/comments?post=2873"}],"wp:attachment":[{"href":"https:\/\/etno.net\/en\/wp-json\/wp\/v2\/media?parent=2873"}],"wp:term":[{"taxonomy":"product_brand","embeddable":true,"href":"https:\/\/etno.net\/en\/wp-json\/wp\/v2\/product_brand?post=2873"},{"taxonomy":"product_cat","embeddable":true,"href":"https:\/\/etno.net\/en\/wp-json\/wp\/v2\/product_cat?post=2873"},{"taxonomy":"product_tag","embeddable":true,"href":"https:\/\/etno.net\/en\/wp-json\/wp\/v2\/product_tag?post=2873"}],"curies":[{"name":"wp","href":"https:\/\/api.w.org\/{rel}","templated":true}]}}