{"id":2874,"date":"2021-04-13T23:29:01","date_gmt":"2021-04-13T21:29:01","guid":{"rendered":"https:\/\/etno.net\/?post_type=product&#038;p=2874"},"modified":"2021-05-24T12:05:32","modified_gmt":"2021-05-24T10:05:32","slug":"sonic-journal-live-konsertin-savellys","status":"publish","type":"product","link":"https:\/\/etno.net\/en\/julkaisu\/opinnaytteet\/maisteriopinnot\/sonic-journal-live-konsertin-savellys","title":{"rendered":"Sonic Journal Live -konsertin s\u00e4vellys"},"content":{"rendered":"<p>Projektity\u00f6<br \/>\nTaideyliopiston Sibelius-Akatemia<br \/>\nKansanmusiikin aineryhm\u00e4<br \/>\n2018<\/p>\n<p>&nbsp;<\/p>\n<h2>Sis\u00e4llysluettelo<\/h2>\n<p><strong>1 Johdanto<\/strong><\/p>\n<p><strong>2 Ty\u00f6skentelyn l\u00e4ht\u00f6kohdat<\/strong><\/p>\n<p><strong>3 Konserttiohjelmisto<\/strong><\/p>\n<p><strong>4 Sanoitusten kirjoittaminen<\/strong><\/p>\n<p><strong>5 S\u00e4vellys- ja sovitusty\u00f6<\/strong><\/p>\n<p><strong>6 Teosesimerkit<\/strong><\/p>\n<p style=\"padding-left: 40px\">6.1 Esimerkki 1: Should I Be Running (Liitteet 1-5)<br \/>\n6.2 Esimerkki 2: Lament (Liitteet 6\u20139)<\/p>\n<p><strong>7 Yhteenveto<\/strong><\/p>\n<p><strong>8 Liitteet<\/strong><\/p>\n<p>&nbsp;<\/p>\n<h2><strong>Johdanto<\/strong><\/h2>\n<p>Tarkastelen projektity\u00f6ss\u00e4ni maisterikonserttini \u201cSonic Journal Live\u201d:n s\u00e4vellys- ja sanoitusprosessia. Kerron aluksi ty\u00f6tavoistani ja -v\u00e4lineist\u00e4ni prosessin eri vaiheissa, mink\u00e4 j\u00e4lkeen syvennyn kahden valitsemani erityylisen teoksen yksityiskohtiin.<\/p>\n<p>Idea sek\u00e4 osa konsertissa kuultavien teosten aihioista syntyi lukuvuonna 2015-2016 ollessani vaihto-opiskelemassa Melbournessa, Australiassa. Suomeen palattuani olen jalostanut teksti- ja melodia-aihioitani jousiyhtyeen, \u00e4\u00e4ninauhojen sek\u00e4 live-elektroniikan kanssa toteutettaviksi.<\/p>\n<p>Nimi Sonic Journal Live tulee siit\u00e4, ett\u00e4 maisterikonsertissani liven\u00e4 esitett\u00e4v\u00e4t teokset ovat luonteeltaan \u00e4\u00e4nip\u00e4iv\u00e4kirjamaisia: ne ovat saaneet alkunsa paikoista, joissa olen kulkenut, tarkkaillut ja kokenut. Tekstit ovat englanninkielisi\u00e4, sill\u00e4 suurin osa niist\u00e4 on syntynyt englanninkielisess\u00e4 ymp\u00e4rist\u00f6ss\u00e4.<\/p>\n<p>Maisterikonserttini teoksissa halusin p\u00e4\u00e4st\u00e4\u00e4 ilmoille vapautuneesti sit\u00e4, mit\u00e4 mieleni tuottaa, rajaamatta tai rajoittamatta musiikkiani mihink\u00e4\u00e4n tiettyihin raameihin. En siis prosessin alussa viel\u00e4 tiennyt lainkaan, mit\u00e4 syntyisi. Tiedostin toki vaikutteeni, kuten pitk\u00e4linjaisen kansanmusiikin opiskelun sek\u00e4 t\u00e4t\u00e4 edelt\u00e4v\u00e4t klassisen musiikin opinnot, monenkirjavat musiikkiprojektit, joissa olen ollut osallisena sek\u00e4 suhteellisen laaja-alaisen musiikkimakuni.<\/p>\n<p>Jousisoittimilla on ollut el\u00e4m\u00e4ss\u00e4ni erityinen rooli, joten halusin maisterikonserttini kokoonpanoksi jousipainotteisen yhtyeen. Melbournessa opiskellessani minulla oli k\u00e4yt\u00f6ss\u00e4ni Suomesta tuomani viulun lis\u00e4ksi sello ja kontrabasso, joten toteutin ensimm\u00e4iset demo\u00e4\u00e4nitteet noilla soittimilla. Suomeen palattuani p\u00e4\u00e4tin pysytell\u00e4 t\u00e4ss\u00e4 alttoviuluttomassa jousikokoonpanossa. En ollut aiemmin juurikaan tehnyt l\u00e4pisovitettuja s\u00e4vellyksi\u00e4, mutta t\u00e4ll\u00e4 kertaa halusin ottaa suurimman sovitusvastuun, jotta oppisin my\u00f6s sovitusta. Sovitusten hiomisessa minua on auttanut konserttini ohjaava opettaja Kalle Vainio.<\/p>\n<p>Laulumelodioissa on ollut itselleni paljon \u00e4\u00e4nenk\u00e4yt\u00f6llisi\u00e4 haasteita, joita olen k\u00e4ynyt lauluopettajani Hanna Hurskaisen kanssa l\u00e4pi. Projektissani olen kohdannut my\u00f6s aivan uudenlaisia ty\u00f6skentelytapoja, kuten \u00e4\u00e4nimaisemien \u00e4\u00e4nityst\u00e4 ja noiden \u00e4\u00e4nitteiden muokkaamista sek\u00e4 sopivien \u00e4\u00e4nitteiden valitsemista s\u00e4vellyksi\u00e4ni t\u00e4ydent\u00e4m\u00e4\u00e4n.<\/p>\n<p>Kaiken kaikkiaan projektissani on ollut monia uusia haasteita, mutta n\u00e4iden haasteiden kohtaaminen on ollut eritt\u00e4in antoisaa. T\u00e4m\u00e4 puolivahingossa syntynyt idea on antanut minulle inspiraatiota ja halua opetella ja kehitt\u00e4\u00e4 projektissa tarvitsemiani taitoja.<\/p>\n<p>&nbsp;<\/p>","protected":false},"excerpt":{"rendered":"<p>Projektity\u00f6 Taideyliopiston Sibelius-Akatemia Kansanmusiikin aineryhm\u00e4 2018 &nbsp; Sis\u00e4llysluettelo 1 Johdanto 2 Ty\u00f6skentelyn l\u00e4ht\u00f6kohdat 3 Konserttiohjelmisto 4 Sanoitusten kirjoittaminen 5 S\u00e4vellys- ja sovitusty\u00f6 6 Teosesimerkit 6.1 Esimerkki 1: Should I Be Running (Liitteet 1-5) 6.2 Esimerkki 2: Lament (Liitteet 6\u20139) 7 Yhteenveto 8 Liitteet &nbsp; Johdanto Tarkastelen projektity\u00f6ss\u00e4ni maisterikonserttini \u201cSonic Journal Live\u201d:n s\u00e4vellys- ja sanoitusprosessia. Kerron [&hellip;]<\/p>\n","protected":false},"featured_media":0,"comment_status":"closed","ping_status":"closed","template":"","meta":{"_acf_changed":false},"product_brand":[],"product_cat":[81,76],"product_tag":[],"class_list":{"0":"post-2874","1":"product","2":"type-product","3":"status-publish","5":"product_cat-maisteriopinnot","6":"product_cat-opinnaytteet","8":"first","9":"instock","10":"shipping-taxable","11":"product-type-simple"},"acf":[],"_links":{"self":[{"href":"https:\/\/etno.net\/en\/wp-json\/wp\/v2\/product\/2874","targetHints":{"allow":["GET"]}}],"collection":[{"href":"https:\/\/etno.net\/en\/wp-json\/wp\/v2\/product"}],"about":[{"href":"https:\/\/etno.net\/en\/wp-json\/wp\/v2\/types\/product"}],"replies":[{"embeddable":true,"href":"https:\/\/etno.net\/en\/wp-json\/wp\/v2\/comments?post=2874"}],"wp:attachment":[{"href":"https:\/\/etno.net\/en\/wp-json\/wp\/v2\/media?parent=2874"}],"wp:term":[{"taxonomy":"product_brand","embeddable":true,"href":"https:\/\/etno.net\/en\/wp-json\/wp\/v2\/product_brand?post=2874"},{"taxonomy":"product_cat","embeddable":true,"href":"https:\/\/etno.net\/en\/wp-json\/wp\/v2\/product_cat?post=2874"},{"taxonomy":"product_tag","embeddable":true,"href":"https:\/\/etno.net\/en\/wp-json\/wp\/v2\/product_tag?post=2874"}],"curies":[{"name":"wp","href":"https:\/\/api.w.org\/{rel}","templated":true}]}}