{"id":2875,"date":"2021-04-13T23:30:10","date_gmt":"2021-04-13T21:30:10","guid":{"rendered":"https:\/\/etno.net\/?post_type=product&#038;p=2875"},"modified":"2021-05-24T12:26:15","modified_gmt":"2021-05-24T10:26:15","slug":"veneh-musiikin-saveltaminen-lyhytelokuvaan","status":"publish","type":"product","link":"https:\/\/etno.net\/en\/julkaisu\/opinnaytteet\/maisteriopinnot\/veneh-musiikin-saveltaminen-lyhytelokuvaan","title":{"rendered":"VENEH &#8211; Musiikin s\u00e4velt\u00e4minen lyhytelokuvaan"},"content":{"rendered":"<p>Projektity\u00f6<br \/>\nTaideyliopiston Sibelius-Akatemia<br \/>\nKansanmusiikin aineryhm\u00e4<br \/>\n2018<\/p>\n<p>&nbsp;<\/p>\n<h2>Sis\u00e4llysluettelo<\/h2>\n<p><strong>1 Johdanto<\/strong><\/p>\n<p><strong>2 Taustaa<\/strong><\/p>\n<p><strong>3 Tavoitteiden asettelu<\/strong><\/p>\n<p><strong>4 Projektin vaiheet<\/strong><\/p>\n<p style=\"padding-left: 40px\">1. vaihe: orientoituminen projektiin<br \/>\n2. vaihe: tutustuminen musiikilliseen materiaaliin<br \/>\n3. vaihe: s\u00e4velt\u00e4minen ja sovittaminen<br \/>\n4. vaihe: \u00e4\u00e4nitys ja organisointi<\/p>\n<p><strong>5 S\u00e4velt\u00e4minen ja sovittaminen<\/strong><\/p>\n<p><strong>6 Tavoitteiden saavuttaminen<\/strong><\/p>\n<p><strong>7 Johtop\u00e4\u00e4t\u00f6kset<\/strong><\/p>\n<p><strong>Liitteet<\/strong><\/p>\n<p style=\"padding-left: 40px\">Kirjalliset liitteet<br \/>\nNuotinnokset<br \/>\nTallenteet<br \/>\nNuotit<\/p>\n<h2><\/h2>\n<h2 id=\"1-johdanto\">Johdanto<\/h2>\n<p>Veneh on karjalankielinen lyhytelokuva siirtym\u00e4riitist\u00e4, jossa tyt\u00f6st\u00e4 tulee morsian. Elokuva johdattelee aunuslaiseen h\u00e4\u00e4rituaaliperinteeseen. Elokuvan tarina sijoittuu viime vuosisadan alun viitteelliseen karjalaiskyl\u00e4\u00e4n ja yhdistelee etnografisen kuvauksen, draaman sek\u00e4 musiikkivideon tyylilajeja. Elokuvan on ohjannut, k\u00e4sikirjoittanut ja tuottanut tanssija Jyrki Haapala, jonka pitk\u00e4aikainen visio Veneh-lyhytelokuva on. Jyrki Haapalan ajatusten pohjalta olen yhteisty\u00f6ss\u00e4 h\u00e4nen kanssaan s\u00e4velt\u00e4nyt ja sovittanut elokuvaan musiikin. Samalla olen tutustunut prosessiin, jolla pienen budjetin lyhytelokuva saadaan tehty\u00e4 valmiiksi ensi-iltaan.<\/p>\n<p>Projektity\u00f6ss\u00e4ni keskityn Veneh-elokuvan s\u00e4vellys- ja sovitusty\u00f6h\u00f6n ja sivuan my\u00f6s elokuvan valmistamisen prosessia omasta n\u00e4k\u00f6kulmastani.<\/p>","protected":false},"excerpt":{"rendered":"<p>Projektity\u00f6 Taideyliopiston Sibelius-Akatemia Kansanmusiikin aineryhm\u00e4 2018 &nbsp; Sis\u00e4llysluettelo 1 Johdanto 2 Taustaa 3 Tavoitteiden asettelu 4 Projektin vaiheet 1. vaihe: orientoituminen projektiin 2. vaihe: tutustuminen musiikilliseen materiaaliin 3. vaihe: s\u00e4velt\u00e4minen ja sovittaminen 4. vaihe: \u00e4\u00e4nitys ja organisointi 5 S\u00e4velt\u00e4minen ja sovittaminen 6 Tavoitteiden saavuttaminen 7 Johtop\u00e4\u00e4t\u00f6kset Liitteet Kirjalliset liitteet Nuotinnokset Tallenteet Nuotit Johdanto Veneh on [&hellip;]<\/p>\n","protected":false},"featured_media":0,"comment_status":"closed","ping_status":"closed","template":"","meta":{"_acf_changed":false},"product_brand":[],"product_cat":[81,76],"product_tag":[],"class_list":{"0":"post-2875","1":"product","2":"type-product","3":"status-publish","5":"product_cat-maisteriopinnot","6":"product_cat-opinnaytteet","8":"first","9":"instock","10":"shipping-taxable","11":"product-type-simple"},"acf":[],"_links":{"self":[{"href":"https:\/\/etno.net\/en\/wp-json\/wp\/v2\/product\/2875","targetHints":{"allow":["GET"]}}],"collection":[{"href":"https:\/\/etno.net\/en\/wp-json\/wp\/v2\/product"}],"about":[{"href":"https:\/\/etno.net\/en\/wp-json\/wp\/v2\/types\/product"}],"replies":[{"embeddable":true,"href":"https:\/\/etno.net\/en\/wp-json\/wp\/v2\/comments?post=2875"}],"wp:attachment":[{"href":"https:\/\/etno.net\/en\/wp-json\/wp\/v2\/media?parent=2875"}],"wp:term":[{"taxonomy":"product_brand","embeddable":true,"href":"https:\/\/etno.net\/en\/wp-json\/wp\/v2\/product_brand?post=2875"},{"taxonomy":"product_cat","embeddable":true,"href":"https:\/\/etno.net\/en\/wp-json\/wp\/v2\/product_cat?post=2875"},{"taxonomy":"product_tag","embeddable":true,"href":"https:\/\/etno.net\/en\/wp-json\/wp\/v2\/product_tag?post=2875"}],"curies":[{"name":"wp","href":"https:\/\/api.w.org\/{rel}","templated":true}]}}