{"id":2877,"date":"2021-04-13T23:34:28","date_gmt":"2021-04-13T21:34:28","guid":{"rendered":"https:\/\/etno.net\/?post_type=product&#038;p=2877"},"modified":"2021-05-24T11:29:50","modified_gmt":"2021-05-24T09:29:50","slug":"miten-ja-miksi-taman-hetken-laulut-laulumatka-jonka-keskiossa-ovat-kokonaisuus-suunta-lasnaolo-mielikuvat-heittaytyminen-ja-tarinan-kertominen","status":"publish","type":"product","link":"https:\/\/etno.net\/en\/julkaisu\/opinnaytteet\/maisteriopinnot\/miten-ja-miksi-taman-hetken-laulut-laulumatka-jonka-keskiossa-ovat-kokonaisuus-suunta-lasnaolo-mielikuvat-heittaytyminen-ja-tarinan-kertominen","title":{"rendered":"Miten ja miksi &#8211; T\u00e4m\u00e4n hetken laulut. Laulumatka, jonka keski\u00f6ss\u00e4 ovat kokonaisuus, suunta, l\u00e4sn\u00e4olo, mielikuvat, heitt\u00e4ytyminen ja tarinan kertominen"},"content":{"rendered":"<p>Projektity\u00f6<br \/>\nTaideyliopiston Sibelius-Akatemia<br \/>\nKansanmusiikin aineryhm\u00e4<br \/>\n2018<\/p>\n<p>&nbsp;<\/p>\n<p><strong>L\u00e4ht\u00f6kohta, taustaa<\/strong><\/p>\n<p style=\"padding-left: 40px\">Soitan ja laulan mit\u00e4 haluan<br \/>\nKenelle soitan?<\/p>\n<p><strong>Tavoitteet<\/strong><\/p>\n<p style=\"padding-left: 40px\">Kokonaisuus<br \/>\nEsiintymisest\u00e4 nauttiminen<br \/>\nAvoimena yleis\u00f6n edess\u00e4<br \/>\nLuottamus omaan tahtoon ja mieleen<\/p>\n<p><strong>Pelot ja jarrut &#8211; konsertin kivijalka?<\/strong><\/p>\n<p style=\"padding-left: 40px\">Improvisointi<br \/>\nLeikki<br \/>\nHerkkyys<br \/>\nItsekritiikki<br \/>\nL\u00e4sn\u00e4olo<\/p>\n<p><strong>Yhteenveto<\/strong><\/p>","protected":false},"excerpt":{"rendered":"<p>Projektity\u00f6 Taideyliopiston Sibelius-Akatemia Kansanmusiikin aineryhm\u00e4 2018 &nbsp; L\u00e4ht\u00f6kohta, taustaa Soitan ja laulan mit\u00e4 haluan Kenelle soitan? Tavoitteet Kokonaisuus Esiintymisest\u00e4 nauttiminen Avoimena yleis\u00f6n edess\u00e4 Luottamus omaan tahtoon ja mieleen Pelot ja jarrut &#8211; konsertin kivijalka? Improvisointi Leikki Herkkyys Itsekritiikki L\u00e4sn\u00e4olo Yhteenveto<\/p>","protected":false},"featured_media":0,"comment_status":"closed","ping_status":"closed","template":"","meta":{"_acf_changed":false},"product_brand":[],"product_cat":[81,76],"product_tag":[],"class_list":{"0":"post-2877","1":"product","2":"type-product","3":"status-publish","5":"product_cat-maisteriopinnot","6":"product_cat-opinnaytteet","8":"first","9":"instock","10":"shipping-taxable","11":"product-type-simple"},"acf":[],"_links":{"self":[{"href":"https:\/\/etno.net\/en\/wp-json\/wp\/v2\/product\/2877","targetHints":{"allow":["GET"]}}],"collection":[{"href":"https:\/\/etno.net\/en\/wp-json\/wp\/v2\/product"}],"about":[{"href":"https:\/\/etno.net\/en\/wp-json\/wp\/v2\/types\/product"}],"replies":[{"embeddable":true,"href":"https:\/\/etno.net\/en\/wp-json\/wp\/v2\/comments?post=2877"}],"wp:attachment":[{"href":"https:\/\/etno.net\/en\/wp-json\/wp\/v2\/media?parent=2877"}],"wp:term":[{"taxonomy":"product_brand","embeddable":true,"href":"https:\/\/etno.net\/en\/wp-json\/wp\/v2\/product_brand?post=2877"},{"taxonomy":"product_cat","embeddable":true,"href":"https:\/\/etno.net\/en\/wp-json\/wp\/v2\/product_cat?post=2877"},{"taxonomy":"product_tag","embeddable":true,"href":"https:\/\/etno.net\/en\/wp-json\/wp\/v2\/product_tag?post=2877"}],"curies":[{"name":"wp","href":"https:\/\/api.w.org\/{rel}","templated":true}]}}