{"id":2878,"date":"2021-04-13T23:35:45","date_gmt":"2021-04-13T21:35:45","guid":{"rendered":"https:\/\/etno.net\/?post_type=product&#038;p=2878"},"modified":"2021-05-24T12:23:07","modified_gmt":"2021-05-24T10:23:07","slug":"vapaasaestysta-konserttikanteleella","status":"publish","type":"product","link":"https:\/\/etno.net\/en\/julkaisu\/opinnaytteet\/maisteriopinnot\/vapaasaestysta-konserttikanteleella","title":{"rendered":"Vapaas\u00e4estyst\u00e4 konserttikanteleella"},"content":{"rendered":"<p>Projektity\u00f6<br \/>\nTaideyliopiston Sibelius-Akatemia<br \/>\nKansanmusiikin aineryhm\u00e4<br \/>\n2018<\/p>\n<h2>Sis\u00e4llysluettelo<\/h2>\n<p><strong>Alkuteksti<\/strong><\/p>\n<p><strong>Kanteleelle<\/strong><\/p>\n<p><strong>Projektity\u00f6n kysymyksi\u00e4<\/strong><\/p>\n<p><strong>Harjoituksia<\/strong><\/p>\n<p><strong>Harjoituksista<\/strong><\/p>\n<p><strong>Kantelistien vastauksia harjoituksia koskeviin kysymyksiin<\/strong><\/p>\n<p><strong>Loppup\u00e4\u00e4telmi\u00e4<\/strong><\/p>\n<h2><\/h2>\n<h2 id=\"alkuteksti\">Alkuteksti<\/h2>\n<p>T\u00e4m\u00e4 projektity\u00f6 k\u00e4sittelee vapaamuotoista ja tiettyjen harmoniaparametrien (tonaalisuus ja funktionaalinen s\u00e4velhierarkia) puitteissa tapahtuvaa melodian sointus\u00e4estyst\u00e4 konserttikanteleella. Olen valmistanut harjoituksia, jotka toimivat ty\u00f6kaluna soittajalle\u00a0<em>ex tempore\u00a0<\/em>silloin, kun musiikkia on tarkoitus luoda hetkess\u00e4 jammaillen.<\/p>\n<p>N\u00e4in alkusanoissa lienee syyt\u00e4 todeta, ett\u00e4 suurimmalle osalle t\u00e4m\u00e4n tekstin lukijoista, valtaosa premisseist\u00e4, joilla l\u00e4hestyn vapaas\u00e4estyksen aksiomaattisia ongelmatilanteita, on t\u00e4ysin itsest\u00e4\u00e4n selvi\u00e4. K\u00e4sittelen n\u00e4m\u00e4 silti hyvin perusteellisesti l\u00e4pi v\u00e4ltt\u00e4\u00e4kseni niin kutsuttua \u201dtiet\u00e4misen kirousta\u201d (engl.\u00a0<em>curse of knowledge<\/em>, my\u00f6s\u00a0<em>hindsight bias<\/em>,\u00a0<em>mindblindness<\/em>), jossa kirjoittaja ja ensisijainen tiedon haltija olettaa lukijoidensa tiet\u00e4v\u00e4n enemm\u00e4n tai v\u00e4hemm\u00e4n yht\u00e4 paljon aiheesta. T\u00e4st\u00e4 syyst\u00e4 yleis\u00f6ns\u00e4 tuntevakin kirjoittaja p\u00e4\u00e4tyy kirjoittamaan t\u00e4ysin harkitsematonta jargonia, ja perusteellisuudella pyrin kiert\u00e4m\u00e4\u00e4n edes yht\u00e4 huonoa teksti\u00e4 tuottavaa sudenkuoppaa, josta akateeminen diskurssi on pahoin tunnettu.<\/p>\n<p>Innoituksen aiheen valitsemiseen l\u00f6ysin musisoidessani kantelistien kanssa, jotka halusivat erikseen harjoitella hyv\u00e4n sointus\u00e4estyspohjan soittamaamme kappaleeseen. Jokaisen mahdollisen kolmisoinnun l\u00f6yt\u00e4minen k\u00e4\u00e4nn\u00f6ksineen ja hajoituksineen esitystempoiseen s\u00e4velm\u00e4\u00e4n on haastavaa l\u00e4hes mink\u00e4 tahansa soittimen soittajalle, mutta nopean soinnutustyylin l\u00f6yt\u00e4minen v\u00e4ltt\u00e4isi soittotilanteessa sen, ettei musiikkiin uppoutuminen katkeaisi.<\/p>\n<p>Erilaisten kieli- ja luuttusoitinten soittajat ratkaisevat t\u00e4m\u00e4n nopeasti muodostettavan s\u00e4est\u00e4misen ongelman usein osaamalla muutaman sointuotteen, joita liikuttamalla otelaudalla voi tuottaa toimivat sointuasteet (yleisimmin I, IV ja V) hyvin nopeasti ja kognitiivisesti vaivattomasti. T\u00e4m\u00e4 ei kuitenkaan ole j\u00e4rkev\u00e4 s\u00e4estystapa kanteleelle, jossa soitinteknisesti jokaista nuottia vastaa kieli eik\u00e4 soivan kielen s\u00e4velkorkeuteen voi vaikuttaa k\u00e4yt\u00e4nn\u00f6llisesti katsoen ollenkaan soittimen diatonista s\u00e4vellajia muuttamatta.<\/p>\n<p>Avovireiss\u00e4 soitetut kielisoittimet taas ratkaisevat suurimman osan vapaas\u00e4estyksen ongelmista luottamalla soivuudessa ylimmille kielipareille viritettyihin urkupisteisiin (1. ja 5. asteet), joiden avulla pelkk\u00e4\u00e4 soinnun pohjas\u00e4velt\u00e4 vaihtamalla on mahdollisuus implikoida mit\u00e4 tahansa s\u00e4velastetta ja sen tonaalista funktiota (lukuun ottamatta duurin 3. astetta.)<\/p>\n<p>My\u00f6s kosketinsoittajat l\u00e4hestyv\u00e4t nopean soinnuttamisen ongelmaa paljolti lihasmuistiin harjoiteltuihin urkupisteisiin ja bassoliikkeeseen perustuvalla s\u00e4est\u00e4misell\u00e4. Bassos\u00e4velen p\u00e4\u00e4lle rakennettu desimi-intervalli v\u00e4ritt\u00e4\u00e4 soinnun, ja soittok\u00e4sien horisontaalinen liike voidaan minimoida samalla tuottaen harmonisesti rikas s\u00e4estys.<\/p>\n<p>Edelt\u00e4v\u00e4n s\u00e4estystyylin musikaalisuutta arvioidessa p\u00e4\u00e4dyt\u00e4\u00e4n v\u00e4ist\u00e4m\u00e4tt\u00e4 kiistelem\u00e4\u00e4n makuasioista, mutta l\u00e4nsimaiseen harmoniaopin n\u00e4k\u00f6kulmasta sen suosio on ymm\u00e4rrett\u00e4viss\u00e4 hyvinkin nopeasti.\u00a0 Pelimannimusiikin \u2012 kuten suurimman osan l\u00e4nsimaisesta musiikista \u2012 melodiakieli viittaa sointuasteisiin luonnostaan kadensseineen ja sekvensseineen. Kun kaikki soinnut j\u00e4tet\u00e4\u00e4n terssitt\u00f6miksi (1. ja 5. asteen kolmisointujen ensimm\u00e4ist\u00e4 inversiota ja 6. astetta lukuun ottamatta), voidaan luoda kappaleeseen s\u00e4estyst\u00e4, joka ei koskaan riitele melodian kanssa mutta tukee silti jokaista sointua.<\/p>","protected":false},"excerpt":{"rendered":"<p>Projektity\u00f6 Taideyliopiston Sibelius-Akatemia Kansanmusiikin aineryhm\u00e4 2018 Sis\u00e4llysluettelo Alkuteksti Kanteleelle Projektity\u00f6n kysymyksi\u00e4 Harjoituksia Harjoituksista Kantelistien vastauksia harjoituksia koskeviin kysymyksiin Loppup\u00e4\u00e4telmi\u00e4 Alkuteksti T\u00e4m\u00e4 projektity\u00f6 k\u00e4sittelee vapaamuotoista ja tiettyjen harmoniaparametrien (tonaalisuus ja funktionaalinen s\u00e4velhierarkia) puitteissa tapahtuvaa melodian sointus\u00e4estyst\u00e4 konserttikanteleella. Olen valmistanut harjoituksia, jotka toimivat ty\u00f6kaluna soittajalle\u00a0ex tempore\u00a0silloin, kun musiikkia on tarkoitus luoda hetkess\u00e4 jammaillen. N\u00e4in alkusanoissa lienee syyt\u00e4 [&hellip;]<\/p>\n","protected":false},"featured_media":0,"comment_status":"closed","ping_status":"closed","template":"","meta":{"_acf_changed":false},"product_brand":[],"product_cat":[81,76],"product_tag":[],"class_list":{"0":"post-2878","1":"product","2":"type-product","3":"status-publish","5":"product_cat-maisteriopinnot","6":"product_cat-opinnaytteet","8":"first","9":"instock","10":"shipping-taxable","11":"product-type-simple"},"acf":[],"_links":{"self":[{"href":"https:\/\/etno.net\/en\/wp-json\/wp\/v2\/product\/2878","targetHints":{"allow":["GET"]}}],"collection":[{"href":"https:\/\/etno.net\/en\/wp-json\/wp\/v2\/product"}],"about":[{"href":"https:\/\/etno.net\/en\/wp-json\/wp\/v2\/types\/product"}],"replies":[{"embeddable":true,"href":"https:\/\/etno.net\/en\/wp-json\/wp\/v2\/comments?post=2878"}],"wp:attachment":[{"href":"https:\/\/etno.net\/en\/wp-json\/wp\/v2\/media?parent=2878"}],"wp:term":[{"taxonomy":"product_brand","embeddable":true,"href":"https:\/\/etno.net\/en\/wp-json\/wp\/v2\/product_brand?post=2878"},{"taxonomy":"product_cat","embeddable":true,"href":"https:\/\/etno.net\/en\/wp-json\/wp\/v2\/product_cat?post=2878"},{"taxonomy":"product_tag","embeddable":true,"href":"https:\/\/etno.net\/en\/wp-json\/wp\/v2\/product_tag?post=2878"}],"curies":[{"name":"wp","href":"https:\/\/api.w.org\/{rel}","templated":true}]}}