{"id":2880,"date":"2021-04-18T21:58:58","date_gmt":"2021-04-18T19:58:58","guid":{"rendered":"https:\/\/etno.net\/?post_type=product&#038;p=2880"},"modified":"2021-05-26T10:15:39","modified_gmt":"2021-05-26T08:15:39","slug":"kuka-on-adonina-se-la-vii-alter-ego-luovan-prosessin-vapauttajana","status":"publish","type":"product","link":"https:\/\/etno.net\/en\/julkaisu\/opinnaytteet\/maisteriopinnot\/kuka-on-adonina-se-la-vii-alter-ego-luovan-prosessin-vapauttajana","title":{"rendered":"KUKA ON ADONINA SE-LA-VII? \u2013 Alter ego luovan prosessin vapauttajana"},"content":{"rendered":"<p>Projektity\u00f6<br \/>\nKev\u00e4t 2017<br \/>\nTaideyliopiston Sibelius-Akatemia<br \/>\nKansanmusiikin aineryhm\u00e4<\/p>\n<h2>Sis\u00e4llysluettelo<\/h2>\n<p><strong>1 Aluksi<\/strong><\/p>\n<p><strong>2 Videotiiserit luovan prosessin ty\u00f6kaluina<\/strong><\/p>\n<p style=\"padding-left: 40px\">Tiiseri 1<br \/>\nTiiseri 2<br \/>\nTiiseri 3<br \/>\nTiiseri 4<\/p>\n<p><strong>3 Adoninan synty<\/strong><\/p>\n<p><strong>4 Adonina Se-La-Vii<\/strong><\/p>\n<p><strong>5 Tulkintoja Adoninasta<\/strong><\/p>\n<p style=\"padding-left: 40px\">Adonina alter egona<br \/>\nAdonina nerona<br \/>\nAdonina paronitar Elsa von Freytag-Loringhovenin reinkarnaationa<br \/>\nAdonina keskustelukumppanina<br \/>\nAdonina intuion viritt\u00e4j\u00e4n\u00e4 ja inspiraation tilana<br \/>\nAdonina mainonnan v\u00e4yl\u00e4n\u00e4 ja taiteellisena omakuvana<\/p>\n<p><strong>6 Lopuksi<\/strong><\/p>\n<p><strong>L\u00e4hteet<\/strong><br \/>\n<strong>Liitteet<\/strong><\/p>\n<h2>Aluksi<\/h2>\n<p>T\u00e4m\u00e4 projektity\u00f6 on syntynyt tarpeesta hahmottaa, ymm\u00e4rt\u00e4\u00e4 ja kehitt\u00e4\u00e4 omaa taiteellista luomisprosessiani. Olen useissa yhteyksiss\u00e4 huomannut saavani eniten tyydytyst\u00e4 sellaisista luovuutta vaativista tilanteista, joissa minun ei tarvitse m\u00e4\u00e4ritty\u00e4 vain yhden roolin tai nimikkeen kautta. Tunnen olevani vahvoilla kokonaisuutta visioivassa mielentilassa, jossa ajatuksenp\u00e4tk\u00e4t rehottavat ja kaikki on ainakin periaatteen tasolla mahdollista. Sallivassa ja vapaassa ajatusymp\u00e4rist\u00f6ss\u00e4 koen voivani kasvaa itse\u00e4ni isommaksi ilman suorituskeskeisyytt\u00e4 tai pelkoa ep\u00e4onnistumisesta.<\/p>\n<p>On kiinnostavaa pohtia, mink\u00e4laiset tilanteet, asenteet ja ty\u00f6tavat johtavat kohti inspiroitunutta ajattelua. Taide ja luovuus versovat parhaiten t\u00e4llaisessa avoimessa mieless\u00e4, joka on altis el\u00e4m\u00e4n moninaisuuden havainnoinnille. Luovasti viritt\u00e4ytyneelle mielelle mik\u00e4 tahansa voi olla kaunista ja kiinnostavaa. Arjen pieninkin jokap\u00e4iv\u00e4isyys sis\u00e4lt\u00e4\u00e4 mahdollisuuksien loputtoman avaruuden, kun huomaa katsoa. Taide on minulle jotain, mik\u00e4 her\u00e4tt\u00e4\u00e4 avaamaan silm\u00e4t tuolle odottamattomalle kauneudelle. Se on muutoksen aktiivista rakastamista.<\/p>\n<p>Maisterikonserttini Ahdistautumisen aika (28.11.2016) oli minulle suuri henkil\u00f6kohtainen haaste, jonka my\u00f6t\u00e4 p\u00e4\u00e4sin koettelemaan ja toteuttamaan taiteellista ajatteluani useilla tavoilla. Konsertin ty\u00f6st\u00e4minen tapahtui kes\u00e4n 2014 ja syksyn 2016 v\u00e4lill\u00e4, loppua kohden ty\u00f6tahtia kiihdytt\u00e4en. L\u00e4ht\u00f6kohtani konsertille oli tehd\u00e4 omaa musiikkia ja kehitt\u00e4\u00e4 lavaolemistani kohti mahdollisimman kokonaisvaltaista ilmaisua. N\u00e4m\u00e4 painopisteet olivatkin ainoat selke\u00e4t linjat, jotka s\u00e4ilyiv\u00e4t ty\u00f6skentelyss\u00e4ni alusta loppuun asti.<\/p>\n<p>Konserttiprosessiani m\u00e4\u00e4ritti tietynlainen halu kyseenalaistaa ja haastaa konserttimaista tutkintomuotoa sek\u00e4 instituuttia, jossa tutkintoa suoritan. Ennen kaikkea halusin tehd\u00e4 konserttia itseni kautta, taiteilijaidentiteetti\u00e4ni pohtien. Konsertin ty\u00f6st\u00e4misest\u00e4 rakentui minulle todella merkityksellinen ja kokonaisvaltainen oma pieni universuminsa, jonka rajat laajenivat kiihtyv\u00e4ll\u00e4 tahdilla kohti vastakkaisia \u00e4\u00e4ri\u00e4. Koska sain itse m\u00e4\u00e4ritt\u00e4\u00e4 tavat ty\u00f6skennell\u00e4, hallitsi tuo universumi ajatteluani monella tasolla. Arkeni siivil\u00f6ityi alitajuntaani konserttiprosessin v\u00e4ritt\u00e4m\u00e4n\u00e4, ja olin l\u00e4hes t\u00e4ysp\u00e4iv\u00e4isesti luovasti viritt\u00e4ytynyt.<\/p>\n<p>T\u00e4h\u00e4n konserttiin valmistautumisesta erityisen tekev\u00e4t matkan varrella kuin itsest\u00e4\u00e4n syntyneet taiteelliset oheisprosessit. Kev\u00e4\u00e4ll\u00e4 2016 tein improvisoidun videon, joka sek\u00e4 miellytti ett\u00e4 ihmetytti minua samanaikaisesti. Intuitiooni luottaen tein videosta ensimm\u00e4isen nk. konserttitiiserin (teaser), jonka julkaisin Youtubessa. Samalla p\u00e4\u00e4tin tehd\u00e4 videoita lis\u00e4\u00e4 konserttia mainostaakseni. Videoiden ja konsertin ty\u00f6st\u00e4misen pohjalta syntyi lopulta my\u00f6s olevaisuuden multitason monivirtuoosi Adonina Se-La-Vii.<\/p>\n<p>T\u00e4ss\u00e4 projektity\u00f6ss\u00e4 keskityn maisterikonserttini musiikillisen materiaalin ty\u00f6st\u00e4misen ohessa syntyneisiin sivutuotoksiin, erityisen\u00e4 painopisteen\u00e4 arvon parfyrmenssitaiteilija Se-La-Vii. Luvussa kaksi kerron videotiisereist\u00e4 erikseen ja pohjustan tilannetta, jossa Adonina Se-la-Vii syntyi. Kolmannessa luvussa esittelen Adoninan syntyyn liittyvi\u00e4 mahdollisia kokreettisia tekij\u00f6it\u00e4. Nelj\u00e4s luku esittelee ja kuvailee Adoninan henkil\u00f6historiaa, ja viides luku puolestaan tulkitsee h\u00e4nt\u00e4 erilaisista n\u00e4k\u00f6kulmista. Viimeisen\u00e4 pohdin, miten luomisprosessini laajeneminen konkreettiseksi sivupersoonaksi on vaikuttanut minuun ja mit\u00e4 se on antanut minulle taiteilijana.<\/p>\n<p>&nbsp;<\/p>","protected":false},"excerpt":{"rendered":"<p>Projektity\u00f6 Kev\u00e4t 2017 Taideyliopiston Sibelius-Akatemia Kansanmusiikin aineryhm\u00e4 Sis\u00e4llysluettelo 1 Aluksi 2 Videotiiserit luovan prosessin ty\u00f6kaluina Tiiseri 1 Tiiseri 2 Tiiseri 3 Tiiseri 4 3 Adoninan synty 4 Adonina Se-La-Vii 5 Tulkintoja Adoninasta Adonina alter egona Adonina nerona Adonina paronitar Elsa von Freytag-Loringhovenin reinkarnaationa Adonina keskustelukumppanina Adonina intuion viritt\u00e4j\u00e4n\u00e4 ja inspiraation tilana Adonina mainonnan v\u00e4yl\u00e4n\u00e4 ja [&hellip;]<\/p>\n","protected":false},"featured_media":0,"comment_status":"closed","ping_status":"closed","template":"","meta":{"_acf_changed":false},"product_brand":[],"product_cat":[81,76],"product_tag":[],"class_list":{"0":"post-2880","1":"product","2":"type-product","3":"status-publish","5":"product_cat-maisteriopinnot","6":"product_cat-opinnaytteet","8":"first","9":"instock","10":"shipping-taxable","11":"product-type-simple"},"acf":[],"_links":{"self":[{"href":"https:\/\/etno.net\/en\/wp-json\/wp\/v2\/product\/2880","targetHints":{"allow":["GET"]}}],"collection":[{"href":"https:\/\/etno.net\/en\/wp-json\/wp\/v2\/product"}],"about":[{"href":"https:\/\/etno.net\/en\/wp-json\/wp\/v2\/types\/product"}],"replies":[{"embeddable":true,"href":"https:\/\/etno.net\/en\/wp-json\/wp\/v2\/comments?post=2880"}],"wp:attachment":[{"href":"https:\/\/etno.net\/en\/wp-json\/wp\/v2\/media?parent=2880"}],"wp:term":[{"taxonomy":"product_brand","embeddable":true,"href":"https:\/\/etno.net\/en\/wp-json\/wp\/v2\/product_brand?post=2880"},{"taxonomy":"product_cat","embeddable":true,"href":"https:\/\/etno.net\/en\/wp-json\/wp\/v2\/product_cat?post=2880"},{"taxonomy":"product_tag","embeddable":true,"href":"https:\/\/etno.net\/en\/wp-json\/wp\/v2\/product_tag?post=2880"}],"curies":[{"name":"wp","href":"https:\/\/api.w.org\/{rel}","templated":true}]}}