{"id":2881,"date":"2021-04-18T22:00:17","date_gmt":"2021-04-18T20:00:17","guid":{"rendered":"https:\/\/etno.net\/?post_type=product&#038;p=2881"},"modified":"2021-05-26T10:22:42","modified_gmt":"2021-05-26T08:22:42","slug":"niittyyntyy-sydameni-paikan-vaikutus-taiteeseen-ja-taiteilijaan","status":"publish","type":"product","link":"https:\/\/etno.net\/en\/julkaisu\/opinnaytteet\/maisteriopinnot\/niittyyntyy-sydameni-paikan-vaikutus-taiteeseen-ja-taiteilijaan","title":{"rendered":"Niittyyntyy syd\u00e4meni &#8211; paikan vaikutus taiteeseen ja taiteilijaan"},"content":{"rendered":"<p>Projektity\u00f6<br \/>\nTaideyliopiston Sibelius-Akatemia<br \/>\nKansanmusiikin aineryhm\u00e4<br \/>\n2017<\/p>\n<p>&nbsp;<\/p>\n<h2>Sis\u00e4llysluettelo<\/h2>\n<p><strong>1 Johdanto<\/strong><\/p>\n<p><strong>2 Taustaa<\/strong><\/p>\n<p><strong>3 Ty\u00f6tavoista<\/strong><\/p>\n<p><strong>4 Kalmismaa<\/strong><\/p>\n<p><strong>5 Niitty<\/strong><\/p>\n<p style=\"padding-left: 40px\">5.1 Niityst\u00e4<br \/>\n5.1 Soiva niitty<br \/>\n5.3 Niitty+Keitaat<br \/>\n5.4 Soiva kulkue<br \/>\n5.5 Kukkaseppeleet<br \/>\n5.6 Niitty Oli ilo -konsertissa<\/p>\n<p><strong>6 J\u00e4rvi<\/strong><\/p>\n<p><strong>7 Paikan kokeminen<\/strong><\/p>\n<p><strong>8 Yhteenveto<\/strong><\/p>\n<p><strong>9 Liitteet<\/strong><\/p>\n<p>&nbsp;<\/p>\n<h2>Johdanto<\/h2>\n<p>Tutkin projektity\u00f6ss\u00e4ni, miten paikka tai luontokokemus vaikuttaa taiteen tekemiseen. Millaisia impulsseja antavat erilaiset lokaatiot taiteilijalle? Mitk\u00e4 asiat kiinnitt\u00e4v\u00e4t mielenkiinnon? Mitk\u00e4 ilmi\u00f6t luonnosta siirtyv\u00e4t taiteen ty\u00f6v\u00e4lineiksi? Miten n\u00e4it\u00e4 k\u00e4ytet\u00e4\u00e4n?<\/p>\n<p>Kartoitimme aihetta nelihenkisen, monitaiteisen ty\u00f6ryhm\u00e4n kanssa kes\u00e4ll\u00e4 2016 Ven\u00e4j\u00e4n Karjalassa Haikolan s\u00e4hk\u00f6tt\u00f6m\u00e4ss\u00e4 kyl\u00e4ss\u00e4 kolmessa lokaatiossa (kalmismaa, j\u00e4rvi ja niitty), joissa teimme erilaisia harjoitteita.<\/p>\n<p>K\u00e4yt\u00e4n projektity\u00f6ss\u00e4ni lokaatio-sanaa kuvatessani vain yht\u00e4 tietty\u00e4 tutkimaamme kohtaa paikan eli Haikolan kokonaisuudesta. Paikka-sanaa k\u00e4yt\u00e4n yleisesti kuvaamaan paitsi Haikolan kyl\u00e4\u00e4 kokonaisuutena, my\u00f6s yleisesti puhuttaessa paikan kokonaisuuden kokemuksesta.<\/p>\n<p>Harjoitteet taltioitiin videolle ja taiteilijat kertoivat \u00e4\u00e4nitteille, miten lokaatio ja harjoitteet heihin vaikuttivat. Kokemuksia k\u00e4ytettiin materiaalina Amanda Kauranteen Oli ilo \u2013 karjalainen kabaree -maisterikonsertissa, joka esitettiin 4.11.2016 Musiikkitalon Black Boxissa. Kabareeta edelsi puolen tunnin \u00e4\u00e4ni- ja videoinstallaatio Karjalan keitaat, joka ty\u00f6stettiin Haikolan luonnosta tallennetusta materiaalista. Lis\u00e4ksi Haikolassa ty\u00f6ryhm\u00e4 j\u00e4rjesti Soiva kyl\u00e4 -nimisen yleis\u00f6tapahtuman osana Kansanmusiikkijuhla Sommeloa ja yhteisty\u00f6ss\u00e4 Juminkeko-s\u00e4\u00e4ti\u00f6n sek\u00e4 Ortjo Stepanovin s\u00e4\u00e4ti\u00f6n kanssa.<\/p>\n<p>Projektity\u00f6 sis\u00e4lt\u00e4\u00e4 kirjoitelman, jossa esittelen lokaatiot sek\u00e4 sen, miten niist\u00e4 inspiroituneet elementit ovat esill\u00e4 etenkin maisterikonsertissa. Pohdin my\u00f6s, mitk\u00e4 kaikki asiat yhdess\u00e4 muodostavat paikan kokemuksen kokonaisuuden. Kirjoitelman osana on lukuisia video- ja \u00e4\u00e4niklippej\u00e4, valokuvia sek\u00e4 liittein\u00e4 videotallenne ja k\u00e4siohjelma Oli ilo \u2013 karjalainen kabaree -esityksest\u00e4.<\/p>","protected":false},"excerpt":{"rendered":"<p>Projektity\u00f6 Taideyliopiston Sibelius-Akatemia Kansanmusiikin aineryhm\u00e4 2017 &nbsp; Sis\u00e4llysluettelo 1 Johdanto 2 Taustaa 3 Ty\u00f6tavoista 4 Kalmismaa 5 Niitty 5.1 Niityst\u00e4 5.1 Soiva niitty 5.3 Niitty+Keitaat 5.4 Soiva kulkue 5.5 Kukkaseppeleet 5.6 Niitty Oli ilo -konsertissa 6 J\u00e4rvi 7 Paikan kokeminen 8 Yhteenveto 9 Liitteet &nbsp; Johdanto Tutkin projektity\u00f6ss\u00e4ni, miten paikka tai luontokokemus vaikuttaa taiteen tekemiseen. [&hellip;]<\/p>\n","protected":false},"featured_media":0,"comment_status":"closed","ping_status":"closed","template":"","meta":{"_acf_changed":false},"product_brand":[],"product_cat":[81,76],"product_tag":[],"class_list":{"0":"post-2881","1":"product","2":"type-product","3":"status-publish","5":"product_cat-maisteriopinnot","6":"product_cat-opinnaytteet","8":"first","9":"instock","10":"shipping-taxable","11":"product-type-simple"},"acf":[],"_links":{"self":[{"href":"https:\/\/etno.net\/en\/wp-json\/wp\/v2\/product\/2881","targetHints":{"allow":["GET"]}}],"collection":[{"href":"https:\/\/etno.net\/en\/wp-json\/wp\/v2\/product"}],"about":[{"href":"https:\/\/etno.net\/en\/wp-json\/wp\/v2\/types\/product"}],"replies":[{"embeddable":true,"href":"https:\/\/etno.net\/en\/wp-json\/wp\/v2\/comments?post=2881"}],"wp:attachment":[{"href":"https:\/\/etno.net\/en\/wp-json\/wp\/v2\/media?parent=2881"}],"wp:term":[{"taxonomy":"product_brand","embeddable":true,"href":"https:\/\/etno.net\/en\/wp-json\/wp\/v2\/product_brand?post=2881"},{"taxonomy":"product_cat","embeddable":true,"href":"https:\/\/etno.net\/en\/wp-json\/wp\/v2\/product_cat?post=2881"},{"taxonomy":"product_tag","embeddable":true,"href":"https:\/\/etno.net\/en\/wp-json\/wp\/v2\/product_tag?post=2881"}],"curies":[{"name":"wp","href":"https:\/\/api.w.org\/{rel}","templated":true}]}}