{"id":2882,"date":"2021-04-18T22:01:14","date_gmt":"2021-04-18T20:01:14","guid":{"rendered":"https:\/\/etno.net\/?post_type=product&#038;p=2882"},"modified":"2021-05-26T10:27:19","modified_gmt":"2021-05-26T08:27:19","slug":"taivaanaaret","status":"publish","type":"product","link":"https:\/\/etno.net\/en\/julkaisu\/opinnaytteet\/maisteriopinnot\/taivaanaaret","title":{"rendered":"Taivaan\u00e4\u00e4ret"},"content":{"rendered":"<p>Projektity\u00f6<br \/>\nKev\u00e4t 2017<br \/>\nTaideyliopiston Sibelius-Akatemia<br \/>\nKansanmusiikin aineryhm\u00e4<\/p>\n<p>&nbsp;<\/p>\n<h2>Sis\u00e4llysluettelo<\/h2>\n<p><strong>1 Johdanto<\/strong><\/p>\n<p><strong>2 Aloitus<\/strong><\/p>\n<p><strong>3 Ty\u00f6skentely<\/strong><\/p>\n<p><strong>4 Soolosoittamisesta<\/strong><\/p>\n<p><strong>5 Lopputulos<\/strong><\/p>\n<p><strong>6 Nuottiliite<\/strong><\/p>\n<p><strong>7 Konserttivideo<\/strong><\/p>\n<p>&nbsp;<\/p>\n<h2>Johdanto<\/h2>\n<p>&#8221;Taivaan\u00e4\u00e4ret\u201d on projektikonserttini ja osa Taideyliopiston Sibelius-Akatemian kansanmusiikin aineryhm\u00e4n maisterivaiheen opintojani. Projektin l\u00e4ht\u00f6kohtana ja tavoitteena on ollut luoda uusista s\u00e4vellyksist\u00e4 koostuva soolokonsertti pienkanteleilla. Pienkanteleiden suuresta perheest\u00e4 projektin ty\u00f6v\u00e4lineeksi tarkentui yksi 15-kielinen kantele. Vuosien aikana tapahtunut pieni tahaton et\u00e4\u00e4ntyminen v\u00e4h\u00e4kielisist\u00e4 kanteleista isompien kanteleiden suuntaan huusi j\u00e4lleenl\u00e4hentymist\u00e4, uutta inspiraatiota ja musiikkia sek\u00e4 prosessia, joka toisi pienemm\u00e4t kanteleet takaisin omakseni. L\u00e4hemm\u00e4ksi, sormille ja syd\u00e4meen. Projektin kantaesitys oli 11.5.2016 klo 17 Musiikkitalon Black Box -konserttisalissa Helsingiss\u00e4.<\/p>\n<p>&nbsp;<\/p>","protected":false},"excerpt":{"rendered":"<p>Projektity\u00f6 Kev\u00e4t 2017 Taideyliopiston Sibelius-Akatemia Kansanmusiikin aineryhm\u00e4 &nbsp; Sis\u00e4llysluettelo 1 Johdanto 2 Aloitus 3 Ty\u00f6skentely 4 Soolosoittamisesta 5 Lopputulos 6 Nuottiliite 7 Konserttivideo &nbsp; Johdanto &#8221;Taivaan\u00e4\u00e4ret\u201d on projektikonserttini ja osa Taideyliopiston Sibelius-Akatemian kansanmusiikin aineryhm\u00e4n maisterivaiheen opintojani. Projektin l\u00e4ht\u00f6kohtana ja tavoitteena on ollut luoda uusista s\u00e4vellyksist\u00e4 koostuva soolokonsertti pienkanteleilla. Pienkanteleiden suuresta perheest\u00e4 projektin ty\u00f6v\u00e4lineeksi tarkentui yksi [&hellip;]<\/p>\n","protected":false},"featured_media":0,"comment_status":"closed","ping_status":"closed","template":"","meta":{"_acf_changed":false},"product_brand":[],"product_cat":[81,76],"product_tag":[],"class_list":{"0":"post-2882","1":"product","2":"type-product","3":"status-publish","5":"product_cat-maisteriopinnot","6":"product_cat-opinnaytteet","8":"first","9":"instock","10":"shipping-taxable","11":"product-type-simple"},"acf":[],"_links":{"self":[{"href":"https:\/\/etno.net\/en\/wp-json\/wp\/v2\/product\/2882","targetHints":{"allow":["GET"]}}],"collection":[{"href":"https:\/\/etno.net\/en\/wp-json\/wp\/v2\/product"}],"about":[{"href":"https:\/\/etno.net\/en\/wp-json\/wp\/v2\/types\/product"}],"replies":[{"embeddable":true,"href":"https:\/\/etno.net\/en\/wp-json\/wp\/v2\/comments?post=2882"}],"wp:attachment":[{"href":"https:\/\/etno.net\/en\/wp-json\/wp\/v2\/media?parent=2882"}],"wp:term":[{"taxonomy":"product_brand","embeddable":true,"href":"https:\/\/etno.net\/en\/wp-json\/wp\/v2\/product_brand?post=2882"},{"taxonomy":"product_cat","embeddable":true,"href":"https:\/\/etno.net\/en\/wp-json\/wp\/v2\/product_cat?post=2882"},{"taxonomy":"product_tag","embeddable":true,"href":"https:\/\/etno.net\/en\/wp-json\/wp\/v2\/product_tag?post=2882"}],"curies":[{"name":"wp","href":"https:\/\/api.w.org\/{rel}","templated":true}]}}