{"id":2883,"date":"2021-04-18T22:03:20","date_gmt":"2021-04-18T20:03:20","guid":{"rendered":"https:\/\/etno.net\/?post_type=product&#038;p=2883"},"modified":"2021-05-26T10:29:01","modified_gmt":"2021-05-26T08:29:01","slug":"unaja-maailmankartalle-kamubandin-brandaaminen","status":"publish","type":"product","link":"https:\/\/etno.net\/en\/julkaisu\/opinnaytteet\/maisteriopinnot\/unaja-maailmankartalle-kamubandin-brandaaminen","title":{"rendered":"Unaja maailmankartalle \u2013 kamub\u00e4ndin br\u00e4nd\u00e4\u00e4minen"},"content":{"rendered":"<p>Projektity\u00f6<br \/>\nKev\u00e4t 2017<br \/>\nTaideyliopiston Sibelius-Akatemia<br \/>\nKansanmusiikin aineryhm\u00e4<\/p>\n<p>&nbsp;<\/p>\n<h2>Sis\u00e4llysluettelo<\/h2>\n<p><strong>1 Unaja<\/strong><\/p>\n<p style=\"padding-left: 40px\">1.2 Ohjelmiston rakentaminen<\/p>\n<p><strong>2 Br\u00e4nd\u00e4\u00e4minen<\/strong><\/p>\n<p style=\"padding-left: 40px\">2.1 Internet<br \/>\n2.2 Musiikki<br \/>\n2.3 Kuvat ja visuaalinen maailma<\/p>\n<p><strong>3 Levy<\/strong><\/p>\n<p style=\"padding-left: 40px\">3.1 Ty\u00f6ryhm\u00e4n kokoaminen<br \/>\n3.2 CD-levyn rahoittaminen<br \/>\n3.3 Demon \u00e4\u00e4nitt\u00e4minen<br \/>\n3.4 Levyn \u00e4\u00e4nitt\u00e4minen<\/p>\n<p><strong>4 Markkinointi<\/strong><\/p>\n<p style=\"padding-left: 40px\">4.1 Levyn markkinoiminen<\/p>\n<p><strong>5 Mit\u00e4 opin?<\/strong><\/p>\n<p><strong>6 L\u00e4hteet<\/strong><\/p>\n<p><strong>7 Unaja-albumi<\/strong><\/p>\n<p>&nbsp;<\/p>\n<p>En ollut koskaan toiminut tuottajana n\u00e4in konkreettisesti, vaikka esimerkiksi Kardemimmien nelj\u00e4s albumi on my\u00f6s itse tuotettu. Iso apu oli netist\u00e4 l\u00f6ytynyt \u00c4\u00e4nitteen tuottajan opas, jossa oli selke\u00e4sti selitettyn\u00e4 kaikki tarvittavat vaiheet levyn ty\u00f6st\u00f6ss\u00e4. Muutenkin projekti oli ja on edelleen hyvin opettavainen \u2013 ulkomusiikillinen ty\u00f6 muusikkona toimiessa on aivan valtava alue, jota voisi kaivaa ja kovertaa loputtomiin. Br\u00e4nd\u00e4\u00e4minen ei ole projektin my\u00f6t\u00e4 en\u00e4\u00e4 niin outo tai jotenkin v\u00e4\u00e4r\u00e4nkuuloinen termi yhdistettyn\u00e4 nykykansanmusiikkiin, sill\u00e4 jos ei uskalla myyd\u00e4 ja tuotteistaa, niin ei taida my\u00f6sk\u00e4\u00e4n kovin pitk\u00e4lle p\u00f6tki\u00e4. Projektin tavoite t\u00e4yttyi, sill\u00e4 onnistuimme luomaan Unajasta asiallisen tuotteen, ja palaute on ollut hyvin positiivista.<\/p>","protected":false},"excerpt":{"rendered":"<p>Projektity\u00f6 Kev\u00e4t 2017 Taideyliopiston Sibelius-Akatemia Kansanmusiikin aineryhm\u00e4 &nbsp; Sis\u00e4llysluettelo 1 Unaja 1.2 Ohjelmiston rakentaminen 2 Br\u00e4nd\u00e4\u00e4minen 2.1 Internet 2.2 Musiikki 2.3 Kuvat ja visuaalinen maailma 3 Levy 3.1 Ty\u00f6ryhm\u00e4n kokoaminen 3.2 CD-levyn rahoittaminen 3.3 Demon \u00e4\u00e4nitt\u00e4minen 3.4 Levyn \u00e4\u00e4nitt\u00e4minen 4 Markkinointi 4.1 Levyn markkinoiminen 5 Mit\u00e4 opin? 6 L\u00e4hteet 7 Unaja-albumi &nbsp; En ollut koskaan [&hellip;]<\/p>\n","protected":false},"featured_media":0,"comment_status":"closed","ping_status":"closed","template":"","meta":{"_acf_changed":false},"product_brand":[],"product_cat":[81,76],"product_tag":[],"class_list":{"0":"post-2883","1":"product","2":"type-product","3":"status-publish","5":"product_cat-maisteriopinnot","6":"product_cat-opinnaytteet","8":"first","9":"instock","10":"shipping-taxable","11":"product-type-simple"},"acf":[],"_links":{"self":[{"href":"https:\/\/etno.net\/en\/wp-json\/wp\/v2\/product\/2883","targetHints":{"allow":["GET"]}}],"collection":[{"href":"https:\/\/etno.net\/en\/wp-json\/wp\/v2\/product"}],"about":[{"href":"https:\/\/etno.net\/en\/wp-json\/wp\/v2\/types\/product"}],"replies":[{"embeddable":true,"href":"https:\/\/etno.net\/en\/wp-json\/wp\/v2\/comments?post=2883"}],"wp:attachment":[{"href":"https:\/\/etno.net\/en\/wp-json\/wp\/v2\/media?parent=2883"}],"wp:term":[{"taxonomy":"product_brand","embeddable":true,"href":"https:\/\/etno.net\/en\/wp-json\/wp\/v2\/product_brand?post=2883"},{"taxonomy":"product_cat","embeddable":true,"href":"https:\/\/etno.net\/en\/wp-json\/wp\/v2\/product_cat?post=2883"},{"taxonomy":"product_tag","embeddable":true,"href":"https:\/\/etno.net\/en\/wp-json\/wp\/v2\/product_tag?post=2883"}],"curies":[{"name":"wp","href":"https:\/\/api.w.org\/{rel}","templated":true}]}}