{"id":2884,"date":"2021-04-18T22:05:01","date_gmt":"2021-04-18T20:05:01","guid":{"rendered":"https:\/\/etno.net\/?post_type=product&#038;p=2884"},"modified":"2021-05-26T10:20:23","modified_gmt":"2021-05-26T08:20:23","slug":"meu-fado-fadokonserttiprojekti","status":"publish","type":"product","link":"https:\/\/etno.net\/en\/julkaisu\/opinnaytteet\/maisteriopinnot\/meu-fado-fadokonserttiprojekti","title":{"rendered":"Meu Fado \u2013 Fadokonserttiprojekti"},"content":{"rendered":"<p>Projektity\u00f6<br \/>\nKev\u00e4t 2017<br \/>\nTaideyliopiston Sibelius-Akatemia<br \/>\nKansanmusiikin aineryhm\u00e4<\/p>\n<h2><\/h2>\n<h2>Sis\u00e4llysluettelo<\/h2>\n<p><strong>Miksi Fado?<\/strong><br \/>\n<strong>Kaiken alku ja Liana<\/strong><br \/>\n<strong>Fadon taustaa<\/strong><br \/>\n<strong>Fadon historiaa p\u00e4hkin\u00e4nkuoressa<\/strong><br \/>\n<strong>Fadon tyylipiirteet<\/strong><br \/>\n<strong>Fadon lajit ja tyylisuunnat<\/strong><br \/>\n<strong>Vaikeat valinnat: Fadokonsertin ohjelmiston suunnittelu<\/strong><br \/>\n<strong>Ohjelmistoon valikoituneiden fadojen aiheet<\/strong><br \/>\n<strong>Konserttiohjelmiston harjoittelu<\/strong><br \/>\n<strong>Yksin<\/strong><br \/>\n<strong>Yhdess\u00e4 avustajien kanssa<\/strong><br \/>\n<strong>Esitt\u00e4minen ja autenttisuus, kieli- ja kulttuuriproblematiikka<\/strong><br \/>\n<strong>Loppup\u00e4\u00e4telm\u00e4t<\/strong><br \/>\n<strong>Konserttitallenne<\/strong><br \/>\n<strong>L\u00e4hdeluettelo<\/strong><br \/>\n<strong>Muita linkkej\u00e4<\/strong><\/p>\n<p>&nbsp;<\/p>\n<p>&nbsp;<\/p>\n<p>En ole ehk\u00e4 koskaan ollut yht\u00e4 hermostunut ennen keikkaa! Soolokonsertti on aina hermostuttavampi tilanne kuin tuttujen lauluyhtyeitteni riveiss\u00e4 esiintyminen, mutta t\u00e4m\u00e4 jollain tavalla ylitti kaikki aiemmat. Ehk\u00e4 siksi, ett\u00e4 se oli ensimm\u00e4inen julkinen esiintyminen itselleni t\u00e4m\u00e4n lauluperinteen ohjelmistolla, vain fadoja laulaen. J\u00e4nnitin, onko yleis\u00f6ss\u00e4 mahdollisesti portugalilaisia tai sit\u00e4 puhuvia, olisiko \u00e4\u00e4nt\u00e4mykseni riitt\u00e4v\u00e4n hyv\u00e4\u00e4 heid\u00e4n korvilleen. Samoin j\u00e4nnitin saanko tavoitettua saudaden jokaisessa fadossa. Mik\u00e4li yleis\u00f6ss\u00e4 olisi fadon tuntijoita en varmasti m\u00e4ti\u00e4 tomaatteja saisi niskaani mutta kuitenkin! Tied\u00e4n, ett\u00e4 joidenkin portugalilaisten mielest\u00e4 fadoa ei voi oppia eik\u00e4 ulkomaalainen koskaan tavoittaa saudadea, mutta Lianan rohkaisemana tein ja aion tehd\u00e4 parhaani aina fadoja laulaessani!<\/p>\n<p>Olen siis hurahtanut fadoihin. Olin ty\u00f6skennellyt niiden parissa eri tavoin viimeiset l\u00e4hes viisi vuotta ennen konserttia, ja niiden laulaminen tuntui minulle luontaiselta, omalta. Fadokurssien lis\u00e4ksi tein kentt\u00e4ty\u00f6ni aikanaan fado-opettajastani Lianasta, perehdyin fadon historiaan, lauloin fadoja, lauloin suomalaisia reki- ja mustalaislauluja &#8221;fadosti&#8221;, nuotinsin fadoja, elin ja hengitin niit\u00e4. Tuntui kuin olisin todella l\u00f6yt\u00e4nyt sen omimman musiikillisen juttuni. Vaikka olinkin hermostunut, onnistuin omasta mielest\u00e4ni \u2013 ja yleis\u00f6lt\u00e4 saadun palautteen mukaan \u2013 erinomaisesti ilmaisemaan fadoa sen tyylipiirteiden mukaisesti my\u00f6s t\u00e4ss\u00e4 livetilanteessa. Kiitos kuuluu my\u00f6s mahtavalle yhtyeelleni! Kaikki meni niin kuin pitikin. Projektin tavoitteet saavutettiin kaikilta muilta osin paitsi omien fadojen tekemisen suhteen. Niit\u00e4 ei viel\u00e4 t\u00e4h\u00e4n konserttiin valmistunut, mutta niit\u00e4 on kehitteill\u00e4.<\/p>\n<p>Oma fadokonsertti oli pitk\u00e4aikainen haaveeni, joka sai alkunsa jo vuonna 2008. Projekti onnistui mielest\u00e4ni loistavasti, musiikki kosketti ja liikutti kuulijoita ja jo heti konsertin j\u00e4lkeen yleis\u00f6 kyseli levyn per\u00e4\u00e4n. Muutama kuuntelemassa ollut laulunopettajakin antoi mielett\u00f6m\u00e4n kannustavaa palautetta ja totesi, ett\u00e4 t\u00e4t\u00e4 minun tulisi tehd\u00e4! Tunsin, ett\u00e4 olimme onnistuneet!<\/p>\n<p>&nbsp;<\/p>","protected":false},"excerpt":{"rendered":"<p>Projektity\u00f6 Kev\u00e4t 2017 Taideyliopiston Sibelius-Akatemia Kansanmusiikin aineryhm\u00e4 Sis\u00e4llysluettelo Miksi Fado? Kaiken alku ja Liana Fadon taustaa Fadon historiaa p\u00e4hkin\u00e4nkuoressa Fadon tyylipiirteet Fadon lajit ja tyylisuunnat Vaikeat valinnat: Fadokonsertin ohjelmiston suunnittelu Ohjelmistoon valikoituneiden fadojen aiheet Konserttiohjelmiston harjoittelu Yksin Yhdess\u00e4 avustajien kanssa Esitt\u00e4minen ja autenttisuus, kieli- ja kulttuuriproblematiikka Loppup\u00e4\u00e4telm\u00e4t Konserttitallenne L\u00e4hdeluettelo Muita linkkej\u00e4 &nbsp; &nbsp; En ole [&hellip;]<\/p>\n","protected":false},"featured_media":0,"comment_status":"closed","ping_status":"closed","template":"","meta":{"_acf_changed":false},"product_brand":[],"product_cat":[81,76],"product_tag":[],"class_list":{"0":"post-2884","1":"product","2":"type-product","3":"status-publish","5":"product_cat-maisteriopinnot","6":"product_cat-opinnaytteet","8":"first","9":"instock","10":"shipping-taxable","11":"product-type-simple"},"acf":[],"_links":{"self":[{"href":"https:\/\/etno.net\/en\/wp-json\/wp\/v2\/product\/2884","targetHints":{"allow":["GET"]}}],"collection":[{"href":"https:\/\/etno.net\/en\/wp-json\/wp\/v2\/product"}],"about":[{"href":"https:\/\/etno.net\/en\/wp-json\/wp\/v2\/types\/product"}],"replies":[{"embeddable":true,"href":"https:\/\/etno.net\/en\/wp-json\/wp\/v2\/comments?post=2884"}],"wp:attachment":[{"href":"https:\/\/etno.net\/en\/wp-json\/wp\/v2\/media?parent=2884"}],"wp:term":[{"taxonomy":"product_brand","embeddable":true,"href":"https:\/\/etno.net\/en\/wp-json\/wp\/v2\/product_brand?post=2884"},{"taxonomy":"product_cat","embeddable":true,"href":"https:\/\/etno.net\/en\/wp-json\/wp\/v2\/product_cat?post=2884"},{"taxonomy":"product_tag","embeddable":true,"href":"https:\/\/etno.net\/en\/wp-json\/wp\/v2\/product_tag?post=2884"}],"curies":[{"name":"wp","href":"https:\/\/api.w.org\/{rel}","templated":true}]}}