{"id":2886,"date":"2021-04-18T22:07:18","date_gmt":"2021-04-18T20:07:18","guid":{"rendered":"https:\/\/etno.net\/?post_type=product&#038;p=2886"},"modified":"2021-05-26T10:24:13","modified_gmt":"2021-05-26T08:24:13","slug":"sadan-vuoden-rakkaustarina","status":"publish","type":"product","link":"https:\/\/etno.net\/en\/julkaisu\/opinnaytteet\/maisteriopinnot\/sadan-vuoden-rakkaustarina","title":{"rendered":"Sadan vuoden rakkaustarina"},"content":{"rendered":"<p>Projektity\u00f6<br \/>\nTaideyliopiston Sibelius-Akatemia<br \/>\nKansanmusiikin aineryhm\u00e4<br \/>\n2017<\/p>\n<p>&nbsp;<\/p>\n<h2>Sis\u00e4llysluettelo<\/h2>\n<p><strong>1 Johdanto<\/strong><\/p>\n<p><strong>2 Projektin l\u00e4ht\u00f6kohdat<\/strong><\/p>\n<p><strong>3 S\u00e4vellysty\u00f6<\/strong><\/p>\n<p><strong>4 Kappaleet<\/strong><\/p>\n<p><strong>5 S\u00e4vellysty\u00f6n pohdinta<\/strong><\/p>\n<p><strong>6 Liitteet<\/strong><\/p>\n<p>&nbsp;<\/p>\n<h2>Johdanto<\/h2>\n<p>Projektity\u00f6ni k\u00e4sittelee 100-vuoden rakkaustarina -nimisen kansantanssiproduktion s\u00e4vellysty\u00f6t\u00e4. Olen aloittanut oman kansanmusiikki- ja tanssitaipaleeni Joensuussa Nuorisoseura Motorassa vuonna 1999. Tanssin ja soitin Motoran ryhmiss\u00e4 yli 11 vuotta, ja n\u00e4m\u00e4 vuodet muokkasivat minusta vahvasti sen ihmisen ja taiteilijan, joka olen t\u00e4n\u00e4 p\u00e4iv\u00e4n\u00e4. L\u00e4hdetty\u00e4ni opiskelemaan ja muutettuani pois Joensuusta aktiivinen Motora-taipaleeni p\u00e4\u00e4ttyi, mutta olen edelleen pysynyt Motoran toiminnassa mukana toimittamalla tilauss\u00e4vellyksi\u00e4 erilaisiin tanssiteoksiin.<\/p>\n<p>Sadan vuoden rakkaustarina on Motoran panos Suomen satavuotisen itsen\u00e4isyyden juhlintaan. Teoksen juoni keskittyy Ainon ja Akselin rakkaustarinaan, ja tarinan ohessa Suomi kulkee vuodet 1917\u20132017. Ohjaajana ja k\u00e4sikirjoittajana toimii Tero Sarkkinen, koreografeina toimivat Tiina Lindblad, Mitja Pilke ja Eveliina Pilke, musiikin esityksest\u00e4 vastaa R\u00e4ll\u00e4kk\u00e4-yhtye ja tanssijoina toimivat Motoran eri tanssiryhm\u00e4t. Teoksen kesto on 60 minuuttia k\u00e4sitt\u00e4en 10 kohtausta, ja sen ensi-ilta on Joensuun Karelia-salissa 12.11.2017.<\/p>\n<p>T\u00e4m\u00e4n projektity\u00f6n kirjallisen osuuden painopiste on tarkastella omaa ty\u00f6t\u00e4ni produktion sis\u00e4ll\u00e4, sit\u00e4, millainen on s\u00e4velt\u00e4j\u00e4n rooli isossa produktiossa, ja analysoida omia s\u00e4vellyksi\u00e4ni ja ty\u00f6tapojani. Pohdin my\u00f6s, millainen vaikutus tanssitaustallani on ty\u00f6t\u00e4 tehdess\u00e4. Kirjoittaessani t\u00e4t\u00e4 projektity\u00f6t\u00e4 projekti on siin\u00e4 pisteess\u00e4, ett\u00e4 toukokuussa luovutan valmiit kappaleet koreografeille. Sen j\u00e4lkeen alkaa materiaalin hiominen ja kokonaisuuden kasaaminen, joiden my\u00f6t\u00e4 todenn\u00e4k\u00f6isesti kappaleisiin tulee viel\u00e4 muutoksia, mutta olen pyrkinyt tekem\u00e4\u00e4n pohjaty\u00f6n mahdollisimman hyvin, jotta kappaleet olisivat mahdollisimman pitk\u00e4ll\u00e4 toukokuussa.<\/p>\n<p>&nbsp;<\/p>","protected":false},"excerpt":{"rendered":"<p>Projektity\u00f6 Taideyliopiston Sibelius-Akatemia Kansanmusiikin aineryhm\u00e4 2017 &nbsp; Sis\u00e4llysluettelo 1 Johdanto 2 Projektin l\u00e4ht\u00f6kohdat 3 S\u00e4vellysty\u00f6 4 Kappaleet 5 S\u00e4vellysty\u00f6n pohdinta 6 Liitteet &nbsp; Johdanto Projektity\u00f6ni k\u00e4sittelee 100-vuoden rakkaustarina -nimisen kansantanssiproduktion s\u00e4vellysty\u00f6t\u00e4. Olen aloittanut oman kansanmusiikki- ja tanssitaipaleeni Joensuussa Nuorisoseura Motorassa vuonna 1999. Tanssin ja soitin Motoran ryhmiss\u00e4 yli 11 vuotta, ja n\u00e4m\u00e4 vuodet muokkasivat minusta [&hellip;]<\/p>\n","protected":false},"featured_media":0,"comment_status":"closed","ping_status":"closed","template":"","meta":{"_acf_changed":false},"product_brand":[],"product_cat":[81,76],"product_tag":[],"class_list":{"0":"post-2886","1":"product","2":"type-product","3":"status-publish","5":"product_cat-maisteriopinnot","6":"product_cat-opinnaytteet","8":"first","9":"instock","10":"shipping-taxable","11":"product-type-simple"},"acf":[],"_links":{"self":[{"href":"https:\/\/etno.net\/en\/wp-json\/wp\/v2\/product\/2886","targetHints":{"allow":["GET"]}}],"collection":[{"href":"https:\/\/etno.net\/en\/wp-json\/wp\/v2\/product"}],"about":[{"href":"https:\/\/etno.net\/en\/wp-json\/wp\/v2\/types\/product"}],"replies":[{"embeddable":true,"href":"https:\/\/etno.net\/en\/wp-json\/wp\/v2\/comments?post=2886"}],"wp:attachment":[{"href":"https:\/\/etno.net\/en\/wp-json\/wp\/v2\/media?parent=2886"}],"wp:term":[{"taxonomy":"product_brand","embeddable":true,"href":"https:\/\/etno.net\/en\/wp-json\/wp\/v2\/product_brand?post=2886"},{"taxonomy":"product_cat","embeddable":true,"href":"https:\/\/etno.net\/en\/wp-json\/wp\/v2\/product_cat?post=2886"},{"taxonomy":"product_tag","embeddable":true,"href":"https:\/\/etno.net\/en\/wp-json\/wp\/v2\/product_tag?post=2886"}],"curies":[{"name":"wp","href":"https:\/\/api.w.org\/{rel}","templated":true}]}}