{"id":2887,"date":"2021-04-18T22:08:13","date_gmt":"2021-04-18T20:08:13","guid":{"rendered":"https:\/\/etno.net\/?post_type=product&#038;p=2887"},"modified":"2021-05-24T12:46:05","modified_gmt":"2021-05-24T10:46:05","slug":"kansanmusiikkipedagogi-kontrabasson-aarella-tutkimus-kontrabassopedagogien-nakemyksista-alkeisopetukseen","status":"publish","type":"product","link":"https:\/\/etno.net\/en\/julkaisu\/opinnaytteet\/maisteriopinnot\/kansanmusiikkipedagogi-kontrabasson-aarella-tutkimus-kontrabassopedagogien-nakemyksista-alkeisopetukseen","title":{"rendered":"Kansanmusiikkipedagogi kontrabasson \u00e4\u00e4rell\u00e4 &#8211; Tutkimus kontrabassopedagogien n\u00e4kemyksist\u00e4 alkeisopetukseen"},"content":{"rendered":"<p>Seminaarity\u00f6<br \/>\nTaideyliopiston Sibelius-Akatemia<br \/>\nKansanmusiikin aineryhm\u00e4<br \/>\n2017<\/p>\n<p>&nbsp;<\/p>\n<h2>Sis\u00e4llysluettelo<\/h2>\n<p><strong>Tiivistelm\u00e4<\/strong><\/p>\n<p><strong>1 Johdanto<\/strong><\/p>\n<p><strong>2 Kontrabasso, kansanmusiikki ja pedagogiikka<\/strong><\/p>\n<p style=\"padding-left: 40px\">2.1 Kontrabasso kansanmusiikissa<br \/>\n2.2 Kontrabasson alkeispedagogiikka<br \/>\n2.3 Kansanmusiikkipedagogiikkaa<\/p>\n<p><strong>3 Tutkimusasetelma<\/strong><\/p>\n<p style=\"padding-left: 40px\">3.1 Tutkimuskysymykset ja menetelm\u00e4t<br \/>\n3.2 Genreist\u00e4<br \/>\n3.3 Haastateltavien valinta<br \/>\n3.4 Haastattelun toteutus<\/p>\n<p><strong>4 Tutkimustulokset<\/strong><\/p>\n<p style=\"padding-left: 40px\">4.1 Haastateltavien esittely<br \/>\n4.2 Tekniikan maailma<br \/>\n4.3 Tyylin opettaminen<br \/>\n4.4 Kuulonvarainen oppiminen, mallioppiminen ja nuotin luku<br \/>\n4.5 Basso on b\u00e4ndisoitin<br \/>\n4.6 Oppimisen seuranta<br \/>\n4.7 Visiot<\/p>\n<p><strong>5 Pohdinta<\/strong><\/p>\n<p><strong>L\u00e4hteet<\/strong><\/p>\n<p>&nbsp;<\/p>\n<h2>Tiivistelm\u00e4<\/h2>\n<p>Tutkimuksen tarkoitus oli kartoittaa mill\u00e4 lailla eri musiikkisuuntauksien estetiikka ja vaatimukset vaikuttavat kontrabassonsoiton alkeisopetuksessa teht\u00e4viin pedagogisiin valintoihin. K\u00e4yt\u00e4nteiden ja n\u00e4kemyksien eroja ja yhtenev\u00e4isyyksi\u00e4 vertailtiin kansanmusiikin, klassisen musiikin ja rytmimusiikin v\u00e4lill\u00e4.<\/p>\n<p>Tutkimus toteutettiin teemahaastatteluna. Haastateltavana oli kuusi kontrabassopedagogia, joista kaksi edusti kansanmusiikin opetusta, kaksi klassisen musiikin opetusta ja kaksi rytmimusiikin opetusta. Jokaisella haastateltavalla oli omakohtaista kokemusta kontrabasson alkeisopetuksesta.<\/p>\n<p>Kunkin genren ihanteiden huomattiin vaikuttavan pedagogisiin valintoihin jo alkeista l\u00e4htien. Yhtenev\u00e4isyyksi\u00e4kin genrejen v\u00e4lill\u00e4 l\u00f6ytyi. Kaikilla haastateltavilla oli kiinnostavia ajatuksia ja hyvi\u00e4 perusteluja omille pedagogisille valinnoilleen. N\u00e4iden pohjalta pohdittiin my\u00f6s ehdotuksia kontrabassonsoiton alkeisopetuksen kehitt\u00e4miseen kansanmusiikin kontekstissa.<\/p>","protected":false},"excerpt":{"rendered":"<p>Seminaarity\u00f6 Taideyliopiston Sibelius-Akatemia Kansanmusiikin aineryhm\u00e4 2017 &nbsp; Sis\u00e4llysluettelo Tiivistelm\u00e4 1 Johdanto 2 Kontrabasso, kansanmusiikki ja pedagogiikka 2.1 Kontrabasso kansanmusiikissa 2.2 Kontrabasson alkeispedagogiikka 2.3 Kansanmusiikkipedagogiikkaa 3 Tutkimusasetelma 3.1 Tutkimuskysymykset ja menetelm\u00e4t 3.2 Genreist\u00e4 3.3 Haastateltavien valinta 3.4 Haastattelun toteutus 4 Tutkimustulokset 4.1 Haastateltavien esittely 4.2 Tekniikan maailma 4.3 Tyylin opettaminen 4.4 Kuulonvarainen oppiminen, mallioppiminen ja nuotin [&hellip;]<\/p>\n","protected":false},"featured_media":0,"comment_status":"closed","ping_status":"closed","template":"","meta":{"_acf_changed":false},"product_brand":[],"product_cat":[81,76],"product_tag":[],"class_list":{"0":"post-2887","1":"product","2":"type-product","3":"status-publish","5":"product_cat-maisteriopinnot","6":"product_cat-opinnaytteet","8":"first","9":"instock","10":"shipping-taxable","11":"product-type-simple"},"acf":[],"_links":{"self":[{"href":"https:\/\/etno.net\/en\/wp-json\/wp\/v2\/product\/2887","targetHints":{"allow":["GET"]}}],"collection":[{"href":"https:\/\/etno.net\/en\/wp-json\/wp\/v2\/product"}],"about":[{"href":"https:\/\/etno.net\/en\/wp-json\/wp\/v2\/types\/product"}],"replies":[{"embeddable":true,"href":"https:\/\/etno.net\/en\/wp-json\/wp\/v2\/comments?post=2887"}],"wp:attachment":[{"href":"https:\/\/etno.net\/en\/wp-json\/wp\/v2\/media?parent=2887"}],"wp:term":[{"taxonomy":"product_brand","embeddable":true,"href":"https:\/\/etno.net\/en\/wp-json\/wp\/v2\/product_brand?post=2887"},{"taxonomy":"product_cat","embeddable":true,"href":"https:\/\/etno.net\/en\/wp-json\/wp\/v2\/product_cat?post=2887"},{"taxonomy":"product_tag","embeddable":true,"href":"https:\/\/etno.net\/en\/wp-json\/wp\/v2\/product_tag?post=2887"}],"curies":[{"name":"wp","href":"https:\/\/api.w.org\/{rel}","templated":true}]}}