{"id":2888,"date":"2021-04-18T22:10:46","date_gmt":"2021-04-18T20:10:46","guid":{"rendered":"https:\/\/etno.net\/?post_type=product&#038;p=2888"},"modified":"2021-05-24T12:32:05","modified_gmt":"2021-05-24T10:32:05","slug":"mina-ite-teknologia-vapauttavana-muusikon-tyokaluna-yxi-pieni-kehityskertomus","status":"publish","type":"product","link":"https:\/\/etno.net\/en\/julkaisu\/opinnaytteet\/maisteriopinnot\/mina-ite-teknologia-vapauttavana-muusikon-tyokaluna-yxi-pieni-kehityskertomus","title":{"rendered":"\u201dMIN\u00c4 ITE!\u201d &#8211; Teknologia vapauttavana muusikon ty\u00f6kaluna, yxi pieni kehityskertomus &#8211;"},"content":{"rendered":"<p>Projektity\u00f6<br \/>\nKev\u00e4t 2017<br \/>\nTaideyliopiston Sibelius-Akatemia<br \/>\nKansanmusiikin aineryhm\u00e4<\/p>\n<p>&nbsp;<\/p>\n<h2>Sis\u00e4llysluettelo<\/h2>\n<p><strong>1 L\u00e4ht\u00f6kohta ja tavoitteet (syksy 2014)<\/strong><\/p>\n<p><strong>2 Prosessin eteneminen<\/strong><\/p>\n<p style=\"padding-left: 40px\">2.1 Laitehankinnat<br \/>\n2.2 Ensimm\u00e4iset \u00e4\u00e4nitykset<br \/>\n2.3 Levytys \u2013 solistista laulu\u00e4\u00e4nityst\u00e4 yhtyeess\u00e4<br \/>\n2.4 Projektity\u00f6n tiimoilta Kallio-Kuninkalassa<br \/>\n2.5 Ensimm\u00e4inen \u00e4\u00e4nisuunnittelullinen teatterity\u00f6ni<\/p>\n<p><strong>3 Esiin nousseita kysymyksi\u00e4 \u2013 kompressointi ja efektointi<\/strong><\/p>\n<p><strong>4 Midi<\/strong><\/p>\n<p>4.1 Uusi levy tekeill\u00e4 \u2013 studioty\u00f6st\u00e4 opittua<\/p>\n<p><strong>5 Esiin nousseita kysymyksi\u00e4 2<\/strong><\/p>\n<p style=\"padding-left: 40px\">5.1 Uusimmat ja tulevat laitehankinnat<br \/>\n5.2 Oma digitaalinen instrumentti<\/p>\n<p><strong>6 Lopputulema<\/strong><\/p>\n<p>&nbsp;<\/p>\n<p>&nbsp;<\/p>\n<div class=\"field field-name-field-thesis-newbody field-type-text-with-summary field-label-hidden toc-scope-processed\">\n<div class=\"field-items\">\n<div class=\"field-item even\">\n<p>Helmi-maaliskuussa 2017 ymm\u00e4rsin, ett\u00e4 ehk\u00e4 vasta nyt olisin valmis \u00e4\u00e4nitt\u00e4m\u00e4\u00e4n soolotuotantoani. Vaikka aluksi ja aloittaessani kuvittelin, ett\u00e4 koska ei kyse \u00e4\u00e4nitt\u00e4misess\u00e4 ole sent\u00e4\u00e4n t\u00e4htitieteest\u00e4, alan vain tutkia ja \u00e4\u00e4nitell\u00e4 ja teen aina uudestaan sen, mit\u00e4 t\u00e4ytyy. Tilanne on tietenkin edelleen aivan sama, mutta iso ero on se, ett\u00e4 nyt luulen paljon paremmin tiet\u00e4v\u00e4ni, mist\u00e4 l\u00e4hte\u00e4 liikkeelle, miten edet\u00e4 ja miten ratkaista ongelmia.<\/p>\n<p>Nyt siis, projektity\u00f6ni ollessa palautusvaiheessa, alussa asetetut tavoitteet eiv\u00e4t ole toteutuneet l\u00e4himainkaan vaan osoittautuneet ep\u00e4realistisiksi. Sen sijaan olen oppinut paljon sellaista, mit\u00e4 en tiennyt kipe\u00e4sti tarvitsevani. Koko digitaalisen musiikin ja \u00e4\u00e4nen prosessoinnin maailma on tehnyt kaikesta ty\u00f6st\u00e4ni paljon helpompaa. Toisaalta se on ehk\u00e4 johdattanut minua siihen suuntaan lis\u00e4\u00e4. Ainakin se on s\u00e4\u00e4st\u00e4nyt aikaa ja rahaa. Vaikkakin, laitehankintoja jatkuvasti tekev\u00e4n\u00e4, rahan s\u00e4\u00e4st\u00e4misen kanssa on v\u00e4h\u00e4n niin ja n\u00e4in.<\/p>\n<p>\u201dMin\u00e4 ite\u201d -teema on tullut t\u00e4m\u00e4n kaiken my\u00f6t\u00e4 yh\u00e4 tutummaksi. Kysyn toki koko ajan neuvoa, lis\u00e4ksi studiossa kyselen jatkuvasti siit\u00e4, mit\u00e4 siell\u00e4 tapahtuu, mik\u00e4li en sit\u00e4 ymm\u00e4rr\u00e4. Kyselen softista, kontrollereista, plugareista. Ylip\u00e4\u00e4t\u00e4\u00e4n puhun niist\u00e4 melko sujuvasti, mik\u00e4 on jo voitto sin\u00e4ns\u00e4. Ennen en aina uskaltanut edes kysy\u00e4 tai en tiennyt oikeastaan edes, mit\u00e4 kysy\u00e4. Tilanne on nyt se, ett\u00e4 kes\u00e4n tullen ja projektity\u00f6ni palauttamisen j\u00e4lkeen voin vihdoin aloittaa sen, mist\u00e4 kuvittelin projektity\u00f6ni tekev\u00e4ni.<\/p>\n<p>Arvostukseni kaikkia kultakorvaisia miksaajia ja masteroijia kohtaan on ollut aina suuri, mutta nyt se on viel\u00e4 suurempi. Uskaltautuminen \u201dMin\u00e4 ite!\u201d-teeman viet\u00e4v\u00e4ksi eli sen, ett\u00e4 haluan itse tiet\u00e4\u00e4, oppia, tehd\u00e4 ja ymm\u00e4rt\u00e4\u00e4, on varmasti ollut parhaita p\u00e4\u00e4t\u00f6ksi\u00e4 minun muusikon urallani. Vaikka olen vasta alussa, on n\u00e4k\u00f6kulmani nyt sellainen, ettei suljettuja teit\u00e4 oikeasti ole. Esteit\u00e4 asettelee vain oma mieli, ja keskener\u00e4isyyskin voi olla vapauttavaa.<\/p>\n<\/div>\n<\/div>\n<\/div>\n<div class=\"field field-name-field-thesis-julkaisuvuosi field-type-date field-label-above\"><\/div>\n<p>&nbsp;<\/p>","protected":false},"excerpt":{"rendered":"<p>Projektity\u00f6 Kev\u00e4t 2017 Taideyliopiston Sibelius-Akatemia Kansanmusiikin aineryhm\u00e4 &nbsp; Sis\u00e4llysluettelo 1 L\u00e4ht\u00f6kohta ja tavoitteet (syksy 2014) 2 Prosessin eteneminen 2.1 Laitehankinnat 2.2 Ensimm\u00e4iset \u00e4\u00e4nitykset 2.3 Levytys \u2013 solistista laulu\u00e4\u00e4nityst\u00e4 yhtyeess\u00e4 2.4 Projektity\u00f6n tiimoilta Kallio-Kuninkalassa 2.5 Ensimm\u00e4inen \u00e4\u00e4nisuunnittelullinen teatterity\u00f6ni 3 Esiin nousseita kysymyksi\u00e4 \u2013 kompressointi ja efektointi 4 Midi 4.1 Uusi levy tekeill\u00e4 \u2013 studioty\u00f6st\u00e4 opittua 5 [&hellip;]<\/p>\n","protected":false},"featured_media":0,"comment_status":"closed","ping_status":"closed","template":"","meta":{"_acf_changed":false},"product_brand":[],"product_cat":[81,76],"product_tag":[],"class_list":{"0":"post-2888","1":"product","2":"type-product","3":"status-publish","5":"product_cat-maisteriopinnot","6":"product_cat-opinnaytteet","8":"first","9":"instock","10":"shipping-taxable","11":"product-type-simple"},"acf":[],"_links":{"self":[{"href":"https:\/\/etno.net\/en\/wp-json\/wp\/v2\/product\/2888","targetHints":{"allow":["GET"]}}],"collection":[{"href":"https:\/\/etno.net\/en\/wp-json\/wp\/v2\/product"}],"about":[{"href":"https:\/\/etno.net\/en\/wp-json\/wp\/v2\/types\/product"}],"replies":[{"embeddable":true,"href":"https:\/\/etno.net\/en\/wp-json\/wp\/v2\/comments?post=2888"}],"wp:attachment":[{"href":"https:\/\/etno.net\/en\/wp-json\/wp\/v2\/media?parent=2888"}],"wp:term":[{"taxonomy":"product_brand","embeddable":true,"href":"https:\/\/etno.net\/en\/wp-json\/wp\/v2\/product_brand?post=2888"},{"taxonomy":"product_cat","embeddable":true,"href":"https:\/\/etno.net\/en\/wp-json\/wp\/v2\/product_cat?post=2888"},{"taxonomy":"product_tag","embeddable":true,"href":"https:\/\/etno.net\/en\/wp-json\/wp\/v2\/product_tag?post=2888"}],"curies":[{"name":"wp","href":"https:\/\/api.w.org\/{rel}","templated":true}]}}