{"id":2889,"date":"2021-04-18T22:11:47","date_gmt":"2021-04-18T20:11:47","guid":{"rendered":"https:\/\/etno.net\/?post_type=product&#038;p=2889"},"modified":"2021-05-26T10:31:11","modified_gmt":"2021-05-26T08:31:11","slug":"uutta-sanavarastoa-viulunsoittoon","status":"publish","type":"product","link":"https:\/\/etno.net\/en\/julkaisu\/opinnaytteet\/maisteriopinnot\/uutta-sanavarastoa-viulunsoittoon","title":{"rendered":"Uutta sanavarastoa viulunsoittoon"},"content":{"rendered":"<p>Projektity\u00f6<br \/>\nKev\u00e4t 2017<br \/>\nTaideyliopiston Sibelius-Akatemia<br \/>\nKansanmusiikin aineryhm\u00e4<\/p>\n<p>&nbsp;<\/p>\n<h2>Sis\u00e4llysluettelo<\/h2>\n<p><strong>1 Johdanto<\/strong><\/p>\n<p><strong>2 Ty\u00f6skentelymetodi<\/strong><\/p>\n<p><strong>3 Eri soittotekniikat<\/strong><\/p>\n<p style=\"padding-left: 40px\">3.1 Pari\u00e4\u00e4net<br \/>\n3.2 Arpeggiot<br \/>\n3.3 Efektiiviset soittotavat<\/p>\n<p><strong>4 Pohdinta<\/strong><\/p>\n<p><strong>5 L\u00e4hdeluettelo<\/strong><\/p>\n<p>&nbsp;<\/p>\n<h2>Johdanto<\/h2>\n<p>Projektini l\u00e4ht\u00f6kohtana on halu oppia itselleni uusia viulunsoittotapoja. Haluan l\u00f6yt\u00e4\u00e4 ideoita sovituksiin ja improvisointiin. Sovituksiin etsin p\u00e4\u00e4asiassa s\u00e4estyskuvioita, jotta saisin vaihtelua viulun melodia- ja soolopainotteiseen rooliin yhtyesoitossa. Improvisoinnin kohdalla t\u00e4ht\u00e4\u00e4n projektissa siihen, ett\u00e4 saan soittooni uutta sanavarastoa sek\u00e4 rohkeutta kokeilla itselleni ep\u00e4tyypillisi\u00e4 ratkaisuja.<\/p>\n<p>Teen paljon musiikkia laulajien kanssa, ja ajatuksenani on nyt etsi\u00e4 vaihtoehtoisia laulun s\u00e4estystapoja perinteisesti k\u00e4ytt\u00e4mieni sijaan. Useimmiten laulukappaleissa soitan jotain n\u00e4ist\u00e4: Improvisoitu soolo, intro, outro, v\u00e4limelodia, stemmasoitto, fillit, komppi (takapotkut, puntitus ym.). T\u00e4m\u00e4n projektin my\u00f6t\u00e4 opettelen k\u00e4ytt\u00e4m\u00e4\u00e4n erilaisia arpeggio- ja pari\u00e4\u00e4nis\u00e4estyksi\u00e4 sek\u00e4 efektiivisi\u00e4 soittotapoja. Tavoitteena on l\u00f6yt\u00e4\u00e4 rytmisesti ja melodisesti uusia kuvioita sek\u00e4 uudenlaista soundimaailmaa. Toivon my\u00f6s pystyv\u00e4ni yhdistelem\u00e4\u00e4n oppimiani asioita kesken\u00e4\u00e4n.<\/p>\n<p>Tunnen tarvetta oppia erilaisia s\u00e4estystapoja my\u00f6s instrumentaalimusiikin parissa. Kansanmusiikkiyhtyeiss\u00e4 viululla on luontevasti melodiavastuu, mutta itse kaipaan levyj\u00e4 ja konsertteja kuunnellessani v\u00e4lill\u00e4 taukoa viulumelodiasta. On my\u00f6s mielenkiintoista kuulla ns. sointusoittajien melodia- ja soolosoittoa sen sijaan, ett\u00e4 he j\u00e4isiv\u00e4t pelkk\u00e4\u00e4n s\u00e4est\u00e4j\u00e4n rooliin.<\/p>\n<p>&nbsp;<\/p>","protected":false},"excerpt":{"rendered":"<p>Projektity\u00f6 Kev\u00e4t 2017 Taideyliopiston Sibelius-Akatemia Kansanmusiikin aineryhm\u00e4 &nbsp; Sis\u00e4llysluettelo 1 Johdanto 2 Ty\u00f6skentelymetodi 3 Eri soittotekniikat 3.1 Pari\u00e4\u00e4net 3.2 Arpeggiot 3.3 Efektiiviset soittotavat 4 Pohdinta 5 L\u00e4hdeluettelo &nbsp; Johdanto Projektini l\u00e4ht\u00f6kohtana on halu oppia itselleni uusia viulunsoittotapoja. Haluan l\u00f6yt\u00e4\u00e4 ideoita sovituksiin ja improvisointiin. Sovituksiin etsin p\u00e4\u00e4asiassa s\u00e4estyskuvioita, jotta saisin vaihtelua viulun melodia- ja soolopainotteiseen rooliin [&hellip;]<\/p>\n","protected":false},"featured_media":0,"comment_status":"closed","ping_status":"closed","template":"","meta":{"_acf_changed":false},"product_brand":[],"product_cat":[81,76],"product_tag":[],"class_list":{"0":"post-2889","1":"product","2":"type-product","3":"status-publish","5":"product_cat-maisteriopinnot","6":"product_cat-opinnaytteet","8":"first","9":"instock","10":"shipping-taxable","11":"product-type-simple"},"acf":[],"_links":{"self":[{"href":"https:\/\/etno.net\/en\/wp-json\/wp\/v2\/product\/2889","targetHints":{"allow":["GET"]}}],"collection":[{"href":"https:\/\/etno.net\/en\/wp-json\/wp\/v2\/product"}],"about":[{"href":"https:\/\/etno.net\/en\/wp-json\/wp\/v2\/types\/product"}],"replies":[{"embeddable":true,"href":"https:\/\/etno.net\/en\/wp-json\/wp\/v2\/comments?post=2889"}],"wp:attachment":[{"href":"https:\/\/etno.net\/en\/wp-json\/wp\/v2\/media?parent=2889"}],"wp:term":[{"taxonomy":"product_brand","embeddable":true,"href":"https:\/\/etno.net\/en\/wp-json\/wp\/v2\/product_brand?post=2889"},{"taxonomy":"product_cat","embeddable":true,"href":"https:\/\/etno.net\/en\/wp-json\/wp\/v2\/product_cat?post=2889"},{"taxonomy":"product_tag","embeddable":true,"href":"https:\/\/etno.net\/en\/wp-json\/wp\/v2\/product_tag?post=2889"}],"curies":[{"name":"wp","href":"https:\/\/api.w.org\/{rel}","templated":true}]}}