{"id":2891,"date":"2021-04-18T22:13:38","date_gmt":"2021-04-18T20:13:38","guid":{"rendered":"https:\/\/etno.net\/?post_type=product&#038;p=2891"},"modified":"2021-05-26T10:33:50","modified_gmt":"2021-05-26T08:33:50","slug":"floating-sofa-quartet-pohjoismaisen-yhtyeen-alkutaival","status":"publish","type":"product","link":"https:\/\/etno.net\/en\/julkaisu\/opinnaytteet\/maisteriopinnot\/floating-sofa-quartet-pohjoismaisen-yhtyeen-alkutaival","title":{"rendered":"FLOATING SOFA QUARTET &#8211; Pohjoismaisen yhtyeen alkutaival"},"content":{"rendered":"<p>Projektity\u00f6<br \/>\nKev\u00e4t 2016<br \/>\nTaideyliopiston Sibelius-Akatemia<br \/>\nKansanmusiikin aineryhm\u00e4<\/p>\n<p>&nbsp;<\/p>\n<h2>Sis\u00e4llysluettelo<\/h2>\n<p><strong>1 Johdanto<\/strong><\/p>\n<p><strong>2 Floating Sofa Quartet<\/strong><\/p>\n<p style=\"padding-left: 40px\">2.1 Kohtaaminen<br \/>\n2.2 T\u00e4h\u00e4n asti tapahtunutta<br \/>\n2.3 Ohjelmisto<br \/>\n2.4 Miksi haluamme soittaa yhdess\u00e4?<\/p>\n<p><strong>3 Kansainv\u00e4lisen yhtyetoiminnan haasteet ja mahdollisuudet<\/strong><\/p>\n<p style=\"padding-left: 40px\">3.1 Rahoitus<br \/>\n3.2 Aika<br \/>\n3.3 Muu<\/p>\n<p><strong>4 Taiteellinen ty\u00f6skentely<\/strong><\/p>\n<p><strong>5 Esiintymiset<\/strong><\/p>\n<p><strong>6 Tulevaisuus<\/strong><\/p>\n<p><strong>7 Yhteenveto<\/strong><\/p>\n<p><strong>8 Liitteet<\/strong><\/p>\n<p style=\"padding-left: 40px\">8.1 Apurahahakemukset<\/p>\n<p style=\"padding-left: 80px\">8.1.1 Hyv\u00e4ksytyt<br \/>\n8.1.2 Muut<\/p>\n<p style=\"padding-left: 40px\">8.2 B\u00e4ndimatskua<\/p>\n<p style=\"padding-left: 80px\">8.2.1 Biografiat \/ CV:t<br \/>\n8.2.2 Demot<br \/>\n8.2.3 Kuvia<\/p>\n<p>&nbsp;<\/p>\n<h2>Johdanto<\/h2>\n<p>Projektity\u00f6ni aiheena on suomalais-tanskalais-ruotsalaisen kansanmusiikkiyhtyeen Floating Sofa Quartetin synty. Kirjallisessa osuudessa kuvaan prosessin ty\u00f6vaiheita huhtikuusta 2013 marraskuuhun 2015. Projektity\u00f6ni taiteellinen osio on Floating Sofa Quartetin esiintyminen Pelimannitalossa Kaustinen Folk Music Festivalilla 2015.<\/p>\n<p>Valitsin Floating Sofa Quartetin projektity\u00f6ni aiheeksi, koska projektity\u00f6ni aloittamisen aikaan syksyll\u00e4 2014 yhtye oli periaatteessa olemassa, mutta vain puheiden tasolla, ja tarvitsi k\u00e4ynnisty\u00e4kseen jonkinlaisen l\u00e4ht\u00f6laukauksen. Projektity\u00f6ni p\u00e4\u00e4tavoite olikin saada yhtyeen toiminta k\u00e4ynnistetty\u00e4. Muina tavoitteina oli j\u00e4rjest\u00e4\u00e4 rahoitus yhtyeen harjoittelun mahdollistamiseksi sek\u00e4 j\u00e4rjest\u00e4\u00e4 yhtyeelle esiintyminen Kaustinen Folk Music Festivalille 2015 ja sen ymp\u00e4rille pieni kiertue Suomessa. Rahoituksen pyrin j\u00e4rjest\u00e4m\u00e4\u00e4n erityisesti hakemalla apurahoja eri s\u00e4\u00e4ti\u00f6ilt\u00e4 ja j\u00e4rjest\u00e4m\u00e4ll\u00e4 sivuprojektina Sota-ajan lauluja -kiertueen, jonka tuoton oli tarkoitus menn\u00e4 Floating Sofa Quartetin matkakuluihin.<\/p>","protected":false},"excerpt":{"rendered":"<p>Projektity\u00f6 Kev\u00e4t 2016 Taideyliopiston Sibelius-Akatemia Kansanmusiikin aineryhm\u00e4 &nbsp; Sis\u00e4llysluettelo 1 Johdanto 2 Floating Sofa Quartet 2.1 Kohtaaminen 2.2 T\u00e4h\u00e4n asti tapahtunutta 2.3 Ohjelmisto 2.4 Miksi haluamme soittaa yhdess\u00e4? 3 Kansainv\u00e4lisen yhtyetoiminnan haasteet ja mahdollisuudet 3.1 Rahoitus 3.2 Aika 3.3 Muu 4 Taiteellinen ty\u00f6skentely 5 Esiintymiset 6 Tulevaisuus 7 Yhteenveto 8 Liitteet 8.1 Apurahahakemukset 8.1.1 Hyv\u00e4ksytyt [&hellip;]<\/p>\n","protected":false},"featured_media":0,"comment_status":"closed","ping_status":"closed","template":"","meta":{"_acf_changed":false},"product_brand":[],"product_cat":[81,76],"product_tag":[],"class_list":{"0":"post-2891","1":"product","2":"type-product","3":"status-publish","5":"product_cat-maisteriopinnot","6":"product_cat-opinnaytteet","8":"first","9":"instock","10":"shipping-taxable","11":"product-type-simple"},"acf":[],"_links":{"self":[{"href":"https:\/\/etno.net\/en\/wp-json\/wp\/v2\/product\/2891","targetHints":{"allow":["GET"]}}],"collection":[{"href":"https:\/\/etno.net\/en\/wp-json\/wp\/v2\/product"}],"about":[{"href":"https:\/\/etno.net\/en\/wp-json\/wp\/v2\/types\/product"}],"replies":[{"embeddable":true,"href":"https:\/\/etno.net\/en\/wp-json\/wp\/v2\/comments?post=2891"}],"wp:attachment":[{"href":"https:\/\/etno.net\/en\/wp-json\/wp\/v2\/media?parent=2891"}],"wp:term":[{"taxonomy":"product_brand","embeddable":true,"href":"https:\/\/etno.net\/en\/wp-json\/wp\/v2\/product_brand?post=2891"},{"taxonomy":"product_cat","embeddable":true,"href":"https:\/\/etno.net\/en\/wp-json\/wp\/v2\/product_cat?post=2891"},{"taxonomy":"product_tag","embeddable":true,"href":"https:\/\/etno.net\/en\/wp-json\/wp\/v2\/product_tag?post=2891"}],"curies":[{"name":"wp","href":"https:\/\/api.w.org\/{rel}","templated":true}]}}