{"id":2892,"date":"2021-04-18T22:14:32","date_gmt":"2021-04-18T20:14:32","guid":{"rendered":"https:\/\/etno.net\/?post_type=product&#038;p=2892"},"modified":"2021-05-26T11:12:35","modified_gmt":"2021-05-26T09:12:35","slug":"uusia-ilmaisukeinoja-lyomasoittajalle","status":"publish","type":"product","link":"https:\/\/etno.net\/en\/julkaisu\/opinnaytteet\/maisteriopinnot\/uusia-ilmaisukeinoja-lyomasoittajalle","title":{"rendered":"Uusia ilmaisukeinoja ly\u00f6m\u00e4soittajalle?"},"content":{"rendered":"<p>Projektity\u00f6<br \/>\nKansanmusiikin aineryhm\u00e4<br \/>\nTaideyliopiston Sibelius-akatemia<br \/>\n2016<\/p>\n<p>&nbsp;<\/p>\n<h2>Sis\u00e4llysluettelo<\/h2>\n<p><strong>1 Maisterikonserttini idea ja tavoitteet<\/strong><\/p>\n<p><strong>2 Maisterikonserttini taiteellinen viitekehys<\/strong><\/p>\n<p><strong>3 Projektini ja sen p\u00e4\u00e4m\u00e4\u00e4r\u00e4t osana konserttiani<\/strong><\/p>\n<p><strong>4 K\u00e4yt\u00e4nn\u00f6n toteutus ja sen mukanaan tuomat haasteet<\/strong><\/p>\n<p style=\"padding-left: 40px\">4.1 Mikityksen eri vaihtoehdot<br \/>\n4.2 Kontaktimikrofonit<br \/>\n4.3 Konsertin l\u00e4hestyess\u00e4<\/p>\n<p><strong>5 After the show \u2013 Pohdinta ja k\u00e4yt\u00e4nn\u00f6n sovellusmahdollisuudet<\/strong><\/p>\n<p><strong>6 Liitteet (\u00e4\u00e4ni- ja videoesimerkit projektin eri vaiheista)<\/strong><\/p>\n<p>&nbsp;<\/p>\n<h2>Maisterikonserttini idea ja tavoitteet<\/h2>\n<p>El\u00e4mme loppusyksy\u00e4 2015. Tulevan maisterikonserttini p\u00e4iv\u00e4m\u00e4\u00e4r\u00e4ksi on varmistunut 16.6.2016. \u201dElektripirn\u201d-nime\u00e4 kantava kokonaisuus pyrkii yhdist\u00e4m\u00e4\u00e4n kaksi minulle rakasta musiikkityyli\u00e4 \u2013 kansanmusiikin ja elektronisen musiikin. L\u00e4ht\u00f6kohtaisestihan n\u00e4m\u00e4 musiikinlajit tuntuvat olevan kovinkin kaukana toisistaan, mutta pitkien ja syv\u00e4llisten pohdintojen my\u00f6t\u00e4 olen onnistunut l\u00f6yt\u00e4m\u00e4\u00e4n varsinkin arkaaisemmasta kansanmusiikista paljonkin yhtym\u00e4kohtia viime vuosikymmenten elektroniseen musiikkiin.<\/p>\n<p>Elektronisen tanssimusiikin ja kansanmusiikin vanhemman perinteen suurimpina yhdist\u00e4vin\u00e4 tekij\u00f6in\u00e4 pit\u00e4isin musiikin pitk\u00e4linjaisuutta, varsinkin rytmisesti voimakkaasti ilmenev\u00e4\u00e4 toistoa, sek\u00e4 melodian ja harmonian muuntelun minimalistisuutta. Pitk\u00e4\u00e4n tasaisena toistuvat rytmit ja v\u00e4h\u00e4eleinen muuntelu tuovat elektroniseen musiikkiin vahvasti samaa tunnelmaa kuin menneiden sukupolvien tuntikausia kest\u00e4neet, itse rakennetuilla muutaman s\u00e4velen mahdollistavilla huiluilla toteutetut improvisaatiot loivat aikanaan muinaissuomalaiseen musiikkiin. Elektronisessa musiikissa minua vieh\u00e4tt\u00e4v\u00e4t lis\u00e4ksi musiikin kerroksellisuus, pid\u00e4ttyv\u00e4isyys ja vankkumaton luotto yksinkertaisten asioiden ja ideoiden kykyyn kantaa pitki\u00e4kin aikoja \u2013 eli suurin piirtein samat asiat, joita olen huomannut harjoittelevani vaikkapa jokaisella Sibelius-Akatemian kansanmuusikoiden improvisaatioperiodilla, \u201dkandiakatemiassa\u201d, ja joihin olen jatkuvasti saanut keskitty\u00e4 omien yhtyeideni harjoituksissa.<\/p>\n<p>Mutta mit\u00e4 se aineryhm\u00e4ss\u00e4mme opiskeltava suomalainen kansanmusiikki sitten oikein on? Suomalaisen kansanmusiikin m\u00e4\u00e4ritelm\u00e4 ei voi nojata varsinaisesti mihink\u00e4\u00e4n tiettyyn soittimeen \u2013 suurin osa instrumenteista kun on per\u00e4isin rajojemme ulkopuolelta. Suomalaista kansanmusiikkia ei voi lokeroida my\u00f6sk\u00e4\u00e4n eri tanssilajeja luettelemalla, koska suuri osa niist\u00e4kin on alun perin tunnettu esimerkiksi keskieurooppalaisina hovitansseina. Voisiko termi \u201dsuomalainen kansanmusiikki\u201d olla siis jotain paljon abstraktimpaa \u2013 jotain, mit\u00e4 nykymaailmassa el\u00e4v\u00e4 ihminen ei voi tarkkaan sanallistaa?<\/p>\n<p>Voisiko suomalainen kansanmusiikki olla enemm\u00e4nkin sykkeen, pulssin, luoma tunnelma tai mielentila? Voiko t\u00e4m\u00e4 myyttinen kansanmusiikin syke olla t\u00e4ysin piittaamaton my\u00f6hemmin kehitetyn nuottikirjoituksen s\u00e4\u00e4nn\u00f6ist\u00e4, ja voisiko esimerkiksi koko k\u00e4site \u201dsoittajien yhteisest\u00e4 ykk\u00f6sest\u00e4\u201d olla vasta reilusti modernimpaa kerrostumaa?<\/p>\n<p>Omassa maisterikonsertissani l\u00e4hes kaikki \u00e4\u00e4ni tuotetaan koneilla. Analogisyntetisaattoreilla, looppereilla, rumpukoneilla, s\u00e4mplereill\u00e4 tai nykyaikaisesti tietokoneiden sekvensseriohjelmilla tuotetut \u00e4\u00e4net tekev\u00e4t konsertista my\u00f6s \u00e4\u00e4niteknisesti mielenkiintoisen, sill\u00e4 suurin osa soittimistosta ei vaadi mink\u00e4\u00e4nlaista mikityst\u00e4. Konsertin alkuper\u00e4isen vision mukaisesti konsertissa ei tulla kuulemaan yht\u00e4\u00e4n aitoa akustisen soittimen \u00e4\u00e4nt\u00e4. Mahdolliset haitarilla, puhaltimilla tai akustisilla ly\u00f6m\u00e4soittimilla tuotetut \u00e4\u00e4net k\u00e4yv\u00e4t l\u00e4pi radikaalin k\u00e4sittelyn ja muokkauksen kuulostaakseen joltain aivan muulta kuin mihin olemme n\u00e4iden soittimien kohdalla tottuneet.<\/p>\n<p>Vaikka l\u00e4ht\u00f6kohta konserttiini onkin t\u00e4ysin s\u00e4hk\u00f6inen, pyrin silti l\u00f6yt\u00e4m\u00e4\u00e4n konserttikokonaisuudessani yhtym\u00e4kohtia vanhojen paimensoittojen ja nykyhetken klubimaailman v\u00e4lille. Monet klubeissa viihtyv\u00e4t ihmiset toteavatkin tasaisena jyskytt\u00e4v\u00e4n pulssin vaivuttavan heid\u00e4t tietynlaiseen transsiin \u2013 aivan kuten ajan ja paikan h\u00e4m\u00e4rt\u00e4neet kanteleimprovisaatiot huumasivat jo meit\u00e4 edelt\u00e4neit\u00e4 soittajasukupolvia.<\/p>\n<p>Konsertin ideaa kirkastaessani pohdin, voiko konserttini materiaali olla jollain tavalla uutta muinaista musiikkia. Voinko soittaa \u201doikean\u201d paimensoiton k\u00e4\u00e4ntym\u00e4tt\u00e4 lainkaan tallennetun tai korvakuulolla siirtyneen perinteen suuntaan? Voidaanko menneisyyden paimenten tunneissa mitatut improvisaatiot korvata nykyp\u00e4iv\u00e4n\u00e4 looppereilla? Onko konemusiikki siis vain nykyaikainen kuvajainen menneest\u00e4 maailmasta ja ovatko konemusiikin supert\u00e4hdet vain palasia vuosituhansia vanhassa kansanperinteen jatkumossa?<\/p>\n<p>&nbsp;<\/p>","protected":false},"excerpt":{"rendered":"<p>Projektity\u00f6 Kansanmusiikin aineryhm\u00e4 Taideyliopiston Sibelius-akatemia 2016 &nbsp; Sis\u00e4llysluettelo 1 Maisterikonserttini idea ja tavoitteet 2 Maisterikonserttini taiteellinen viitekehys 3 Projektini ja sen p\u00e4\u00e4m\u00e4\u00e4r\u00e4t osana konserttiani 4 K\u00e4yt\u00e4nn\u00f6n toteutus ja sen mukanaan tuomat haasteet 4.1 Mikityksen eri vaihtoehdot 4.2 Kontaktimikrofonit 4.3 Konsertin l\u00e4hestyess\u00e4 5 After the show \u2013 Pohdinta ja k\u00e4yt\u00e4nn\u00f6n sovellusmahdollisuudet 6 Liitteet (\u00e4\u00e4ni- ja videoesimerkit [&hellip;]<\/p>\n","protected":false},"featured_media":0,"comment_status":"closed","ping_status":"closed","template":"","meta":{"_acf_changed":false},"product_brand":[],"product_cat":[81,76],"product_tag":[],"class_list":{"0":"post-2892","1":"product","2":"type-product","3":"status-publish","5":"product_cat-maisteriopinnot","6":"product_cat-opinnaytteet","8":"first","9":"instock","10":"shipping-taxable","11":"product-type-simple"},"acf":[],"_links":{"self":[{"href":"https:\/\/etno.net\/en\/wp-json\/wp\/v2\/product\/2892","targetHints":{"allow":["GET"]}}],"collection":[{"href":"https:\/\/etno.net\/en\/wp-json\/wp\/v2\/product"}],"about":[{"href":"https:\/\/etno.net\/en\/wp-json\/wp\/v2\/types\/product"}],"replies":[{"embeddable":true,"href":"https:\/\/etno.net\/en\/wp-json\/wp\/v2\/comments?post=2892"}],"wp:attachment":[{"href":"https:\/\/etno.net\/en\/wp-json\/wp\/v2\/media?parent=2892"}],"wp:term":[{"taxonomy":"product_brand","embeddable":true,"href":"https:\/\/etno.net\/en\/wp-json\/wp\/v2\/product_brand?post=2892"},{"taxonomy":"product_cat","embeddable":true,"href":"https:\/\/etno.net\/en\/wp-json\/wp\/v2\/product_cat?post=2892"},{"taxonomy":"product_tag","embeddable":true,"href":"https:\/\/etno.net\/en\/wp-json\/wp\/v2\/product_tag?post=2892"}],"curies":[{"name":"wp","href":"https:\/\/api.w.org\/{rel}","templated":true}]}}