{"id":2893,"date":"2021-04-18T22:15:39","date_gmt":"2021-04-18T20:15:39","guid":{"rendered":"https:\/\/etno.net\/?post_type=product&#038;p=2893"},"modified":"2021-05-26T11:02:53","modified_gmt":"2021-05-26T09:02:53","slug":"stadin-kadonneet-styget-helsingin-kadonneet-kansanlaulut","status":"publish","type":"product","link":"https:\/\/etno.net\/en\/julkaisu\/opinnaytteet\/maisteriopinnot\/stadin-kadonneet-styget-helsingin-kadonneet-kansanlaulut","title":{"rendered":"Stadin kadonneet styget &#8211; Helsingin kadonneet kansanlaulut"},"content":{"rendered":"<p>Projektity\u00f6<br \/>\nKev\u00e4t 2016<br \/>\nTaideyliopiston Sibelius-Akatemia<br \/>\nKansanmusiikin aineryhm\u00e4<\/p>\n<h4><\/h4>\n<h2><strong>Sis\u00e4llysluettelo<\/strong><\/h2>\n<p><strong>1 Johdanto<\/strong><\/p>\n<p><strong>2 Helsingin kansanlaulujen taustaa<\/strong><\/p>\n<p style=\"padding-left: 40px\">2.1. Helsingin kansanlaulut vai urbaanit slangiasuiset kansanlaulut?<br \/>\n2.2. Laulukielest\u00e4, eli Stadin slangista<br \/>\n2.3. Arkistomateriaali: slangimuotoisen riimillisen kansanlaulun keruu vuosina 1906\u20131977<\/p>\n<p><strong>3 \u201dStadin kadonneet styget\u201d -projekti<\/strong><\/p>\n<p style=\"padding-left: 40px\">3.1 Projektin l\u00e4ht\u00f6tilanne<br \/>\n3.2 Slangimuotoisten riimillisten kansanlaulujen etsiminen ja arkistomateriaali<br \/>\n3.3 J. K. Harju ja h\u00e4nen keruuaineistonsa<\/p>\n<p><strong>4 Slangimuotoiset kansanlaulut<\/strong><\/p>\n<p style=\"padding-left: 40px\">4.1 On Rookis kalsa Hima<br \/>\n4.2 Oi mutsi mutsi \/ Mutsi gamla<br \/>\n4.3 Morjens Viivi<br \/>\n4.4 Snadi kundi<br \/>\n4.5 Snadisti ku kartsalla dallattiin<br \/>\n4.6 Buli reissu stadista on Saarij\u00e4rven rantaan<br \/>\n4.7 Flamma<br \/>\n4.8 Fimtsika killaa<\/p>\n<p><strong>5 Projektikonsertti<\/strong><\/p>\n<p style=\"padding-left: 40px\">5.1 Taiteellisen ty\u00f6ryhm\u00e4n esittely<br \/>\n5.2 Taiteellisen ty\u00f6n prosessista<br \/>\n5.3 Konserttiprojektin muut laulut; valmiit s\u00e4vellykset ja uustuotanto kansanlaulutyyliin:<\/p>\n<p style=\"padding-left: 80px\">5.3.1 Vihonviimenen bulttari<br \/>\n5.3.2 Viisitoista vuotiaana<br \/>\n5.3.3 Hamppari Kalle<br \/>\n5.3.4 Sakilaisten laulu eli Stadilainen pisto<\/p>\n<p><strong>6 Yhteenveto<\/strong><\/p>\n<p><strong>7 \u00c4\u00e4nin\u00e4ytteet: sis\u00e4llysluettelot\u00a0 ja tekij\u00e4tiedot<\/strong><\/p>\n<p><strong>8 L\u00e4hteet<\/strong><\/p>\n<p><strong>9 Muu kirjallisuus ja internetlinkit<\/strong><\/p>\n<p>&nbsp;<\/p>\n<h2>Johdanto<\/h2>\n<p>Stadin kadonneet styget \u2013 Helsingin kadonneet kansanlaulut tutkimuksellinen konserttiprojekti sai alkunsa kysymyksest\u00e4, olisiko helsinkil\u00e4isten oman kielen, Stadin slangin varaan voinut rakentua my\u00f6s omaa musiikkikulttuuriperint\u00f6\u00e4. Helsinkih\u00e4n on vuosisatojen ajan ollut kielten ja kulttuurien sulatusuuni, jonka n\u00e4kyvin ilmentym\u00e4 on Stadin slangi.<\/p>\n<p>Vuoden 2012 tienoilla huomasin, ett\u00e4 en ole koskaan laulanut kansanlauluja Helsingist\u00e4, mutta sit\u00e4kin enemm\u00e4n muualta Suomesta. Olin opiskellut kansanmusiikin ammattilaiseksi ja perehtynyt n\u00e4in kansanlauluperinteeseen, mutta laulamani laulut oli aina tallennettu jostakin muualta kuin p\u00e4\u00e4kaupunkiseudulta ja aina muiden suomen murrealueiden murteilla. En ollut koskaan viel\u00e4 tavannut kansanlauluja Helsingin omalla murteella \u2013 Stadin slangiksi. Helsinkil\u00e4issyntyisen\u00e4 laulajana se tuntui jopa ep\u00e4reilulta, ja kummalliselta ettei meill\u00e4 helsinkil\u00e4isill\u00e4 olisi lainkaan omaa kansanmusiikkiperint\u00f6\u00e4. Kummalliselta se tuntui siksikin, ett\u00e4 Helsinki on ollut v\u00e4est\u00f6rakenteeltaan muuttovoittoinen kaupunki l\u00e4hes koko olemassaolonsa ajan, joten voisi olettaa t\u00e4nne muuttaneiden ihmisten tuoneen laulunsa ja oman kulttuuriperint\u00f6ns\u00e4 mukanaan jo aikaa sitten.<\/p>\n<p>Havahduin siihen kummalliseen tosiasiaan, ett\u00e4 slangimuotoisia kansanlauluja ei kukaan ollut noteerannut edes meid\u00e4n kansanmuusikoiden parissa. Kenell\u00e4k\u00e4\u00e4n ei ehk\u00e4 ollut k\u00e4ynyt mieless\u00e4, ett\u00e4 Helsingist\u00e4 voisi ylip\u00e4\u00e4t\u00e4\u00e4n l\u00f6yty\u00e4 kansanmusiikillista perinnett\u00e4, koska ymp\u00e4rist\u00f6 on urbaani. Toisaalta saattoihan asia olla vain niin, ett\u00e4 minun korviini ei ollut tullut tietoa helsinkil\u00e4isist\u00e4 kansanlauluista. Helsingin musiikkiel\u00e4m\u00e4\u00e4, klassista ja populaarimpaa kerrostumaa on kyll\u00e4 tutkittu, mutta slangiin liittyv\u00e4\u00e4 ja tavallisen ihmisen laulamaa kansanlaulu- tai musiikkiperinnett\u00e4 ei ole tallennettu tai tutkittu kovin paljon. Yksi syy t\u00e4h\u00e4n saattaa olla se, ett\u00e4 rahvaan, ty\u00f6v\u00e4enluokan, el\u00e4m\u00e4 ja kansanlaulut eiv\u00e4t ole olleet kovinkaan kiinnostava tutkimuskohde viel\u00e4 1900- luvun alussa eik\u00e4 sit\u00e4 tallennettu siihen aikaan kirjoihin tai kansiin samalla tavalla kuin keski- ja yl\u00e4luokan kulttuuriel\u00e4m\u00e4\u00e4 Helsingiss\u00e4.<\/p>\n<p>Slangimuotoiset laulut, kuten slanginnetut suomenkieliset laulut ja uudet s\u00e4velletyt slangiksi lauletut laulut, joihin luen my\u00f6s rytmimusiikin modernimipiakin tyylisuuntia, kuten mm. r\u00e4p-musiikin, ovat kuitenkin hyvinkin el\u00e4v\u00e4\u00e4 ja perinteeseen nojaavaa musiikkia. Mutta suullisena perinteen\u00e4 s\u00e4ilyneet laulut, joiden tekij\u00f6it\u00e4 ei tunneta ja jotka olisivat yleisesti suomalaisen kansanperinteen mukaan m\u00e4\u00e4ritelty\u00e4 kansanlaulua, ovat todellakin katoavaa kansanperinnett\u00e4. N\u00e4iden slangiksi laulettujen laulujen poissaolo kansanmusiikin genress\u00e4 oli niin huomattavaa, ett\u00e4 se oli kuin itsest\u00e4\u00e4nselvyys ettei helsinkil\u00e4ist\u00e4 kansanlaulua voisi olla.<\/p>\n<p>Miksi siis en ollut koskaan kuullut esimerkiksi rekilaulua Stadin slangiksi laulettuna, vaikka muilla suomen murteilla on tallennettu paljonkin rekilauluperinnett\u00e4 sek\u00e4 muuta uudempaa riimillist\u00e4 kansanlaulua? Minne ovat kadonneet ne Helsingiss\u00e4 mahdollisesti lauletut kansanlaulut? Onko niit\u00e4 ollut, ja mit\u00e4 ne ovat nyt? Mik\u00e4 on helsinkil\u00e4inen kansanlaulu? Mik\u00e4 on kansanlaulu? Ketk\u00e4 niit\u00e4 lauloivat Helsingiss\u00e4? Miksi slangiksi? Ja miksi slangiksi laulettuja kansanlauluja ei ole tallennettu systemaattisesti?<\/p>\n<p>T\u00e4st\u00e4 kysymystulvasta syntyi ensin taiteellinen idea konsertista, jossa voisi esitt\u00e4\u00e4 vaikka rekilauluja slangiksi. Mutta hyvin pian k\u00e4vi selv\u00e4ksi, ett\u00e4 slangiasuisia rekilauluja ei l\u00f6ydy, muita riimillisi\u00e4 kansanlauluja ehk\u00e4. Toinen merkitt\u00e4v\u00e4 huomio oli se, ett\u00e4 taustaty\u00f6 ei ole pieni vaan se vie aikaa, ja n\u00e4in se laajeni omaksi projektikseen. Rupesin etsim\u00e4\u00e4n, l\u00f6ytyisik\u00f6 viel\u00e4 vanhoja slangiasuisia kansanlauluja, joita voisimme esitt\u00e4\u00e4 konsertissa. Selvitin, onko mit\u00e4\u00e4n lauluja ylip\u00e4\u00e4t\u00e4\u00e4n en\u00e4\u00e4 tallella arkistoissa, ja mit\u00e4 slangiasuisia kansanlauluja ylip\u00e4\u00e4t\u00e4\u00e4n l\u00f6ytyy. Rinta rinnan siis eteniv\u00e4t aineiston etsiminen ja tutkailu sek\u00e4 Stadin kadonneet styget -konserttiprojekti, joka sai ensi-iltansa Helsingiss\u00e4 Musiikkitalon Black Box -salissa 18.3.2015 osana Soiva Akatemia &#8211; konserttisarjaa. Musiikillinen kokonaisuus el\u00e4\u00e4 nyt omaa el\u00e4m\u00e4\u00e4ns\u00e4, ja Stadin Kadonneet -yhtye julkaisee levyn kes\u00e4kuussa 2016 t\u00e4m\u00e4n konserttikokonaisuuden pohjalta.<\/p>\n<p>Vaikka t\u00e4m\u00e4 projekti oli alunperinkin mielest\u00e4ni loistava syventymisen kohde, josta ammentaa taiteellista ty\u00f6t\u00e4 ja materiaalia, huomasin heti aluksi empiv\u00e4ni, voinko itse laulaa n\u00e4it\u00e4 lauluja. Sopiiko \u00e4\u00e4neni t\u00e4llaisiin ehk\u00e4 raakoihinkin teksteihin ja slangin laulamiseen, jonka puhuminen ei ollut minulle t\u00e4ysin luontaista? N\u00e4in t\u00e4ss\u00e4 haasteen omalle laulajuudelleni ja taiteilijuudelleni laulaa minulle ep\u00e4ominaista laulumateriaalia \u2013 sellaista, jossa en ollut aikaisemmin tuntenut olevani aivan kotonani taiteilijana.<\/p>","protected":false},"excerpt":{"rendered":"<p>Projektity\u00f6 Kev\u00e4t 2016 Taideyliopiston Sibelius-Akatemia Kansanmusiikin aineryhm\u00e4 Sis\u00e4llysluettelo 1 Johdanto 2 Helsingin kansanlaulujen taustaa 2.1. Helsingin kansanlaulut vai urbaanit slangiasuiset kansanlaulut? 2.2. Laulukielest\u00e4, eli Stadin slangista 2.3. Arkistomateriaali: slangimuotoisen riimillisen kansanlaulun keruu vuosina 1906\u20131977 3 \u201dStadin kadonneet styget\u201d -projekti 3.1 Projektin l\u00e4ht\u00f6tilanne 3.2 Slangimuotoisten riimillisten kansanlaulujen etsiminen ja arkistomateriaali 3.3 J. K. Harju ja h\u00e4nen [&hellip;]<\/p>\n","protected":false},"featured_media":0,"comment_status":"closed","ping_status":"closed","template":"","meta":{"_acf_changed":false},"product_brand":[],"product_cat":[81,76],"product_tag":[],"class_list":{"0":"post-2893","1":"product","2":"type-product","3":"status-publish","5":"product_cat-maisteriopinnot","6":"product_cat-opinnaytteet","8":"first","9":"instock","10":"shipping-taxable","11":"product-type-simple"},"acf":[],"_links":{"self":[{"href":"https:\/\/etno.net\/en\/wp-json\/wp\/v2\/product\/2893","targetHints":{"allow":["GET"]}}],"collection":[{"href":"https:\/\/etno.net\/en\/wp-json\/wp\/v2\/product"}],"about":[{"href":"https:\/\/etno.net\/en\/wp-json\/wp\/v2\/types\/product"}],"replies":[{"embeddable":true,"href":"https:\/\/etno.net\/en\/wp-json\/wp\/v2\/comments?post=2893"}],"wp:attachment":[{"href":"https:\/\/etno.net\/en\/wp-json\/wp\/v2\/media?parent=2893"}],"wp:term":[{"taxonomy":"product_brand","embeddable":true,"href":"https:\/\/etno.net\/en\/wp-json\/wp\/v2\/product_brand?post=2893"},{"taxonomy":"product_cat","embeddable":true,"href":"https:\/\/etno.net\/en\/wp-json\/wp\/v2\/product_cat?post=2893"},{"taxonomy":"product_tag","embeddable":true,"href":"https:\/\/etno.net\/en\/wp-json\/wp\/v2\/product_tag?post=2893"}],"curies":[{"name":"wp","href":"https:\/\/api.w.org\/{rel}","templated":true}]}}