{"id":2894,"date":"2021-04-18T22:16:40","date_gmt":"2021-04-18T20:16:40","guid":{"rendered":"https:\/\/etno.net\/?post_type=product&#038;p=2894"},"modified":"2021-05-26T11:05:26","modified_gmt":"2021-05-26T09:05:26","slug":"taiteilijan-matkassa","status":"publish","type":"product","link":"https:\/\/etno.net\/en\/julkaisu\/opinnaytteet\/maisteriopinnot\/taiteilijan-matkassa","title":{"rendered":"Taiteilijan matkassa"},"content":{"rendered":"<p>Projektity\u00f6<br \/>\nSibelius-Akatemian Kansanmusiikin aineryhm\u00e4<br \/>\nSyksy 2015<\/p>\n<p>&nbsp;<\/p>\n<h2>Sis\u00e4llysluettelo<\/h2>\n<p><strong>1 Johdanto<\/strong><\/p>\n<p><strong>2 Kiertueassistenttina<\/strong><\/p>\n<p style=\"padding-left: 40px\">Sielunmaalarin kiertue-el\u00e4m\u00e4\u00e4<br \/>\nMik\u00e4 on sielun muotokuva?<br \/>\nKiertueen suunnittelu<br \/>\nKiertueen ensihetket<br \/>\nMaalaustilaisuus<br \/>\nIlmapiiri<br \/>\nKiertueen p\u00e4\u00e4t\u00f6s<br \/>\nOman sielunkuvani maalausprosessi<\/p>\n<p><strong>3 Markkinointiassistenttina<\/strong><\/p>\n<p style=\"padding-left: 40px\">Nettisivut<br \/>\nFacebook<\/p>\n<p><strong>4 Kirjan taittajana Sielun V\u00e4rityskirja<\/strong><\/p>\n<p style=\"padding-left: 40px\">Taittajan ty\u00f6ni k\u00e4yt\u00e4nn\u00f6ss\u00e4<\/p>\n<p><strong>5 Yhteenveto<\/strong><\/p>\n<p><strong>6 Galleria<\/strong><\/p>\n<p>&nbsp;<\/p>\n<h2>Johdanto<\/h2>\n<p>Projektini aiheena on ty\u00f6skentelyni taiteilija Kaija Juurikkalan assistenttina sek\u00e4 yhteisty\u00f6mme vaikutus omaan taiteilijuuteeni. Sain ajatuksen projektity\u00f6st\u00e4 ollessani kev\u00e4\u00e4ll\u00e4 2015 Kaijan mukana maalauskiertueella Lapissa. Yhteisty\u00f6mme tuntui kiinnostavalta maaper\u00e4lt\u00e4 oman taiteilijaidentiteettini tutkiskelulle, ja koin hedelm\u00e4lliseksi projektiaiheeksi koko laajamittaisen taiteilijakumppanuutemme tutkimisen vuoden 2015 ajalta. Projektini jakautuu ty\u00f6h\u00f6ni maalauskiertueen apulaisena, markkinointiassistenttina, v\u00e4rityskirjan taittajana sek\u00e4 sielunkuvien valokuvaajana.<\/p>","protected":false},"excerpt":{"rendered":"<p>Projektity\u00f6 Sibelius-Akatemian Kansanmusiikin aineryhm\u00e4 Syksy 2015 &nbsp; Sis\u00e4llysluettelo 1 Johdanto 2 Kiertueassistenttina Sielunmaalarin kiertue-el\u00e4m\u00e4\u00e4 Mik\u00e4 on sielun muotokuva? Kiertueen suunnittelu Kiertueen ensihetket Maalaustilaisuus Ilmapiiri Kiertueen p\u00e4\u00e4t\u00f6s Oman sielunkuvani maalausprosessi 3 Markkinointiassistenttina Nettisivut Facebook 4 Kirjan taittajana Sielun V\u00e4rityskirja Taittajan ty\u00f6ni k\u00e4yt\u00e4nn\u00f6ss\u00e4 5 Yhteenveto 6 Galleria &nbsp; Johdanto Projektini aiheena on ty\u00f6skentelyni taiteilija Kaija Juurikkalan assistenttina [&hellip;]<\/p>\n","protected":false},"featured_media":0,"comment_status":"closed","ping_status":"closed","template":"","meta":{"_acf_changed":false},"product_brand":[],"product_cat":[81,76],"product_tag":[],"class_list":{"0":"post-2894","1":"product","2":"type-product","3":"status-publish","5":"product_cat-maisteriopinnot","6":"product_cat-opinnaytteet","8":"first","9":"instock","10":"shipping-taxable","11":"product-type-simple"},"acf":[],"_links":{"self":[{"href":"https:\/\/etno.net\/en\/wp-json\/wp\/v2\/product\/2894","targetHints":{"allow":["GET"]}}],"collection":[{"href":"https:\/\/etno.net\/en\/wp-json\/wp\/v2\/product"}],"about":[{"href":"https:\/\/etno.net\/en\/wp-json\/wp\/v2\/types\/product"}],"replies":[{"embeddable":true,"href":"https:\/\/etno.net\/en\/wp-json\/wp\/v2\/comments?post=2894"}],"wp:attachment":[{"href":"https:\/\/etno.net\/en\/wp-json\/wp\/v2\/media?parent=2894"}],"wp:term":[{"taxonomy":"product_brand","embeddable":true,"href":"https:\/\/etno.net\/en\/wp-json\/wp\/v2\/product_brand?post=2894"},{"taxonomy":"product_cat","embeddable":true,"href":"https:\/\/etno.net\/en\/wp-json\/wp\/v2\/product_cat?post=2894"},{"taxonomy":"product_tag","embeddable":true,"href":"https:\/\/etno.net\/en\/wp-json\/wp\/v2\/product_tag?post=2894"}],"curies":[{"name":"wp","href":"https:\/\/api.w.org\/{rel}","templated":true}]}}