{"id":2895,"date":"2021-04-18T22:18:56","date_gmt":"2021-04-18T20:18:56","guid":{"rendered":"https:\/\/etno.net\/?post_type=product&#038;p=2895"},"modified":"2021-05-26T10:52:20","modified_gmt":"2021-05-26T08:52:20","slug":"kutsun-tulla-tarvitaah-huudan-toista-auttajata","status":"publish","type":"product","link":"https:\/\/etno.net\/en\/julkaisu\/opinnaytteet\/maisteriopinnot\/kutsun-tulla-tarvitaah-huudan-toista-auttajata","title":{"rendered":"Kutsun, tulla tarvitaah &#8211; Huudan toista auttajata"},"content":{"rendered":"<h2>Sis\u00e4llysluettelo<\/h2>\n<p><strong>1 Johdanto<\/strong><\/p>\n<p><strong>2 Huutamisesta ja kutsumisesta<\/strong><\/p>\n<p style=\"padding-left: 40px\">2.1 Kosketukset huutamiseen<br \/>\n2.2 Kutsuntahuutoja historiassa ja nykyp\u00e4iv\u00e4n\u00e4<\/p>\n<p><strong>3 Konsertit matkan varrelta<\/strong><\/p>\n<p style=\"padding-left: 40px\">3.1 Lasken lehm\u00e4ni leholle<br \/>\n3.2 Mets\u00e4soitto 2013<br \/>\n3.3 Soiva mets\u00e4 2013<\/p>\n<p><strong>4 Projektikonsertti \u201dKutsun, tulla tarvitaah &#8211; Huudan toista auttajata\u201d<\/strong><\/p>\n<p style=\"padding-left: 40px\">4.1 Konsertin rakenne ja sis\u00e4lt\u00f6<br \/>\n4.2 Ajatuksia konsertista<\/p>\n<p><strong>5 Yhteenveto ja \u201d\u00e4\u00e4nell\u00e4 kutsuminen\u201d uutena k\u00e4sitteen\u00e4<\/strong><\/p>\n<p><strong>6 Tulevaisuuden huutoja<\/strong><\/p>\n<p><strong>Kuvia projektikonsertista<br \/>\n<\/strong><strong>Video projektikonsertista<\/strong><br \/>\n<strong>L\u00e4hdeluettelo<\/strong><\/p>\n<p>&nbsp;<\/p>\n<h2>Johdanto<\/h2>\n<p>Seison kadun reunalla. N\u00e4en yst\u00e4v\u00e4ni kadun toisella puolella. Rinnassa polttaa. Minussa on kaipuu. Kaipuu h\u00e4nen luokseen. Hengit\u00e4n, tunnen jalkojeni alla maan vetovoiman. Avaan suuni, ponnistan. Huudan. Kutsun h\u00e4nt\u00e4 luokseni. Yst\u00e4v\u00e4ni kuulee minua. K\u00e4\u00e4ntyy. H\u00e4n tulee luokseni, ja me voimme kohdata toisemme &#8230;<\/p>\n<p>Huutaminen, toisen kutsuminen on ihmiselle luonteva tapaa kommunikoida \u00e4\u00e4nell\u00e4. Syntym\u00e4hetkest\u00e4 l\u00e4htien, kun ilma virtaa \u00e4\u00e4nihuuliemme v\u00e4list\u00e4 keuhkoihin ja suun kautta ulos, k\u00e4yt\u00e4mme \u00e4\u00e4nt\u00e4 vuorovaikutuksen v\u00e4lineen\u00e4. Voimakas \u00e4\u00e4nenk\u00e4ytt\u00f6 on vahvojen tunteiden ilmaisutapa: ilon ja riemun, mutta ehk\u00e4 viel\u00e4 enemm\u00e4n niin sanottujen negatiivisten tunteiden, kuten vihan, pelon, avuttomuuden ja surun.<\/p>\n<p>Miksi huutaminen ja kutsuminen kiinnostavat minua laulajan ja kansanmuusikon n\u00e4k\u00f6kulmasta? Ehk\u00e4 siksi, ett\u00e4 ensimm\u00e4iset kansanmusiikkikosketukseni liittyv\u00e4t vahvasti karjankutsuntahuutoon ja kyylaukseen.[1] L\u00f6ysin n\u00e4in kansanmusiikista \u201dluvallisen\u201d tavan huutaa kovalla \u00e4\u00e4nell\u00e4. Se tuntui silloin hyvin vapauttavalta. Kansanmusiikin opiskelussa ja muusikkona erilaisissa projekteissa olen tutustunut moniin huuto- ja kutsutapoihin ja -tekniikoihin.<\/p>\n<p>Pidin kes\u00e4ll\u00e4 2013 konsertin \u201dKutsun, tulla tarvitaah &#8211; Huudan toista auttajata\u201d, jossa huuto-teema oli keskeinen esteettinen l\u00e4ht\u00f6kohta. Projektikonserttini p\u00e4\u00e4tti vuoden kest\u00e4neen prosessin, jossa ty\u00f6skentelin kolmessa konsertissa huutojen parissa.<\/p>\n<p>Huutojen ja kutsujen parissa ty\u00f6skenteleminen nosti erilaisia kysymyksi\u00e4 esille: Milloin on luvallista huutaa? Voiko huutaa ja kutsua my\u00f6s hiljaisella \u00e4\u00e4nell\u00e4? Mink\u00e4lainen asema huutamisella ja kutsumisella on ollut el\u00e4m\u00e4ss\u00e4ni ja musiikissani? Keskeiset kysymykset liittyv\u00e4t kuitenkin omaan taiteelliseen ty\u00f6skentelyyni. Miten kutsujen k\u00e4sitteeni on muuttunut sek\u00e4 taiteellinen ty\u00f6skentelyni huutojen parissa?<\/p>\n<p>T\u00e4ss\u00e4 kirjoitelmassa pohdin erilaisia kysymyksi\u00e4ni ja kuvaan prosessia, jossa huutojen rooli muuttuu tehokkaasta efektist\u00e4 keskeiseksi esteettiseksi l\u00e4ht\u00f6kohdaksi. Keskeisen\u00e4 ajatuksena toimi oletus, ettei huutamisella haluta pelk\u00e4st\u00e4\u00e4n p\u00e4\u00e4st\u00e4\u00e4 omia tunteita vapaaksi vaan ett\u00e4 siihen liittyy aina my\u00f6s pyrkimys luoda kontaktia. Huuto on aina my\u00f6s jonkinlainen kutsu, ajatus ja toivo siit\u00e4, ett\u00e4 joku kuuntelee.<\/p>\n<p>Ensimm\u00e4isess\u00e4 kappaleessa pohdin henkil\u00f6kohtaisia kosketuksia huutamiseen arjessa ja kansanmusiikin perinteess\u00e4. Toisessa kappaleessa esittelen kolme konserttia, joissa k\u00e4ytin huutoja erilaisilla tavoilla. Kolmannessa kappaleessa kuvailen konsertin rakennetta, omia havaintojani ja konsertin palautetta. Nelj\u00e4s kappale on prosessini yhteenveto sek\u00e4 katse tulevaisuuteen. Esittelen siin\u00e4 my\u00f6s ty\u00f6skentelyprosessissa syntyneen k\u00e4sitteen \u201d\u00e4\u00e4nell\u00e4 kutsuminen\u201d<\/p>\n<p>[1] \u201cDynamiikaltaan karjankutsunta on voimakasta, s\u00e4vylt\u00e4\u00e4n taas metallista ja ter\u00e4v\u00e4\u00e4. [\u2026] Ruotsalaisessa kansanperinteess\u00e4 kyylaus on hieman kepe\u00e4mp\u00e4\u00e4 ja notkeampaa kuin suomalaisessa karjankutsuntahuudossa.\u201d<br \/>\n(A. Puurtinen)<\/p>\n","protected":false},"excerpt":{"rendered":"<p>Projektity\u00f6<br \/>\n2016<br \/>\nTaideyliopiston Sibelius-Akatemia<br \/>\nKansanmusiikin aineryhm\u00e4<\/p>","protected":false},"featured_media":0,"comment_status":"closed","ping_status":"closed","template":"","meta":{"_acf_changed":false},"product_brand":[],"product_cat":[81,76],"product_tag":[],"class_list":{"0":"post-2895","1":"product","2":"type-product","3":"status-publish","5":"product_cat-maisteriopinnot","6":"product_cat-opinnaytteet","8":"first","9":"instock","10":"shipping-taxable","11":"product-type-simple"},"acf":[],"_links":{"self":[{"href":"https:\/\/etno.net\/en\/wp-json\/wp\/v2\/product\/2895","targetHints":{"allow":["GET"]}}],"collection":[{"href":"https:\/\/etno.net\/en\/wp-json\/wp\/v2\/product"}],"about":[{"href":"https:\/\/etno.net\/en\/wp-json\/wp\/v2\/types\/product"}],"replies":[{"embeddable":true,"href":"https:\/\/etno.net\/en\/wp-json\/wp\/v2\/comments?post=2895"}],"wp:attachment":[{"href":"https:\/\/etno.net\/en\/wp-json\/wp\/v2\/media?parent=2895"}],"wp:term":[{"taxonomy":"product_brand","embeddable":true,"href":"https:\/\/etno.net\/en\/wp-json\/wp\/v2\/product_brand?post=2895"},{"taxonomy":"product_cat","embeddable":true,"href":"https:\/\/etno.net\/en\/wp-json\/wp\/v2\/product_cat?post=2895"},{"taxonomy":"product_tag","embeddable":true,"href":"https:\/\/etno.net\/en\/wp-json\/wp\/v2\/product_tag?post=2895"}],"curies":[{"name":"wp","href":"https:\/\/api.w.org\/{rel}","templated":true}]}}