{"id":2896,"date":"2021-04-18T22:19:54","date_gmt":"2021-04-18T20:19:54","guid":{"rendered":"https:\/\/etno.net\/?post_type=product&#038;p=2896"},"modified":"2021-05-26T10:38:49","modified_gmt":"2021-05-26T08:38:49","slug":"kansanmuusikon-monet-kasvot-kansanmusiikin-ammattilaisen-monta-roolia-siba-folk-big-bandin-parissa-tyoskennellessa","status":"publish","type":"product","link":"https:\/\/etno.net\/en\/julkaisu\/opinnaytteet\/maisteriopinnot\/kansanmuusikon-monet-kasvot-kansanmusiikin-ammattilaisen-monta-roolia-siba-folk-big-bandin-parissa-tyoskennellessa","title":{"rendered":"Kansanmuusikon monet kasvot &#8211; kansanmusiikin ammattilaisen monta roolia Siba Folk Big Bandin parissa ty\u00f6skennelless\u00e4"},"content":{"rendered":"<h2>Sis\u00e4llysluettelo<\/h2>\n<p><strong>1 Johdanto<\/strong><\/p>\n<p><strong>2 Ty\u00f6skenteleminen Siba Folk Big Bandin kanssa<\/strong><\/p>\n<p><strong>3 Kansanmusiikin sovittaminen yhdess\u00e4 isolla porukalla<\/strong><\/p>\n<p style=\"padding-left: 40px\">3.1 Ensimm\u00e4iset harjoitukset<\/p>\n<p style=\"padding-left: 80px\">3.1.1 Ryhm\u00e4 1: Kanteleet ja kitaransukuiset kielisoittimet<br \/>\n3.1.2 Ryhm\u00e4 2: Jousisoittimet ja ly\u00f6m\u00e4soittimet<br \/>\n3.1.3 Ryhm\u00e4 3: Harmoonit ja haitarit<br \/>\n3.1.4 Ryhm\u00e4 4: Laulajat ja puhaltimet<\/p>\n<p style=\"padding-left: 40px\">3.2 Toiset harjoitukset<br \/>\n3.3 Lopputulos<\/p>\n<p><strong>4 Kansanmuusikon monet kasvot<\/strong><\/p>\n<p style=\"padding-left: 40px\">4.1 Musiikin tekij\u00e4<\/p>\n<p style=\"padding-left: 80px\">4.1.1 S\u00e4velt\u00e4j\u00e4<br \/>\n4.1.2 Sovittaja<br \/>\n4.1.3 Sanoittaja<\/p>\n<p style=\"padding-left: 40px\">4.2 Ohjaaja\/opettaja<\/p>\n<p style=\"padding-left: 80px\">4.2.1 Hyv\u00e4n kansanmusiikkipedagogin ammattisalaisuus<br \/>\n4.2.2 Hyv\u00e4n pedagogian merkitys<\/p>\n<p style=\"padding-left: 40px\">4.3 Esiintyv\u00e4 taiteilija<\/p>\n<p><strong>5 Siperia opettaa<\/strong><\/p>\n<p>&nbsp;<\/p>\n<h2>Johdanto<\/h2>\n<p>Uskaltaudun projektity\u00f6ss\u00e4ni k\u00e4sittelem\u00e4\u00e4n kansanmuusikon monipuolisia ty\u00f6skentelytapoja ja erilaisia ty\u00f6ntekij\u00e4n rooleja, jotka kohtaloksemme koituvat. N\u00e4in valmistumisen kynnyksell\u00e4 aihe py\u00f6rii mieless\u00e4ni jatkuvasti. Sibelius-Akatemian kansanmusiikin aineryhm\u00e4ss\u00e4, sek\u00e4 jo aiemmissa ammattiopinnoissani, olen oppinut ja kohdannut paljon erilaisia malleja siit\u00e4, miten eri tavoin kansanmusiikin parissa voi ty\u00f6skennell\u00e4 ja miten juuri kansanmusiikkia voi nykymaailmassa luoda. Osan malleista olen pystynyt omaksumaan helposti, toisia en ymm\u00e4rr\u00e4 lainkaan. Aiheessa riitt\u00e4isi toki pohtimista vaikka kuinka laajalti, mutta olen rajannut t\u00e4m\u00e4n ty\u00f6ni vastaamaan kaikkein eniten juuri omia tarpeitani ja l\u00e4htem\u00e4\u00e4n liikkeelle niist\u00e4 kansanmuusikkona ty\u00f6skentelev\u00e4n rooleista, jotka koen kaikkein eniten omakseni.<\/p>\n<p>Minua ei kuitenkaan kiinnostanut teoreettisen haastattelututkimuksen tekeminen ja etsiess\u00e4ni sen my\u00f6t\u00e4 aiheesta mahdollisimman k\u00e4yt\u00e4nn\u00f6nl\u00e4heist\u00e4 kokeilukohdetta, keksin tehd\u00e4 projektini Sibelius-Akatemian Folk Big Bandissa (josta k\u00e4yt\u00e4n jatkossa lyhennett\u00e4 FBB), koska ohjaamalla kyseiselle kansanmusiikin suurorkesterille jotain p\u00e4\u00e4sisin kerralla vierailemaan kaikissa ammatillisissa rooleissani. T\u00e4h\u00e4n oli hyv\u00e4 tilaisuus, sill\u00e4 orkesteri on minulle tuttu ollessani sen toiminnassa itse mukana ja koska olin jo aikaisemmin s\u00e4vellys &amp; sovitus -kurssilla aloittanut sovittamaan Folk Big Bandille kahden leikkilaulun sikerm\u00e4\u00e4. Se j\u00e4i silloin pari vuotta sitten kesken, ja minua j\u00e4i harmittamaan saamattomuuteni. Kaivoin alkuper\u00e4isen sovitukseni naftaliinista, aloin mietti\u00e4 sen toimeenpanemista uudestaan ja kirjoitin Folk Big Bandin taiteelliselle johtajalle, Petri Praudalle, josko h\u00e4n p\u00e4\u00e4st\u00e4isi minut ty\u00f6skentelem\u00e4\u00e4n b\u00e4ndin kanssa. Petri piti ideoistani, ja kokeilu sai tuulta purjeisiin.<\/p>\n<p>Tarkoitusper\u00e4ni b\u00e4ndin suhteen eiv\u00e4t olleet pelk\u00e4st\u00e4\u00e4n itsekk\u00e4\u00e4t, vaan halusin samalla johdattaa b\u00e4ndin taiteilijat itse luomaan uutta materiaalia ohjelmistoonsa minun ohjauksessani. Toivoin heid\u00e4n saavan samalla my\u00f6s sek\u00e4 mielekk\u00e4it\u00e4 ett\u00e4 hy\u00f6dyllisi\u00e4 kokemuksia muusikkoudesta ja musiikin tekemisest\u00e4 \u2013 aivan kuten olen itsekin opintojeni aikana saanut: uusia kokemuksia ammennettavaksi ja h\u00e4mmennett\u00e4v\u00e4ksi vanhojen joukkoon. Sit\u00e4 kai opiskelu parhaimmillaan onkin.<\/p>\n<p>&nbsp;<\/p>","protected":false},"excerpt":{"rendered":"<p>Projektity\u00f6<br \/>\nKev\u00e4t 2016<br \/>\nTaideyliopiston Sibelius-Akatemia<br \/>\nKansanmusiikin aineryhm\u00e4<\/p>","protected":false},"featured_media":0,"comment_status":"closed","ping_status":"closed","template":"","meta":{"_acf_changed":false},"product_brand":[],"product_cat":[81,76],"product_tag":[],"class_list":{"0":"post-2896","1":"product","2":"type-product","3":"status-publish","5":"product_cat-maisteriopinnot","6":"product_cat-opinnaytteet","8":"first","9":"instock","10":"shipping-taxable","11":"product-type-simple"},"acf":[],"_links":{"self":[{"href":"https:\/\/etno.net\/en\/wp-json\/wp\/v2\/product\/2896","targetHints":{"allow":["GET"]}}],"collection":[{"href":"https:\/\/etno.net\/en\/wp-json\/wp\/v2\/product"}],"about":[{"href":"https:\/\/etno.net\/en\/wp-json\/wp\/v2\/types\/product"}],"replies":[{"embeddable":true,"href":"https:\/\/etno.net\/en\/wp-json\/wp\/v2\/comments?post=2896"}],"wp:attachment":[{"href":"https:\/\/etno.net\/en\/wp-json\/wp\/v2\/media?parent=2896"}],"wp:term":[{"taxonomy":"product_brand","embeddable":true,"href":"https:\/\/etno.net\/en\/wp-json\/wp\/v2\/product_brand?post=2896"},{"taxonomy":"product_cat","embeddable":true,"href":"https:\/\/etno.net\/en\/wp-json\/wp\/v2\/product_cat?post=2896"},{"taxonomy":"product_tag","embeddable":true,"href":"https:\/\/etno.net\/en\/wp-json\/wp\/v2\/product_tag?post=2896"}],"curies":[{"name":"wp","href":"https:\/\/api.w.org\/{rel}","templated":true}]}}