{"id":2899,"date":"2021-04-18T22:23:27","date_gmt":"2021-04-18T20:23:27","guid":{"rendered":"https:\/\/etno.net\/?post_type=product&#038;p=2899"},"modified":"2021-05-26T11:36:27","modified_gmt":"2021-05-26T09:36:27","slug":"pitkasen-matti-ja-heidan-alhaisuutensa-nojatuoliblues","status":"publish","type":"product","link":"https:\/\/etno.net\/en\/julkaisu\/opinnaytteet\/maisteriopinnot\/pitkasen-matti-ja-heidan-alhaisuutensa-nojatuoliblues","title":{"rendered":"Pitk\u00e4sen Matti ja Heid\u00e4n Alhaisuutensa \u2013 Nojatuoliblues"},"content":{"rendered":"<h2>Sis\u00e4llysluettelo<\/h2>\n<p><strong>1 Taustat<\/strong><\/p>\n<p style=\"padding-left: 40px\">1.1 Lapsuudesta t\u00e4ysi-ik\u00e4iseksi<br \/>\n1.2 Kotona salaa<br \/>\n1.3 R\u00e4ppi\u00e4 korkeakoulussa<\/p>\n<p><strong>2 Sis\u00e4ll\u00f6nluomisprosessi<\/strong><\/p>\n<p style=\"padding-left: 40px\">2.1 Yleist\u00e4 kappaleiden sis\u00e4ll\u00f6st\u00e4 ja levyn fiiliksist\u00e4<br \/>\n2.2 Vanha J\u00e4\u00e4r\u00e4<br \/>\n2.3 Vesikauhu<br \/>\n2.4 Alien In Kallio<br \/>\n2.5 Hetken Huumaa<br \/>\n2.6 Haku P\u00e4\u00e4ll\u00e4<br \/>\n2.7 Nojatuoliblues<br \/>\n2.8 Kuka Pelk\u00e4\u00e4 Pollaria<br \/>\n2.9 Rauhanmies<br \/>\n2.10 Rambling Wankers Rollin\u2019<\/p>\n<p><strong>3 Konkretiaa<\/strong><\/p>\n<p><strong>4 Mit\u00e4 olen oppinut prosessista, muuten sen aikana, ja ylip\u00e4\u00e4t\u00e4\u00e4n t\u00e4h\u00e4n menness\u00e4?<\/strong><\/p>\n<p><strong>Levy<\/strong><br \/>\n<strong>Levyn tiedot<\/strong><br \/>\n<strong>Levyn kansi<\/strong><br \/>\n<strong>Kappaleet<\/strong><br \/>\n<strong>Musiikkivideo &#8221;Rauhanmies&#8221;<\/strong><\/p>\n<p>&nbsp;<\/p>\n<h2>Taustat<\/h2>\n<h3>Lapsuudesta t\u00e4ysi-ik\u00e4iseksi<\/h3>\n<p>Kiinnostukseni r\u00e4pmusiikkia kohtaan alkoi ala-astei\u00e4ss\u00e4 Cypress Hillist\u00e4 ja Cooliosta. Sittemmin mukaan tuli Snoop Dogg ja Bustarhymes. Jotkut \u201dcoolit\u201d kaverit kuuntelivat my\u00f6s ranskalaista, hieman undergroundimpaa r\u00e4ppi\u00e4, ja se kamahan kolahti tietysti my\u00f6s, vaikken koskaan saanutkaan aikaiseksi niit\u00e4 artisteja kasetille kopioida. Silloin 90-luvun alussa varhaisteinin\u00e4 kuuntelin toki muutakin musiikkia kuin vain r\u00e4ppi\u00e4, ja t\u00e4st\u00e4 muusta osastosta kovia b\u00e4ndej\u00e4 olivat mm. Nirvana, Green Day, Rage Against the Machine ja Beastie Boys. Tietysti viulunsoittoharrastukseni kautta kuuntelin my\u00f6s monenlaista kansanmusiikkia ja maailmanmusiikkia, joita l\u00f6ytyi is\u00e4nkin levyhyllyst\u00e4 varsin mukavasti.<\/p>\n<p>Sitten yl\u00e4asteelle menty\u00e4ni, vuonna 1995, mukaan kuvioihin tuli jazz, soul ja muukin niiden sukuinen, hieman juurevampi musta rytmimusiikki. Tuohon aikaan soitin rumpuja enemm\u00e4n kuin viulua. Musiikkiluokalla ja konservatorion musiikkiopistossa opiskelu mahdollistivat hyv\u00e4t kontaktit muihin ik\u00e4isiini, todella intensiivisesti musiikkia harrastaviin soittajiin. N\u00e4in ollen erin\u00e4k\u00f6isi\u00e4 jazz-, soul- sek\u00e4 my\u00f6s hip hop- ja r\u00e4p-b\u00e4ndej\u00e4 oli vireill\u00e4. En vain koskaan itse toiminut niiss\u00e4 vokalistina. Muusikon urani loppui n\u00e4ihin aikoihin muutenkin noin kuudeksi vuodeksi. Juuri kun homma oli pikkuhiljaa alkanut olemaan hienoa ja soitto l\u00e4hes aikuisten tasolla, l\u00e4hdin armeijaan vuonna 2002.<\/p>\n<p>Ensimm\u00e4iset varteenotettavat suomir\u00e4p-artistit tulivat esille juuri n\u00e4ihin aikoihin. Niit\u00e4 olivat oikeastaan vain Ceebrolistics, Fintelligens ja hyvin pian per\u00e4ss\u00e4 my\u00f6s Asa (silloinen Avain), Tulenkantajat, Flegmaatikot ja Paleface englanninkielisen materiaalin kera. N\u00e4iden tuotantoa fiilistelin silloin 2000-luvun vaihteessa.<\/p>\n<p>Koko t\u00e4m\u00e4n ajan, sielt\u00e4 varhaislapsuudesta aina t\u00e4ysi-ik\u00e4iseksi saakka, ik\u00e4\u00e4n kuin kokonaan irrallisena musiikkiharrastuksen osana, soitin viulua ja mandoliinia Kangasalan pikkupelimanneissa. Sit\u00e4 kautta noin 11-vuotiaana alkoi synty\u00e4 my\u00f6s muita kansanmusiikki-orientoituneita b\u00e4ndej\u00e4 yst\u00e4vien kanssa. Perustimme mm. yst\u00e4v\u00e4ni Stefan Immil\u00e4n kanssa Thalamus-nimisen kansanmusiikkib\u00e4ndin, jonka toiminta laajeni kahden hengen duosta pikkuhiljaa viisihenkiseksi orkesteriksi. Vuonna 1998 voitimme my\u00f6s pelimanniyhtyeiden suomenmestaruuden. Olin siis tukevasti mukana niin kansanmusiikin kuin jazzin, hip hopin jne. parissa. N\u00e4it\u00e4 asioita ei vain juurikaan tuolloin haluttu yhdistell\u00e4. Se saattoi olla sin\u00e4ns\u00e4 varsin hyv\u00e4kin asia, sill\u00e4 jo olemassa olevat perustyylit tulivat ainakin tanakasti tutuiksi, ja nyt vanhemmalla i\u00e4ll\u00e4 on sitten ollut enemm\u00e4n ty\u00f6kaluja uuden musiikin tekemiseen.<\/p>","protected":false},"excerpt":{"rendered":"<p>Projektity\u00f6<br \/>\nTaideyliopiston Sibelius-Akatemia<br \/>\nKansanmusiikin aineryhm\u00e4<br \/>\n2015<\/p>","protected":false},"featured_media":0,"comment_status":"closed","ping_status":"closed","template":"","meta":{"_acf_changed":false},"product_brand":[],"product_cat":[81,76],"product_tag":[],"class_list":{"0":"post-2899","1":"product","2":"type-product","3":"status-publish","5":"product_cat-maisteriopinnot","6":"product_cat-opinnaytteet","8":"first","9":"instock","10":"shipping-taxable","11":"product-type-simple"},"acf":[],"_links":{"self":[{"href":"https:\/\/etno.net\/en\/wp-json\/wp\/v2\/product\/2899","targetHints":{"allow":["GET"]}}],"collection":[{"href":"https:\/\/etno.net\/en\/wp-json\/wp\/v2\/product"}],"about":[{"href":"https:\/\/etno.net\/en\/wp-json\/wp\/v2\/types\/product"}],"replies":[{"embeddable":true,"href":"https:\/\/etno.net\/en\/wp-json\/wp\/v2\/comments?post=2899"}],"wp:attachment":[{"href":"https:\/\/etno.net\/en\/wp-json\/wp\/v2\/media?parent=2899"}],"wp:term":[{"taxonomy":"product_brand","embeddable":true,"href":"https:\/\/etno.net\/en\/wp-json\/wp\/v2\/product_brand?post=2899"},{"taxonomy":"product_cat","embeddable":true,"href":"https:\/\/etno.net\/en\/wp-json\/wp\/v2\/product_cat?post=2899"},{"taxonomy":"product_tag","embeddable":true,"href":"https:\/\/etno.net\/en\/wp-json\/wp\/v2\/product_tag?post=2899"}],"curies":[{"name":"wp","href":"https:\/\/api.w.org\/{rel}","templated":true}]}}