{"id":2901,"date":"2021-04-18T22:25:14","date_gmt":"2021-04-18T20:25:14","guid":{"rendered":"https:\/\/etno.net\/?post_type=product&#038;p=2901"},"modified":"2021-05-26T11:32:32","modified_gmt":"2021-05-26T09:32:32","slug":"pinnalla-monitaiteellisen-soolokonsertin-tyostaminen-teemana-naiseus-naisartistius-ja-oma-mina","status":"publish","type":"product","link":"https:\/\/etno.net\/en\/julkaisu\/opinnaytteet\/maisteriopinnot\/pinnalla-monitaiteellisen-soolokonsertin-tyostaminen-teemana-naiseus-naisartistius-ja-oma-mina","title":{"rendered":"Pinnalla &#8211; Monitaiteellisen soolokonsertin ty\u00f6st\u00e4minen, teemana naiseus, naisartistius ja oma min\u00e4"},"content":{"rendered":"<h2>Sis\u00e4llysluettelo<\/h2>\n<p><strong>1 Tausta ja tavoite<\/strong><br \/>\n<strong>2 Nainen, naiseus ja naisartisti<\/strong><\/p>\n<p style=\"padding-left: 40px\">2.1 Pukeutumiss\u00e4\u00e4nn\u00f6t ja ulkon\u00e4k\u00f6<br \/>\n2.2 Naismuusikko<\/p>\n<p><strong>3 Ty\u00f6skentelytavat<\/strong><\/p>\n<p style=\"padding-left: 40px\">3.1 Liike<br \/>\n3.2 Musiikki<br \/>\n3.3 Puku<br \/>\n3.5 Work in progress -esitykset<\/p>\n<p><strong>4 Konsertin toteutus<\/strong><\/p>\n<p><strong>5 Yhteenveto<\/strong><\/p>\n<p><strong>6 Liitteet<\/strong><\/p>\n<p style=\"padding-left: 40px\">6.1 Laulujen sanat: Raivopy\u00f6r\u00e4, Alttarille, Kehtolaulu<br \/>\n6.2 Live-video Maisterikonsertista 2.10.2015, Black Box, Musiikkitalo<br \/>\n6.3 Kyselylomake<br \/>\n6.4 K\u00e4siohjelma<\/p>\n<p>&nbsp;<\/p>\n<h2>Tausta ja tavoite<\/h2>\n<p>Olen s\u00e4velt\u00e4nyt ja sovittanut soolomateriaalia kantele-, laulu- ja ly\u00f6m\u00e4soitinsetill\u00e4 vuodesta 2009 alkaen sek\u00e4 keikkaillut soolona ahkerasti. Miettiess\u00e4ni maisterikonsertin aihetta, kantavaksi ideaksi muotoutui soolokonsertti, joka olisi yksi saumaton kokonaisuus. Mieless\u00e4ni harhaili my\u00f6s idea, josko konsertissa olisi jotain liikett\u00e4, mutta minulla ei ollut ajatusta siit\u00e4, mill\u00e4 lailla liike olisi l\u00e4sn\u00e4: siirtymiss\u00e4 soittimelta toiselle, vai jollain muulla tavalla.<\/p>\n<p>Viimeisen\u00e4 opiskeluvuotenani l\u00e4hdin valmistumista pakoon Tukholmaan Kungliga Musikh\u00f6gskolaniin ammentamaan uusia ideoita. Vaihtovuosi antoikin et\u00e4isyytt\u00e4 ja perspektiivi\u00e4 kanteleensoittoon, Kansanmusiikin osastoon, omiin rutiineihin sek\u00e4 oman musiikin soittamiseen ja luomiseen. Tekemisen sijaan oli aikaa mietti\u00e4 ja kirjoittaa tuntoja muistiin, tutkiskella el\u00e4m\u00e4n asioita ajan kanssa.<\/p>\n<p>Mik\u00e4 rajoittaa minua oman musiikin ja oman juttuni tekemisess\u00e4? Mieleeni nousi mm. opettajien odotusten pett\u00e4minen, itsekritiikki, muiden ihmisten ja kuuntelijoiden mielipiteiden miettiminen, \u201dpit\u00e4\u00e4k\u00f6 t\u00e4m\u00e4n olla kansanmusiikkia?\u201d, v\u00e4\u00e4rin tekemisen pelko. Kenen mielipide painaa omassa p\u00e4\u00e4ss\u00e4ni eniten? Opettajan, minun, yleis\u00f6n vai yst\u00e4vien ja kollegojen? Voiko toinen ihminen m\u00e4\u00e4ritell\u00e4, milloin toisen musiikki on hyv\u00e4\u00e4 vai ei? Kuka m\u00e4\u00e4ritt\u00e4\u00e4, onko minun musiikkini hyv\u00e4\u00e4 \u2013 min\u00e4 vai muut? Millainen muusikko minun pit\u00e4\u00e4 olla, ja millainen haluan olla? Onko minulle t\u00e4rke\u00e4\u00e4, ett\u00e4 musiikkiani voi kutsua kansanmusiikiksi? Kenelle musiikkiani teen? Miten n\u00e4m\u00e4 kaikki edell\u00e4 mainitut asiat liittyv\u00e4t omaan tekemiseeni s\u00e4velt\u00e4j\u00e4n\u00e4 sek\u00e4 muusikkona?<\/p>\n<p>Yksi suuri haaste, johon halusin ty\u00f6skentelyss\u00e4ni tarttua, oli l\u00e4sn\u00e4olo keikoilla ja lavalla. Olen ollut nuorempana kova esiintymisj\u00e4nnitt\u00e4j\u00e4, mutta olen saanut sen sel\u00e4tetty\u00e4 erilaisin keinoin ja harjoittein. Huomasin kuitenkin monia omia keikkakuvia sek\u00e4 livevideoita katsellessani, miten silmieni edess\u00e4 h\u00e4ilyi silti ohuen ohut verho. Vaikka nautin lavalla olosta ja koin itseni rennoksi ihmisten edess\u00e4, minulla oli kuitenkin lavalla suojanani ohut suojakupla. Mietiskelin asiaa paljon sek\u00e4 yksin ett\u00e4 ohjaajieni kanssa. Huomasin ett\u00e4 t\u00e4m\u00e4n hienovaraisen suojan takia en anna itsest\u00e4ni ihan sit\u00e4 viimeist\u00e4 pisaraa lavalla, vaan alisuoritin usein himpun verran. Voiko olla hyv\u00e4 muusikko, jos t\u00e4t\u00e4 rajaa ei ylit\u00e4 ja astu ulos suojasta? Mit\u00e4 jos antaisi esiintyess\u00e4 kaikkensa ja se ei riitt\u00e4isik\u00e4\u00e4n? Olo olisi hyvin paljas ja suojaton, jos joku kritisoisi keikkaa. Yst\u00e4v\u00e4ni sanoi minulle hyvin: \u201dMit\u00e4 siin\u00e4 voi menett\u00e4\u00e4, jos heitt\u00e4ytyy t\u00e4ysill\u00e4 mukaan?\u201d Omassa p\u00e4\u00e4ss\u00e4ni soi: \u201dMit\u00e4 kaikkea voikaan menett\u00e4\u00e4, jos heitt\u00e4ytyy mukaan?\u201d<\/p>\n<p>Halusin ty\u00f6st\u00e4\u00e4 yleis\u00f6n edess\u00e4 soittamista ja heitt\u00e4ytymist\u00e4, suojakuplan rikkomista. Mietin my\u00f6s erilaisia artisteja ja heid\u00e4n lavaolemuksiaan. Joku on kaukainen ja utuinen, joku taas r\u00e4v\u00e4kk\u00e4 yleis\u00f6n sekaan juoksija. Millainen muusikko ja esiintyj\u00e4 min\u00e4 haluan olla, mik\u00e4 minulle riitt\u00e4\u00e4, mit\u00e4 itse koen lavalla?<\/p>\n<p>Kokosin listoja. Yksi lista sis\u00e4lsi konsertin konkreettisia ideoita, joita halusin toteuttaa tavalla tai toisella. Toinen lista koski henkisi\u00e4 tavoitteita, jotka t\u00e4h\u00e4n jaoin tavoitteiksi konserttiin ja tavoitteiksi pitk\u00e4ll\u00e4 t\u00e4ht\u00e4imell\u00e4 artistina.<\/p>\n<p>Ideat konsertille:<\/p>\n<p>&#8211; soolo<\/p>\n<p>&#8211; aihe ja teema, joka kietoo kaiken yhteen<\/p>\n<p>&#8211; liikett\u00e4<\/p>\n<p>&#8211; yksi kokonaisuus, ei taukoja<\/p>\n<p>&#8211; laulua sek\u00e4 soittoa<\/p>\n<p>&#8211; uusi polyrytmikappale.<\/p>\n<p>Tavoitteet minulle konserttia varten:<\/p>\n<p>&#8211; uskallus tehd\u00e4 lavalla se, mit\u00e4 on suunnitellut, ei alisuorittamista<\/p>\n<p>&#8211; l\u00e4sn\u00e4olo<\/p>\n<p>&#8211; muusikkona kehittyminen<\/p>\n<p>&#8211; omien laulun sanojen kirjoittaminen<\/p>\n<p>&#8211; laulujen aiheet, jotain minulle merkityksellist\u00e4.<\/p>\n<p>Pitk\u00e4n linjan tavoitteet artistina:<\/p>\n<p>&#8211; kehittyminen muusikkona<\/p>\n<p>&#8211; luotto omaan tekemiseen<\/p>\n<p>&#8211; lavaesiintymisen kehitt\u00e4minen ja monipuolistaminen<\/p>\n<p>&#8211; alisuoritus pois, uskallus antaa kaikki lavalla<\/p>\n<p>&#8211; muiden ihmisten mielipiteiden miettiminen omista tekemisist\u00e4 minimiin.<\/p>\n<p>&nbsp;<\/p>\n<p>&nbsp;<\/p>","protected":false},"excerpt":{"rendered":"<p>Projektity\u00f6<br \/>\nTaideyliopiston Sibelius-Akatemia<br \/>\nKansanmusiikin aineryhm\u00e4<br \/>\n2015<\/p>","protected":false},"featured_media":0,"comment_status":"closed","ping_status":"closed","template":"","meta":{"_acf_changed":false},"product_brand":[],"product_cat":[81,76],"product_tag":[],"class_list":{"0":"post-2901","1":"product","2":"type-product","3":"status-publish","5":"product_cat-maisteriopinnot","6":"product_cat-opinnaytteet","8":"first","9":"instock","10":"shipping-taxable","11":"product-type-simple"},"acf":[],"_links":{"self":[{"href":"https:\/\/etno.net\/en\/wp-json\/wp\/v2\/product\/2901","targetHints":{"allow":["GET"]}}],"collection":[{"href":"https:\/\/etno.net\/en\/wp-json\/wp\/v2\/product"}],"about":[{"href":"https:\/\/etno.net\/en\/wp-json\/wp\/v2\/types\/product"}],"replies":[{"embeddable":true,"href":"https:\/\/etno.net\/en\/wp-json\/wp\/v2\/comments?post=2901"}],"wp:attachment":[{"href":"https:\/\/etno.net\/en\/wp-json\/wp\/v2\/media?parent=2901"}],"wp:term":[{"taxonomy":"product_brand","embeddable":true,"href":"https:\/\/etno.net\/en\/wp-json\/wp\/v2\/product_brand?post=2901"},{"taxonomy":"product_cat","embeddable":true,"href":"https:\/\/etno.net\/en\/wp-json\/wp\/v2\/product_cat?post=2901"},{"taxonomy":"product_tag","embeddable":true,"href":"https:\/\/etno.net\/en\/wp-json\/wp\/v2\/product_tag?post=2901"}],"curies":[{"name":"wp","href":"https:\/\/api.w.org\/{rel}","templated":true}]}}