{"id":2902,"date":"2021-04-18T22:26:02","date_gmt":"2021-04-18T20:26:02","guid":{"rendered":"https:\/\/etno.net\/?post_type=product&#038;p=2902"},"modified":"2021-05-27T09:30:20","modified_gmt":"2021-05-27T07:30:20","slug":"okra-playground-tyostani-tuottajana","status":"publish","type":"product","link":"https:\/\/etno.net\/en\/julkaisu\/opinnaytteet\/maisteriopinnot\/okra-playground-tyostani-tuottajana","title":{"rendered":"Okra Playground &#8211; ty\u00f6st\u00e4ni tuottajana"},"content":{"rendered":"<h2>Sis\u00e4llysluettelo<\/h2>\n<p><strong>1 Johdanto<\/strong><\/p>\n<p><strong>2 Esituotanto<\/strong><\/p>\n<p><strong>3 Pohja\u00e4\u00e4nitykset<\/strong><\/p>\n<p><strong>4 Laulu\u00e4\u00e4nitykset<\/strong><\/p>\n<p><strong>5 Ohjelmointity\u00f6<\/strong><\/p>\n<p><strong>6 Miksaus<\/strong><\/p>\n<p><strong>7 Loppusanat<\/strong><\/p>\n<p><strong>8 Liitteet<\/strong><\/p>\n<p style=\"padding-left: 40px\">Kuvat<br \/>\n\u00c4\u00e4nitiedostot<\/p>\n<p>&nbsp;<\/p>\n<h2>Johdanto<\/h2>\n<p>Vuoden 2013 loppupuolella viestilaatikkooni tipahti Facebookissa mielenkiintoinen tiedustelu. Muutama vuosi sitten toimintansa aloittanut Okra Playground -yhtye pyysi minua tuottajaksi ensimm\u00e4iselle t\u00e4yspitk\u00e4lle levylleen. Roolini tuottajana olisi l\u00e4ht\u00f6kohtaisesti taiteellinen, tekniikan osalta tuotannosta vastaisi Mikko Haapoja.<\/p>\n<p>Olin ty\u00f6skennellyt musiikkituotannon parissa enemm\u00e4n tai v\u00e4hemm\u00e4n t\u00e4ysip\u00e4iv\u00e4isesti joidenkin vuosien ajan. Tuottajan assistenttina, apulaistuottajana, sovittajana, ohjelmoijana &#8211; teht\u00e4vien kirjo oli ollut varsin laaja. Taiteellisessa mieless\u00e4 olin ollut vastuussa aiemmin l\u00e4hinn\u00e4 vain tiettyjen osa-alueiden suunnittelusta ja toteuttamisesta, varsinaisen tuottajan kantaessa taiteellisen ja tuotannollisen vastuun kokonaisuudesta.<\/p>\n<p>T\u00e4m\u00e4 olisi ensimm\u00e4inen kerta, kun ottaisin vastuun taiteellisesta kokonaisuudesta kokonaan omiin k\u00e4siini. Aluksi arvelutti hieman, mutta suostuin.<\/p>\n<p>Yhtyeen esiintymiset ja materiaali olivat vakuuttaneet minut jo aiemmin. Olin my\u00f6s miksannut kyseisen yhtyeen keikan pari vuotta aiemmin, joten materiaali oli minulle l\u00e4ht\u00f6kohtaisesti tuttua. Okra Playgroundin j\u00e4senet olivat lis\u00e4ksi hyvi\u00e4 yst\u00e4vi\u00e4ni, musiikin ammattilaisia, joiden kaikkien kanssa olin ennenkin ty\u00f6skennellyt erilaisissa produktioissa kanssamuusikkona. T\u00e4m\u00e4 tulisi tietysti v\u00e4ist\u00e4m\u00e4tt\u00e4 my\u00f6s asettamaan omat haasteensa. Tuottajan roolissa joutuisin kuitenkin olemaan se, joka kappaleiden sovituksellisista (ja tarpeen tullen muistakin) ratkaisuista sanoisi aina viimeisen sanan. Tuottaja kuulee yhtyeen materiaalin aina eri kulmasta kuin kappaleita vuosia veivannut muusikko.<\/p>\n<p>Tuottajan saappaisiin astuminen vaatisi omanlaistaan asennetta teht\u00e4v\u00e4\u00e4n. Se vaatisi m\u00e4\u00e4r\u00e4tietoisuutta, tinkim\u00e4tt\u00f6myytt\u00e4, kunnianhimoa sek\u00e4 vahvaa visiota. Tuottajan t\u00e4ytyisi my\u00f6s pit\u00e4\u00e4 mieless\u00e4 koko ajan, mitk\u00e4 elementit ja toteutustavat tulisivat toimimaan levyll\u00e4 ja mitk\u00e4 esiintymistilanteissa lavalla. Kappaleista tulisi l\u00f6yt\u00e4\u00e4 niiden vahvimmat ja kantavimmat yksityiskohdat ja teroittaa ter\u00e4vimm\u00e4t koukut mahdollisimman tehokkaiksi. Kaikesta, mik\u00e4 vie potentiaalisesti huomion pois n\u00e4ist\u00e4 elementeist\u00e4, tulisi yhtyeen olla valmis luopumaan. P\u00e4\u00e4llekk\u00e4iset riffit, olivat ne miten hyvi\u00e4 tahansa, sy\u00f6v\u00e4t tehoa toisistaan. Kaikenlainen ep\u00e4m\u00e4\u00e4r\u00e4inen, perustelematon \u201csoittelu\u201d, johon itse kukin syyllistymme silloin t\u00e4ll\u00f6in, tekee musiikista helposti sekavaa ja v\u00e4hent\u00e4\u00e4 kappaleista sit\u00e4 paljon kaivattua tarttumapintaa.<\/p>\n<p>Yhtyeen kokoonpano on monessakin mieless\u00e4 varsin erikoinen. Komppisektiossa ty\u00f6skentelev\u00e4t Tatu Viitala (rummut, ly\u00f6m\u00e4soittimet) sek\u00e4 Sami Kujala (s\u00e4hk\u00f6basso). Haitaria yhtyeess\u00e4 soittaa Veikko Muikku. Yhtyeess\u00e4 on kolme vahvaa naislaulajaa, jotka kaikki soittavat p\u00e4\u00e4soittiminaan muita soittimia. Maija Kauhanen ja Essi Muikku ovat kantelisteja, P\u00e4ivi Hirvonen on puolestaan viulisti ja jouhikonsoittaja. Yhtyeell\u00e4 on siis \u00e4\u00e4nitteen tekemiseen k\u00e4yt\u00f6ss\u00e4\u00e4n laaja valikoima instrumentteja ja \u00e4\u00e4nimaailmoja, sek\u00e4 taitoa ja n\u00e4kemyst\u00e4 niiden k\u00e4ytt\u00f6\u00f6n. Laaja ty\u00f6kaluvalikoima voi tosin aiheuttaa my\u00f6s ongelmia.<\/p>\n<p>Okra Playgroundin materiaalin suhteen tuotannollinen ensireaktioni oli selv\u00e4: karsittavaa on, ja paljon. Yhtyeen Musiikkitalon Black Boxissa pit\u00e4m\u00e4ss\u00e4 konsertissa kev\u00e4\u00e4ll\u00e4 2014 minulle selkeni, ett\u00e4 yhtyeen vahvuus on sitke\u00e4ss\u00e4 toiston voimassa ja l\u00e4hes elektronisen tanssimusiikin (EDM), \u201cteknon\u201d kaltaisessa hypnoottisuudessa. Oli selke\u00e4\u00e4, ett\u00e4 levy tulisi rakentaa juuri t\u00e4m\u00e4n elementin varaan. Kaikki muu olisi vain kuorrutetta, koristetta &#8211; maaginen, etninen kerros, joka viimeistelisi yhtyeen omaleimaisen soundin.<\/p>\n<p>Monissa kappaleissa oli kuitenkin levytuotantomieless\u00e4 perustavaa laatua oleva ongelma. Niiss\u00e4 tapahtui liikaa. Junnaavan, ensimm\u00e4isell\u00e4 sointuasteella mystisen mielenkiintoisesti jauhavan A- osan j\u00e4lkeen saattoi esimerkiksi tapahtua t\u00e4ysin odottamaton ja estetiikasta poikkeava sointukadenssi. Korostan viel\u00e4, ett\u00e4 n\u00e4m\u00e4 asiat muodostavat ongelman vain juuri levytysmieless\u00e4. Keikalla yhtyeen energia on huikea, eiv\u00e4tk\u00e4 edell\u00e4 mainitut asiat juuri h\u00e4irinneet. Albumikokonaisuudessa liika linjattomuus ja r\u00f6nsyily sen sijaan v\u00e4littyy kuulijalle levottomuutena. Tunnelmat pit\u00e4\u00e4 saada talteen muilla keinoin.<\/p>\n<p>Ongelman ydin lienee siin\u00e4, ett\u00e4 soppaa on ollut keitt\u00e4m\u00e4ss\u00e4 yhtyeellinen kokkeja. Kaikilla on ollut jotain sanottavaa ja tarjottavaa jokaiseen sovitukseen. Luottoa pitk\u00e4\u00e4n estetiikkaan ja yksinkertaisuuteen ei ole selke\u00e4sti ollut riitt\u00e4v\u00e4sti. Pitkien kaarien, toiston ja yksinkertaisuuden taika onkin juuri siin\u00e4, ett\u00e4 ne eiv\u00e4t paljasta tehoansa heti. Kiteytettyn\u00e4: ei pid\u00e4 luovuttaa liian nopeasti.<\/p>\n<p>Toinen ongelma materiaalin suhteen oli siin\u00e4, ettei yhtyeell\u00e4 ollut kirkasta ja selke\u00e4\u00e4 mielikuvaa siit\u00e4, mihin levyll\u00e4 t\u00e4hd\u00e4t\u00e4\u00e4n. Olisiko se kansanmusiikkilevy? Pop-levy? Ambient-levy? Projektilevy? Tietynlainen opinn\u00e4ytety\u00f6? Jotain silt\u00e4 v\u00e4lilt\u00e4? Edell\u00e4 mainittu linjattomuus tuli esiin my\u00f6s instrumenttien rooleissa, esimerkiksi bassolinjat olivat eritt\u00e4in laadukkaita ja hyvin soitettuja mutta paikoin hieman hengett\u00f6mi\u00e4 (t\u00e4m\u00e4n vuoksi aiemmin mainittu \u201copinn\u00e4ytety\u00f6- fiilis\u201d). Sovituksissa oli alun alkaen melko paljon \u201csoita tohon nyt jotain\u201d -tyyppist\u00e4 r\u00f6nsyily\u00e4, josta halusin ehdottomasti eroon. Jokainen yhtyeen j\u00e4sen pyrkii, luonnollisesti, tuomaan esiin omaa muusikkouttaan ja haluaisi pit\u00e4\u00e4 kiinni kehitt\u00e4mist\u00e4\u00e4n muusikon n\u00e4k\u00f6kulmasta vakuuttavista elementeist\u00e4. T\u00e4llaisten sin\u00e4ll\u00e4\u00e4n laadukkaiden ja musiikillisesti sek\u00e4 soitannollisesti hyvin toimivien elementtien hallitsematon m\u00e4\u00e4r\u00e4 ja p\u00e4\u00e4llekk\u00e4isyys sekoittavat kuitenkin v\u00e4ist\u00e4m\u00e4tt\u00e4 sovituksellista kokonaisuutta ja tekev\u00e4t kokonaissoinnista hieman sekavan ja levottoman. Yhtyeen soittajilla oli taipumus keskitty\u00e4 liiaksi kuuntelemaan vain omaa tekemist\u00e4\u00e4n ja pit\u00e4m\u00e4\u00e4n kiinni rakastamistaan ideoista kokonaisuuden kustannuksella, mihin toki syyllistyy meist\u00e4 muusikoista silloin t\u00e4ll\u00f6in itse kukin. T\u00e4h\u00e4n toimii l\u00e4\u00e4kkeeksi jo ennest\u00e4\u00e4n hyv\u00e4ksi koettu nyrkkis\u00e4\u00e4nt\u00f6: yksi hyv\u00e4, huomion kaappaava koukku per kappale riitt\u00e4\u00e4. Kaksi on todenn\u00e4k\u00f6isesti jo liikaa. Kolmas varastaa tehonsa molemmilta edellisilt\u00e4 riippumatta siit\u00e4, miten hyv\u00e4 idea sin\u00e4ll\u00e4\u00e4n on.<\/p>\n<p>Kolme hyv\u00e4\u00e4 ideaa riitt\u00e4\u00e4 kolmeen biisiin.<\/p>\n<p>&nbsp;<\/p>","protected":false},"excerpt":{"rendered":"<p>Projektity\u00f6<br \/>\nTaideyliopiston Sibelius-Akatemia<br \/>\nKansanmusiikin aineryhm\u00e4<br \/>\n2014<\/p>","protected":false},"featured_media":0,"comment_status":"closed","ping_status":"closed","template":"","meta":{"_acf_changed":false},"product_brand":[],"product_cat":[81,76],"product_tag":[],"class_list":{"0":"post-2902","1":"product","2":"type-product","3":"status-publish","5":"product_cat-maisteriopinnot","6":"product_cat-opinnaytteet","8":"first","9":"instock","10":"shipping-taxable","11":"product-type-simple"},"acf":[],"_links":{"self":[{"href":"https:\/\/etno.net\/en\/wp-json\/wp\/v2\/product\/2902","targetHints":{"allow":["GET"]}}],"collection":[{"href":"https:\/\/etno.net\/en\/wp-json\/wp\/v2\/product"}],"about":[{"href":"https:\/\/etno.net\/en\/wp-json\/wp\/v2\/types\/product"}],"replies":[{"embeddable":true,"href":"https:\/\/etno.net\/en\/wp-json\/wp\/v2\/comments?post=2902"}],"wp:attachment":[{"href":"https:\/\/etno.net\/en\/wp-json\/wp\/v2\/media?parent=2902"}],"wp:term":[{"taxonomy":"product_brand","embeddable":true,"href":"https:\/\/etno.net\/en\/wp-json\/wp\/v2\/product_brand?post=2902"},{"taxonomy":"product_cat","embeddable":true,"href":"https:\/\/etno.net\/en\/wp-json\/wp\/v2\/product_cat?post=2902"},{"taxonomy":"product_tag","embeddable":true,"href":"https:\/\/etno.net\/en\/wp-json\/wp\/v2\/product_tag?post=2902"}],"curies":[{"name":"wp","href":"https:\/\/api.w.org\/{rel}","templated":true}]}}