{"id":2903,"date":"2021-04-18T22:27:20","date_gmt":"2021-04-18T20:27:20","guid":{"rendered":"https:\/\/etno.net\/?post_type=product&#038;p=2903"},"modified":"2021-05-27T09:32:55","modified_gmt":"2021-05-27T07:32:55","slug":"tarinankertojain-opissa","status":"publish","type":"product","link":"https:\/\/etno.net\/en\/julkaisu\/opinnaytteet\/maisteriopinnot\/tarinankertojain-opissa","title":{"rendered":"Tarinankertojain opissa"},"content":{"rendered":"<h2>Sis\u00e4llysluettelo<\/h2>\n<p><strong>Alustukseksi<\/strong><\/p>\n<p style=\"padding-left: 40px\">Tarina on syntynyt kerrottavaksi<br \/>\nHaaveena tulla tarinankertojaksi<\/p>\n<p><strong>Suvun tarinankertojat<\/strong><\/p>\n<p style=\"padding-left: 40px\">Tarinalla on aina kuulijansa<br \/>\nLegendat eliv\u00e4t isomummon tarinoissa<br \/>\nKirjoitetut tarinat v\u00e4littyv\u00e4t seuraavalle sukupolvelle<br \/>\nTarinankertojan itsetunto ja persoona<br \/>\nTarinat, jotka syntyiv\u00e4t arjen tapahtumista<br \/>\nTarinoita kuunnellessa oppii tyylikeinoja ja rytmityst\u00e4<\/p>\n<p><strong>Oma tieni tarinankertojaksi<\/strong><\/p>\n<p style=\"padding-left: 40px\">Lauluissa teksti tuo tarinan<br \/>\nKertova laulaja<br \/>\nLaulava kertoja<\/p>\n<p><strong>Projektikonserttini: Tarinankertojain opissa<\/strong><\/p>\n<p style=\"padding-left: 40px\">Ikivanhaa, vanhaa sek\u00e4 uusvanhaa perinnett\u00e4<br \/>\nRunolaulu haastoi liioittelemaan<br \/>\nMurhaballadi vei minimalistisen kerronnan maailmaan<br \/>\nSuvusta l\u00f6ytyi arkkikirjailija<br \/>\nSoltun laulu<br \/>\nPapan tarinasta lauluksi<br \/>\nProjektikonsertissani yhdistyiv\u00e4t puhutut ja lauletut tarinat<br \/>\nKonserttitallenne<br \/>\nKuvia konsertista<\/p>\n<p><strong>Kun uskaltaa etsi\u00e4, l\u00f6yt\u00e4\u00e4 vastauksia<\/strong><\/p>\n<p style=\"padding-left: 40px\">Tarinankerrontaa yleis\u00f6n edess\u00e4<br \/>\nMiten tullaan tarinankertojaksi? Mit\u00e4 hy\u00f6ty\u00e4 omasta taustasta voisi olla?<br \/>\nMit\u00e4 yhteist\u00e4 on lauletulla ja puhutulla tarinalla?<br \/>\nKuka min\u00e4 olen kertojien jatkumossa?<\/p>\n<p>&nbsp;<\/p>\n<h2>Alustukseksi<\/h2>\n<h3>Tarina on syntynyt kerrottavaksi<\/h3>\n<p>Minussa el\u00e4\u00e4 tarinoiden kertomisen tarve. Siksi halusin kirjoittaa siit\u00e4, mit\u00e4 tarinankerronta minulle merkitsee, purkaa sen osasiin ja sukeltaa alkul\u00e4hteille. On legendoja, vitsej\u00e4, kauhutarinoita, murhakertomuksia, opettavaisia tarinoita ja arkip\u00e4iv\u00e4n juttuja. On isoja ja pieni\u00e4 tarinoita, faktaa ja fiktiota. Toisilla meist\u00e4 on tapana n\u00e4hd\u00e4 pienetkin tapahtumat tarinoina. Toiset kertovat mielell\u00e4\u00e4n pitki\u00e4 legendoja. Mediakin haluaa kuvata tapahtumasarjat tarinoina, ja sanotaankin, ett\u00e4 tarinat myyv\u00e4t parhaiten. Yht\u00e4 kaikki n\u00e4ytt\u00e4\u00e4 silt\u00e4, ett\u00e4 ihmisiss\u00e4 el\u00e4\u00e4 vahva tarinankerronnan tarve. Tarina on syntynyt kerrottavaksi.<\/p>\n<p>Lapissa kaikenlaisten tarinoiden kerrontatapahtumaa sanotaan \u201dmuistelemiseksi\u201d. Sanana muisteleminen kertoo koko tarinankerrontatilanteesta, siit\u00e4 ett\u00e4 tarina elet\u00e4\u00e4n uudestaan muistelemalla se siin\u00e4 hetkess\u00e4 muille, \u201dannapa kun mie muistelen sinulle t\u00e4m\u00e4n\u2026\u201d, tokaistaan, ja sitten juttu alkaa. Se saattaa sis\u00e4lt\u00e4\u00e4 faktoihin pohjautuvan kalareissun tai fiktiolla h\u00f6ystetyn karhun kohtaamisen tai mit\u00e4 vain silt\u00e4 v\u00e4lilt\u00e4. Muisteleminen el\u00e4\u00e4 vahvasti meid\u00e4n perheess\u00e4mme. Se on minun omakohtainen tarinan kertomisen l\u00e4hteeni.<\/p>\n<p>Tarina syntyy suurelta osin kertojansa kokemuksista. Uutinen puolestaan voi olla tarinan juuri, mutta onko uutistenlukija tarinankertoja? Ehkei, mutta kertoja, joka muistelee uutisen omasta muististaan lis\u00e4illen ja v\u00e4ritt\u00e4en sit\u00e4, taitaa sitten taas jo ollakin tarinankertoja. Kansanperinne on t\u00e4ynn\u00e4 tarinoita ja uutisistakin muotoutuneita opettavaisia kertomuksia, jotka ovat syntyneet ajanvietteeksi, viihteeksi ja perint\u00f6tiedon siirt\u00e4miseksi. Taito olla tarinankertoja, punoa pienet jutut suuremmaksi kokonaisuudeksi ja n\u00e4in muistaa tapahtumia sek\u00e4 v\u00e4litt\u00e4\u00e4 niit\u00e4 edelleen, on inhimillisen kulttuurin juurta.<\/p>\n<h3>Haaveena tulla tarinankertojaksi<\/h3>\n<p>T\u00e4m\u00e4 kirjoitus kertoo n\u00e4ist\u00e4 edell\u00e4 mainitsemistani \u201djutun juurista\u201d, tarinoiden synnyst\u00e4 ja niiden synnytt\u00e4misest\u00e4. Pitk\u00e4aikaisena haaveenani ja tavoitteenani on ollut l\u00f6yt\u00e4\u00e4 oma polkuni tarinankertojaksi. Olen saanut siihen hyvi\u00e4 aineksia valmistaessani projektikonserttiani Tarinankertojain opissa (v. 2012) sek\u00e4 maisterikonserttiani Kelontekem\u00e4! \u2013 Tarinoita rajalta Lapinmaan (v. 2013). Aihettani ovat syvent\u00e4neet sukulaisteni haastatteleminen, erilaisten opettajien kanssa ty\u00f6skentely ja omakohtainen pohdinta projektin eri vaiheissa.<\/p>\n<p>Etsin projektini aikana vastauksia moniin kysymyksiin, jotka erityisesti mietityttiv\u00e4t omassa tarinankerronnassani. T\u00e4ss\u00e4 kirjoitusvaiheessa valitsin keskeisiksi kysymyksiksi seuraavat: &#8211; Miten tullaan tarinankertojaksi? Mit\u00e4 hy\u00f6ty\u00e4 omasta taustasta voisi t\u00e4ss\u00e4 olla? &#8211; Mit\u00e4 yhteist\u00e4 on lauletulla ja puhutulla tarinalla? &#8211; Kuka min\u00e4 olen kertojien jatkumossa? &#8211; Miten perinteinen tarinankerronta ja laulut saadaan toimimaan esityksen\u00e4?<\/p>\n<p>Kerron kirjoituksessani ensisijaisesti projektikonserttini ty\u00f6st\u00e4misest\u00e4 ja silloin vuonna 2012 esill\u00e4 olleista asioista. Liitteen\u00e4 on my\u00f6s taltiointi projektikonsertistani. Lopuksi esittelen vastauksia, joita olen l\u00f6yt\u00e4nyt koko projektia ty\u00f6st\u00e4ess\u00e4ni eli molempien konserttieni (Tarinankertojain opissa ja Kelontekem\u00e4!) my\u00f6t\u00e4 sek\u00e4 t\u00e4t\u00e4 kirjoitelmaa ty\u00f6st\u00e4ess\u00e4ni. Vastauksien etsinn\u00e4n aloitan kuitenkin pohtimalla omaa taustaani tarinoiden kuulijana, muistelemalla sukuni tarinankertojia ja kirjaamalla muistiin heid\u00e4n kertomiaan tarinoita.<\/p>\n<p>&nbsp;<\/p>","protected":false},"excerpt":{"rendered":"<p>Projektity\u00f6<br \/>\nTaideyliopiston Sibelius-Akatemia<br \/>\nKansanmusiikin aineryhm\u00e4<br \/>\n2014<\/p>","protected":false},"featured_media":0,"comment_status":"closed","ping_status":"closed","template":"","meta":{"_acf_changed":false},"product_brand":[],"product_cat":[81,76],"product_tag":[],"class_list":{"0":"post-2903","1":"product","2":"type-product","3":"status-publish","5":"product_cat-maisteriopinnot","6":"product_cat-opinnaytteet","8":"first","9":"instock","10":"shipping-taxable","11":"product-type-simple"},"acf":[],"_links":{"self":[{"href":"https:\/\/etno.net\/en\/wp-json\/wp\/v2\/product\/2903","targetHints":{"allow":["GET"]}}],"collection":[{"href":"https:\/\/etno.net\/en\/wp-json\/wp\/v2\/product"}],"about":[{"href":"https:\/\/etno.net\/en\/wp-json\/wp\/v2\/types\/product"}],"replies":[{"embeddable":true,"href":"https:\/\/etno.net\/en\/wp-json\/wp\/v2\/comments?post=2903"}],"wp:attachment":[{"href":"https:\/\/etno.net\/en\/wp-json\/wp\/v2\/media?parent=2903"}],"wp:term":[{"taxonomy":"product_brand","embeddable":true,"href":"https:\/\/etno.net\/en\/wp-json\/wp\/v2\/product_brand?post=2903"},{"taxonomy":"product_cat","embeddable":true,"href":"https:\/\/etno.net\/en\/wp-json\/wp\/v2\/product_cat?post=2903"},{"taxonomy":"product_tag","embeddable":true,"href":"https:\/\/etno.net\/en\/wp-json\/wp\/v2\/product_tag?post=2903"}],"curies":[{"name":"wp","href":"https:\/\/api.w.org\/{rel}","templated":true}]}}