{"id":2904,"date":"2021-04-18T22:28:15","date_gmt":"2021-04-18T20:28:15","guid":{"rendered":"https:\/\/etno.net\/?post_type=product&#038;p=2904"},"modified":"2021-05-26T11:53:30","modified_gmt":"2021-05-26T09:53:30","slug":"kansansoittajat-palatseissa-hovisoittimet-pohjolassa-maisterikonsertti-opiskeluprosessin-kuvaajana","status":"publish","type":"product","link":"https:\/\/etno.net\/en\/julkaisu\/opinnaytteet\/maisteriopinnot\/kansansoittajat-palatseissa-hovisoittimet-pohjolassa-maisterikonsertti-opiskeluprosessin-kuvaajana","title":{"rendered":"Kansansoittajat palatseissa, hovisoittimet Pohjolassa &#8211; Maisterikonsertti opiskeluprosessin kuvaajana"},"content":{"rendered":"<h2>Sis\u00e4llysluettelo<\/h2>\n<p><strong>1 Johdanto<\/strong><\/p>\n<p><strong>2 Taiteilijaprofiili<\/strong><\/p>\n<p style=\"padding-left: 40px\">2.1 Taiteilijaesittely<br \/>\n2.2 Taiteellisen toimintani keskeisi\u00e4 piirteit\u00e4<\/p>\n<p><strong>3 Konserttiin johtanut opintoprosessi<\/strong><\/p>\n<p style=\"padding-left: 40px\">3.1 Sukellus jouhikolla keskiajan hovien musiikkiin<br \/>\n3.2 Kontrabasso kansamusiikissa &#8211; jazzvaikutteista continuosoittoon<br \/>\n3.3 Violone kansanmusiikin ja vanhan musiikin linkkin\u00e4<br \/>\n3.4 Fuusio &#8211; stereotypioista uuteen ilmaisuun<\/p>\n<p><strong>4 Konsertti<\/strong><\/p>\n<p style=\"padding-left: 40px\">4.1 Konsertin tiedot<br \/>\n4.2 Konsertin henkil\u00f6st\u00f6<br \/>\n4.3 Konsertin ohjelma<br \/>\n4.4 Konserttiohjelman esittely<\/p>\n<p style=\"padding-left: 80px\">4.4.1 Lamento di Tristano &amp; Saltarello (Italia, 1300-luku)<br \/>\n4.4.2 Laulu SKS KRA 626 (Trad. Impilahti, Laatokan Karjala)<br \/>\n4.4.3 Pyh\u00e4 Olavi (Ilkka Heinonen)<br \/>\n4.4.4 Maanitus (Trad. Impilahti, Laatokan Karjala. \/ Ilkka Heinonen)<br \/>\n4.4.5 Lyyrinen polska (Trad. \/ Ilkka Heinonen)<br \/>\n4.4.6 Elia &amp; Hullu Sakari (Trad. \/ Ilkka Heinonen)<br \/>\n4.4.7 P\u00e4iw\u00e4 tyk\u00f6\u00f6m\u2019 pois kulkee (VVK 367)<br \/>\n4.4.8 Voi minuu, polone poiga (Ilkka Heinonen san. trad)<br \/>\n4.4.9 Nuoren waimon speli (Trad. \/ Ilkka Heinonen)<br \/>\n4.4.10 Kaisla Nukkuu (Ilkka Heinonen)<br \/>\n4.4.11 Encore: Vaellan vaellan (Trad. Unkari, Suom. san. Viljo Tarvainen)<\/p>\n<p><strong>5 Konsertin arviointia<\/strong><\/p>\n<p><strong>6 Lopuksi<\/strong><\/p>\n<p><strong>7 L\u00e4hdeluettelo<\/strong><\/p>\n<p style=\"padding-left: 40px\">7.1 Painetut l\u00e4hteet<br \/>\n7.2 Internetl\u00e4hteet<br \/>\n7.3 \u00c4\u00e4nitteet<\/p>\n<p><strong>8 Liitteet<\/strong><\/p>\n<p>&nbsp;<\/p>\n<p><em>Mit\u00e4 jos joku Karjalan muinaisista jouhikonsoittajista olisi eksynyt Laatokan lasku-uomissa ja l\u00f6yt\u00e4isi itsens\u00e4 soittamasta tansseja etel\u00e4isen Euroopan hoveissa ja palatseissa? Mit\u00e4 tapahtuisi Rinta-Nikkolan polskille, jos gambamusiikissa marinoitu Elisabetin ajan aatelismies olisi p\u00e4\u00e4ssyt tarttumaan Pohjolan tanssis\u00e4velmiin violonellaan? Ilkka Heinonen sulauttaa keskiajan ja barokin ajan musiikkia Pohjolan kansanmusiikkiin.<\/em><\/p>\n<p><a href=\"https:\/\/etno.net\/wp-content\/uploads\/2021\/04\/dsc_6621.jpg\"><img fetchpriority=\"high\" decoding=\"async\" class=\"alignnone size-full wp-image-3093\" src=\"https:\/\/etno.net\/wp-content\/uploads\/2021\/04\/dsc_6621.jpg\" alt=\"\" width=\"410\" height=\"612\" srcset=\"https:\/\/etno.net\/wp-content\/uploads\/2021\/04\/dsc_6621.jpg 410w, https:\/\/etno.net\/wp-content\/uploads\/2021\/04\/dsc_6621-201x300.jpg 201w, https:\/\/etno.net\/wp-content\/uploads\/2021\/04\/dsc_6621-8x12.jpg 8w, https:\/\/etno.net\/wp-content\/uploads\/2021\/04\/dsc_6621-300x448.jpg 300w, https:\/\/etno.net\/wp-content\/uploads\/2021\/04\/dsc_6621-64x96.jpg 64w\" sizes=\"(max-width: 410px) 100vw, 410px\" \/><\/a><\/p>\n<p>&nbsp;<\/p>\n<h2>Johdanto<\/h2>\n<p>Maisteriopintojeni keskeinen teema Taideyliopiston Sibelius-Akatemian kansanmusiikin aineryhm\u00e4ss\u00e4 on ollut tutkia keskiajan ja barokkiajan musiikin yhtym\u00e4kohtia Pohjolan kansanmusiikkiin. Esitin maisteriopintojeni aikana rakentamani musiikilliset yhteydet maisterikonsertissani maaliskuussa 2014. T\u00e4m\u00e4 tutkielma esittelee konserttiin johtaneen opintoprosessin, konsertin ohjelman sek\u00e4 katsauksen konsertin ja konserttikonseptin onnistumisesta.<\/p>\n<p>Opiskeluideni keskeinen tavoite oli l\u00f6yt\u00e4\u00e4 vaihtoehtoisia ilmaisutapoja jouhikon ja kontrabasson k\u00e4ytt\u00f6\u00f6n kansanmusiikissa. Koin tarpeelliseksi laajentaa ilmaisumahdollisuuksiani molemmilla soittimilla, mutta luontevien soittimesta tai kansanmusiikillisesta perinteest\u00e4 itsest\u00e4\u00e4n syntyvien l\u00e4ht\u00f6kohtien l\u00f6ytyminen oli vaikeaa. Molemmilla soittimilla p\u00e4\u00e4dyin etsim\u00e4\u00e4n ilmaisun laajentamis- tai ennemminkin syvent\u00e4miskeinoja Keski- ja Etel\u00e4-Euroopan keskiajan ja barokkiajan hovimusiikista. P\u00e4\u00e4dyin n\u00e4ille l\u00e4hteille jokseenkin eri suunnista jouhikolla ja kontrabassolla, mutta n\u00e4m\u00e4 lopulta yhdistyiv\u00e4t aloittaessani violonen soiton. Kuvailen t\u00e4ss\u00e4 tutkielmassa oppimisprosessiani n\u00e4iden kolmen soittimen parissa, opintojeni tuloksia esittelev\u00e4n maisterikonserttini ohjelman sek\u00e4 kokemuksiani konsertin onnistumisesta.<\/p>","protected":false},"excerpt":{"rendered":"<p>Projektity\u00f6<br \/>\nSibelius-Akatemia<br \/>\nKansanmusiikin aineryhm\u00e4<br \/>\n2014<\/p>","protected":false},"featured_media":0,"comment_status":"closed","ping_status":"closed","template":"","meta":{"_acf_changed":false},"product_brand":[],"product_cat":[81,76],"product_tag":[],"class_list":{"0":"post-2904","1":"product","2":"type-product","3":"status-publish","5":"product_cat-maisteriopinnot","6":"product_cat-opinnaytteet","8":"first","9":"instock","10":"shipping-taxable","11":"product-type-simple"},"acf":[],"_links":{"self":[{"href":"https:\/\/etno.net\/en\/wp-json\/wp\/v2\/product\/2904","targetHints":{"allow":["GET"]}}],"collection":[{"href":"https:\/\/etno.net\/en\/wp-json\/wp\/v2\/product"}],"about":[{"href":"https:\/\/etno.net\/en\/wp-json\/wp\/v2\/types\/product"}],"replies":[{"embeddable":true,"href":"https:\/\/etno.net\/en\/wp-json\/wp\/v2\/comments?post=2904"}],"wp:attachment":[{"href":"https:\/\/etno.net\/en\/wp-json\/wp\/v2\/media?parent=2904"}],"wp:term":[{"taxonomy":"product_brand","embeddable":true,"href":"https:\/\/etno.net\/en\/wp-json\/wp\/v2\/product_brand?post=2904"},{"taxonomy":"product_cat","embeddable":true,"href":"https:\/\/etno.net\/en\/wp-json\/wp\/v2\/product_cat?post=2904"},{"taxonomy":"product_tag","embeddable":true,"href":"https:\/\/etno.net\/en\/wp-json\/wp\/v2\/product_tag?post=2904"}],"curies":[{"name":"wp","href":"https:\/\/api.w.org\/{rel}","templated":true}]}}