{"id":2905,"date":"2021-04-18T22:29:21","date_gmt":"2021-04-18T20:29:21","guid":{"rendered":"https:\/\/etno.net\/?post_type=product&#038;p=2905"},"modified":"2021-05-26T11:43:49","modified_gmt":"2021-05-26T09:43:49","slug":"esiintymismukavuutta-etsimassa","status":"publish","type":"product","link":"https:\/\/etno.net\/en\/julkaisu\/opinnaytteet\/maisteriopinnot\/esiintymismukavuutta-etsimassa","title":{"rendered":"Esiintymismukavuutta etsim\u00e4ss\u00e4"},"content":{"rendered":"<h2>Sis\u00e4llysluettelo<\/h2>\n<p><strong>1 Projektini alkusys\u00e4ys<\/strong><\/p>\n<p><strong>2 V\u00e4l\u00e4hdyksi\u00e4 vuosien takaa t\u00e4h\u00e4n p\u00e4iv\u00e4\u00e4n<\/strong><\/p>\n<p><strong>3 Kansanmusiikkiyhtye Kataja &#8211; alkusys\u00e4yksest\u00e4 valmiiseen levyyn<\/strong><\/p>\n<p style=\"padding-left: 40px\">3.1 Ohjelmistosta<br \/>\n3.2 Ennakkotunnelmat p\u00e4iv\u00e4\u00e4 ennen keikkaa<br \/>\n3.3 Tunnelmat keikan j\u00e4lkeen<br \/>\n3.4 J\u00e4lkipuintia<\/p>\n<p><strong>4 Oma konsertti -Siiveniskuja Palokan Pelimannitalolla 7.3.2014 klo 19<\/strong><\/p>\n<p style=\"padding-left: 40px\">4.1 Alkuideasta konsertin toteutumiseen, ajank\u00e4ytt\u00f6 ja aikataulut<br \/>\n4.2 Vastuu\/ vapaus<br \/>\n4.3 Biiseist\u00e4 ja ideoista<br \/>\n4.4 Ennakkotunnelmat ennen keikkaa<br \/>\n4.5 Keikan j\u00e4lkeen<br \/>\n4.6 J\u00e4lkipuintia<\/p>\n<p><strong>5 Yhteenveto, mit\u00e4 hain, mit\u00e4 sain?<\/strong><\/p>\n<h2><\/h2>\n<h2 id=\"1projektini-alkusysys\">Projektini alkusys\u00e4ys<\/h2>\n<p>Inhoan kiirett\u00e4. Silti tuntuu ett\u00e4 kokoajan on kiire. Arjen oravanpy\u00f6r\u00e4 on nielaissut minut mukaansa ja vaikka kuinka tykk\u00e4\u00e4n siit\u00e4 mit\u00e4 teen ty\u00f6kseni, niin aikaa ei j\u00e4\u00e4 omalle soittamiselle. Siksi halusin liitt\u00e4\u00e4 t\u00e4h\u00e4n projektiin oman konsertin tekemisen. Halusin jatkaa jostain siit\u00e4, mihin maisterikonsertissani j\u00e4in, etsien omia polkuja. Pohtien, pit\u00e4isik\u00f6 kulkea vain sit\u00e4 yht\u00e4, vai voisiko menn\u00e4 yhteen suuntaan, palata takaisin ja l\u00e4hte\u00e4 toiselle polulle. Kuullostaisiko se yh\u00e4 kokonaisuudelta ja minulta.<\/p>\n<p>Projektini aihe on muuttunut matkan varrella, enk\u00e4 muista mik\u00e4 se alunperin piti olla. Olisin voinut tehd\u00e4 projektini aikaisemmin muiden opintojen ohessa mutta reissaaminen kouluun kotipaikastani Jyv\u00e4skyl\u00e4st\u00e4 ja ty\u00f6nteko opintojen sivuissa on vienyt voimia. Nyt valmistumiseni kynnyksell\u00e4 halusin tutkailla esiintymiseen ja muusikkouteen liittyvi\u00e4 tunnemaailman asioita. Mik\u00e4 tilanne on t\u00e4ll\u00e4hetkell\u00e4. Pohdin niit\u00e4 kahden erilaisen konsertin kautta. Toinen on kansanmusiikkiyhtye Katajan levynjulkistamiskonsertti ja toinen oma konserttini.<\/p>\n<p>Katajan levyll\u00e4 on keskisuomalaista kansanmusiikkia viuluilla ja kanteleilla soitettuna. Lis\u00e4maustetta tuovat erilaiset ly\u00f6m\u00e4soittimet pimpparaudasta rumpparasiaan. Kappaleisiin ei ole tehty paljoa sovituksia. Levytysaikataulu oli aika nopea ja t\u00e4rkeimp\u00e4n\u00e4 tavoitteena oli ylip\u00e4\u00e4t\u00e4\u00e4n saada n\u00e4m\u00e4 kappaleet juuri t\u00e4ll\u00e4 soitinkokoonpanolla levytetyksi. Matkan varrella levy ja yhtye alkoi saada enemm\u00e4n merkityst\u00e4 kuin ehk\u00e4 aluksi osasimme ajatella.<\/p>\n<p>Oma konserttini on suurimmaksi osaksi soolosoittoa viululla ja avainviululla. Omia sovituksiani ja s\u00e4vellyksi\u00e4ni. Yst\u00e4v\u00e4ni Kirsi \u00c4ik\u00e4s avustaa kahdessa kappaleessa haitarilla. Muutamat kappaleet ovat jo aikaisemmin esitt\u00e4mi\u00e4ni ja muutama on aivan uusi. Jatkan samanlaisella l\u00e4hestymistavalla, mihin maisterikonsertissani j\u00e4in.<\/p>\n<p>Laadin molempia konserttejani varten listan kysymyksi\u00e4, joihin vastasin ennen ja j\u00e4lkeen konserttien. Alunperin ideoin monivaiheisia haastatteluja kuukautta, viikkoa, p\u00e4iv\u00e4\u00e4 ja tuntia ennen konsertteja. Sain kuitenkin mielest\u00e4ni t\u00e4llaiseen yhteen ennakkohaastatteluun tiivistetty\u00e4 kaiken olennaisen. Konsertin j\u00e4lkeiseen haastatteluun vastasin mahdollisimman pian konsertin j\u00e4lkeen. Pohdin konsertteja my\u00f6s j\u00e4lkik\u00e4teen ja avasin tunnelmia erillisiss\u00e4 j\u00e4lkipuinti-kappaleissa haastattelujen j\u00e4lkeen.<\/p>\n<p>&nbsp;<\/p>","protected":false},"excerpt":{"rendered":"<div class=\"field field-name-field-thesis-metadata field-type-text-long field-label-hidden\">\n<div class=\"field-items\">\n<div class=\"field-item even\">\n<p>Projektity\u00f6<br \/>\nTaideyliopiston Sibelius-Akatemia<br \/>\nKansanmusiikin aineryhm\u00e4<br \/>\n2014<\/p>\n<\/div>\n<\/div>\n<\/div>\n<div class=\"field field-name-field-thesis-newbody field-type-text-with-summary field-label-hidden toc-scope-processed\"><\/div>","protected":false},"featured_media":0,"comment_status":"closed","ping_status":"closed","template":"","meta":{"_acf_changed":false},"product_brand":[],"product_cat":[81,76],"product_tag":[],"class_list":{"0":"post-2905","1":"product","2":"type-product","3":"status-publish","5":"product_cat-maisteriopinnot","6":"product_cat-opinnaytteet","8":"first","9":"instock","10":"shipping-taxable","11":"product-type-simple"},"acf":[],"_links":{"self":[{"href":"https:\/\/etno.net\/en\/wp-json\/wp\/v2\/product\/2905","targetHints":{"allow":["GET"]}}],"collection":[{"href":"https:\/\/etno.net\/en\/wp-json\/wp\/v2\/product"}],"about":[{"href":"https:\/\/etno.net\/en\/wp-json\/wp\/v2\/types\/product"}],"replies":[{"embeddable":true,"href":"https:\/\/etno.net\/en\/wp-json\/wp\/v2\/comments?post=2905"}],"wp:attachment":[{"href":"https:\/\/etno.net\/en\/wp-json\/wp\/v2\/media?parent=2905"}],"wp:term":[{"taxonomy":"product_brand","embeddable":true,"href":"https:\/\/etno.net\/en\/wp-json\/wp\/v2\/product_brand?post=2905"},{"taxonomy":"product_cat","embeddable":true,"href":"https:\/\/etno.net\/en\/wp-json\/wp\/v2\/product_cat?post=2905"},{"taxonomy":"product_tag","embeddable":true,"href":"https:\/\/etno.net\/en\/wp-json\/wp\/v2\/product_tag?post=2905"}],"curies":[{"name":"wp","href":"https:\/\/api.w.org\/{rel}","templated":true}]}}