{"id":2906,"date":"2021-04-18T22:30:11","date_gmt":"2021-04-18T20:30:11","guid":{"rendered":"https:\/\/etno.net\/?post_type=product&#038;p=2906"},"modified":"2021-05-26T11:50:16","modified_gmt":"2021-05-26T09:50:16","slug":"groovesta-liikkeelle-tutkimus-suurkanteleen-soitosta-groovepohjaisessa-musiikissa","status":"publish","type":"product","link":"https:\/\/etno.net\/en\/julkaisu\/opinnaytteet\/maisteriopinnot\/groovesta-liikkeelle-tutkimus-suurkanteleen-soitosta-groovepohjaisessa-musiikissa","title":{"rendered":"Groovesta liikkeelle &#8211; Tutkimus suurkanteleen soitosta groovepohjaisessa musiikissa"},"content":{"rendered":"<h2>Sis\u00e4llysluettelo<\/h2>\n<p><strong>1 Johdanto<\/strong><\/p>\n<p><strong>2 Tutkimusasetelma<\/strong><\/p>\n<p style=\"padding-left: 40px\">2.1 Tutkimusmenetelm\u00e4t<br \/>\n2.2 Tutkimuksen kulku<\/p>\n<p><strong>3 Kanteletta n\u00e4pp\u00e4illen<\/strong><\/p>\n<p style=\"padding-left: 40px\">3.1 Kanteleen historiaa soittotekniikan n\u00e4k\u00f6kulmasta<br \/>\n3.2 Keskeisi\u00e4 elementtej\u00e4 suurkanteleen soittotekniikasta<\/p>\n<p style=\"padding-left: 80px\">3.2.1 N\u00e4pp\u00e4ily<br \/>\n3.2.2 J\u00e4lkisoinnin sammuttelu<br \/>\n3.2.3 Soittoasento<\/p>\n<p><strong>4 Grooven m\u00e4\u00e4ritelmi\u00e4<\/strong><\/p>\n<p style=\"padding-left: 40px\">4.1 Groove<br \/>\n4.2 Svengi ja swingi<\/p>\n<p><strong>5 Haastattelututkimuksen tulokset<\/strong><\/p>\n<p><strong>6 Omien soittotekniikoiden analysointia<\/strong><\/p>\n<p style=\"padding-left: 40px\">6.1 \u00c4\u00e4nenv\u00e4riin vaikuttavat tekniikat<\/p>\n<p style=\"padding-left: 80px\">6.1.1 Kielien yl\u00f6sp\u00e4in n\u00e4pp\u00e4\u00e4minen tai nostosoitto<br \/>\n6.1.2 Laudalla sammutettu soitto eli \u201ddemppaus\u201d<br \/>\n6.1.3 Nostosoitto &#8221;demppauksen&#8221; kanssa<br \/>\n6.1.4 Yhdysasentoinen soittotapa<br \/>\n6.1.5 Soittokohta kielell\u00e4<\/p>\n<p style=\"padding-left: 40px\">6.2 Perkussiiviset tekniikat<\/p>\n<p style=\"padding-left: 80px\">6.2.1 Slap ja kynsi-slap<br \/>\n6.2.2 R\u00e4mpytys<\/p>\n<p><strong>7 Oppimateriaali<\/strong><\/p>\n<p style=\"padding-left: 40px\">7.1 Papu<br \/>\n7.2 P\u00e4hkin\u00e4<br \/>\n7.3 Pilvi<\/p>\n<p><strong>8 Pohdinta<\/strong><\/p>\n<p><strong>L\u00e4hteet<\/strong><\/p>\n<p style=\"padding-left: 40px\">Painamattomat l\u00e4heet<\/p>\n<p><strong>Haastattelukysymykset<\/strong><\/p>\n<p>&nbsp;<\/p>\n<h2>Johdanto<\/h2>\n<p>Kanteleensoiton opetus kehittyy, uusia opetusmetodeja syntyy ja uutta materiaalia tehd\u00e4\u00e4n koko ajan lis\u00e4\u00e4. Etenkin kansanmusiikin puolella opettajat ja oppilaat tekev\u00e4t paljon omia s\u00e4vellyksi\u00e4 ja sovituksia, joita voisi hyvin jakaa eteenp\u00e4in muillekin soitettavaksi. Usein t\u00e4m\u00e4 kaikki on kuitenkin vain jokaisen opettajan oman kansion v\u00e4liss\u00e4 suttupaperilla tai muistitikulla, ja usein my\u00f6s vain p\u00e4\u00e4n sis\u00e4isin\u00e4 aihioina. Valmiita soitto-oppaita tai edes puhtaaksi kirjoitettuja nuotteja kaivataan lis\u00e4\u00e4 genreen katsomatta.<\/p>\n<p>Tutkimukseni pureutuu groovepohjaisen musiikin opettamisen alkuvaiheisiin. Monesti groovepohjaisen musiikin opetus aloitetaan vasta pidemm\u00e4ll\u00e4 soittoharrastuksessa olevan kanssa, kun perustekniikka on ensin k\u00e4yty perusteellisesti l\u00e4pi. Tutkimuksessani halusin selvitt\u00e4\u00e4 miten groovepohjaisen musiikin opetus aloitetaan varhaisemmassa vaiheessa ja mink\u00e4laista tekniikkaa siihen voisi sis\u00e4lty\u00e4. Tutkimukseni alkujuuret juontavat omaan soittotyyliini, jonka opettamista olen pohtinut. Millainen olisi ensimm\u00e4inen soittotunti, jos haluaisin opettaa groovesoittoa oppilaalle heti alusta l\u00e4htien? Mink\u00e4laisia kappaleet ja harjoitukset olisivat? Miten opettaisin groovea ja svengi\u00e4?<\/p>\n<p>Jokainen kanteleensoiton opettaja on my\u00f6s muusikko, jolla on oma soittotyyli ja tekniikka. Joskus voi olla haastavaa opettaa omaakaan soittotyyli\u00e4, kun siihen ei ole valmiita malleja. Joistakin tekniikoista puuttuvat viel\u00e4 sanalliset selitykset ja merkint\u00e4tavat. Useimmat kantelistit tiet\u00e4v\u00e4t marttipokelamaiset \u201dry\u00f6ps\u00e4hdykset\u201d ja \u201dlirutukset\u201d, mutta erikoisempien tekniikoiden merkint\u00e4tavat eiv\u00e4t ole vakiintuneet. T\u00e4m\u00e4 tutkimus keskittyy groovepohjaisen musiikin opetuksen ensiaskeleiden kartoitukseen ja sen pohjalta tehtyyn materiaaliin.<\/p>","protected":false},"excerpt":{"rendered":"<div class=\"field field-name-field-thesis-metadata field-type-text-long field-label-hidden\">\n<div class=\"field-items\">\n<div class=\"field-item even\">\n<p>Seminaarity\u00f6<br \/>\nOpettajan pedagogiset opinnot<br \/>\nTampereen yliopisto<\/p>\n<p>Taideyliopiston Sibelius-Akatemia, kansanmusiikin aineryhm\u00e4<br \/>\nSyksy 2014<\/p>\n<\/div>\n<\/div>\n<\/div>\n<div class=\"field field-name-field-thesis-newbody field-type-text-with-summary field-label-hidden toc-scope-processed\"><\/div>","protected":false},"featured_media":0,"comment_status":"closed","ping_status":"closed","template":"","meta":{"_acf_changed":false},"product_brand":[],"product_cat":[81,76],"product_tag":[],"class_list":{"0":"post-2906","1":"product","2":"type-product","3":"status-publish","5":"product_cat-maisteriopinnot","6":"product_cat-opinnaytteet","8":"first","9":"instock","10":"shipping-taxable","11":"product-type-simple"},"acf":[],"_links":{"self":[{"href":"https:\/\/etno.net\/en\/wp-json\/wp\/v2\/product\/2906","targetHints":{"allow":["GET"]}}],"collection":[{"href":"https:\/\/etno.net\/en\/wp-json\/wp\/v2\/product"}],"about":[{"href":"https:\/\/etno.net\/en\/wp-json\/wp\/v2\/types\/product"}],"replies":[{"embeddable":true,"href":"https:\/\/etno.net\/en\/wp-json\/wp\/v2\/comments?post=2906"}],"wp:attachment":[{"href":"https:\/\/etno.net\/en\/wp-json\/wp\/v2\/media?parent=2906"}],"wp:term":[{"taxonomy":"product_brand","embeddable":true,"href":"https:\/\/etno.net\/en\/wp-json\/wp\/v2\/product_brand?post=2906"},{"taxonomy":"product_cat","embeddable":true,"href":"https:\/\/etno.net\/en\/wp-json\/wp\/v2\/product_cat?post=2906"},{"taxonomy":"product_tag","embeddable":true,"href":"https:\/\/etno.net\/en\/wp-json\/wp\/v2\/product_tag?post=2906"}],"curies":[{"name":"wp","href":"https:\/\/api.w.org\/{rel}","templated":true}]}}