{"id":2907,"date":"2021-04-18T22:31:07","date_gmt":"2021-04-18T20:31:07","guid":{"rendered":"https:\/\/etno.net\/?post_type=product&#038;p=2907"},"modified":"2021-05-26T11:39:03","modified_gmt":"2021-05-26T09:39:03","slug":"avainviulu-osaksi-muusikkouttani","status":"publish","type":"product","link":"https:\/\/etno.net\/en\/julkaisu\/opinnaytteet\/maisteriopinnot\/avainviulu-osaksi-muusikkouttani","title":{"rendered":"Avainviulu osaksi muusikkouttani"},"content":{"rendered":"<h2>Sis\u00e4llysluettelo<\/h2>\n<p><strong>1 Johdanto<\/strong><\/p>\n<p><strong>2 Avainviulu<\/strong><\/p>\n<p style=\"padding-left: 40px\">2.1 Avainviulu instrumenttina<br \/>\n2.2 Avainviulu muusikkoudessani<\/p>\n<p><strong>3 Konsertin ty\u00f6st\u00e4minen<\/strong><\/p>\n<p style=\"padding-left: 40px\">3.1 Ideointi<br \/>\n3.2 Kappaleiden s\u00e4velt\u00e4minen ja harjoittelu<br \/>\n3.3 Soittotekniikat<\/p>\n<p style=\"padding-left: 80px\">3.3.1 Resonanssikielet<br \/>\n3.3.2 Perkussiiviset soundit<br \/>\n3.3.3 Huilu\u00e4\u00e4net<br \/>\n3.3.4 Muut efekti\u00e4\u00e4net<\/p>\n<p style=\"padding-left: 40px\">3.4 Konsertin s\u00e4vellykset<\/p>\n<p style=\"padding-left: 80px\">3.4.1 Konserttikokonaisuudesta<br \/>\n3.4.2 Koi<br \/>\n3.4.3 Katveessa<br \/>\n3.4.4 Lammasvarkaani<br \/>\n3.4.5 Kastanjapuun oksalla<br \/>\n3.4.6 Pimennys<\/p>\n<p><strong>4 Konsertti<\/strong><\/p>\n<p style=\"padding-left: 40px\">4.1 Valmistautuminen<br \/>\n4.2 Konserttip\u00e4iv\u00e4<br \/>\n4.3 Konsertti<br \/>\n4.4 J\u00e4lkitunnelmat<\/p>\n<p><strong>5 Mit\u00e4 opin<\/strong><\/p>\n<p><strong>6 L\u00e4hteet<\/strong><\/p>\n<p>&nbsp;<\/p>\n<h2>Johdanto<\/h2>\n<p>Projektity\u00f6ni k\u00e4sittelee muusikon identiteetti\u00e4ni avainviulistina. Kuinka saada uusi soitin osaksi omaa muusikkoutta, niin ettei se tuntuisi vuodesta toiseen pelk\u00e4lt\u00e4 sivusoittimelta? Kuinka p\u00e4\u00e4st\u00e4\u00e4 irti soittimen vahvasta perinteest\u00e4 ja luoda sill\u00e4 uutta musiikkia? P\u00e4\u00e4tin syventy\u00e4 aiheeseen s\u00e4velt\u00e4m\u00e4ll\u00e4 soolokonsertin avainviululle. Tutkin soitinta erityisesti erilaisten soittotekniikoiden ja sointis\u00e4vyjen kautta. Apuna k\u00e4ytin luupperia (Boss rc-30), jolla sain yhdistetty\u00e4 erilaiset sointis\u00e4vyt luontevaksi osaksi musiikkia. Tarkoituksena oli kehitt\u00e4\u00e4 omaa soittotekniikkaani sek\u00e4 etsi\u00e4 uusia ilmaisukeinoja avainviulistina. Halusin p\u00e4\u00e4st\u00e4 mahdollisimman kauas avainviulun ruotsalaisesta perinteest\u00e4 sek\u00e4 sille ominaisesta soittotekniikasta ja luoda genrerajoista piittaamatonta musiikkia. N\u00e4iden ajatusten ymp\u00e4r\u00f6imin\u00e4 syntyi soolokonsertti Lume, jonka esitin Musiikkitalon Black Box -salissa toukokuussa 2014.<\/p>\n<p>&nbsp;<\/p>","protected":false},"excerpt":{"rendered":"<p>Projektity\u00f6<br \/>\nTaideyliopiston Sibelius-Akatemia<br \/>\nKansanmusiikin aineryhm\u00e4<br \/>\n2014<\/p>","protected":false},"featured_media":0,"comment_status":"closed","ping_status":"closed","template":"","meta":{"_acf_changed":false},"product_brand":[],"product_cat":[81,76],"product_tag":[],"class_list":{"0":"post-2907","1":"product","2":"type-product","3":"status-publish","5":"product_cat-maisteriopinnot","6":"product_cat-opinnaytteet","8":"first","9":"instock","10":"shipping-taxable","11":"product-type-simple"},"acf":[],"_links":{"self":[{"href":"https:\/\/etno.net\/en\/wp-json\/wp\/v2\/product\/2907","targetHints":{"allow":["GET"]}}],"collection":[{"href":"https:\/\/etno.net\/en\/wp-json\/wp\/v2\/product"}],"about":[{"href":"https:\/\/etno.net\/en\/wp-json\/wp\/v2\/types\/product"}],"replies":[{"embeddable":true,"href":"https:\/\/etno.net\/en\/wp-json\/wp\/v2\/comments?post=2907"}],"wp:attachment":[{"href":"https:\/\/etno.net\/en\/wp-json\/wp\/v2\/media?parent=2907"}],"wp:term":[{"taxonomy":"product_brand","embeddable":true,"href":"https:\/\/etno.net\/en\/wp-json\/wp\/v2\/product_brand?post=2907"},{"taxonomy":"product_cat","embeddable":true,"href":"https:\/\/etno.net\/en\/wp-json\/wp\/v2\/product_cat?post=2907"},{"taxonomy":"product_tag","embeddable":true,"href":"https:\/\/etno.net\/en\/wp-json\/wp\/v2\/product_tag?post=2907"}],"curies":[{"name":"wp","href":"https:\/\/api.w.org\/{rel}","templated":true}]}}